{"id":33836,"date":"2025-01-08T14:41:08","date_gmt":"2025-01-08T14:41:08","guid":{"rendered":"https:\/\/atlastoilets.com\/product\/interior-door-panel\/"},"modified":"2025-01-10T15:02:31","modified_gmt":"2025-01-10T15:02:31","slug":"interior-door-panel","status":"publish","type":"product","link":"https:\/\/atlastoilets.com\/es\/producto\/interior-door-panel\/","title":{"rendered":"Cube interior door panel"},"content":{"rendered":"<p>Panel para el interior de la puerta del <span class=\"hps\">ba\u00f1o<\/span> port\u00e1til CUBE.<br \/>\nPieza de recambio oficial para sustituir un panel da\u00f1ado.<\/p>\n","protected":false},"excerpt":{"rendered":"<p>Panel para el interior de la puerta del <span class=\"hps\">ba\u00f1o<\/span> port\u00e1til CUBE.<\/p>\n","protected":false},"featured_media":33743,"template":"","meta":[],"product_brand":[],"product_cat":[2211],"product_tag":[],"class_list":{"0":"post-33836","1":"product","2":"type-product","3":"status-publish","4":"has-post-thumbnail","6":"product_cat-repuestos-de-cube","8":"first","9":"instock","10":"taxable","11":"shipping-taxable","12":"purchasable","13":"product-type-simple"},"yoast_head":"<!-- This site is optimized with the Yoast SEO plugin v27.5 - https:\/\/yoast.com\/product\/yoast-seo-wordpress\/ -->\n<title>Panel para el interior de la puerta del ba\u00f1o port\u00e1til CUBE.<\/title>\n<meta name=\"description\" content=\"IPanel para el interior de la puerta del ba\u00f1o port\u00e1til CUBE. Pieza de recambio oficial para sustituir un panel da\u00f1ado.\" \/>\n<meta name=\"robots\" content=\"index, follow, max-snippet:-1, max-image-preview:large, max-video-preview:-1\" \/>\n<link rel=\"canonical\" href=\"https:\/\/atlastoilets.com\/es\/producto\/interior-door-panel\/\" \/>\n<meta property=\"og:locale\" content=\"es_ES\" \/>\n<meta property=\"og:type\" content=\"article\" \/>\n<meta property=\"og:title\" content=\"Panel para el interior de la puerta del ba\u00f1o port\u00e1til CUBE.\" \/>\n<meta property=\"og:description\" content=\"IPanel para el interior de la puerta del ba\u00f1o port\u00e1til CUBE. Pieza de recambio oficial para sustituir un panel da\u00f1ado.\" \/>\n<meta property=\"og:url\" content=\"https:\/\/atlastoilets.com\/es\/producto\/interior-door-panel\/\" \/>\n<meta property=\"og:site_name\" content=\"Atlas Sanitation Products\" \/>\n<meta property=\"article:modified_time\" content=\"2025-01-10T15:02:31+00:00\" \/>\n<meta property=\"og:image\" content=\"https:\/\/atlastoilets.com\/wp-content\/uploads\/2025\/01\/cube_door-handle.jpg\" \/>\n\t<meta property=\"og:image:width\" content=\"600\" \/>\n\t<meta property=\"og:image:height\" content=\"600\" \/>\n\t<meta property=\"og:image:type\" content=\"image\/jpeg\" \/>\n<meta name=\"twitter:card\" content=\"summary_large_image\" \/>\n<script type=\"application\/ld+json\" class=\"yoast-schema-graph\">{\"@context\":\"https:\\\/\\\/schema.org\",\"@graph\":[{\"@type\":[\"WebPage\",\"ItemPage\"],\"@id\":\"https:\\\/\\\/atlastoilets.com\\\/es\\\/producto\\\/interior-door-panel\\\/\",\"url\":\"https:\\\/\\\/atlastoilets.com\\\/es\\\/producto\\\/interior-door-panel\\\/\",\"name\":\"Panel para el interior de la puerta del ba\u00f1o port\u00e1til CUBE.\",\"isPartOf\":{\"@id\":\"https:\\\/\\\/atlastoilets.com\\\/#website\"},\"primaryImageOfPage\":{\"@id\":\"https:\\\/\\\/atlastoilets.com\\\/es\\\/producto\\\/interior-door-panel\\\/#primaryimage\"},\"image\":{\"@id\":\"https:\\\/\\\/atlastoilets.com\\\/es\\\/producto\\\/interior-door-panel\\\/#primaryimage\"},\"thumbnailUrl\":\"https:\\\/\\\/atlastoilets.com\\\/wp-content\\\/uploads\\\/2025\\\/01\\\/cube_door-handle.jpg\",\"datePublished\":\"2025-01-08T14:41:08+00:00\",\"dateModified\":\"2025-01-10T15:02:31+00:00\",\"description\":\"IPanel para el interior de la puerta del ba\u00f1o port\u00e1til CUBE. Pieza de recambio oficial para sustituir un panel da\u00f1ado.\",\"breadcrumb\":{\"@id\":\"https:\\\/\\\/atlastoilets.com\\\/es\\\/producto\\\/interior-door-panel\\\/#breadcrumb\"},\"inLanguage\":\"es\",\"potentialAction\":[{\"@type\":\"ReadAction\",\"target\":[\"https:\\\/\\\/atlastoilets.com\\\/es\\\/producto\\\/interior-door-panel\\\/\"]}]},{\"@type\":\"ImageObject\",\"inLanguage\":\"es\",\"@id\":\"https:\\\/\\\/atlastoilets.com\\\/es\\\/producto\\\/interior-door-panel\\\/#primaryimage\",\"url\":\"https:\\\/\\\/atlastoilets.com\\\/wp-content\\\/uploads\\\/2025\\\/01\\\/cube_door-handle.jpg\",\"contentUrl\":\"https:\\\/\\\/atlastoilets.com\\\/wp-content\\\/uploads\\\/2025\\\/01\\\/cube_door-handle.jpg\",\"width\":600,\"height\":600,\"caption\":\"Panel para la puerta del ba\u00f1o port\u00e1til\"},{\"@type\":\"BreadcrumbList\",\"@id\":\"https:\\\/\\\/atlastoilets.com\\\/es\\\/producto\\\/interior-door-panel\\\/#breadcrumb\",\"itemListElement\":[{\"@type\":\"ListItem\",\"position\":1,\"name\":\"Home\",\"item\":\"https:\\\/\\\/atlastoilets.com\\\/es\\\/\"},{\"@type\":\"ListItem\",\"position\":2,\"name\":\"Tienda\",\"item\":\"https:\\\/\\\/atlastoilets.com\\\/es\\\/tienda\\\/\"},{\"@type\":\"ListItem\",\"position\":3,\"name\":\"Cube interior door panel\"}]},{\"@type\":\"WebSite\",\"@id\":\"https:\\\/\\\/atlastoilets.com\\\/#website\",\"url\":\"https:\\\/\\\/atlastoilets.com\\\/\",\"name\":\"Atlas Sanitation Products\",\"description\":\"Total supplier for toilet rental companies\",\"potentialAction\":[{\"@type\":\"SearchAction\",\"target\":{\"@type\":\"EntryPoint\",\"urlTemplate\":\"https:\\\/\\\/atlastoilets.com\\\/?s={search_term_string}\"},\"query-input\":{\"@type\":\"PropertyValueSpecification\",\"valueRequired\":true,\"valueName\":\"search_term_string\"}}],\"inLanguage\":\"es\"}]}<\/script>\n<!-- \/ Yoast SEO plugin. -->","yoast_head_json":{"title":"Panel para el interior de la puerta del ba\u00f1o port\u00e1til CUBE.","description":"IPanel para el interior de la puerta del ba\u00f1o port\u00e1til CUBE. Pieza de recambio oficial para sustituir un panel da\u00f1ado.","robots":{"index":"index","follow":"follow","max-snippet":"max-snippet:-1","max-image-preview":"max-image-preview:large","max-video-preview":"max-video-preview:-1"},"canonical":"https:\/\/atlastoilets.com\/es\/producto\/interior-door-panel\/","og_locale":"es_ES","og_type":"article","og_title":"Panel para el interior de la puerta del ba\u00f1o port\u00e1til CUBE.","og_description":"IPanel para el interior de la puerta del ba\u00f1o port\u00e1til CUBE. Pieza de recambio oficial para sustituir un panel da\u00f1ado.","og_url":"https:\/\/atlastoilets.com\/es\/producto\/interior-door-panel\/","og_site_name":"Atlas Sanitation Products","article_modified_time":"2025-01-10T15:02:31+00:00","og_image":[{"width":600,"height":600,"url":"https:\/\/atlastoilets.com\/wp-content\/uploads\/2025\/01\/cube_door-handle.jpg","type":"image\/jpeg"}],"twitter_card":"summary_large_image","schema":{"@context":"https:\/\/schema.org","@graph":[{"@type":["WebPage","ItemPage"],"@id":"https:\/\/atlastoilets.com\/es\/producto\/interior-door-panel\/","url":"https:\/\/atlastoilets.com\/es\/producto\/interior-door-panel\/","name":"Panel para el interior de la puerta del ba\u00f1o port\u00e1til CUBE.","isPartOf":{"@id":"https:\/\/atlastoilets.com\/#website"},"primaryImageOfPage":{"@id":"https:\/\/atlastoilets.com\/es\/producto\/interior-door-panel\/#primaryimage"},"image":{"@id":"https:\/\/atlastoilets.com\/es\/producto\/interior-door-panel\/#primaryimage"},"thumbnailUrl":"https:\/\/atlastoilets.com\/wp-content\/uploads\/2025\/01\/cube_door-handle.jpg","datePublished":"2025-01-08T14:41:08+00:00","dateModified":"2025-01-10T15:02:31+00:00","description":"IPanel para el interior de la puerta del ba\u00f1o port\u00e1til CUBE. Pieza de recambio oficial para sustituir un panel da\u00f1ado.","breadcrumb":{"@id":"https:\/\/atlastoilets.com\/es\/producto\/interior-door-panel\/#breadcrumb"},"inLanguage":"es","potentialAction":[{"@type":"ReadAction","target":["https:\/\/atlastoilets.com\/es\/producto\/interior-door-panel\/"]}]},{"@type":"ImageObject","inLanguage":"es","@id":"https:\/\/atlastoilets.com\/es\/producto\/interior-door-panel\/#primaryimage","url":"https:\/\/atlastoilets.com\/wp-content\/uploads\/2025\/01\/cube_door-handle.jpg","contentUrl":"https:\/\/atlastoilets.com\/wp-content\/uploads\/2025\/01\/cube_door-handle.jpg","width":600,"height":600,"caption":"Panel para la puerta del ba\u00f1o port\u00e1til"},{"@type":"BreadcrumbList","@id":"https:\/\/atlastoilets.com\/es\/producto\/interior-door-panel\/#breadcrumb","itemListElement":[{"@type":"ListItem","position":1,"name":"Home","item":"https:\/\/atlastoilets.com\/es\/"},{"@type":"ListItem","position":2,"name":"Tienda","item":"https:\/\/atlastoilets.com\/es\/tienda\/"},{"@type":"ListItem","position":3,"name":"Cube interior door panel"}]},{"@type":"WebSite","@id":"https:\/\/atlastoilets.com\/#website","url":"https:\/\/atlastoilets.com\/","name":"Atlas Sanitation Products","description":"Total supplier for toilet rental companies","potentialAction":[{"@type":"SearchAction","target":{"@type":"EntryPoint","urlTemplate":"https:\/\/atlastoilets.com\/?s={search_term_string}"},"query-input":{"@type":"PropertyValueSpecification","valueRequired":true,"valueName":"search_term_string"}}],"inLanguage":"es"}]}},"_links":{"self":[{"href":"https:\/\/atlastoilets.com\/es\/wp-json\/wp\/v2\/product\/33836","targetHints":{"allow":["GET"]}}],"collection":[{"href":"https:\/\/atlastoilets.com\/es\/wp-json\/wp\/v2\/product"}],"about":[{"href":"https:\/\/atlastoilets.com\/es\/wp-json\/wp\/v2\/types\/product"}],"wp:featuredmedia":[{"embeddable":true,"href":"https:\/\/atlastoilets.com\/es\/wp-json\/wp\/v2\/media\/33743"}],"wp:attachment":[{"href":"https:\/\/atlastoilets.com\/es\/wp-json\/wp\/v2\/media?parent=33836"}],"wp:term":[{"taxonomy":"product_brand","embeddable":true,"href":"https:\/\/atlastoilets.com\/es\/wp-json\/wp\/v2\/product_brand?post=33836"},{"taxonomy":"product_cat","embeddable":true,"href":"https:\/\/atlastoilets.com\/es\/wp-json\/wp\/v2\/product_cat?post=33836"},{"taxonomy":"product_tag","embeddable":true,"href":"https:\/\/atlastoilets.com\/es\/wp-json\/wp\/v2\/product_tag?post=33836"}],"curies":[{"name":"wp","href":"https:\/\/api.w.org\/{rel}","templated":true}]}}