{"id":32017,"date":"2023-11-14T17:25:53","date_gmt":"2023-11-14T17:25:53","guid":{"rendered":"https:\/\/atlastoilets.com\/?post_type=product&#038;p=32017"},"modified":"2023-11-24T08:38:52","modified_gmt":"2023-11-24T08:38:52","slug":"lavamanos-y-urinario-helios","status":"publish","type":"product","link":"https:\/\/atlastoilets.com\/es\/producto\/lavamanos-y-urinario-helios\/","title":{"rendered":"Lavamanos y urinario Helios"},"content":{"rendered":"<p><span class=\"HwtZe\" lang=\"es\"><span class=\"jCAhz ChMk0b\"><span class=\"ryNqvb\">Unidad de lavado de manos y urinario Helios combina los dos en una unidad sanitaria para instalaci\u00f3n en ba\u00f1os m\u00f3viles.<\/span><\/span> <span class=\"jCAhz ChMk0b\"><span class=\"ryNqvb\">El dep\u00f3sito de agua potable tiene capacidad para aproximadamente 36 litros de agua potable y el urinario drena al dep\u00f3sito del inodoro mediante una manguera.<\/span><\/span> <span class=\"jCAhz ChMk0b\"><span class=\"ryNqvb\">El urinario se enjuaga con el agua utilizada para lavarse las manos en el lavabo.<\/span><\/span> <span class=\"jCAhz ChMk0b\"><span class=\"ryNqvb\">La unidad Helios est\u00e1 disponible en dos colores grises, gris oscuro y claro.<\/span><\/span> <span class=\"jCAhz ChMk0b\"><span class=\"ryNqvb\">El Helios puede equiparse con su logotipo.<\/span><\/span> <span class=\"jCAhz ChMk0b\"><span class=\"ryNqvb\">Por favor cont\u00e1ctenos para cantidad m\u00ednima de pedido.<\/span><\/span><\/span><\/p>\n<p>\u00b7 Altura: 112 cm<br \/>\n\u00b7 Ancho lavabo: 55 \/ 39 cm<br \/>\n\u00b7 Profundidad del lavabo: 28 \/ 25 cm<br \/>\n\u00b7 Peso: Vac\u00edo 10 kg \/ Lleno 46 kg<br \/>\n\u00b7 Capacidad de agua dulce: 36 litros<\/p>\n","protected":false},"excerpt":{"rendered":"<p><span class=\"HwtZe\" lang=\"es\"><span class=\"jCAhz ChMk0b\"><span class=\"ryNqvb\"><img loading=\"lazy\" decoding=\"async\" class=\"size-full wp-image-32146 alignright\" src=\"https:\/\/atlastoilets.com\/wp-content\/uploads\/2023\/11\/helios-logo-web.png\" alt=\"\" width=\"280\" height=\"149\" \/>Unidad de lavado de manos y urinario Helios combina los dos en una unidad sanitaria para instalaci\u00f3n en ba\u00f1os m\u00f3viles.<\/span><\/span> <span class=\"jCAhz ChMk0b\"><span class=\"ryNqvb\">El dep\u00f3sito de agua potable tiene capacidad para aproximadamente 36 litros de agua potable y el urinario drena al dep\u00f3sito del inodoro mediante una manguera.<\/span><\/span> <\/span><\/p>\n","protected":false},"featured_media":32314,"template":"","meta":[],"product_brand":[],"product_cat":[858,862,912,846],"product_tag":[1033],"class_list":{"0":"post-32017","1":"product","2":"type-product","3":"status-publish","4":"has-post-thumbnail","6":"product_cat-lavamanos","7":"product_cat-lavamanos-integrados","8":"product_cat-repuestos-para-casetas-remolques","9":"product_cat-urinarios-para-1-persona","10":"product_tag-obbe-es","12":"first","13":"instock","14":"taxable","15":"shipping-taxable","16":"purchasable","17":"product-type-simple"},"yoast_head":"<!-- This site is optimized with the Yoast SEO plugin v27.4 - https:\/\/yoast.com\/product\/yoast-seo-wordpress\/ -->\n<title>Lavamanos y urinario Helios<\/title>\n<meta name=\"description\" content=\"Unidad de lavado de manos y urinario, Helios combina los dos en una unidad sanitaria para instalaci\u00f3n en ba\u00f1os m\u00f3viles. El tanque tiene capacidad para aproximadamente 36 litros de agua dulce.\" \/>\n<meta name=\"robots\" content=\"index, follow, max-snippet:-1, max-image-preview:large, max-video-preview:-1\" \/>\n<link rel=\"canonical\" href=\"https:\/\/atlastoilets.com\/es\/producto\/lavamanos-y-urinario-helios\/\" \/>\n<meta property=\"og:locale\" content=\"es_ES\" \/>\n<meta property=\"og:type\" content=\"article\" \/>\n<meta property=\"og:title\" content=\"Lavamanos y urinario Helios\" \/>\n<meta property=\"og:description\" content=\"Unidad de lavado de manos y urinario, Helios combina los dos en una unidad sanitaria para instalaci\u00f3n en ba\u00f1os m\u00f3viles. El tanque tiene capacidad para aproximadamente 36 litros de agua dulce.\" \/>\n<meta property=\"og:url\" content=\"https:\/\/atlastoilets.com\/es\/producto\/lavamanos-y-urinario-helios\/\" \/>\n<meta property=\"og:site_name\" content=\"Atlas Sanitation Products\" \/>\n<meta property=\"article:modified_time\" content=\"2023-11-24T08:38:52+00:00\" \/>\n<meta property=\"og:image\" content=\"https:\/\/atlastoilets.com\/wp-content\/uploads\/2023\/11\/Helios-gg.jpg\" \/>\n\t<meta property=\"og:image:width\" content=\"600\" \/>\n\t<meta property=\"og:image:height\" content=\"600\" \/>\n\t<meta property=\"og:image:type\" content=\"image\/jpeg\" \/>\n<meta name=\"twitter:card\" content=\"summary_large_image\" \/>\n<meta name=\"twitter:label1\" content=\"Tiempo de lectura\" \/>\n\t<meta name=\"twitter:data1\" content=\"1 minuto\" \/>\n<script type=\"application\/ld+json\" class=\"yoast-schema-graph\">{\"@context\":\"https:\\\/\\\/schema.org\",\"@graph\":[{\"@type\":[\"WebPage\",\"ItemPage\"],\"@id\":\"https:\\\/\\\/atlastoilets.com\\\/es\\\/producto\\\/lavamanos-y-urinario-helios\\\/\",\"url\":\"https:\\\/\\\/atlastoilets.com\\\/es\\\/producto\\\/lavamanos-y-urinario-helios\\\/\",\"name\":\"Lavamanos y urinario Helios\",\"isPartOf\":{\"@id\":\"https:\\\/\\\/atlastoilets.com\\\/#website\"},\"primaryImageOfPage\":{\"@id\":\"https:\\\/\\\/atlastoilets.com\\\/es\\\/producto\\\/lavamanos-y-urinario-helios\\\/#primaryimage\"},\"image\":{\"@id\":\"https:\\\/\\\/atlastoilets.com\\\/es\\\/producto\\\/lavamanos-y-urinario-helios\\\/#primaryimage\"},\"thumbnailUrl\":\"https:\\\/\\\/atlastoilets.com\\\/wp-content\\\/uploads\\\/2023\\\/11\\\/Helios-gg-550x550-1.jpg\",\"datePublished\":\"2023-11-14T17:25:53+00:00\",\"dateModified\":\"2023-11-24T08:38:52+00:00\",\"description\":\"Unidad de lavado de manos y urinario, Helios combina los dos en una unidad sanitaria para instalaci\u00f3n en ba\u00f1os m\u00f3viles. El tanque tiene capacidad para aproximadamente 36 litros de agua dulce.\",\"breadcrumb\":{\"@id\":\"https:\\\/\\\/atlastoilets.com\\\/es\\\/producto\\\/lavamanos-y-urinario-helios\\\/#breadcrumb\"},\"inLanguage\":\"es\",\"potentialAction\":[{\"@type\":\"ReadAction\",\"target\":[\"https:\\\/\\\/atlastoilets.com\\\/es\\\/producto\\\/lavamanos-y-urinario-helios\\\/\"]}]},{\"@type\":\"ImageObject\",\"inLanguage\":\"es\",\"@id\":\"https:\\\/\\\/atlastoilets.com\\\/es\\\/producto\\\/lavamanos-y-urinario-helios\\\/#primaryimage\",\"url\":\"https:\\\/\\\/atlastoilets.com\\\/wp-content\\\/uploads\\\/2023\\\/11\\\/Helios-gg-550x550-1.jpg\",\"contentUrl\":\"https:\\\/\\\/atlastoilets.com\\\/wp-content\\\/uploads\\\/2023\\\/11\\\/Helios-gg-550x550-1.jpg\",\"width\":550,\"height\":550,\"caption\":\"hand wash and urinal\"},{\"@type\":\"BreadcrumbList\",\"@id\":\"https:\\\/\\\/atlastoilets.com\\\/es\\\/producto\\\/lavamanos-y-urinario-helios\\\/#breadcrumb\",\"itemListElement\":[{\"@type\":\"ListItem\",\"position\":1,\"name\":\"Home\",\"item\":\"https:\\\/\\\/atlastoilets.com\\\/es\\\/\"},{\"@type\":\"ListItem\",\"position\":2,\"name\":\"Tienda\",\"item\":\"https:\\\/\\\/atlastoilets.com\\\/es\\\/tienda\\\/\"},{\"@type\":\"ListItem\",\"position\":3,\"name\":\"Lavamanos y urinario Helios\"}]},{\"@type\":\"WebSite\",\"@id\":\"https:\\\/\\\/atlastoilets.com\\\/#website\",\"url\":\"https:\\\/\\\/atlastoilets.com\\\/\",\"name\":\"Atlas Sanitation Products\",\"description\":\"Total supplier for toilet rental companies\",\"potentialAction\":[{\"@type\":\"SearchAction\",\"target\":{\"@type\":\"EntryPoint\",\"urlTemplate\":\"https:\\\/\\\/atlastoilets.com\\\/?s={search_term_string}\"},\"query-input\":{\"@type\":\"PropertyValueSpecification\",\"valueRequired\":true,\"valueName\":\"search_term_string\"}}],\"inLanguage\":\"es\"}]}<\/script>\n<!-- \/ Yoast SEO plugin. -->","yoast_head_json":{"title":"Lavamanos y urinario Helios","description":"Unidad de lavado de manos y urinario, Helios combina los dos en una unidad sanitaria para instalaci\u00f3n en ba\u00f1os m\u00f3viles. El tanque tiene capacidad para aproximadamente 36 litros de agua dulce.","robots":{"index":"index","follow":"follow","max-snippet":"max-snippet:-1","max-image-preview":"max-image-preview:large","max-video-preview":"max-video-preview:-1"},"canonical":"https:\/\/atlastoilets.com\/es\/producto\/lavamanos-y-urinario-helios\/","og_locale":"es_ES","og_type":"article","og_title":"Lavamanos y urinario Helios","og_description":"Unidad de lavado de manos y urinario, Helios combina los dos en una unidad sanitaria para instalaci\u00f3n en ba\u00f1os m\u00f3viles. El tanque tiene capacidad para aproximadamente 36 litros de agua dulce.","og_url":"https:\/\/atlastoilets.com\/es\/producto\/lavamanos-y-urinario-helios\/","og_site_name":"Atlas Sanitation Products","article_modified_time":"2023-11-24T08:38:52+00:00","og_image":[{"width":600,"height":600,"url":"https:\/\/atlastoilets.com\/wp-content\/uploads\/2023\/11\/Helios-gg.jpg","type":"image\/jpeg"}],"twitter_card":"summary_large_image","twitter_misc":{"Tiempo de lectura":"1 minuto"},"schema":{"@context":"https:\/\/schema.org","@graph":[{"@type":["WebPage","ItemPage"],"@id":"https:\/\/atlastoilets.com\/es\/producto\/lavamanos-y-urinario-helios\/","url":"https:\/\/atlastoilets.com\/es\/producto\/lavamanos-y-urinario-helios\/","name":"Lavamanos y urinario Helios","isPartOf":{"@id":"https:\/\/atlastoilets.com\/#website"},"primaryImageOfPage":{"@id":"https:\/\/atlastoilets.com\/es\/producto\/lavamanos-y-urinario-helios\/#primaryimage"},"image":{"@id":"https:\/\/atlastoilets.com\/es\/producto\/lavamanos-y-urinario-helios\/#primaryimage"},"thumbnailUrl":"https:\/\/atlastoilets.com\/wp-content\/uploads\/2023\/11\/Helios-gg-550x550-1.jpg","datePublished":"2023-11-14T17:25:53+00:00","dateModified":"2023-11-24T08:38:52+00:00","description":"Unidad de lavado de manos y urinario, Helios combina los dos en una unidad sanitaria para instalaci\u00f3n en ba\u00f1os m\u00f3viles. El tanque tiene capacidad para aproximadamente 36 litros de agua dulce.","breadcrumb":{"@id":"https:\/\/atlastoilets.com\/es\/producto\/lavamanos-y-urinario-helios\/#breadcrumb"},"inLanguage":"es","potentialAction":[{"@type":"ReadAction","target":["https:\/\/atlastoilets.com\/es\/producto\/lavamanos-y-urinario-helios\/"]}]},{"@type":"ImageObject","inLanguage":"es","@id":"https:\/\/atlastoilets.com\/es\/producto\/lavamanos-y-urinario-helios\/#primaryimage","url":"https:\/\/atlastoilets.com\/wp-content\/uploads\/2023\/11\/Helios-gg-550x550-1.jpg","contentUrl":"https:\/\/atlastoilets.com\/wp-content\/uploads\/2023\/11\/Helios-gg-550x550-1.jpg","width":550,"height":550,"caption":"hand wash and urinal"},{"@type":"BreadcrumbList","@id":"https:\/\/atlastoilets.com\/es\/producto\/lavamanos-y-urinario-helios\/#breadcrumb","itemListElement":[{"@type":"ListItem","position":1,"name":"Home","item":"https:\/\/atlastoilets.com\/es\/"},{"@type":"ListItem","position":2,"name":"Tienda","item":"https:\/\/atlastoilets.com\/es\/tienda\/"},{"@type":"ListItem","position":3,"name":"Lavamanos y urinario Helios"}]},{"@type":"WebSite","@id":"https:\/\/atlastoilets.com\/#website","url":"https:\/\/atlastoilets.com\/","name":"Atlas Sanitation Products","description":"Total supplier for toilet rental companies","potentialAction":[{"@type":"SearchAction","target":{"@type":"EntryPoint","urlTemplate":"https:\/\/atlastoilets.com\/?s={search_term_string}"},"query-input":{"@type":"PropertyValueSpecification","valueRequired":true,"valueName":"search_term_string"}}],"inLanguage":"es"}]}},"_links":{"self":[{"href":"https:\/\/atlastoilets.com\/es\/wp-json\/wp\/v2\/product\/32017","targetHints":{"allow":["GET"]}}],"collection":[{"href":"https:\/\/atlastoilets.com\/es\/wp-json\/wp\/v2\/product"}],"about":[{"href":"https:\/\/atlastoilets.com\/es\/wp-json\/wp\/v2\/types\/product"}],"wp:featuredmedia":[{"embeddable":true,"href":"https:\/\/atlastoilets.com\/es\/wp-json\/wp\/v2\/media\/32314"}],"wp:attachment":[{"href":"https:\/\/atlastoilets.com\/es\/wp-json\/wp\/v2\/media?parent=32017"}],"wp:term":[{"taxonomy":"product_brand","embeddable":true,"href":"https:\/\/atlastoilets.com\/es\/wp-json\/wp\/v2\/product_brand?post=32017"},{"taxonomy":"product_cat","embeddable":true,"href":"https:\/\/atlastoilets.com\/es\/wp-json\/wp\/v2\/product_cat?post=32017"},{"taxonomy":"product_tag","embeddable":true,"href":"https:\/\/atlastoilets.com\/es\/wp-json\/wp\/v2\/product_tag?post=32017"}],"curies":[{"name":"wp","href":"https:\/\/api.w.org\/{rel}","templated":true}]}}