{"id":30363,"date":"2022-09-22T07:03:08","date_gmt":"2022-09-22T07:03:08","guid":{"rendered":"https:\/\/atlastoilets.com\/?post_type=product&#038;p=30363"},"modified":"2023-11-20T10:36:42","modified_gmt":"2023-11-20T10:36:42","slug":"estacion-de-lavamanos-interior-netune","status":"publish","type":"product","link":"https:\/\/atlastoilets.com\/es\/producto\/estacion-de-lavamanos-interior-netune\/","title":{"rendered":"Estaci\u00f3n de lavamanos interior Neptune"},"content":{"rendered":"<p>Lavamanos Neptune con lavabo espacioso para montaje en ba\u00f1os port\u00e1tiles.<br \/>\nEl lavabo se puede girar a la izquierda o a la derecha, por lo que Neptune se puede montar a la izquierda o a la derecha de cualquier ba\u00f1o port\u00e1til. El tanque Neptune es f\u00e1cilmente accesible para el llenado y tampoco para la limpieza (a alta presi\u00f3n). El agua residual se descarga a trav\u00e9s de una manguera al tanque del inodoro.<br \/>\nEl agua residual se drena al tanque del ba\u00f1o con una manguera.<\/p>\n<p>Especificaciones:<\/p>\n<p>\u00b7 Altura:\u00a0 107 mm<br \/>\n\u00b7 Altura fregadero: 95 cm<br \/>\n\u00b7 Medidas del lavabo: 43 x 15 cm<br \/>\n\u00b7 Ancho: 43cm<br \/>\n\u00b7 Profundidad:\u00a0 23 cm<br \/>\n\u00b7 Agua dulce Capacidad: 36 litros<br \/>\n\u00b7 Disponible en: Gris Oscuro y Granito<br \/>\n\u00b7 Opci\u00f3n adicional: Candado<\/p>\n<p>El Neptuno se puede proporcionar con su logotipo. P\u00f3ngase en contacto con nosotros para conocer la cantidad m\u00ednima de pedido.<\/p>\n<p>&nbsp;<\/p>\n<p>&nbsp;<\/p>\n<p><img loading=\"lazy\" decoding=\"async\" class=\"size-medium wp-image-32054 alignleft\" src=\"https:\/\/atlastoilets.com\/wp-content\/uploads\/2022\/09\/ANI_neptune-in-toilet-zijkant-300x300.gif\" alt=\"\" width=\"300\" height=\"300\" srcset=\"https:\/\/atlastoilets.com\/wp-content\/uploads\/2022\/09\/ANI_neptune-in-toilet-zijkant-300x300.gif 300w, https:\/\/atlastoilets.com\/wp-content\/uploads\/2022\/09\/ANI_neptune-in-toilet-zijkant-150x150.gif 150w, https:\/\/atlastoilets.com\/wp-content\/uploads\/2022\/09\/ANI_neptune-in-toilet-zijkant-100x100.gif 100w, https:\/\/atlastoilets.com\/wp-content\/uploads\/2022\/09\/ANI_neptune-in-toilet-zijkant-40x40.gif 40w, https:\/\/atlastoilets.com\/wp-content\/uploads\/2022\/09\/ANI_neptune-in-toilet-zijkant-500x500.gif 500w, https:\/\/atlastoilets.com\/wp-content\/uploads\/2022\/09\/ANI_neptune-in-toilet-zijkant-550x550.gif 550w\" sizes=\"auto, (max-width: 300px) 100vw, 300px\" \/><img loading=\"lazy\" decoding=\"async\" class=\"size-medium wp-image-32059 alignleft\" src=\"https:\/\/atlastoilets.com\/wp-content\/uploads\/2022\/09\/ANI_neptune-in-toilet-bovenaf-300x300.gif\" alt=\"\" width=\"300\" height=\"300\" srcset=\"https:\/\/atlastoilets.com\/wp-content\/uploads\/2022\/09\/ANI_neptune-in-toilet-bovenaf-300x300.gif 300w, https:\/\/atlastoilets.com\/wp-content\/uploads\/2022\/09\/ANI_neptune-in-toilet-bovenaf-150x150.gif 150w, https:\/\/atlastoilets.com\/wp-content\/uploads\/2022\/09\/ANI_neptune-in-toilet-bovenaf-100x100.gif 100w, https:\/\/atlastoilets.com\/wp-content\/uploads\/2022\/09\/ANI_neptune-in-toilet-bovenaf-40x40.gif 40w, https:\/\/atlastoilets.com\/wp-content\/uploads\/2022\/09\/ANI_neptune-in-toilet-bovenaf-500x500.gif 500w, https:\/\/atlastoilets.com\/wp-content\/uploads\/2022\/09\/ANI_neptune-in-toilet-bovenaf-550x550.gif 550w\" sizes=\"auto, (max-width: 300px) 100vw, 300px\" \/><\/p>\n","protected":false},"excerpt":{"rendered":"<p>La estaci\u00f3n de lavado de manos \u00abNeptune\u00bb tiene un dise\u00f1o hermoso y elegante y, al igual que el tipo \u00abObbe\u00bb, cabe en todos los ba\u00f1os port\u00e1tiles.<\/p>\n<p>&nbsp;<\/p>\n","protected":false},"featured_media":30348,"template":"","meta":[],"product_brand":[],"product_cat":[858,862,912],"product_tag":[1033],"class_list":{"0":"post-30363","1":"product","2":"type-product","3":"status-publish","4":"has-post-thumbnail","6":"product_cat-lavamanos","7":"product_cat-lavamanos-integrados","8":"product_cat-repuestos-para-casetas-remolques","9":"product_tag-obbe-es","11":"first","12":"instock","13":"taxable","14":"shipping-taxable","15":"purchasable","16":"product-type-simple"},"yoast_head":"<!-- This site is optimized with the Yoast SEO plugin v27.4 - https:\/\/yoast.com\/product\/yoast-seo-wordpress\/ -->\n<title>Lavamanos Neptune con lavabo espacioso<\/title>\n<meta name=\"description\" content=\"Lavamanos Neptune con lavabo espacioso cabe en cualquier inodoro port\u00e1til gracias al montaje flexible del lavabo.\" \/>\n<meta name=\"robots\" content=\"index, follow, max-snippet:-1, max-image-preview:large, max-video-preview:-1\" \/>\n<link rel=\"canonical\" href=\"https:\/\/atlastoilets.com\/es\/producto\/estacion-de-lavamanos-interior-netune\/\" \/>\n<meta property=\"og:locale\" content=\"es_ES\" \/>\n<meta property=\"og:type\" content=\"article\" \/>\n<meta property=\"og:title\" content=\"Lavamanos Neptune con lavabo espacioso\" \/>\n<meta property=\"og:description\" content=\"Lavamanos Neptune con lavabo espacioso cabe en cualquier inodoro port\u00e1til gracias al montaje flexible del lavabo.\" \/>\n<meta property=\"og:url\" content=\"https:\/\/atlastoilets.com\/es\/producto\/estacion-de-lavamanos-interior-netune\/\" \/>\n<meta property=\"og:site_name\" content=\"Atlas Sanitation Products\" \/>\n<meta property=\"article:modified_time\" content=\"2023-11-20T10:36:42+00:00\" \/>\n<meta property=\"og:image\" content=\"https:\/\/atlastoilets.com\/wp-content\/uploads\/2022\/09\/Neptune-hand-wash.jpg\" \/>\n\t<meta property=\"og:image:width\" content=\"600\" \/>\n\t<meta property=\"og:image:height\" content=\"600\" \/>\n\t<meta property=\"og:image:type\" content=\"image\/jpeg\" \/>\n<meta name=\"twitter:card\" content=\"summary_large_image\" \/>\n<meta name=\"twitter:label1\" content=\"Tiempo de lectura\" \/>\n\t<meta name=\"twitter:data1\" content=\"2 minutos\" \/>\n<script type=\"application\/ld+json\" class=\"yoast-schema-graph\">{\"@context\":\"https:\\\/\\\/schema.org\",\"@graph\":[{\"@type\":[\"WebPage\",\"ItemPage\"],\"@id\":\"https:\\\/\\\/atlastoilets.com\\\/es\\\/producto\\\/estacion-de-lavamanos-interior-netune\\\/\",\"url\":\"https:\\\/\\\/atlastoilets.com\\\/es\\\/producto\\\/estacion-de-lavamanos-interior-netune\\\/\",\"name\":\"Lavamanos Neptune con lavabo espacioso\",\"isPartOf\":{\"@id\":\"https:\\\/\\\/atlastoilets.com\\\/#website\"},\"primaryImageOfPage\":{\"@id\":\"https:\\\/\\\/atlastoilets.com\\\/es\\\/producto\\\/estacion-de-lavamanos-interior-netune\\\/#primaryimage\"},\"image\":{\"@id\":\"https:\\\/\\\/atlastoilets.com\\\/es\\\/producto\\\/estacion-de-lavamanos-interior-netune\\\/#primaryimage\"},\"thumbnailUrl\":\"https:\\\/\\\/atlastoilets.com\\\/wp-content\\\/uploads\\\/2022\\\/09\\\/Neptune-hand-wash.jpg\",\"datePublished\":\"2022-09-22T07:03:08+00:00\",\"dateModified\":\"2023-11-20T10:36:42+00:00\",\"description\":\"Lavamanos Neptune con lavabo espacioso cabe en cualquier inodoro port\u00e1til gracias al montaje flexible del lavabo.\",\"breadcrumb\":{\"@id\":\"https:\\\/\\\/atlastoilets.com\\\/es\\\/producto\\\/estacion-de-lavamanos-interior-netune\\\/#breadcrumb\"},\"inLanguage\":\"es\",\"potentialAction\":[{\"@type\":\"ReadAction\",\"target\":[\"https:\\\/\\\/atlastoilets.com\\\/es\\\/producto\\\/estacion-de-lavamanos-interior-netune\\\/\"]}]},{\"@type\":\"ImageObject\",\"inLanguage\":\"es\",\"@id\":\"https:\\\/\\\/atlastoilets.com\\\/es\\\/producto\\\/estacion-de-lavamanos-interior-netune\\\/#primaryimage\",\"url\":\"https:\\\/\\\/atlastoilets.com\\\/wp-content\\\/uploads\\\/2022\\\/09\\\/Neptune-hand-wash.jpg\",\"contentUrl\":\"https:\\\/\\\/atlastoilets.com\\\/wp-content\\\/uploads\\\/2022\\\/09\\\/Neptune-hand-wash.jpg\",\"width\":600,\"height\":600,\"caption\":\"lavabo grande\"},{\"@type\":\"BreadcrumbList\",\"@id\":\"https:\\\/\\\/atlastoilets.com\\\/es\\\/producto\\\/estacion-de-lavamanos-interior-netune\\\/#breadcrumb\",\"itemListElement\":[{\"@type\":\"ListItem\",\"position\":1,\"name\":\"Home\",\"item\":\"https:\\\/\\\/atlastoilets.com\\\/es\\\/\"},{\"@type\":\"ListItem\",\"position\":2,\"name\":\"Tienda\",\"item\":\"https:\\\/\\\/atlastoilets.com\\\/es\\\/tienda\\\/\"},{\"@type\":\"ListItem\",\"position\":3,\"name\":\"Estaci\u00f3n de lavamanos interior Neptune\"}]},{\"@type\":\"WebSite\",\"@id\":\"https:\\\/\\\/atlastoilets.com\\\/#website\",\"url\":\"https:\\\/\\\/atlastoilets.com\\\/\",\"name\":\"Atlas Sanitation Products\",\"description\":\"Total supplier for toilet rental companies\",\"potentialAction\":[{\"@type\":\"SearchAction\",\"target\":{\"@type\":\"EntryPoint\",\"urlTemplate\":\"https:\\\/\\\/atlastoilets.com\\\/?s={search_term_string}\"},\"query-input\":{\"@type\":\"PropertyValueSpecification\",\"valueRequired\":true,\"valueName\":\"search_term_string\"}}],\"inLanguage\":\"es\"}]}<\/script>\n<!-- \/ Yoast SEO plugin. -->","yoast_head_json":{"title":"Lavamanos Neptune con lavabo espacioso","description":"Lavamanos Neptune con lavabo espacioso cabe en cualquier inodoro port\u00e1til gracias al montaje flexible del lavabo.","robots":{"index":"index","follow":"follow","max-snippet":"max-snippet:-1","max-image-preview":"max-image-preview:large","max-video-preview":"max-video-preview:-1"},"canonical":"https:\/\/atlastoilets.com\/es\/producto\/estacion-de-lavamanos-interior-netune\/","og_locale":"es_ES","og_type":"article","og_title":"Lavamanos Neptune con lavabo espacioso","og_description":"Lavamanos Neptune con lavabo espacioso cabe en cualquier inodoro port\u00e1til gracias al montaje flexible del lavabo.","og_url":"https:\/\/atlastoilets.com\/es\/producto\/estacion-de-lavamanos-interior-netune\/","og_site_name":"Atlas Sanitation Products","article_modified_time":"2023-11-20T10:36:42+00:00","og_image":[{"width":600,"height":600,"url":"https:\/\/atlastoilets.com\/wp-content\/uploads\/2022\/09\/Neptune-hand-wash.jpg","type":"image\/jpeg"}],"twitter_card":"summary_large_image","twitter_misc":{"Tiempo de lectura":"2 minutos"},"schema":{"@context":"https:\/\/schema.org","@graph":[{"@type":["WebPage","ItemPage"],"@id":"https:\/\/atlastoilets.com\/es\/producto\/estacion-de-lavamanos-interior-netune\/","url":"https:\/\/atlastoilets.com\/es\/producto\/estacion-de-lavamanos-interior-netune\/","name":"Lavamanos Neptune con lavabo espacioso","isPartOf":{"@id":"https:\/\/atlastoilets.com\/#website"},"primaryImageOfPage":{"@id":"https:\/\/atlastoilets.com\/es\/producto\/estacion-de-lavamanos-interior-netune\/#primaryimage"},"image":{"@id":"https:\/\/atlastoilets.com\/es\/producto\/estacion-de-lavamanos-interior-netune\/#primaryimage"},"thumbnailUrl":"https:\/\/atlastoilets.com\/wp-content\/uploads\/2022\/09\/Neptune-hand-wash.jpg","datePublished":"2022-09-22T07:03:08+00:00","dateModified":"2023-11-20T10:36:42+00:00","description":"Lavamanos Neptune con lavabo espacioso cabe en cualquier inodoro port\u00e1til gracias al montaje flexible del lavabo.","breadcrumb":{"@id":"https:\/\/atlastoilets.com\/es\/producto\/estacion-de-lavamanos-interior-netune\/#breadcrumb"},"inLanguage":"es","potentialAction":[{"@type":"ReadAction","target":["https:\/\/atlastoilets.com\/es\/producto\/estacion-de-lavamanos-interior-netune\/"]}]},{"@type":"ImageObject","inLanguage":"es","@id":"https:\/\/atlastoilets.com\/es\/producto\/estacion-de-lavamanos-interior-netune\/#primaryimage","url":"https:\/\/atlastoilets.com\/wp-content\/uploads\/2022\/09\/Neptune-hand-wash.jpg","contentUrl":"https:\/\/atlastoilets.com\/wp-content\/uploads\/2022\/09\/Neptune-hand-wash.jpg","width":600,"height":600,"caption":"lavabo grande"},{"@type":"BreadcrumbList","@id":"https:\/\/atlastoilets.com\/es\/producto\/estacion-de-lavamanos-interior-netune\/#breadcrumb","itemListElement":[{"@type":"ListItem","position":1,"name":"Home","item":"https:\/\/atlastoilets.com\/es\/"},{"@type":"ListItem","position":2,"name":"Tienda","item":"https:\/\/atlastoilets.com\/es\/tienda\/"},{"@type":"ListItem","position":3,"name":"Estaci\u00f3n de lavamanos interior Neptune"}]},{"@type":"WebSite","@id":"https:\/\/atlastoilets.com\/#website","url":"https:\/\/atlastoilets.com\/","name":"Atlas Sanitation Products","description":"Total supplier for toilet rental companies","potentialAction":[{"@type":"SearchAction","target":{"@type":"EntryPoint","urlTemplate":"https:\/\/atlastoilets.com\/?s={search_term_string}"},"query-input":{"@type":"PropertyValueSpecification","valueRequired":true,"valueName":"search_term_string"}}],"inLanguage":"es"}]}},"_links":{"self":[{"href":"https:\/\/atlastoilets.com\/es\/wp-json\/wp\/v2\/product\/30363","targetHints":{"allow":["GET"]}}],"collection":[{"href":"https:\/\/atlastoilets.com\/es\/wp-json\/wp\/v2\/product"}],"about":[{"href":"https:\/\/atlastoilets.com\/es\/wp-json\/wp\/v2\/types\/product"}],"wp:featuredmedia":[{"embeddable":true,"href":"https:\/\/atlastoilets.com\/es\/wp-json\/wp\/v2\/media\/30348"}],"wp:attachment":[{"href":"https:\/\/atlastoilets.com\/es\/wp-json\/wp\/v2\/media?parent=30363"}],"wp:term":[{"taxonomy":"product_brand","embeddable":true,"href":"https:\/\/atlastoilets.com\/es\/wp-json\/wp\/v2\/product_brand?post=30363"},{"taxonomy":"product_cat","embeddable":true,"href":"https:\/\/atlastoilets.com\/es\/wp-json\/wp\/v2\/product_cat?post=30363"},{"taxonomy":"product_tag","embeddable":true,"href":"https:\/\/atlastoilets.com\/es\/wp-json\/wp\/v2\/product_tag?post=30363"}],"curies":[{"name":"wp","href":"https:\/\/api.w.org\/{rel}","templated":true}]}}