{"id":29048,"date":"2022-06-29T14:29:55","date_gmt":"2022-06-29T14:29:55","guid":{"rendered":"https:\/\/www.mobileurinal.eu\/?post_type=product&#038;p=29048"},"modified":"2024-08-06T12:05:18","modified_gmt":"2024-08-06T12:05:18","slug":"tapa-rosca-pluto-plus-2","status":"publish","type":"product","link":"https:\/\/atlastoilets.com\/es\/producto\/tapa-rosca-pluto-plus-2\/","title":{"rendered":"Tapa rosca HD Pluto Plus"},"content":{"rendered":"<p>Tap\u00f3n de rosca para el urinario Pluto Plus.<br \/>\nDespu\u00e9s de quitar el tap\u00f3n de rosca, el urinario se puede vaciar f\u00e1cilmente con una manguera de succi\u00f3n.<\/p>\n","protected":false},"excerpt":{"rendered":"<p>Tap\u00f3n de rosca para el urinario Pluto Plus.<\/p>\n","protected":false},"featured_media":33163,"template":"","meta":[],"product_brand":[],"product_cat":[936],"product_tag":[873,653,654,615],"class_list":{"0":"post-29048","1":"product","2":"type-product","3":"status-publish","4":"has-post-thumbnail","6":"product_cat-repuestos-para-urinarios-portatiles","7":"product_tag-peeone-es","8":"product_tag-rosca","9":"product_tag-tapa","10":"product_tag-urinario-portatil","12":"first","13":"instock","14":"taxable","15":"shipping-taxable","16":"purchasable","17":"product-type-simple"},"yoast_head":"<!-- This site is optimized with the Yoast SEO plugin v27.4 - https:\/\/yoast.com\/product\/yoast-seo-wordpress\/ -->\n<title>Tapa rosca urinarios port\u00e1tiles Pluto Plus<\/title>\n<meta name=\"description\" content=\"Tap\u00f3n de rosca para el urinario Pluto Plus. Despu\u00e9s de quitar el tap\u00f3n de rosca, el urinario se puede vaciar f\u00e1cilmente.\" \/>\n<meta name=\"robots\" content=\"index, follow, max-snippet:-1, max-image-preview:large, max-video-preview:-1\" \/>\n<link rel=\"canonical\" href=\"https:\/\/atlastoilets.com\/es\/producto\/tapa-rosca-pluto-plus-2\/\" \/>\n<meta property=\"og:locale\" content=\"es_ES\" \/>\n<meta property=\"og:type\" content=\"article\" \/>\n<meta property=\"og:title\" content=\"Tapa rosca urinarios port\u00e1tiles Pluto Plus\" \/>\n<meta property=\"og:description\" content=\"Tap\u00f3n de rosca para el urinario Pluto Plus. Despu\u00e9s de quitar el tap\u00f3n de rosca, el urinario se puede vaciar f\u00e1cilmente.\" \/>\n<meta property=\"og:url\" content=\"https:\/\/atlastoilets.com\/es\/producto\/tapa-rosca-pluto-plus-2\/\" \/>\n<meta property=\"og:site_name\" content=\"Atlas Sanitation Products\" \/>\n<meta property=\"article:modified_time\" content=\"2024-08-06T12:05:18+00:00\" \/>\n<meta property=\"og:image\" content=\"https:\/\/atlastoilets.com\/wp-content\/uploads\/2022\/06\/2540308-pluto-plus-schroefdop-zijkant.jpg\" \/>\n\t<meta property=\"og:image:width\" content=\"700\" \/>\n\t<meta property=\"og:image:height\" content=\"700\" \/>\n\t<meta property=\"og:image:type\" content=\"image\/jpeg\" \/>\n<meta name=\"twitter:card\" content=\"summary_large_image\" \/>\n<meta name=\"twitter:label1\" content=\"Tiempo de lectura\" \/>\n\t<meta name=\"twitter:data1\" content=\"1 minuto\" \/>\n<script type=\"application\/ld+json\" class=\"yoast-schema-graph\">{\"@context\":\"https:\\\/\\\/schema.org\",\"@graph\":[{\"@type\":[\"WebPage\",\"ItemPage\"],\"@id\":\"https:\\\/\\\/atlastoilets.com\\\/es\\\/producto\\\/tapa-rosca-pluto-plus-2\\\/\",\"url\":\"https:\\\/\\\/atlastoilets.com\\\/es\\\/producto\\\/tapa-rosca-pluto-plus-2\\\/\",\"name\":\"Tapa rosca urinarios port\u00e1tiles Pluto Plus\",\"isPartOf\":{\"@id\":\"https:\\\/\\\/atlastoilets.com\\\/#website\"},\"primaryImageOfPage\":{\"@id\":\"https:\\\/\\\/atlastoilets.com\\\/es\\\/producto\\\/tapa-rosca-pluto-plus-2\\\/#primaryimage\"},\"image\":{\"@id\":\"https:\\\/\\\/atlastoilets.com\\\/es\\\/producto\\\/tapa-rosca-pluto-plus-2\\\/#primaryimage\"},\"thumbnailUrl\":\"https:\\\/\\\/atlastoilets.com\\\/wp-content\\\/uploads\\\/2022\\\/06\\\/2540308-pluto-plus-schroefdop-zijkant.jpg\",\"datePublished\":\"2022-06-29T14:29:55+00:00\",\"dateModified\":\"2024-08-06T12:05:18+00:00\",\"description\":\"Tap\u00f3n de rosca para el urinario Pluto Plus. Despu\u00e9s de quitar el tap\u00f3n de rosca, el urinario se puede vaciar f\u00e1cilmente.\",\"breadcrumb\":{\"@id\":\"https:\\\/\\\/atlastoilets.com\\\/es\\\/producto\\\/tapa-rosca-pluto-plus-2\\\/#breadcrumb\"},\"inLanguage\":\"es\",\"potentialAction\":[{\"@type\":\"ReadAction\",\"target\":[\"https:\\\/\\\/atlastoilets.com\\\/es\\\/producto\\\/tapa-rosca-pluto-plus-2\\\/\"]}]},{\"@type\":\"ImageObject\",\"inLanguage\":\"es\",\"@id\":\"https:\\\/\\\/atlastoilets.com\\\/es\\\/producto\\\/tapa-rosca-pluto-plus-2\\\/#primaryimage\",\"url\":\"https:\\\/\\\/atlastoilets.com\\\/wp-content\\\/uploads\\\/2022\\\/06\\\/2540308-pluto-plus-schroefdop-zijkant.jpg\",\"contentUrl\":\"https:\\\/\\\/atlastoilets.com\\\/wp-content\\\/uploads\\\/2022\\\/06\\\/2540308-pluto-plus-schroefdop-zijkant.jpg\",\"width\":700,\"height\":700},{\"@type\":\"BreadcrumbList\",\"@id\":\"https:\\\/\\\/atlastoilets.com\\\/es\\\/producto\\\/tapa-rosca-pluto-plus-2\\\/#breadcrumb\",\"itemListElement\":[{\"@type\":\"ListItem\",\"position\":1,\"name\":\"Home\",\"item\":\"https:\\\/\\\/atlastoilets.com\\\/es\\\/\"},{\"@type\":\"ListItem\",\"position\":2,\"name\":\"Tienda\",\"item\":\"https:\\\/\\\/atlastoilets.com\\\/es\\\/tienda\\\/\"},{\"@type\":\"ListItem\",\"position\":3,\"name\":\"Tapa rosca HD Pluto Plus\"}]},{\"@type\":\"WebSite\",\"@id\":\"https:\\\/\\\/atlastoilets.com\\\/#website\",\"url\":\"https:\\\/\\\/atlastoilets.com\\\/\",\"name\":\"Atlas Sanitation Products\",\"description\":\"Total supplier for toilet rental companies\",\"potentialAction\":[{\"@type\":\"SearchAction\",\"target\":{\"@type\":\"EntryPoint\",\"urlTemplate\":\"https:\\\/\\\/atlastoilets.com\\\/?s={search_term_string}\"},\"query-input\":{\"@type\":\"PropertyValueSpecification\",\"valueRequired\":true,\"valueName\":\"search_term_string\"}}],\"inLanguage\":\"es\"}]}<\/script>\n<!-- \/ Yoast SEO plugin. -->","yoast_head_json":{"title":"Tapa rosca urinarios port\u00e1tiles Pluto Plus","description":"Tap\u00f3n de rosca para el urinario Pluto Plus. Despu\u00e9s de quitar el tap\u00f3n de rosca, el urinario se puede vaciar f\u00e1cilmente.","robots":{"index":"index","follow":"follow","max-snippet":"max-snippet:-1","max-image-preview":"max-image-preview:large","max-video-preview":"max-video-preview:-1"},"canonical":"https:\/\/atlastoilets.com\/es\/producto\/tapa-rosca-pluto-plus-2\/","og_locale":"es_ES","og_type":"article","og_title":"Tapa rosca urinarios port\u00e1tiles Pluto Plus","og_description":"Tap\u00f3n de rosca para el urinario Pluto Plus. Despu\u00e9s de quitar el tap\u00f3n de rosca, el urinario se puede vaciar f\u00e1cilmente.","og_url":"https:\/\/atlastoilets.com\/es\/producto\/tapa-rosca-pluto-plus-2\/","og_site_name":"Atlas Sanitation Products","article_modified_time":"2024-08-06T12:05:18+00:00","og_image":[{"width":700,"height":700,"url":"https:\/\/atlastoilets.com\/wp-content\/uploads\/2022\/06\/2540308-pluto-plus-schroefdop-zijkant.jpg","type":"image\/jpeg"}],"twitter_card":"summary_large_image","twitter_misc":{"Tiempo de lectura":"1 minuto"},"schema":{"@context":"https:\/\/schema.org","@graph":[{"@type":["WebPage","ItemPage"],"@id":"https:\/\/atlastoilets.com\/es\/producto\/tapa-rosca-pluto-plus-2\/","url":"https:\/\/atlastoilets.com\/es\/producto\/tapa-rosca-pluto-plus-2\/","name":"Tapa rosca urinarios port\u00e1tiles Pluto Plus","isPartOf":{"@id":"https:\/\/atlastoilets.com\/#website"},"primaryImageOfPage":{"@id":"https:\/\/atlastoilets.com\/es\/producto\/tapa-rosca-pluto-plus-2\/#primaryimage"},"image":{"@id":"https:\/\/atlastoilets.com\/es\/producto\/tapa-rosca-pluto-plus-2\/#primaryimage"},"thumbnailUrl":"https:\/\/atlastoilets.com\/wp-content\/uploads\/2022\/06\/2540308-pluto-plus-schroefdop-zijkant.jpg","datePublished":"2022-06-29T14:29:55+00:00","dateModified":"2024-08-06T12:05:18+00:00","description":"Tap\u00f3n de rosca para el urinario Pluto Plus. Despu\u00e9s de quitar el tap\u00f3n de rosca, el urinario se puede vaciar f\u00e1cilmente.","breadcrumb":{"@id":"https:\/\/atlastoilets.com\/es\/producto\/tapa-rosca-pluto-plus-2\/#breadcrumb"},"inLanguage":"es","potentialAction":[{"@type":"ReadAction","target":["https:\/\/atlastoilets.com\/es\/producto\/tapa-rosca-pluto-plus-2\/"]}]},{"@type":"ImageObject","inLanguage":"es","@id":"https:\/\/atlastoilets.com\/es\/producto\/tapa-rosca-pluto-plus-2\/#primaryimage","url":"https:\/\/atlastoilets.com\/wp-content\/uploads\/2022\/06\/2540308-pluto-plus-schroefdop-zijkant.jpg","contentUrl":"https:\/\/atlastoilets.com\/wp-content\/uploads\/2022\/06\/2540308-pluto-plus-schroefdop-zijkant.jpg","width":700,"height":700},{"@type":"BreadcrumbList","@id":"https:\/\/atlastoilets.com\/es\/producto\/tapa-rosca-pluto-plus-2\/#breadcrumb","itemListElement":[{"@type":"ListItem","position":1,"name":"Home","item":"https:\/\/atlastoilets.com\/es\/"},{"@type":"ListItem","position":2,"name":"Tienda","item":"https:\/\/atlastoilets.com\/es\/tienda\/"},{"@type":"ListItem","position":3,"name":"Tapa rosca HD Pluto Plus"}]},{"@type":"WebSite","@id":"https:\/\/atlastoilets.com\/#website","url":"https:\/\/atlastoilets.com\/","name":"Atlas Sanitation Products","description":"Total supplier for toilet rental companies","potentialAction":[{"@type":"SearchAction","target":{"@type":"EntryPoint","urlTemplate":"https:\/\/atlastoilets.com\/?s={search_term_string}"},"query-input":{"@type":"PropertyValueSpecification","valueRequired":true,"valueName":"search_term_string"}}],"inLanguage":"es"}]}},"_links":{"self":[{"href":"https:\/\/atlastoilets.com\/es\/wp-json\/wp\/v2\/product\/29048","targetHints":{"allow":["GET"]}}],"collection":[{"href":"https:\/\/atlastoilets.com\/es\/wp-json\/wp\/v2\/product"}],"about":[{"href":"https:\/\/atlastoilets.com\/es\/wp-json\/wp\/v2\/types\/product"}],"wp:featuredmedia":[{"embeddable":true,"href":"https:\/\/atlastoilets.com\/es\/wp-json\/wp\/v2\/media\/33163"}],"wp:attachment":[{"href":"https:\/\/atlastoilets.com\/es\/wp-json\/wp\/v2\/media?parent=29048"}],"wp:term":[{"taxonomy":"product_brand","embeddable":true,"href":"https:\/\/atlastoilets.com\/es\/wp-json\/wp\/v2\/product_brand?post=29048"},{"taxonomy":"product_cat","embeddable":true,"href":"https:\/\/atlastoilets.com\/es\/wp-json\/wp\/v2\/product_cat?post=29048"},{"taxonomy":"product_tag","embeddable":true,"href":"https:\/\/atlastoilets.com\/es\/wp-json\/wp\/v2\/product_tag?post=29048"}],"curies":[{"name":"wp","href":"https:\/\/api.w.org\/{rel}","templated":true}]}}