{"id":28535,"date":"2022-06-27T11:44:19","date_gmt":"2022-06-27T11:44:19","guid":{"rendered":"https:\/\/www.mobileurinal.eu\/?post_type=product&#038;p=28535"},"modified":"2024-09-16T08:09:01","modified_gmt":"2024-09-16T08:09:01","slug":"bano-portatil","status":"publish","type":"product","link":"https:\/\/atlastoilets.com\/es\/producto\/bano-portatil\/","title":{"rendered":"Ba\u00f1o port\u00e1til CUBE"},"content":{"rendered":"<h3>Ba\u00f1o port\u00e1til CUBE<\/h3>\n<p>El ba\u00f1o port\u00e1til CUBE es un caballo de batalla entre los sanitarios port\u00e1tiles, dise\u00f1ado para las necesidades de aquellos en la industria de alquiler de ba\u00f1os.. Es un verdadero paso adelante en la industria de los sanitarios port\u00e1tiles y es el resultado de a\u00f1os de experiencia en la fabricaci\u00f3n. CUBE ofrece la m\u00e1xima facilidad de uso para sus operadores y un dise\u00f1o que muestra atenci\u00f3n a los detalles y a las necesidades de quienes se dedican al negocio del alquiler de sanitarios port\u00e1tiles.<\/p>\n<p>Caracter\u00edsticas:<br \/>\n\u00b7 Tanque de aguas grises de 210 L\/55 gal. con asiento y tapa<br \/>\n\u00b7 Piso antideslizante<br \/>\n\u00b7 Murinario de pared<br \/>\n\u00b7 Gancho para cintur\u00f3n de herramientas o abrigo<br \/>\n\u00b7 Porta rollos de papel higi\u00e9nico de 3 rollos<br \/>\n\u00b7 Tubo de ventilaci\u00f3n adaptado al dise\u00f1o de las paredes para maximizar el espacio interior<br \/>\n\u00b7 Ventilaci\u00f3n integrada no extra\u00edble para proteger la cabina de la lluvia y garantizar una buena ventilaci\u00f3n en el interior del ba\u00f1o<br \/>\n\u00b7 Indicador rojo\/verde de ocupado\/vac\u00edo<br \/>\n\u00b7 Dispositivo de resistencia al viento ajustable instalado en la puerta<br \/>\n\u00b7 Bisagras integradas para candado<\/p>\n<table border=\"1\" cellspacing=\"0\" cellpadding=\"0\">\n<tbody>\n<tr>\n<td valign=\"top\" width=\"284\">Altura<\/td>\n<td valign=\"top\" width=\"284\">233 cm<\/td>\n<\/tr>\n<tr>\n<td valign=\"top\" width=\"284\">Ancho<\/td>\n<td valign=\"top\" width=\"284\">106 cm<\/td>\n<\/tr>\n<tr>\n<td valign=\"top\" width=\"284\">Profundidad<\/td>\n<td valign=\"top\" width=\"284\">106 cm<\/td>\n<\/tr>\n<tr>\n<td valign=\"top\" width=\"284\">Ancho de la puerta<\/td>\n<td valign=\"top\" width=\"284\">60 cm<\/td>\n<\/tr>\n<tr>\n<td valign=\"top\" width=\"284\">Interior<\/td>\n<td valign=\"top\" width=\"284\">100 x 100 cm<\/td>\n<\/tr>\n<tr>\n<td valign=\"top\" width=\"284\">Capacidad del tanque<\/td>\n<td valign=\"top\" width=\"284\">210 liter<\/td>\n<\/tr>\n<tr>\n<td valign=\"top\" width=\"284\">Altura del siento<\/td>\n<td valign=\"top\" width=\"284\">51 cm<\/td>\n<\/tr>\n<tr>\n<td valign=\"top\" width=\"284\">Peso<\/td>\n<td valign=\"top\" width=\"284\">76 kg<\/td>\n<\/tr>\n<tr>\n<td valign=\"top\" width=\"284\">Material<\/td>\n<td valign=\"top\" width=\"284\">HDPE<\/td>\n<\/tr>\n<\/tbody>\n<\/table>\n<p>Material:<br \/>\n\u00b7 Polietileno de alta densidad con tratamiento anti-UV<br \/>\n\u00b7 Techo de polietileno transl\u00facido con tratamiento anti-UV<br \/>\n\u00b7 Suelo antideslizante de polietileno<\/p>\n<p>Este ba\u00f1o port\u00e1til vers\u00e1til es ideal para atender a grandes cantidades de personas.<br \/>\nCUBE se cre\u00f3 teniendo en cuenta las necesidades de las obras y los eventos. Armal utiliza los materiales m\u00e1s resistentes para producir inodoros duraderos que pueden soportar un uso a gran escala.<\/p>\n<p>Disponemos de diferentes colores en stock. Por favor cont\u00e1ctenos para disponibilidad por <a href=\"mailto:&quot;info@atlastoilets.com&quot;\">correo electr\u00f3nico<\/a> o tel\u00e9fono 0031 (0) 182 -342088.<\/p>\n","protected":false},"excerpt":{"rendered":"<p>El ba\u00f1o port\u00e1til CUBE es un caballo de batalla entre los sanitarios port\u00e1tiles, dise\u00f1ado para las necesidades de aquellos en la industria de alquiler de ba\u00f1os.. Es un verdadero paso adelante en la industria de los sanitarios port\u00e1tiles y es el resultado de a\u00f1os de experiencia en la fabricaci\u00f3n. CUBE ofrece la m\u00e1xima facilidad de uso para sus operadores y un dise\u00f1o que muestra atenci\u00f3n a los detalles y a las necesidades de quienes se dedican al negocio del alquiler de sanitarios port\u00e1tiles.<\/p>\n","protected":false},"featured_media":28422,"template":"","meta":[],"product_brand":[],"product_cat":[1393],"product_tag":[],"class_list":{"0":"post-28535","1":"product","2":"type-product","3":"status-publish","4":"has-post-thumbnail","6":"product_cat-banos-portatiles-estandar","8":"first","9":"instock","10":"taxable","11":"shipping-taxable","12":"purchasable","13":"product-type-simple"},"yoast_head":"<!-- This site is optimized with the Yoast SEO plugin v27.4 - https:\/\/yoast.com\/product\/yoast-seo-wordpress\/ -->\n<title>Ba\u00f1o port\u00e1til CUBE.<\/title>\n<meta name=\"description\" content=\"Ba\u00f1o port\u00e1til CUBE. De serie con dep\u00f3sito de residuos, urinario y rollo de papel. Dise\u00f1ado para las empresas de alquiler de ba\u00f1os\" \/>\n<meta name=\"robots\" content=\"index, follow, max-snippet:-1, max-image-preview:large, max-video-preview:-1\" \/>\n<link rel=\"canonical\" href=\"https:\/\/atlastoilets.com\/es\/producto\/bano-portatil\/\" \/>\n<meta property=\"og:locale\" content=\"es_ES\" \/>\n<meta property=\"og:type\" content=\"article\" \/>\n<meta property=\"og:title\" content=\"Ba\u00f1o port\u00e1til CUBE.\" \/>\n<meta property=\"og:description\" content=\"Ba\u00f1o port\u00e1til CUBE. De serie con dep\u00f3sito de residuos, urinario y rollo de papel. Dise\u00f1ado para las empresas de alquiler de ba\u00f1os\" \/>\n<meta property=\"og:url\" content=\"https:\/\/atlastoilets.com\/es\/producto\/bano-portatil\/\" \/>\n<meta property=\"og:site_name\" content=\"Atlas Sanitation Products\" \/>\n<meta property=\"article:modified_time\" content=\"2024-09-16T08:09:01+00:00\" \/>\n<meta property=\"og:image\" content=\"https:\/\/atlastoilets.com\/wp-content\/uploads\/2022\/06\/portable-toilet.jpg\" \/>\n\t<meta property=\"og:image:width\" content=\"600\" \/>\n\t<meta property=\"og:image:height\" content=\"600\" \/>\n\t<meta property=\"og:image:type\" content=\"image\/jpeg\" \/>\n<meta name=\"twitter:card\" content=\"summary_large_image\" \/>\n<meta name=\"twitter:label1\" content=\"Tiempo de lectura\" \/>\n\t<meta name=\"twitter:data1\" content=\"2 minutos\" \/>\n<script type=\"application\/ld+json\" class=\"yoast-schema-graph\">{\"@context\":\"https:\\\/\\\/schema.org\",\"@graph\":[{\"@type\":[\"WebPage\",\"ItemPage\"],\"@id\":\"https:\\\/\\\/atlastoilets.com\\\/es\\\/producto\\\/bano-portatil\\\/\",\"url\":\"https:\\\/\\\/atlastoilets.com\\\/es\\\/producto\\\/bano-portatil\\\/\",\"name\":\"Ba\u00f1o port\u00e1til CUBE.\",\"isPartOf\":{\"@id\":\"https:\\\/\\\/atlastoilets.com\\\/#website\"},\"primaryImageOfPage\":{\"@id\":\"https:\\\/\\\/atlastoilets.com\\\/es\\\/producto\\\/bano-portatil\\\/#primaryimage\"},\"image\":{\"@id\":\"https:\\\/\\\/atlastoilets.com\\\/es\\\/producto\\\/bano-portatil\\\/#primaryimage\"},\"thumbnailUrl\":\"https:\\\/\\\/atlastoilets.com\\\/wp-content\\\/uploads\\\/2022\\\/06\\\/portable-toilet.jpg\",\"datePublished\":\"2022-06-27T11:44:19+00:00\",\"dateModified\":\"2024-09-16T08:09:01+00:00\",\"description\":\"Ba\u00f1o port\u00e1til CUBE. De serie con dep\u00f3sito de residuos, urinario y rollo de papel. Dise\u00f1ado para las empresas de alquiler de ba\u00f1os\",\"breadcrumb\":{\"@id\":\"https:\\\/\\\/atlastoilets.com\\\/es\\\/producto\\\/bano-portatil\\\/#breadcrumb\"},\"inLanguage\":\"es\",\"potentialAction\":[{\"@type\":\"ReadAction\",\"target\":[\"https:\\\/\\\/atlastoilets.com\\\/es\\\/producto\\\/bano-portatil\\\/\"]}]},{\"@type\":\"ImageObject\",\"inLanguage\":\"es\",\"@id\":\"https:\\\/\\\/atlastoilets.com\\\/es\\\/producto\\\/bano-portatil\\\/#primaryimage\",\"url\":\"https:\\\/\\\/atlastoilets.com\\\/wp-content\\\/uploads\\\/2022\\\/06\\\/portable-toilet.jpg\",\"contentUrl\":\"https:\\\/\\\/atlastoilets.com\\\/wp-content\\\/uploads\\\/2022\\\/06\\\/portable-toilet.jpg\",\"width\":600,\"height\":600,\"caption\":\"Ba\u00f1o port\u00e1til\"},{\"@type\":\"BreadcrumbList\",\"@id\":\"https:\\\/\\\/atlastoilets.com\\\/es\\\/producto\\\/bano-portatil\\\/#breadcrumb\",\"itemListElement\":[{\"@type\":\"ListItem\",\"position\":1,\"name\":\"Home\",\"item\":\"https:\\\/\\\/atlastoilets.com\\\/es\\\/\"},{\"@type\":\"ListItem\",\"position\":2,\"name\":\"Tienda\",\"item\":\"https:\\\/\\\/atlastoilets.com\\\/es\\\/tienda\\\/\"},{\"@type\":\"ListItem\",\"position\":3,\"name\":\"Ba\u00f1o port\u00e1til CUBE\"}]},{\"@type\":\"WebSite\",\"@id\":\"https:\\\/\\\/atlastoilets.com\\\/#website\",\"url\":\"https:\\\/\\\/atlastoilets.com\\\/\",\"name\":\"Atlas Sanitation Products\",\"description\":\"Total supplier for toilet rental companies\",\"potentialAction\":[{\"@type\":\"SearchAction\",\"target\":{\"@type\":\"EntryPoint\",\"urlTemplate\":\"https:\\\/\\\/atlastoilets.com\\\/?s={search_term_string}\"},\"query-input\":{\"@type\":\"PropertyValueSpecification\",\"valueRequired\":true,\"valueName\":\"search_term_string\"}}],\"inLanguage\":\"es\"}]}<\/script>\n<!-- \/ Yoast SEO plugin. -->","yoast_head_json":{"title":"Ba\u00f1o port\u00e1til CUBE.","description":"Ba\u00f1o port\u00e1til CUBE. De serie con dep\u00f3sito de residuos, urinario y rollo de papel. Dise\u00f1ado para las empresas de alquiler de ba\u00f1os","robots":{"index":"index","follow":"follow","max-snippet":"max-snippet:-1","max-image-preview":"max-image-preview:large","max-video-preview":"max-video-preview:-1"},"canonical":"https:\/\/atlastoilets.com\/es\/producto\/bano-portatil\/","og_locale":"es_ES","og_type":"article","og_title":"Ba\u00f1o port\u00e1til CUBE.","og_description":"Ba\u00f1o port\u00e1til CUBE. De serie con dep\u00f3sito de residuos, urinario y rollo de papel. Dise\u00f1ado para las empresas de alquiler de ba\u00f1os","og_url":"https:\/\/atlastoilets.com\/es\/producto\/bano-portatil\/","og_site_name":"Atlas Sanitation Products","article_modified_time":"2024-09-16T08:09:01+00:00","og_image":[{"width":600,"height":600,"url":"https:\/\/atlastoilets.com\/wp-content\/uploads\/2022\/06\/portable-toilet.jpg","type":"image\/jpeg"}],"twitter_card":"summary_large_image","twitter_misc":{"Tiempo de lectura":"2 minutos"},"schema":{"@context":"https:\/\/schema.org","@graph":[{"@type":["WebPage","ItemPage"],"@id":"https:\/\/atlastoilets.com\/es\/producto\/bano-portatil\/","url":"https:\/\/atlastoilets.com\/es\/producto\/bano-portatil\/","name":"Ba\u00f1o port\u00e1til CUBE.","isPartOf":{"@id":"https:\/\/atlastoilets.com\/#website"},"primaryImageOfPage":{"@id":"https:\/\/atlastoilets.com\/es\/producto\/bano-portatil\/#primaryimage"},"image":{"@id":"https:\/\/atlastoilets.com\/es\/producto\/bano-portatil\/#primaryimage"},"thumbnailUrl":"https:\/\/atlastoilets.com\/wp-content\/uploads\/2022\/06\/portable-toilet.jpg","datePublished":"2022-06-27T11:44:19+00:00","dateModified":"2024-09-16T08:09:01+00:00","description":"Ba\u00f1o port\u00e1til CUBE. De serie con dep\u00f3sito de residuos, urinario y rollo de papel. Dise\u00f1ado para las empresas de alquiler de ba\u00f1os","breadcrumb":{"@id":"https:\/\/atlastoilets.com\/es\/producto\/bano-portatil\/#breadcrumb"},"inLanguage":"es","potentialAction":[{"@type":"ReadAction","target":["https:\/\/atlastoilets.com\/es\/producto\/bano-portatil\/"]}]},{"@type":"ImageObject","inLanguage":"es","@id":"https:\/\/atlastoilets.com\/es\/producto\/bano-portatil\/#primaryimage","url":"https:\/\/atlastoilets.com\/wp-content\/uploads\/2022\/06\/portable-toilet.jpg","contentUrl":"https:\/\/atlastoilets.com\/wp-content\/uploads\/2022\/06\/portable-toilet.jpg","width":600,"height":600,"caption":"Ba\u00f1o port\u00e1til"},{"@type":"BreadcrumbList","@id":"https:\/\/atlastoilets.com\/es\/producto\/bano-portatil\/#breadcrumb","itemListElement":[{"@type":"ListItem","position":1,"name":"Home","item":"https:\/\/atlastoilets.com\/es\/"},{"@type":"ListItem","position":2,"name":"Tienda","item":"https:\/\/atlastoilets.com\/es\/tienda\/"},{"@type":"ListItem","position":3,"name":"Ba\u00f1o port\u00e1til CUBE"}]},{"@type":"WebSite","@id":"https:\/\/atlastoilets.com\/#website","url":"https:\/\/atlastoilets.com\/","name":"Atlas Sanitation Products","description":"Total supplier for toilet rental companies","potentialAction":[{"@type":"SearchAction","target":{"@type":"EntryPoint","urlTemplate":"https:\/\/atlastoilets.com\/?s={search_term_string}"},"query-input":{"@type":"PropertyValueSpecification","valueRequired":true,"valueName":"search_term_string"}}],"inLanguage":"es"}]}},"_links":{"self":[{"href":"https:\/\/atlastoilets.com\/es\/wp-json\/wp\/v2\/product\/28535","targetHints":{"allow":["GET"]}}],"collection":[{"href":"https:\/\/atlastoilets.com\/es\/wp-json\/wp\/v2\/product"}],"about":[{"href":"https:\/\/atlastoilets.com\/es\/wp-json\/wp\/v2\/types\/product"}],"wp:featuredmedia":[{"embeddable":true,"href":"https:\/\/atlastoilets.com\/es\/wp-json\/wp\/v2\/media\/28422"}],"wp:attachment":[{"href":"https:\/\/atlastoilets.com\/es\/wp-json\/wp\/v2\/media?parent=28535"}],"wp:term":[{"taxonomy":"product_brand","embeddable":true,"href":"https:\/\/atlastoilets.com\/es\/wp-json\/wp\/v2\/product_brand?post=28535"},{"taxonomy":"product_cat","embeddable":true,"href":"https:\/\/atlastoilets.com\/es\/wp-json\/wp\/v2\/product_cat?post=28535"},{"taxonomy":"product_tag","embeddable":true,"href":"https:\/\/atlastoilets.com\/es\/wp-json\/wp\/v2\/product_tag?post=28535"}],"curies":[{"name":"wp","href":"https:\/\/api.w.org\/{rel}","templated":true}]}}