{"id":27747,"date":"2022-05-24T14:38:05","date_gmt":"2022-05-24T14:38:05","guid":{"rendered":"https:\/\/www.mobileurinal.eu\/product\/banana-cone\/"},"modified":"2022-06-02T11:30:31","modified_gmt":"2022-06-02T11:30:31","slug":"banana-cone","status":"publish","type":"product","link":"https:\/\/atlastoilets.com\/es\/producto\/banana-cone\/","title":{"rendered":"Wet Floor Banana Cone 60 cm"},"content":{"rendered":"<p>Banana Cone, el cono de pl\u00e1stico amarillo con una advertencia de suelo resbaladizo.<br \/>\nInventado en 2013 y desde entonces un art\u00edculo popular en todo el mundo.<br \/>\nLa investigaci\u00f3n de la experiencia ha demostrado que las personas notaron la c\u00e1scara de pl\u00e1tano 22 veces m\u00e1s que un marco en A tradicional.<br \/>\nCumple con las normas internacionales de seguridad.<\/p>\n","protected":false},"excerpt":{"rendered":"<p>Banana Cone, el cono de pl\u00e1stico amarillo con una advertencia de suelo resbaladizo.<\/p>\n","protected":false},"featured_media":27413,"template":"","meta":[],"product_brand":[],"product_cat":[892],"product_tag":[],"class_list":{"0":"post-27747","1":"product","2":"type-product","3":"status-publish","4":"has-post-thumbnail","6":"product_cat-repuestos-duraderos-para-empresas-de-alquiler-de-sanitarios","8":"first","9":"instock","10":"taxable","11":"shipping-taxable","12":"purchasable","13":"product-type-simple"},"yoast_head":"<!-- This site is optimized with the Yoast SEO plugin v27.4 - https:\/\/yoast.com\/product\/yoast-seo-wordpress\/ -->\n<title>Banana Cone con una advertencia de suelo resbaladizo<\/title>\n<meta name=\"description\" content=\"Banana Cone, el cono de pl\u00e1stico amarillo con una advertencia de suelo resbaladizo. Cumple con las normas internacionales de seguridad.\" \/>\n<meta name=\"robots\" content=\"index, follow, max-snippet:-1, max-image-preview:large, max-video-preview:-1\" \/>\n<link rel=\"canonical\" href=\"https:\/\/atlastoilets.com\/es\/producto\/banana-cone\/\" \/>\n<meta property=\"og:locale\" content=\"es_ES\" \/>\n<meta property=\"og:type\" content=\"article\" \/>\n<meta property=\"og:title\" content=\"Banana Cone con una advertencia de suelo resbaladizo\" \/>\n<meta property=\"og:description\" content=\"Banana Cone, el cono de pl\u00e1stico amarillo con una advertencia de suelo resbaladizo. Cumple con las normas internacionales de seguridad.\" \/>\n<meta property=\"og:url\" content=\"https:\/\/atlastoilets.com\/es\/producto\/banana-cone\/\" \/>\n<meta property=\"og:site_name\" content=\"Atlas Sanitation Products\" \/>\n<meta property=\"article:modified_time\" content=\"2022-06-02T11:30:31+00:00\" \/>\n<meta property=\"og:image\" content=\"https:\/\/atlastoilets.com\/wp-content\/uploads\/2022\/05\/Wet-Floor-Banana-Cone-60-cm.jpg\" \/>\n\t<meta property=\"og:image:width\" content=\"600\" \/>\n\t<meta property=\"og:image:height\" content=\"600\" \/>\n\t<meta property=\"og:image:type\" content=\"image\/jpeg\" \/>\n<meta name=\"twitter:card\" content=\"summary_large_image\" \/>\n<script type=\"application\/ld+json\" class=\"yoast-schema-graph\">{\"@context\":\"https:\\\/\\\/schema.org\",\"@graph\":[{\"@type\":[\"WebPage\",\"ItemPage\"],\"@id\":\"https:\\\/\\\/atlastoilets.com\\\/es\\\/producto\\\/banana-cone\\\/\",\"url\":\"https:\\\/\\\/atlastoilets.com\\\/es\\\/producto\\\/banana-cone\\\/\",\"name\":\"Banana Cone con una advertencia de suelo resbaladizo\",\"isPartOf\":{\"@id\":\"https:\\\/\\\/atlastoilets.com\\\/#website\"},\"primaryImageOfPage\":{\"@id\":\"https:\\\/\\\/atlastoilets.com\\\/es\\\/producto\\\/banana-cone\\\/#primaryimage\"},\"image\":{\"@id\":\"https:\\\/\\\/atlastoilets.com\\\/es\\\/producto\\\/banana-cone\\\/#primaryimage\"},\"thumbnailUrl\":\"https:\\\/\\\/atlastoilets.com\\\/wp-content\\\/uploads\\\/2022\\\/05\\\/Wet-Floor-Banana-Cone-60-cm.jpg\",\"datePublished\":\"2022-05-24T14:38:05+00:00\",\"dateModified\":\"2022-06-02T11:30:31+00:00\",\"description\":\"Banana Cone, el cono de pl\u00e1stico amarillo con una advertencia de suelo resbaladizo. Cumple con las normas internacionales de seguridad.\",\"breadcrumb\":{\"@id\":\"https:\\\/\\\/atlastoilets.com\\\/es\\\/producto\\\/banana-cone\\\/#breadcrumb\"},\"inLanguage\":\"es\",\"potentialAction\":[{\"@type\":\"ReadAction\",\"target\":[\"https:\\\/\\\/atlastoilets.com\\\/es\\\/producto\\\/banana-cone\\\/\"]}]},{\"@type\":\"ImageObject\",\"inLanguage\":\"es\",\"@id\":\"https:\\\/\\\/atlastoilets.com\\\/es\\\/producto\\\/banana-cone\\\/#primaryimage\",\"url\":\"https:\\\/\\\/atlastoilets.com\\\/wp-content\\\/uploads\\\/2022\\\/05\\\/Wet-Floor-Banana-Cone-60-cm.jpg\",\"contentUrl\":\"https:\\\/\\\/atlastoilets.com\\\/wp-content\\\/uploads\\\/2022\\\/05\\\/Wet-Floor-Banana-Cone-60-cm.jpg\",\"width\":600,\"height\":600,\"caption\":\"Banana Cone\"},{\"@type\":\"BreadcrumbList\",\"@id\":\"https:\\\/\\\/atlastoilets.com\\\/es\\\/producto\\\/banana-cone\\\/#breadcrumb\",\"itemListElement\":[{\"@type\":\"ListItem\",\"position\":1,\"name\":\"Home\",\"item\":\"https:\\\/\\\/atlastoilets.com\\\/es\\\/\"},{\"@type\":\"ListItem\",\"position\":2,\"name\":\"Tienda\",\"item\":\"https:\\\/\\\/atlastoilets.com\\\/es\\\/tienda\\\/\"},{\"@type\":\"ListItem\",\"position\":3,\"name\":\"Wet Floor Banana Cone 60 cm\"}]},{\"@type\":\"WebSite\",\"@id\":\"https:\\\/\\\/atlastoilets.com\\\/#website\",\"url\":\"https:\\\/\\\/atlastoilets.com\\\/\",\"name\":\"Atlas Sanitation Products\",\"description\":\"Total supplier for toilet rental companies\",\"potentialAction\":[{\"@type\":\"SearchAction\",\"target\":{\"@type\":\"EntryPoint\",\"urlTemplate\":\"https:\\\/\\\/atlastoilets.com\\\/?s={search_term_string}\"},\"query-input\":{\"@type\":\"PropertyValueSpecification\",\"valueRequired\":true,\"valueName\":\"search_term_string\"}}],\"inLanguage\":\"es\"}]}<\/script>\n<!-- \/ Yoast SEO plugin. -->","yoast_head_json":{"title":"Banana Cone con una advertencia de suelo resbaladizo","description":"Banana Cone, el cono de pl\u00e1stico amarillo con una advertencia de suelo resbaladizo. Cumple con las normas internacionales de seguridad.","robots":{"index":"index","follow":"follow","max-snippet":"max-snippet:-1","max-image-preview":"max-image-preview:large","max-video-preview":"max-video-preview:-1"},"canonical":"https:\/\/atlastoilets.com\/es\/producto\/banana-cone\/","og_locale":"es_ES","og_type":"article","og_title":"Banana Cone con una advertencia de suelo resbaladizo","og_description":"Banana Cone, el cono de pl\u00e1stico amarillo con una advertencia de suelo resbaladizo. Cumple con las normas internacionales de seguridad.","og_url":"https:\/\/atlastoilets.com\/es\/producto\/banana-cone\/","og_site_name":"Atlas Sanitation Products","article_modified_time":"2022-06-02T11:30:31+00:00","og_image":[{"width":600,"height":600,"url":"https:\/\/atlastoilets.com\/wp-content\/uploads\/2022\/05\/Wet-Floor-Banana-Cone-60-cm.jpg","type":"image\/jpeg"}],"twitter_card":"summary_large_image","schema":{"@context":"https:\/\/schema.org","@graph":[{"@type":["WebPage","ItemPage"],"@id":"https:\/\/atlastoilets.com\/es\/producto\/banana-cone\/","url":"https:\/\/atlastoilets.com\/es\/producto\/banana-cone\/","name":"Banana Cone con una advertencia de suelo resbaladizo","isPartOf":{"@id":"https:\/\/atlastoilets.com\/#website"},"primaryImageOfPage":{"@id":"https:\/\/atlastoilets.com\/es\/producto\/banana-cone\/#primaryimage"},"image":{"@id":"https:\/\/atlastoilets.com\/es\/producto\/banana-cone\/#primaryimage"},"thumbnailUrl":"https:\/\/atlastoilets.com\/wp-content\/uploads\/2022\/05\/Wet-Floor-Banana-Cone-60-cm.jpg","datePublished":"2022-05-24T14:38:05+00:00","dateModified":"2022-06-02T11:30:31+00:00","description":"Banana Cone, el cono de pl\u00e1stico amarillo con una advertencia de suelo resbaladizo. Cumple con las normas internacionales de seguridad.","breadcrumb":{"@id":"https:\/\/atlastoilets.com\/es\/producto\/banana-cone\/#breadcrumb"},"inLanguage":"es","potentialAction":[{"@type":"ReadAction","target":["https:\/\/atlastoilets.com\/es\/producto\/banana-cone\/"]}]},{"@type":"ImageObject","inLanguage":"es","@id":"https:\/\/atlastoilets.com\/es\/producto\/banana-cone\/#primaryimage","url":"https:\/\/atlastoilets.com\/wp-content\/uploads\/2022\/05\/Wet-Floor-Banana-Cone-60-cm.jpg","contentUrl":"https:\/\/atlastoilets.com\/wp-content\/uploads\/2022\/05\/Wet-Floor-Banana-Cone-60-cm.jpg","width":600,"height":600,"caption":"Banana Cone"},{"@type":"BreadcrumbList","@id":"https:\/\/atlastoilets.com\/es\/producto\/banana-cone\/#breadcrumb","itemListElement":[{"@type":"ListItem","position":1,"name":"Home","item":"https:\/\/atlastoilets.com\/es\/"},{"@type":"ListItem","position":2,"name":"Tienda","item":"https:\/\/atlastoilets.com\/es\/tienda\/"},{"@type":"ListItem","position":3,"name":"Wet Floor Banana Cone 60 cm"}]},{"@type":"WebSite","@id":"https:\/\/atlastoilets.com\/#website","url":"https:\/\/atlastoilets.com\/","name":"Atlas Sanitation Products","description":"Total supplier for toilet rental companies","potentialAction":[{"@type":"SearchAction","target":{"@type":"EntryPoint","urlTemplate":"https:\/\/atlastoilets.com\/?s={search_term_string}"},"query-input":{"@type":"PropertyValueSpecification","valueRequired":true,"valueName":"search_term_string"}}],"inLanguage":"es"}]}},"_links":{"self":[{"href":"https:\/\/atlastoilets.com\/es\/wp-json\/wp\/v2\/product\/27747","targetHints":{"allow":["GET"]}}],"collection":[{"href":"https:\/\/atlastoilets.com\/es\/wp-json\/wp\/v2\/product"}],"about":[{"href":"https:\/\/atlastoilets.com\/es\/wp-json\/wp\/v2\/types\/product"}],"wp:featuredmedia":[{"embeddable":true,"href":"https:\/\/atlastoilets.com\/es\/wp-json\/wp\/v2\/media\/27413"}],"wp:attachment":[{"href":"https:\/\/atlastoilets.com\/es\/wp-json\/wp\/v2\/media?parent=27747"}],"wp:term":[{"taxonomy":"product_brand","embeddable":true,"href":"https:\/\/atlastoilets.com\/es\/wp-json\/wp\/v2\/product_brand?post=27747"},{"taxonomy":"product_cat","embeddable":true,"href":"https:\/\/atlastoilets.com\/es\/wp-json\/wp\/v2\/product_cat?post=27747"},{"taxonomy":"product_tag","embeddable":true,"href":"https:\/\/atlastoilets.com\/es\/wp-json\/wp\/v2\/product_tag?post=27747"}],"curies":[{"name":"wp","href":"https:\/\/api.w.org\/{rel}","templated":true}]}}