{"id":27259,"date":"2022-05-20T14:24:01","date_gmt":"2022-05-20T14:24:01","guid":{"rendered":"https:\/\/www.mobileurinal.eu\/product\/diaphragm-gusher-urchin\/"},"modified":"2022-05-24T08:16:53","modified_gmt":"2022-05-24T08:16:53","slug":"diafragma-gusher-urchin","status":"publish","type":"product","link":"https:\/\/atlastoilets.com\/es\/producto\/diafragma-gusher-urchin\/","title":{"rendered":"Diafragma bomba manual Gusher Urchin"},"content":{"rendered":"<p>Diafragma para bomba manual Gusher Urchin.<br \/>\nMembrana de repuesto para la bomba manual Whale Gusher Urchin.<br \/>\nEstas bombas se utilizan en tanques de residuos con sistema de recirculaci\u00f3n en ba\u00f1os port\u00e1tiles y cabinas de obra.<\/p>\n","protected":false},"excerpt":{"rendered":"<p>Diafragma para bomba manual Gusher Urchin. Membrana de repuesto para la bomba manual Whale Gusher Urchin. Estas bombas se utilizan en tanques de residuos con sistema de recirculaci\u00f3n en ba\u00f1os port\u00e1tiles y cabinas de obra.<\/p>\n","protected":false},"featured_media":27636,"template":"","meta":[],"product_brand":[],"product_cat":[2127,2198,932,2151],"product_tag":[],"class_list":{"0":"post-27259","1":"product","2":"type-product","3":"status-publish","4":"has-post-thumbnail","6":"product_cat-bombas-de-whale","7":"product_cat-repuestas-de-gusher-urchin","8":"product_cat-repuestos-para-banos-de-recirculacion","9":"product_cat-repuestos-para-bombas-whale","11":"first","12":"instock","13":"taxable","14":"shipping-taxable","15":"purchasable","16":"product-type-simple"},"yoast_head":"<!-- This site is optimized with the Yoast SEO plugin v27.4 - https:\/\/yoast.com\/product\/yoast-seo-wordpress\/ -->\n<title>Diafragma Gusher Urchin bomba manual<\/title>\n<meta name=\"description\" content=\"Diafragma para bomba manual Gusher Urchin. Estas bombas se utilizan en tanques de residuos en ba\u00f1os port\u00e1tiles y cabinas de obra.\" \/>\n<meta name=\"robots\" content=\"index, follow, max-snippet:-1, max-image-preview:large, max-video-preview:-1\" \/>\n<link rel=\"canonical\" href=\"https:\/\/atlastoilets.com\/es\/producto\/diafragma-gusher-urchin\/\" \/>\n<meta property=\"og:locale\" content=\"es_ES\" \/>\n<meta property=\"og:type\" content=\"article\" \/>\n<meta property=\"og:title\" content=\"Diafragma Gusher Urchin bomba manual\" \/>\n<meta property=\"og:description\" content=\"Diafragma para bomba manual Gusher Urchin. Estas bombas se utilizan en tanques de residuos en ba\u00f1os port\u00e1tiles y cabinas de obra.\" \/>\n<meta property=\"og:url\" content=\"https:\/\/atlastoilets.com\/es\/producto\/diafragma-gusher-urchin\/\" \/>\n<meta property=\"og:site_name\" content=\"Atlas Sanitation Products\" \/>\n<meta property=\"article:modified_time\" content=\"2022-05-24T08:16:53+00:00\" \/>\n<meta property=\"og:image\" content=\"https:\/\/atlastoilets.com\/wp-content\/uploads\/2022\/05\/Diaphran.jpg\" \/>\n\t<meta property=\"og:image:width\" content=\"600\" \/>\n\t<meta property=\"og:image:height\" content=\"600\" \/>\n\t<meta property=\"og:image:type\" content=\"image\/jpeg\" \/>\n<meta name=\"twitter:card\" content=\"summary_large_image\" \/>\n<script type=\"application\/ld+json\" class=\"yoast-schema-graph\">{\"@context\":\"https:\\\/\\\/schema.org\",\"@graph\":[{\"@type\":[\"WebPage\",\"ItemPage\"],\"@id\":\"https:\\\/\\\/atlastoilets.com\\\/es\\\/producto\\\/diafragma-gusher-urchin\\\/\",\"url\":\"https:\\\/\\\/atlastoilets.com\\\/es\\\/producto\\\/diafragma-gusher-urchin\\\/\",\"name\":\"Diafragma Gusher Urchin bomba manual\",\"isPartOf\":{\"@id\":\"https:\\\/\\\/atlastoilets.com\\\/#website\"},\"primaryImageOfPage\":{\"@id\":\"https:\\\/\\\/atlastoilets.com\\\/es\\\/producto\\\/diafragma-gusher-urchin\\\/#primaryimage\"},\"image\":{\"@id\":\"https:\\\/\\\/atlastoilets.com\\\/es\\\/producto\\\/diafragma-gusher-urchin\\\/#primaryimage\"},\"thumbnailUrl\":\"https:\\\/\\\/atlastoilets.com\\\/wp-content\\\/uploads\\\/2022\\\/05\\\/Diaphran.jpg\",\"datePublished\":\"2022-05-20T14:24:01+00:00\",\"dateModified\":\"2022-05-24T08:16:53+00:00\",\"description\":\"Diafragma para bomba manual Gusher Urchin. Estas bombas se utilizan en tanques de residuos en ba\u00f1os port\u00e1tiles y cabinas de obra.\",\"breadcrumb\":{\"@id\":\"https:\\\/\\\/atlastoilets.com\\\/es\\\/producto\\\/diafragma-gusher-urchin\\\/#breadcrumb\"},\"inLanguage\":\"es\",\"potentialAction\":[{\"@type\":\"ReadAction\",\"target\":[\"https:\\\/\\\/atlastoilets.com\\\/es\\\/producto\\\/diafragma-gusher-urchin\\\/\"]}]},{\"@type\":\"ImageObject\",\"inLanguage\":\"es\",\"@id\":\"https:\\\/\\\/atlastoilets.com\\\/es\\\/producto\\\/diafragma-gusher-urchin\\\/#primaryimage\",\"url\":\"https:\\\/\\\/atlastoilets.com\\\/wp-content\\\/uploads\\\/2022\\\/05\\\/Diaphran.jpg\",\"contentUrl\":\"https:\\\/\\\/atlastoilets.com\\\/wp-content\\\/uploads\\\/2022\\\/05\\\/Diaphran.jpg\",\"width\":600,\"height\":600,\"caption\":\"Diaphragm Gusher Urchin\"},{\"@type\":\"BreadcrumbList\",\"@id\":\"https:\\\/\\\/atlastoilets.com\\\/es\\\/producto\\\/diafragma-gusher-urchin\\\/#breadcrumb\",\"itemListElement\":[{\"@type\":\"ListItem\",\"position\":1,\"name\":\"Home\",\"item\":\"https:\\\/\\\/atlastoilets.com\\\/es\\\/\"},{\"@type\":\"ListItem\",\"position\":2,\"name\":\"Tienda\",\"item\":\"https:\\\/\\\/atlastoilets.com\\\/es\\\/tienda\\\/\"},{\"@type\":\"ListItem\",\"position\":3,\"name\":\"Diafragma bomba manual Gusher Urchin\"}]},{\"@type\":\"WebSite\",\"@id\":\"https:\\\/\\\/atlastoilets.com\\\/#website\",\"url\":\"https:\\\/\\\/atlastoilets.com\\\/\",\"name\":\"Atlas Sanitation Products\",\"description\":\"Total supplier for toilet rental companies\",\"potentialAction\":[{\"@type\":\"SearchAction\",\"target\":{\"@type\":\"EntryPoint\",\"urlTemplate\":\"https:\\\/\\\/atlastoilets.com\\\/?s={search_term_string}\"},\"query-input\":{\"@type\":\"PropertyValueSpecification\",\"valueRequired\":true,\"valueName\":\"search_term_string\"}}],\"inLanguage\":\"es\"}]}<\/script>\n<!-- \/ Yoast SEO plugin. -->","yoast_head_json":{"title":"Diafragma Gusher Urchin bomba manual","description":"Diafragma para bomba manual Gusher Urchin. Estas bombas se utilizan en tanques de residuos en ba\u00f1os port\u00e1tiles y cabinas de obra.","robots":{"index":"index","follow":"follow","max-snippet":"max-snippet:-1","max-image-preview":"max-image-preview:large","max-video-preview":"max-video-preview:-1"},"canonical":"https:\/\/atlastoilets.com\/es\/producto\/diafragma-gusher-urchin\/","og_locale":"es_ES","og_type":"article","og_title":"Diafragma Gusher Urchin bomba manual","og_description":"Diafragma para bomba manual Gusher Urchin. Estas bombas se utilizan en tanques de residuos en ba\u00f1os port\u00e1tiles y cabinas de obra.","og_url":"https:\/\/atlastoilets.com\/es\/producto\/diafragma-gusher-urchin\/","og_site_name":"Atlas Sanitation Products","article_modified_time":"2022-05-24T08:16:53+00:00","og_image":[{"width":600,"height":600,"url":"https:\/\/atlastoilets.com\/wp-content\/uploads\/2022\/05\/Diaphran.jpg","type":"image\/jpeg"}],"twitter_card":"summary_large_image","schema":{"@context":"https:\/\/schema.org","@graph":[{"@type":["WebPage","ItemPage"],"@id":"https:\/\/atlastoilets.com\/es\/producto\/diafragma-gusher-urchin\/","url":"https:\/\/atlastoilets.com\/es\/producto\/diafragma-gusher-urchin\/","name":"Diafragma Gusher Urchin bomba manual","isPartOf":{"@id":"https:\/\/atlastoilets.com\/#website"},"primaryImageOfPage":{"@id":"https:\/\/atlastoilets.com\/es\/producto\/diafragma-gusher-urchin\/#primaryimage"},"image":{"@id":"https:\/\/atlastoilets.com\/es\/producto\/diafragma-gusher-urchin\/#primaryimage"},"thumbnailUrl":"https:\/\/atlastoilets.com\/wp-content\/uploads\/2022\/05\/Diaphran.jpg","datePublished":"2022-05-20T14:24:01+00:00","dateModified":"2022-05-24T08:16:53+00:00","description":"Diafragma para bomba manual Gusher Urchin. Estas bombas se utilizan en tanques de residuos en ba\u00f1os port\u00e1tiles y cabinas de obra.","breadcrumb":{"@id":"https:\/\/atlastoilets.com\/es\/producto\/diafragma-gusher-urchin\/#breadcrumb"},"inLanguage":"es","potentialAction":[{"@type":"ReadAction","target":["https:\/\/atlastoilets.com\/es\/producto\/diafragma-gusher-urchin\/"]}]},{"@type":"ImageObject","inLanguage":"es","@id":"https:\/\/atlastoilets.com\/es\/producto\/diafragma-gusher-urchin\/#primaryimage","url":"https:\/\/atlastoilets.com\/wp-content\/uploads\/2022\/05\/Diaphran.jpg","contentUrl":"https:\/\/atlastoilets.com\/wp-content\/uploads\/2022\/05\/Diaphran.jpg","width":600,"height":600,"caption":"Diaphragm Gusher Urchin"},{"@type":"BreadcrumbList","@id":"https:\/\/atlastoilets.com\/es\/producto\/diafragma-gusher-urchin\/#breadcrumb","itemListElement":[{"@type":"ListItem","position":1,"name":"Home","item":"https:\/\/atlastoilets.com\/es\/"},{"@type":"ListItem","position":2,"name":"Tienda","item":"https:\/\/atlastoilets.com\/es\/tienda\/"},{"@type":"ListItem","position":3,"name":"Diafragma bomba manual Gusher Urchin"}]},{"@type":"WebSite","@id":"https:\/\/atlastoilets.com\/#website","url":"https:\/\/atlastoilets.com\/","name":"Atlas Sanitation Products","description":"Total supplier for toilet rental companies","potentialAction":[{"@type":"SearchAction","target":{"@type":"EntryPoint","urlTemplate":"https:\/\/atlastoilets.com\/?s={search_term_string}"},"query-input":{"@type":"PropertyValueSpecification","valueRequired":true,"valueName":"search_term_string"}}],"inLanguage":"es"}]}},"_links":{"self":[{"href":"https:\/\/atlastoilets.com\/es\/wp-json\/wp\/v2\/product\/27259","targetHints":{"allow":["GET"]}}],"collection":[{"href":"https:\/\/atlastoilets.com\/es\/wp-json\/wp\/v2\/product"}],"about":[{"href":"https:\/\/atlastoilets.com\/es\/wp-json\/wp\/v2\/types\/product"}],"wp:featuredmedia":[{"embeddable":true,"href":"https:\/\/atlastoilets.com\/es\/wp-json\/wp\/v2\/media\/27636"}],"wp:attachment":[{"href":"https:\/\/atlastoilets.com\/es\/wp-json\/wp\/v2\/media?parent=27259"}],"wp:term":[{"taxonomy":"product_brand","embeddable":true,"href":"https:\/\/atlastoilets.com\/es\/wp-json\/wp\/v2\/product_brand?post=27259"},{"taxonomy":"product_cat","embeddable":true,"href":"https:\/\/atlastoilets.com\/es\/wp-json\/wp\/v2\/product_cat?post=27259"},{"taxonomy":"product_tag","embeddable":true,"href":"https:\/\/atlastoilets.com\/es\/wp-json\/wp\/v2\/product_tag?post=27259"}],"curies":[{"name":"wp","href":"https:\/\/api.w.org\/{rel}","templated":true}]}}