{"id":25667,"date":"2022-03-21T09:43:29","date_gmt":"2022-03-21T09:43:29","guid":{"rendered":"https:\/\/www.mobileurinal.eu\/?post_type=product&#038;p=25667"},"modified":"2024-09-03T14:24:26","modified_gmt":"2024-09-03T14:24:26","slug":"deposito-de-residuos-58g","status":"publish","type":"product","link":"https:\/\/atlastoilets.com\/es\/producto\/deposito-de-residuos-58g\/","title":{"rendered":"Dep\u00f3sito de residuos 58G"},"content":{"rendered":"<p>Dep\u00f3sito de residuos para uso en casetas remolques.<br \/>\nLa versi\u00f3n est\u00e1ndar o equipado con sistema de recirculaci\u00f3n.<\/p>\n<p>Dimensiones:: 106,5 x 56 x 55 cm.<\/p>\n","protected":false},"excerpt":{"rendered":"<p>Dep\u00f3sito de residuos para uso en casetas remolques<br \/>\nLa versi\u00f3n est\u00e1ndar o equipado con sistema de recirculaci\u00f3n.<\/p>\n","protected":false},"featured_media":26378,"template":"","meta":[],"product_brand":[],"product_cat":[912,2114],"product_tag":[1220],"class_list":{"0":"post-25667","1":"product","2":"type-product","3":"status-publish","4":"has-post-thumbnail","6":"product_cat-repuestos-para-casetas-remolques","7":"product_cat-tanques-de-bano","8":"product_tag-site-cabin-es","10":"first","11":"instock","12":"taxable","13":"shipping-taxable","14":"purchasable","15":"product-type-variable","16":"has-default-attributes"},"yoast_head":"<!-- This site is optimized with the Yoast SEO plugin v27.4 - https:\/\/yoast.com\/product\/yoast-seo-wordpress\/ -->\n<title>Dep\u00f3sito de residuos para uso en casetas remolques<\/title>\n<meta name=\"description\" content=\"Dep\u00f3sito de residuos para uso en casetas remolques.La versi\u00f3n est\u00e1ndar o equipado con sistema de recirculaci\u00f3n.\" \/>\n<meta name=\"robots\" content=\"index, follow, max-snippet:-1, max-image-preview:large, max-video-preview:-1\" \/>\n<link rel=\"canonical\" href=\"https:\/\/atlastoilets.com\/es\/producto\/deposito-de-residuos-58g\/\" \/>\n<meta property=\"og:locale\" content=\"es_ES\" \/>\n<meta property=\"og:type\" content=\"article\" \/>\n<meta property=\"og:title\" content=\"Dep\u00f3sito de residuos para uso en casetas remolques\" \/>\n<meta property=\"og:description\" content=\"Dep\u00f3sito de residuos para uso en casetas remolques.La versi\u00f3n est\u00e1ndar o equipado con sistema de recirculaci\u00f3n.\" \/>\n<meta property=\"og:url\" content=\"https:\/\/atlastoilets.com\/es\/producto\/deposito-de-residuos-58g\/\" \/>\n<meta property=\"og:site_name\" content=\"Atlas Sanitation Products\" \/>\n<meta property=\"article:modified_time\" content=\"2024-09-03T14:24:26+00:00\" \/>\n<meta property=\"og:image\" content=\"https:\/\/atlastoilets.com\/wp-content\/uploads\/2022\/03\/wastetank-recirculation.jpg\" \/>\n\t<meta property=\"og:image:width\" content=\"1000\" \/>\n\t<meta property=\"og:image:height\" content=\"1000\" \/>\n\t<meta property=\"og:image:type\" content=\"image\/jpeg\" \/>\n<meta name=\"twitter:card\" content=\"summary_large_image\" \/>\n<meta name=\"twitter:label1\" content=\"Tiempo de lectura\" \/>\n\t<meta name=\"twitter:data1\" content=\"1 minuto\" \/>\n<script type=\"application\/ld+json\" class=\"yoast-schema-graph\">{\"@context\":\"https:\\\/\\\/schema.org\",\"@graph\":[{\"@type\":[\"WebPage\",\"ItemPage\"],\"@id\":\"https:\\\/\\\/atlastoilets.com\\\/es\\\/producto\\\/deposito-de-residuos-58g\\\/\",\"url\":\"https:\\\/\\\/atlastoilets.com\\\/es\\\/producto\\\/deposito-de-residuos-58g\\\/\",\"name\":\"Dep\u00f3sito de residuos para uso en casetas remolques\",\"isPartOf\":{\"@id\":\"https:\\\/\\\/atlastoilets.com\\\/#website\"},\"primaryImageOfPage\":{\"@id\":\"https:\\\/\\\/atlastoilets.com\\\/es\\\/producto\\\/deposito-de-residuos-58g\\\/#primaryimage\"},\"image\":{\"@id\":\"https:\\\/\\\/atlastoilets.com\\\/es\\\/producto\\\/deposito-de-residuos-58g\\\/#primaryimage\"},\"thumbnailUrl\":\"https:\\\/\\\/atlastoilets.com\\\/wp-content\\\/uploads\\\/2022\\\/03\\\/wastetank-recirculation.jpg\",\"datePublished\":\"2022-03-21T09:43:29+00:00\",\"dateModified\":\"2024-09-03T14:24:26+00:00\",\"description\":\"Dep\u00f3sito de residuos para uso en casetas remolques.La versi\u00f3n est\u00e1ndar o equipado con sistema de recirculaci\u00f3n.\",\"breadcrumb\":{\"@id\":\"https:\\\/\\\/atlastoilets.com\\\/es\\\/producto\\\/deposito-de-residuos-58g\\\/#breadcrumb\"},\"inLanguage\":\"es\",\"potentialAction\":[{\"@type\":\"ReadAction\",\"target\":[\"https:\\\/\\\/atlastoilets.com\\\/es\\\/producto\\\/deposito-de-residuos-58g\\\/\"]}]},{\"@type\":\"ImageObject\",\"inLanguage\":\"es\",\"@id\":\"https:\\\/\\\/atlastoilets.com\\\/es\\\/producto\\\/deposito-de-residuos-58g\\\/#primaryimage\",\"url\":\"https:\\\/\\\/atlastoilets.com\\\/wp-content\\\/uploads\\\/2022\\\/03\\\/wastetank-recirculation.jpg\",\"contentUrl\":\"https:\\\/\\\/atlastoilets.com\\\/wp-content\\\/uploads\\\/2022\\\/03\\\/wastetank-recirculation.jpg\",\"width\":1000,\"height\":1000,\"caption\":\"Dep\u00f3sito de residuos\"},{\"@type\":\"BreadcrumbList\",\"@id\":\"https:\\\/\\\/atlastoilets.com\\\/es\\\/producto\\\/deposito-de-residuos-58g\\\/#breadcrumb\",\"itemListElement\":[{\"@type\":\"ListItem\",\"position\":1,\"name\":\"Home\",\"item\":\"https:\\\/\\\/atlastoilets.com\\\/es\\\/\"},{\"@type\":\"ListItem\",\"position\":2,\"name\":\"Tienda\",\"item\":\"https:\\\/\\\/atlastoilets.com\\\/es\\\/tienda\\\/\"},{\"@type\":\"ListItem\",\"position\":3,\"name\":\"Dep\u00f3sito de residuos 58G\"}]},{\"@type\":\"WebSite\",\"@id\":\"https:\\\/\\\/atlastoilets.com\\\/#website\",\"url\":\"https:\\\/\\\/atlastoilets.com\\\/\",\"name\":\"Atlas Sanitation Products\",\"description\":\"Total supplier for toilet rental companies\",\"potentialAction\":[{\"@type\":\"SearchAction\",\"target\":{\"@type\":\"EntryPoint\",\"urlTemplate\":\"https:\\\/\\\/atlastoilets.com\\\/?s={search_term_string}\"},\"query-input\":{\"@type\":\"PropertyValueSpecification\",\"valueRequired\":true,\"valueName\":\"search_term_string\"}}],\"inLanguage\":\"es\"}]}<\/script>\n<!-- \/ Yoast SEO plugin. -->","yoast_head_json":{"title":"Dep\u00f3sito de residuos para uso en casetas remolques","description":"Dep\u00f3sito de residuos para uso en casetas remolques.La versi\u00f3n est\u00e1ndar o equipado con sistema de recirculaci\u00f3n.","robots":{"index":"index","follow":"follow","max-snippet":"max-snippet:-1","max-image-preview":"max-image-preview:large","max-video-preview":"max-video-preview:-1"},"canonical":"https:\/\/atlastoilets.com\/es\/producto\/deposito-de-residuos-58g\/","og_locale":"es_ES","og_type":"article","og_title":"Dep\u00f3sito de residuos para uso en casetas remolques","og_description":"Dep\u00f3sito de residuos para uso en casetas remolques.La versi\u00f3n est\u00e1ndar o equipado con sistema de recirculaci\u00f3n.","og_url":"https:\/\/atlastoilets.com\/es\/producto\/deposito-de-residuos-58g\/","og_site_name":"Atlas Sanitation Products","article_modified_time":"2024-09-03T14:24:26+00:00","og_image":[{"width":1000,"height":1000,"url":"https:\/\/atlastoilets.com\/wp-content\/uploads\/2022\/03\/wastetank-recirculation.jpg","type":"image\/jpeg"}],"twitter_card":"summary_large_image","twitter_misc":{"Tiempo de lectura":"1 minuto"},"schema":{"@context":"https:\/\/schema.org","@graph":[{"@type":["WebPage","ItemPage"],"@id":"https:\/\/atlastoilets.com\/es\/producto\/deposito-de-residuos-58g\/","url":"https:\/\/atlastoilets.com\/es\/producto\/deposito-de-residuos-58g\/","name":"Dep\u00f3sito de residuos para uso en casetas remolques","isPartOf":{"@id":"https:\/\/atlastoilets.com\/#website"},"primaryImageOfPage":{"@id":"https:\/\/atlastoilets.com\/es\/producto\/deposito-de-residuos-58g\/#primaryimage"},"image":{"@id":"https:\/\/atlastoilets.com\/es\/producto\/deposito-de-residuos-58g\/#primaryimage"},"thumbnailUrl":"https:\/\/atlastoilets.com\/wp-content\/uploads\/2022\/03\/wastetank-recirculation.jpg","datePublished":"2022-03-21T09:43:29+00:00","dateModified":"2024-09-03T14:24:26+00:00","description":"Dep\u00f3sito de residuos para uso en casetas remolques.La versi\u00f3n est\u00e1ndar o equipado con sistema de recirculaci\u00f3n.","breadcrumb":{"@id":"https:\/\/atlastoilets.com\/es\/producto\/deposito-de-residuos-58g\/#breadcrumb"},"inLanguage":"es","potentialAction":[{"@type":"ReadAction","target":["https:\/\/atlastoilets.com\/es\/producto\/deposito-de-residuos-58g\/"]}]},{"@type":"ImageObject","inLanguage":"es","@id":"https:\/\/atlastoilets.com\/es\/producto\/deposito-de-residuos-58g\/#primaryimage","url":"https:\/\/atlastoilets.com\/wp-content\/uploads\/2022\/03\/wastetank-recirculation.jpg","contentUrl":"https:\/\/atlastoilets.com\/wp-content\/uploads\/2022\/03\/wastetank-recirculation.jpg","width":1000,"height":1000,"caption":"Dep\u00f3sito de residuos"},{"@type":"BreadcrumbList","@id":"https:\/\/atlastoilets.com\/es\/producto\/deposito-de-residuos-58g\/#breadcrumb","itemListElement":[{"@type":"ListItem","position":1,"name":"Home","item":"https:\/\/atlastoilets.com\/es\/"},{"@type":"ListItem","position":2,"name":"Tienda","item":"https:\/\/atlastoilets.com\/es\/tienda\/"},{"@type":"ListItem","position":3,"name":"Dep\u00f3sito de residuos 58G"}]},{"@type":"WebSite","@id":"https:\/\/atlastoilets.com\/#website","url":"https:\/\/atlastoilets.com\/","name":"Atlas Sanitation Products","description":"Total supplier for toilet rental companies","potentialAction":[{"@type":"SearchAction","target":{"@type":"EntryPoint","urlTemplate":"https:\/\/atlastoilets.com\/?s={search_term_string}"},"query-input":{"@type":"PropertyValueSpecification","valueRequired":true,"valueName":"search_term_string"}}],"inLanguage":"es"}]}},"_links":{"self":[{"href":"https:\/\/atlastoilets.com\/es\/wp-json\/wp\/v2\/product\/25667","targetHints":{"allow":["GET"]}}],"collection":[{"href":"https:\/\/atlastoilets.com\/es\/wp-json\/wp\/v2\/product"}],"about":[{"href":"https:\/\/atlastoilets.com\/es\/wp-json\/wp\/v2\/types\/product"}],"wp:featuredmedia":[{"embeddable":true,"href":"https:\/\/atlastoilets.com\/es\/wp-json\/wp\/v2\/media\/26378"}],"wp:attachment":[{"href":"https:\/\/atlastoilets.com\/es\/wp-json\/wp\/v2\/media?parent=25667"}],"wp:term":[{"taxonomy":"product_brand","embeddable":true,"href":"https:\/\/atlastoilets.com\/es\/wp-json\/wp\/v2\/product_brand?post=25667"},{"taxonomy":"product_cat","embeddable":true,"href":"https:\/\/atlastoilets.com\/es\/wp-json\/wp\/v2\/product_cat?post=25667"},{"taxonomy":"product_tag","embeddable":true,"href":"https:\/\/atlastoilets.com\/es\/wp-json\/wp\/v2\/product_tag?post=25667"}],"curies":[{"name":"wp","href":"https:\/\/api.w.org\/{rel}","templated":true}]}}