{"id":24642,"date":"2022-03-28T08:54:14","date_gmt":"2022-03-28T08:54:14","guid":{"rendered":"https:\/\/www.mobileurinal.eu\/?post_type=product&#038;p=24642"},"modified":"2022-05-16T10:19:55","modified_gmt":"2022-05-16T10:19:55","slug":"techo-de-bano-portatil","status":"publish","type":"product","link":"https:\/\/atlastoilets.com\/es\/producto\/techo-de-bano-portatil\/","title":{"rendered":"Five Peaks techo reemplazo"},"content":{"rendered":"<p>Techo reemplazo por los ba\u00f1os de Five Peaks<br \/>\nTecho de ba\u00f1o port\u00e1til Five Peaks. Techo de ba\u00f1o de reemplazo original para los ba\u00f1os Five Peaks Glacier, Aspen y K2.<\/p>\n","protected":false},"excerpt":{"rendered":"<p>Techo reemplazo por los ba\u00f1os port\u00e1tiles\u00a0Glacier, Aspen y K2 de Five Peaks<\/p>\n","protected":false},"featured_media":26282,"template":"","meta":[],"product_brand":[],"product_cat":[917],"product_tag":[1167,1023,1168,1169],"class_list":{"0":"post-24642","1":"product","2":"type-product","3":"status-publish","4":"has-post-thumbnail","6":"product_cat-repuestos-de-five-peaks","7":"product_tag-aspen-es","8":"product_tag-five-peaks-es","9":"product_tag-glacier-es","10":"product_tag-k2-es","12":"first","13":"instock","14":"taxable","15":"shipping-taxable","16":"purchasable","17":"product-type-simple"},"yoast_head":"<!-- This site is optimized with the Yoast SEO plugin v27.4 - https:\/\/yoast.com\/product\/yoast-seo-wordpress\/ -->\n<title>techo de ba\u00f1o port\u00e1til Five Peaks<\/title>\n<meta name=\"description\" content=\"Techo de ba\u00f1o port\u00e1til Five Peaks. Techo de ba\u00f1o de reemplazo original para los ba\u00f1os Five Peaks Glacier, Aspen y K2.\" \/>\n<meta name=\"robots\" content=\"index, follow, max-snippet:-1, max-image-preview:large, max-video-preview:-1\" \/>\n<link rel=\"canonical\" href=\"https:\/\/atlastoilets.com\/es\/producto\/techo-de-bano-portatil\/\" \/>\n<meta property=\"og:locale\" content=\"es_ES\" \/>\n<meta property=\"og:type\" content=\"article\" \/>\n<meta property=\"og:title\" content=\"techo de ba\u00f1o port\u00e1til Five Peaks\" \/>\n<meta property=\"og:description\" content=\"Techo de ba\u00f1o port\u00e1til Five Peaks. Techo de ba\u00f1o de reemplazo original para los ba\u00f1os Five Peaks Glacier, Aspen y K2.\" \/>\n<meta property=\"og:url\" content=\"https:\/\/atlastoilets.com\/es\/producto\/techo-de-bano-portatil\/\" \/>\n<meta property=\"og:site_name\" content=\"Atlas Sanitation Products\" \/>\n<meta property=\"article:modified_time\" content=\"2022-05-16T10:19:55+00:00\" \/>\n<meta property=\"og:image\" content=\"https:\/\/atlastoilets.com\/wp-content\/uploads\/2022\/03\/Five-Peaks-Toilet-Roof.jpg\" \/>\n\t<meta property=\"og:image:width\" content=\"1000\" \/>\n\t<meta property=\"og:image:height\" content=\"1000\" \/>\n\t<meta property=\"og:image:type\" content=\"image\/jpeg\" \/>\n<meta name=\"twitter:card\" content=\"summary_large_image\" \/>\n<script type=\"application\/ld+json\" class=\"yoast-schema-graph\">{\"@context\":\"https:\\\/\\\/schema.org\",\"@graph\":[{\"@type\":[\"WebPage\",\"ItemPage\"],\"@id\":\"https:\\\/\\\/atlastoilets.com\\\/es\\\/producto\\\/techo-de-bano-portatil\\\/\",\"url\":\"https:\\\/\\\/atlastoilets.com\\\/es\\\/producto\\\/techo-de-bano-portatil\\\/\",\"name\":\"techo de ba\u00f1o port\u00e1til Five Peaks\",\"isPartOf\":{\"@id\":\"https:\\\/\\\/atlastoilets.com\\\/#website\"},\"primaryImageOfPage\":{\"@id\":\"https:\\\/\\\/atlastoilets.com\\\/es\\\/producto\\\/techo-de-bano-portatil\\\/#primaryimage\"},\"image\":{\"@id\":\"https:\\\/\\\/atlastoilets.com\\\/es\\\/producto\\\/techo-de-bano-portatil\\\/#primaryimage\"},\"thumbnailUrl\":\"https:\\\/\\\/atlastoilets.com\\\/wp-content\\\/uploads\\\/2022\\\/03\\\/Five-Peaks-Toilet-Roof.jpg\",\"datePublished\":\"2022-03-28T08:54:14+00:00\",\"dateModified\":\"2022-05-16T10:19:55+00:00\",\"description\":\"Techo de ba\u00f1o port\u00e1til Five Peaks. Techo de ba\u00f1o de reemplazo original para los ba\u00f1os Five Peaks Glacier, Aspen y K2.\",\"breadcrumb\":{\"@id\":\"https:\\\/\\\/atlastoilets.com\\\/es\\\/producto\\\/techo-de-bano-portatil\\\/#breadcrumb\"},\"inLanguage\":\"es\",\"potentialAction\":[{\"@type\":\"ReadAction\",\"target\":[\"https:\\\/\\\/atlastoilets.com\\\/es\\\/producto\\\/techo-de-bano-portatil\\\/\"]}]},{\"@type\":\"ImageObject\",\"inLanguage\":\"es\",\"@id\":\"https:\\\/\\\/atlastoilets.com\\\/es\\\/producto\\\/techo-de-bano-portatil\\\/#primaryimage\",\"url\":\"https:\\\/\\\/atlastoilets.com\\\/wp-content\\\/uploads\\\/2022\\\/03\\\/Five-Peaks-Toilet-Roof.jpg\",\"contentUrl\":\"https:\\\/\\\/atlastoilets.com\\\/wp-content\\\/uploads\\\/2022\\\/03\\\/Five-Peaks-Toilet-Roof.jpg\",\"width\":1000,\"height\":1000,\"caption\":\"techo de ba\u00f1o port\u00e1til Five Peaks\"},{\"@type\":\"BreadcrumbList\",\"@id\":\"https:\\\/\\\/atlastoilets.com\\\/es\\\/producto\\\/techo-de-bano-portatil\\\/#breadcrumb\",\"itemListElement\":[{\"@type\":\"ListItem\",\"position\":1,\"name\":\"Home\",\"item\":\"https:\\\/\\\/atlastoilets.com\\\/es\\\/\"},{\"@type\":\"ListItem\",\"position\":2,\"name\":\"Tienda\",\"item\":\"https:\\\/\\\/atlastoilets.com\\\/es\\\/tienda\\\/\"},{\"@type\":\"ListItem\",\"position\":3,\"name\":\"Five Peaks techo reemplazo\"}]},{\"@type\":\"WebSite\",\"@id\":\"https:\\\/\\\/atlastoilets.com\\\/#website\",\"url\":\"https:\\\/\\\/atlastoilets.com\\\/\",\"name\":\"Atlas Sanitation Products\",\"description\":\"Total supplier for toilet rental companies\",\"potentialAction\":[{\"@type\":\"SearchAction\",\"target\":{\"@type\":\"EntryPoint\",\"urlTemplate\":\"https:\\\/\\\/atlastoilets.com\\\/?s={search_term_string}\"},\"query-input\":{\"@type\":\"PropertyValueSpecification\",\"valueRequired\":true,\"valueName\":\"search_term_string\"}}],\"inLanguage\":\"es\"}]}<\/script>\n<!-- \/ Yoast SEO plugin. -->","yoast_head_json":{"title":"techo de ba\u00f1o port\u00e1til Five Peaks","description":"Techo de ba\u00f1o port\u00e1til Five Peaks. Techo de ba\u00f1o de reemplazo original para los ba\u00f1os Five Peaks Glacier, Aspen y K2.","robots":{"index":"index","follow":"follow","max-snippet":"max-snippet:-1","max-image-preview":"max-image-preview:large","max-video-preview":"max-video-preview:-1"},"canonical":"https:\/\/atlastoilets.com\/es\/producto\/techo-de-bano-portatil\/","og_locale":"es_ES","og_type":"article","og_title":"techo de ba\u00f1o port\u00e1til Five Peaks","og_description":"Techo de ba\u00f1o port\u00e1til Five Peaks. Techo de ba\u00f1o de reemplazo original para los ba\u00f1os Five Peaks Glacier, Aspen y K2.","og_url":"https:\/\/atlastoilets.com\/es\/producto\/techo-de-bano-portatil\/","og_site_name":"Atlas Sanitation Products","article_modified_time":"2022-05-16T10:19:55+00:00","og_image":[{"width":1000,"height":1000,"url":"https:\/\/atlastoilets.com\/wp-content\/uploads\/2022\/03\/Five-Peaks-Toilet-Roof.jpg","type":"image\/jpeg"}],"twitter_card":"summary_large_image","schema":{"@context":"https:\/\/schema.org","@graph":[{"@type":["WebPage","ItemPage"],"@id":"https:\/\/atlastoilets.com\/es\/producto\/techo-de-bano-portatil\/","url":"https:\/\/atlastoilets.com\/es\/producto\/techo-de-bano-portatil\/","name":"techo de ba\u00f1o port\u00e1til Five Peaks","isPartOf":{"@id":"https:\/\/atlastoilets.com\/#website"},"primaryImageOfPage":{"@id":"https:\/\/atlastoilets.com\/es\/producto\/techo-de-bano-portatil\/#primaryimage"},"image":{"@id":"https:\/\/atlastoilets.com\/es\/producto\/techo-de-bano-portatil\/#primaryimage"},"thumbnailUrl":"https:\/\/atlastoilets.com\/wp-content\/uploads\/2022\/03\/Five-Peaks-Toilet-Roof.jpg","datePublished":"2022-03-28T08:54:14+00:00","dateModified":"2022-05-16T10:19:55+00:00","description":"Techo de ba\u00f1o port\u00e1til Five Peaks. Techo de ba\u00f1o de reemplazo original para los ba\u00f1os Five Peaks Glacier, Aspen y K2.","breadcrumb":{"@id":"https:\/\/atlastoilets.com\/es\/producto\/techo-de-bano-portatil\/#breadcrumb"},"inLanguage":"es","potentialAction":[{"@type":"ReadAction","target":["https:\/\/atlastoilets.com\/es\/producto\/techo-de-bano-portatil\/"]}]},{"@type":"ImageObject","inLanguage":"es","@id":"https:\/\/atlastoilets.com\/es\/producto\/techo-de-bano-portatil\/#primaryimage","url":"https:\/\/atlastoilets.com\/wp-content\/uploads\/2022\/03\/Five-Peaks-Toilet-Roof.jpg","contentUrl":"https:\/\/atlastoilets.com\/wp-content\/uploads\/2022\/03\/Five-Peaks-Toilet-Roof.jpg","width":1000,"height":1000,"caption":"techo de ba\u00f1o port\u00e1til Five Peaks"},{"@type":"BreadcrumbList","@id":"https:\/\/atlastoilets.com\/es\/producto\/techo-de-bano-portatil\/#breadcrumb","itemListElement":[{"@type":"ListItem","position":1,"name":"Home","item":"https:\/\/atlastoilets.com\/es\/"},{"@type":"ListItem","position":2,"name":"Tienda","item":"https:\/\/atlastoilets.com\/es\/tienda\/"},{"@type":"ListItem","position":3,"name":"Five Peaks techo reemplazo"}]},{"@type":"WebSite","@id":"https:\/\/atlastoilets.com\/#website","url":"https:\/\/atlastoilets.com\/","name":"Atlas Sanitation Products","description":"Total supplier for toilet rental companies","potentialAction":[{"@type":"SearchAction","target":{"@type":"EntryPoint","urlTemplate":"https:\/\/atlastoilets.com\/?s={search_term_string}"},"query-input":{"@type":"PropertyValueSpecification","valueRequired":true,"valueName":"search_term_string"}}],"inLanguage":"es"}]}},"_links":{"self":[{"href":"https:\/\/atlastoilets.com\/es\/wp-json\/wp\/v2\/product\/24642","targetHints":{"allow":["GET"]}}],"collection":[{"href":"https:\/\/atlastoilets.com\/es\/wp-json\/wp\/v2\/product"}],"about":[{"href":"https:\/\/atlastoilets.com\/es\/wp-json\/wp\/v2\/types\/product"}],"wp:featuredmedia":[{"embeddable":true,"href":"https:\/\/atlastoilets.com\/es\/wp-json\/wp\/v2\/media\/26282"}],"wp:attachment":[{"href":"https:\/\/atlastoilets.com\/es\/wp-json\/wp\/v2\/media?parent=24642"}],"wp:term":[{"taxonomy":"product_brand","embeddable":true,"href":"https:\/\/atlastoilets.com\/es\/wp-json\/wp\/v2\/product_brand?post=24642"},{"taxonomy":"product_cat","embeddable":true,"href":"https:\/\/atlastoilets.com\/es\/wp-json\/wp\/v2\/product_cat?post=24642"},{"taxonomy":"product_tag","embeddable":true,"href":"https:\/\/atlastoilets.com\/es\/wp-json\/wp\/v2\/product_tag?post=24642"}],"curies":[{"name":"wp","href":"https:\/\/api.w.org\/{rel}","templated":true}]}}