{"id":23971,"date":"2022-03-21T09:43:29","date_gmt":"2022-03-21T09:43:29","guid":{"rendered":"https:\/\/www.mobileurinal.eu\/?post_type=product&#038;p=23971"},"modified":"2022-06-24T11:57:56","modified_gmt":"2022-06-24T11:57:56","slug":"lavamanos-de-agua-dulce","status":"publish","type":"product","link":"https:\/\/atlastoilets.com\/es\/producto\/lavamanos-de-agua-dulce\/","title":{"rendered":"Obbe FS"},"content":{"rendered":"<p>Lavamanos de agua dulce Obbe FS es una expansi\u00f3n de la estaci\u00f3n de lavado de manos Obbe. Esta estaci\u00f3n de lavado de manos est\u00e1 en un soporte, que funciona como tanque de agua limpia. Esto hace que la unidad sea completamente independiente. Las ruedas hacen que el Obbe FS sea f\u00e1cil de mover y colocar en cualquier lugar. Lavamanos de agua dulce Obbe FS se puede utilizar como versi\u00f3n independiente, con un dep\u00f3sito de agua limpia de 30 litros. El Obbe FS tambi\u00e9n se puede conectar a un suministro de agua, cuando est\u00e9 disponible.<\/p>\n<p>Caracteristicas:<br \/>\n\u00b7 Disponible en varios colores<br \/>\n\u00b7 Se puede marcar con el nombre de su empresa<br \/>\n\u00b7 Se puede mover a cualquier ubicaci\u00f3n deseada<br \/>\n\u00b7 Provisto de tapones para drenar agua limpia o dep\u00f3sito de aguas residuales<br \/>\n\u00b7 Se puede suministrar en 2 versiones: Tipo WM (con conexi\u00f3n para red de agua) o FW (agua dulce)<br \/>\n\u00b7 Dimensiones Al x An x Pr: 168 x 56 x 37<br \/>\n\u00b7 Peso: 23 kg<\/p>\n","protected":false},"excerpt":{"rendered":"<p>Obbe FS es una expansi\u00f3n de la estaci\u00f3n de lavado de manos Obbe. Esta estaci\u00f3n de lavado de manos est\u00e1 en un soporte, que funciona como tanque de agua limpia. Esto hace que la unidad sea completamente independiente.<\/p>\n","protected":false},"featured_media":26305,"template":"","meta":[],"product_brand":[],"product_cat":[858,888],"product_tag":[],"class_list":{"0":"post-23971","1":"product","2":"type-product","3":"status-publish","4":"has-post-thumbnail","6":"product_cat-lavamanos","7":"product_cat-lavamanos-independientes","9":"first","10":"instock","11":"taxable","12":"shipping-taxable","13":"purchasable","14":"product-type-variable","15":"has-default-attributes"},"yoast_head":"<!-- This site is optimized with the Yoast SEO plugin v27.4 - https:\/\/yoast.com\/product\/yoast-seo-wordpress\/ -->\n<title>Lavamanos de agua dulce Obbe FS<\/title>\n<meta name=\"description\" content=\"Lavamanos de agua dulce Obbe FS. Lavamanos con un tanque de 30 litros, que tambi\u00e9n se puede conectar a un suministro de agua\" \/>\n<meta name=\"robots\" content=\"index, follow, max-snippet:-1, max-image-preview:large, max-video-preview:-1\" \/>\n<link rel=\"canonical\" href=\"https:\/\/atlastoilets.com\/es\/producto\/lavamanos-de-agua-dulce\/\" \/>\n<meta property=\"og:locale\" content=\"es_ES\" \/>\n<meta property=\"og:type\" content=\"article\" \/>\n<meta property=\"og:title\" content=\"Lavamanos de agua dulce Obbe FS\" \/>\n<meta property=\"og:description\" content=\"Lavamanos de agua dulce Obbe FS. Lavamanos con un tanque de 30 litros, que tambi\u00e9n se puede conectar a un suministro de agua\" \/>\n<meta property=\"og:url\" content=\"https:\/\/atlastoilets.com\/es\/producto\/lavamanos-de-agua-dulce\/\" \/>\n<meta property=\"og:site_name\" content=\"Atlas Sanitation Products\" \/>\n<meta property=\"article:modified_time\" content=\"2022-06-24T11:57:56+00:00\" \/>\n<meta property=\"og:image\" content=\"https:\/\/atlastoilets.com\/wp-content\/uploads\/2022\/03\/Free-stand-blue.jpg\" \/>\n\t<meta property=\"og:image:width\" content=\"600\" \/>\n\t<meta property=\"og:image:height\" content=\"600\" \/>\n\t<meta property=\"og:image:type\" content=\"image\/jpeg\" \/>\n<meta name=\"twitter:card\" content=\"summary_large_image\" \/>\n<meta name=\"twitter:label1\" content=\"Tiempo de lectura\" \/>\n\t<meta name=\"twitter:data1\" content=\"1 minuto\" \/>\n<script type=\"application\/ld+json\" class=\"yoast-schema-graph\">{\"@context\":\"https:\\\/\\\/schema.org\",\"@graph\":[{\"@type\":[\"WebPage\",\"ItemPage\"],\"@id\":\"https:\\\/\\\/atlastoilets.com\\\/es\\\/producto\\\/lavamanos-de-agua-dulce\\\/\",\"url\":\"https:\\\/\\\/atlastoilets.com\\\/es\\\/producto\\\/lavamanos-de-agua-dulce\\\/\",\"name\":\"Lavamanos de agua dulce Obbe FS\",\"isPartOf\":{\"@id\":\"https:\\\/\\\/atlastoilets.com\\\/#website\"},\"primaryImageOfPage\":{\"@id\":\"https:\\\/\\\/atlastoilets.com\\\/es\\\/producto\\\/lavamanos-de-agua-dulce\\\/#primaryimage\"},\"image\":{\"@id\":\"https:\\\/\\\/atlastoilets.com\\\/es\\\/producto\\\/lavamanos-de-agua-dulce\\\/#primaryimage\"},\"thumbnailUrl\":\"https:\\\/\\\/atlastoilets.com\\\/wp-content\\\/uploads\\\/2022\\\/03\\\/Free-stand-blue.jpg\",\"datePublished\":\"2022-03-21T09:43:29+00:00\",\"dateModified\":\"2022-06-24T11:57:56+00:00\",\"description\":\"Lavamanos de agua dulce Obbe FS. Lavamanos con un tanque de 30 litros, que tambi\u00e9n se puede conectar a un suministro de agua\",\"breadcrumb\":{\"@id\":\"https:\\\/\\\/atlastoilets.com\\\/es\\\/producto\\\/lavamanos-de-agua-dulce\\\/#breadcrumb\"},\"inLanguage\":\"es\",\"potentialAction\":[{\"@type\":\"ReadAction\",\"target\":[\"https:\\\/\\\/atlastoilets.com\\\/es\\\/producto\\\/lavamanos-de-agua-dulce\\\/\"]}]},{\"@type\":\"ImageObject\",\"inLanguage\":\"es\",\"@id\":\"https:\\\/\\\/atlastoilets.com\\\/es\\\/producto\\\/lavamanos-de-agua-dulce\\\/#primaryimage\",\"url\":\"https:\\\/\\\/atlastoilets.com\\\/wp-content\\\/uploads\\\/2022\\\/03\\\/Free-stand-blue.jpg\",\"contentUrl\":\"https:\\\/\\\/atlastoilets.com\\\/wp-content\\\/uploads\\\/2022\\\/03\\\/Free-stand-blue.jpg\",\"width\":600,\"height\":600,\"caption\":\"Lavamanos de agua dulce\"},{\"@type\":\"BreadcrumbList\",\"@id\":\"https:\\\/\\\/atlastoilets.com\\\/es\\\/producto\\\/lavamanos-de-agua-dulce\\\/#breadcrumb\",\"itemListElement\":[{\"@type\":\"ListItem\",\"position\":1,\"name\":\"Home\",\"item\":\"https:\\\/\\\/atlastoilets.com\\\/es\\\/\"},{\"@type\":\"ListItem\",\"position\":2,\"name\":\"Tienda\",\"item\":\"https:\\\/\\\/atlastoilets.com\\\/es\\\/tienda\\\/\"},{\"@type\":\"ListItem\",\"position\":3,\"name\":\"Obbe FS\"}]},{\"@type\":\"WebSite\",\"@id\":\"https:\\\/\\\/atlastoilets.com\\\/#website\",\"url\":\"https:\\\/\\\/atlastoilets.com\\\/\",\"name\":\"Atlas Sanitation Products\",\"description\":\"Total supplier for toilet rental companies\",\"potentialAction\":[{\"@type\":\"SearchAction\",\"target\":{\"@type\":\"EntryPoint\",\"urlTemplate\":\"https:\\\/\\\/atlastoilets.com\\\/?s={search_term_string}\"},\"query-input\":{\"@type\":\"PropertyValueSpecification\",\"valueRequired\":true,\"valueName\":\"search_term_string\"}}],\"inLanguage\":\"es\"}]}<\/script>\n<!-- \/ Yoast SEO plugin. -->","yoast_head_json":{"title":"Lavamanos de agua dulce Obbe FS","description":"Lavamanos de agua dulce Obbe FS. Lavamanos con un tanque de 30 litros, que tambi\u00e9n se puede conectar a un suministro de agua","robots":{"index":"index","follow":"follow","max-snippet":"max-snippet:-1","max-image-preview":"max-image-preview:large","max-video-preview":"max-video-preview:-1"},"canonical":"https:\/\/atlastoilets.com\/es\/producto\/lavamanos-de-agua-dulce\/","og_locale":"es_ES","og_type":"article","og_title":"Lavamanos de agua dulce Obbe FS","og_description":"Lavamanos de agua dulce Obbe FS. Lavamanos con un tanque de 30 litros, que tambi\u00e9n se puede conectar a un suministro de agua","og_url":"https:\/\/atlastoilets.com\/es\/producto\/lavamanos-de-agua-dulce\/","og_site_name":"Atlas Sanitation Products","article_modified_time":"2022-06-24T11:57:56+00:00","og_image":[{"width":600,"height":600,"url":"https:\/\/atlastoilets.com\/wp-content\/uploads\/2022\/03\/Free-stand-blue.jpg","type":"image\/jpeg"}],"twitter_card":"summary_large_image","twitter_misc":{"Tiempo de lectura":"1 minuto"},"schema":{"@context":"https:\/\/schema.org","@graph":[{"@type":["WebPage","ItemPage"],"@id":"https:\/\/atlastoilets.com\/es\/producto\/lavamanos-de-agua-dulce\/","url":"https:\/\/atlastoilets.com\/es\/producto\/lavamanos-de-agua-dulce\/","name":"Lavamanos de agua dulce Obbe FS","isPartOf":{"@id":"https:\/\/atlastoilets.com\/#website"},"primaryImageOfPage":{"@id":"https:\/\/atlastoilets.com\/es\/producto\/lavamanos-de-agua-dulce\/#primaryimage"},"image":{"@id":"https:\/\/atlastoilets.com\/es\/producto\/lavamanos-de-agua-dulce\/#primaryimage"},"thumbnailUrl":"https:\/\/atlastoilets.com\/wp-content\/uploads\/2022\/03\/Free-stand-blue.jpg","datePublished":"2022-03-21T09:43:29+00:00","dateModified":"2022-06-24T11:57:56+00:00","description":"Lavamanos de agua dulce Obbe FS. Lavamanos con un tanque de 30 litros, que tambi\u00e9n se puede conectar a un suministro de agua","breadcrumb":{"@id":"https:\/\/atlastoilets.com\/es\/producto\/lavamanos-de-agua-dulce\/#breadcrumb"},"inLanguage":"es","potentialAction":[{"@type":"ReadAction","target":["https:\/\/atlastoilets.com\/es\/producto\/lavamanos-de-agua-dulce\/"]}]},{"@type":"ImageObject","inLanguage":"es","@id":"https:\/\/atlastoilets.com\/es\/producto\/lavamanos-de-agua-dulce\/#primaryimage","url":"https:\/\/atlastoilets.com\/wp-content\/uploads\/2022\/03\/Free-stand-blue.jpg","contentUrl":"https:\/\/atlastoilets.com\/wp-content\/uploads\/2022\/03\/Free-stand-blue.jpg","width":600,"height":600,"caption":"Lavamanos de agua dulce"},{"@type":"BreadcrumbList","@id":"https:\/\/atlastoilets.com\/es\/producto\/lavamanos-de-agua-dulce\/#breadcrumb","itemListElement":[{"@type":"ListItem","position":1,"name":"Home","item":"https:\/\/atlastoilets.com\/es\/"},{"@type":"ListItem","position":2,"name":"Tienda","item":"https:\/\/atlastoilets.com\/es\/tienda\/"},{"@type":"ListItem","position":3,"name":"Obbe FS"}]},{"@type":"WebSite","@id":"https:\/\/atlastoilets.com\/#website","url":"https:\/\/atlastoilets.com\/","name":"Atlas Sanitation Products","description":"Total supplier for toilet rental companies","potentialAction":[{"@type":"SearchAction","target":{"@type":"EntryPoint","urlTemplate":"https:\/\/atlastoilets.com\/?s={search_term_string}"},"query-input":{"@type":"PropertyValueSpecification","valueRequired":true,"valueName":"search_term_string"}}],"inLanguage":"es"}]}},"_links":{"self":[{"href":"https:\/\/atlastoilets.com\/es\/wp-json\/wp\/v2\/product\/23971","targetHints":{"allow":["GET"]}}],"collection":[{"href":"https:\/\/atlastoilets.com\/es\/wp-json\/wp\/v2\/product"}],"about":[{"href":"https:\/\/atlastoilets.com\/es\/wp-json\/wp\/v2\/types\/product"}],"wp:featuredmedia":[{"embeddable":true,"href":"https:\/\/atlastoilets.com\/es\/wp-json\/wp\/v2\/media\/26305"}],"wp:attachment":[{"href":"https:\/\/atlastoilets.com\/es\/wp-json\/wp\/v2\/media?parent=23971"}],"wp:term":[{"taxonomy":"product_brand","embeddable":true,"href":"https:\/\/atlastoilets.com\/es\/wp-json\/wp\/v2\/product_brand?post=23971"},{"taxonomy":"product_cat","embeddable":true,"href":"https:\/\/atlastoilets.com\/es\/wp-json\/wp\/v2\/product_cat?post=23971"},{"taxonomy":"product_tag","embeddable":true,"href":"https:\/\/atlastoilets.com\/es\/wp-json\/wp\/v2\/product_tag?post=23971"}],"curies":[{"name":"wp","href":"https:\/\/api.w.org\/{rel}","templated":true}]}}