{"id":23955,"date":"2022-03-21T09:43:28","date_gmt":"2022-03-21T09:43:28","guid":{"rendered":"https:\/\/www.mobileurinal.eu\/?post_type=product&#038;p=23955"},"modified":"2022-06-02T14:20:55","modified_gmt":"2022-06-02T14:20:55","slug":"resortes-de-la-puerta","status":"publish","type":"product","link":"https:\/\/atlastoilets.com\/es\/producto\/resortes-de-la-puerta\/","title":{"rendered":"Resortes de la puerta"},"content":{"rendered":"<p><span id=\"result_box\" class=\"\" lang=\"es\"><span class=\"hps\">Resortes de la puerta<\/span> <span class=\"hps\">de<\/span> <span class=\"hps\">los ba\u00f1os<\/span> <span class=\"hps\">port\u00e1tiles<\/span>. <span class=\"hps\">Disponible<\/span> <span class=\"hps\">en 3<\/span> <span class=\"hps\">versiones<\/span>, aptas <span class=\"hps\">para los ba\u00f1os de S<\/span><span class=\"hps\">at\u00e9lite,<\/span> <span class=\"hps\">PolyPortables<\/span> <span class=\"hps\">o<\/span> <span class=\"hps\">Synergy<\/span><span class=\"\">.<\/span><\/span><\/p>\n","protected":false},"excerpt":{"rendered":"<p><span id=\"result_box\" class=\"\" lang=\"es\"><span class=\"hps\">Resortes de la puerta<\/span> <span class=\"hps\">de<\/span> <span class=\"hps\">los ba\u00f1os<\/span> <span class=\"hps\">port\u00e1tiles<\/span>. <span class=\"hps\">Disponible<\/span> <span class=\"hps\">en 3<\/span> <span class=\"hps\">versiones<\/span>, aptas <span class=\"hps\">para los ba\u00f1os de S<\/span><span class=\"hps\">at\u00e9lite,<\/span> <span class=\"hps\">PolyPortables<\/span> <span class=\"hps\">o<\/span> <span class=\"hps\">Synergy<\/span><span class=\"\">.<\/span><\/span><\/p>\n","protected":false},"featured_media":26425,"template":"","meta":[],"product_brand":[],"product_cat":[928,924],"product_tag":[],"class_list":{"0":"post-23955","1":"product","2":"type-product","3":"status-publish","4":"has-post-thumbnail","6":"product_cat-piezas-de-bano-universales","7":"product_cat-repuestos-de-polyportables","9":"first","10":"instock","11":"taxable","12":"shipping-taxable","13":"purchasable","14":"product-type-variable","15":"has-default-attributes"},"yoast_head":"<!-- This site is optimized with the Yoast SEO plugin v27.4 - https:\/\/yoast.com\/product\/yoast-seo-wordpress\/ -->\n<title>Resortes de la puerta de los ba\u00f1os port\u00e1tiles<\/title>\n<meta name=\"description\" content=\"Resortes de la puerta de los ba\u00f1os port\u00e1tiles. Disponible en 3 versiones, aptas para los ba\u00f1os de Sat\u00e9lite, PolyPortables o Synergy.\" \/>\n<meta name=\"robots\" content=\"index, follow, max-snippet:-1, max-image-preview:large, max-video-preview:-1\" \/>\n<link rel=\"canonical\" href=\"https:\/\/atlastoilets.com\/es\/producto\/resortes-de-la-puerta\/\" \/>\n<meta property=\"og:locale\" content=\"es_ES\" \/>\n<meta property=\"og:type\" content=\"article\" \/>\n<meta property=\"og:title\" content=\"Resortes de la puerta de los ba\u00f1os port\u00e1tiles\" \/>\n<meta property=\"og:description\" content=\"Resortes de la puerta de los ba\u00f1os port\u00e1tiles. Disponible en 3 versiones, aptas para los ba\u00f1os de Sat\u00e9lite, PolyPortables o Synergy.\" \/>\n<meta property=\"og:url\" content=\"https:\/\/atlastoilets.com\/es\/producto\/resortes-de-la-puerta\/\" \/>\n<meta property=\"og:site_name\" content=\"Atlas Sanitation Products\" \/>\n<meta property=\"article:modified_time\" content=\"2022-06-02T14:20:55+00:00\" \/>\n<meta property=\"og:image\" content=\"https:\/\/atlastoilets.com\/wp-content\/uploads\/2022\/03\/Door-spring-PolyPortables-toilets.jpg\" \/>\n\t<meta property=\"og:image:width\" content=\"1000\" \/>\n\t<meta property=\"og:image:height\" content=\"1000\" \/>\n\t<meta property=\"og:image:type\" content=\"image\/jpeg\" \/>\n<meta name=\"twitter:card\" content=\"summary_large_image\" \/>\n<script type=\"application\/ld+json\" class=\"yoast-schema-graph\">{\"@context\":\"https:\\\/\\\/schema.org\",\"@graph\":[{\"@type\":[\"WebPage\",\"ItemPage\"],\"@id\":\"https:\\\/\\\/atlastoilets.com\\\/es\\\/producto\\\/resortes-de-la-puerta\\\/\",\"url\":\"https:\\\/\\\/atlastoilets.com\\\/es\\\/producto\\\/resortes-de-la-puerta\\\/\",\"name\":\"Resortes de la puerta de los ba\u00f1os port\u00e1tiles\",\"isPartOf\":{\"@id\":\"https:\\\/\\\/atlastoilets.com\\\/#website\"},\"primaryImageOfPage\":{\"@id\":\"https:\\\/\\\/atlastoilets.com\\\/es\\\/producto\\\/resortes-de-la-puerta\\\/#primaryimage\"},\"image\":{\"@id\":\"https:\\\/\\\/atlastoilets.com\\\/es\\\/producto\\\/resortes-de-la-puerta\\\/#primaryimage\"},\"thumbnailUrl\":\"https:\\\/\\\/atlastoilets.com\\\/wp-content\\\/uploads\\\/2022\\\/03\\\/Door-spring-PolyPortables-toilets.jpg\",\"datePublished\":\"2022-03-21T09:43:28+00:00\",\"dateModified\":\"2022-06-02T14:20:55+00:00\",\"description\":\"Resortes de la puerta de los ba\u00f1os port\u00e1tiles. Disponible en 3 versiones, aptas para los ba\u00f1os de Sat\u00e9lite, PolyPortables o Synergy.\",\"breadcrumb\":{\"@id\":\"https:\\\/\\\/atlastoilets.com\\\/es\\\/producto\\\/resortes-de-la-puerta\\\/#breadcrumb\"},\"inLanguage\":\"es\",\"potentialAction\":[{\"@type\":\"ReadAction\",\"target\":[\"https:\\\/\\\/atlastoilets.com\\\/es\\\/producto\\\/resortes-de-la-puerta\\\/\"]}]},{\"@type\":\"ImageObject\",\"inLanguage\":\"es\",\"@id\":\"https:\\\/\\\/atlastoilets.com\\\/es\\\/producto\\\/resortes-de-la-puerta\\\/#primaryimage\",\"url\":\"https:\\\/\\\/atlastoilets.com\\\/wp-content\\\/uploads\\\/2022\\\/03\\\/Door-spring-PolyPortables-toilets.jpg\",\"contentUrl\":\"https:\\\/\\\/atlastoilets.com\\\/wp-content\\\/uploads\\\/2022\\\/03\\\/Door-spring-PolyPortables-toilets.jpg\",\"width\":1000,\"height\":1000,\"caption\":\"Resortes de la puerta\"},{\"@type\":\"BreadcrumbList\",\"@id\":\"https:\\\/\\\/atlastoilets.com\\\/es\\\/producto\\\/resortes-de-la-puerta\\\/#breadcrumb\",\"itemListElement\":[{\"@type\":\"ListItem\",\"position\":1,\"name\":\"Home\",\"item\":\"https:\\\/\\\/atlastoilets.com\\\/es\\\/\"},{\"@type\":\"ListItem\",\"position\":2,\"name\":\"Tienda\",\"item\":\"https:\\\/\\\/atlastoilets.com\\\/es\\\/tienda\\\/\"},{\"@type\":\"ListItem\",\"position\":3,\"name\":\"Resortes de la puerta\"}]},{\"@type\":\"WebSite\",\"@id\":\"https:\\\/\\\/atlastoilets.com\\\/#website\",\"url\":\"https:\\\/\\\/atlastoilets.com\\\/\",\"name\":\"Atlas Sanitation Products\",\"description\":\"Total supplier for toilet rental companies\",\"potentialAction\":[{\"@type\":\"SearchAction\",\"target\":{\"@type\":\"EntryPoint\",\"urlTemplate\":\"https:\\\/\\\/atlastoilets.com\\\/?s={search_term_string}\"},\"query-input\":{\"@type\":\"PropertyValueSpecification\",\"valueRequired\":true,\"valueName\":\"search_term_string\"}}],\"inLanguage\":\"es\"}]}<\/script>\n<!-- \/ Yoast SEO plugin. -->","yoast_head_json":{"title":"Resortes de la puerta de los ba\u00f1os port\u00e1tiles","description":"Resortes de la puerta de los ba\u00f1os port\u00e1tiles. Disponible en 3 versiones, aptas para los ba\u00f1os de Sat\u00e9lite, PolyPortables o Synergy.","robots":{"index":"index","follow":"follow","max-snippet":"max-snippet:-1","max-image-preview":"max-image-preview:large","max-video-preview":"max-video-preview:-1"},"canonical":"https:\/\/atlastoilets.com\/es\/producto\/resortes-de-la-puerta\/","og_locale":"es_ES","og_type":"article","og_title":"Resortes de la puerta de los ba\u00f1os port\u00e1tiles","og_description":"Resortes de la puerta de los ba\u00f1os port\u00e1tiles. Disponible en 3 versiones, aptas para los ba\u00f1os de Sat\u00e9lite, PolyPortables o Synergy.","og_url":"https:\/\/atlastoilets.com\/es\/producto\/resortes-de-la-puerta\/","og_site_name":"Atlas Sanitation Products","article_modified_time":"2022-06-02T14:20:55+00:00","og_image":[{"width":1000,"height":1000,"url":"https:\/\/atlastoilets.com\/wp-content\/uploads\/2022\/03\/Door-spring-PolyPortables-toilets.jpg","type":"image\/jpeg"}],"twitter_card":"summary_large_image","schema":{"@context":"https:\/\/schema.org","@graph":[{"@type":["WebPage","ItemPage"],"@id":"https:\/\/atlastoilets.com\/es\/producto\/resortes-de-la-puerta\/","url":"https:\/\/atlastoilets.com\/es\/producto\/resortes-de-la-puerta\/","name":"Resortes de la puerta de los ba\u00f1os port\u00e1tiles","isPartOf":{"@id":"https:\/\/atlastoilets.com\/#website"},"primaryImageOfPage":{"@id":"https:\/\/atlastoilets.com\/es\/producto\/resortes-de-la-puerta\/#primaryimage"},"image":{"@id":"https:\/\/atlastoilets.com\/es\/producto\/resortes-de-la-puerta\/#primaryimage"},"thumbnailUrl":"https:\/\/atlastoilets.com\/wp-content\/uploads\/2022\/03\/Door-spring-PolyPortables-toilets.jpg","datePublished":"2022-03-21T09:43:28+00:00","dateModified":"2022-06-02T14:20:55+00:00","description":"Resortes de la puerta de los ba\u00f1os port\u00e1tiles. Disponible en 3 versiones, aptas para los ba\u00f1os de Sat\u00e9lite, PolyPortables o Synergy.","breadcrumb":{"@id":"https:\/\/atlastoilets.com\/es\/producto\/resortes-de-la-puerta\/#breadcrumb"},"inLanguage":"es","potentialAction":[{"@type":"ReadAction","target":["https:\/\/atlastoilets.com\/es\/producto\/resortes-de-la-puerta\/"]}]},{"@type":"ImageObject","inLanguage":"es","@id":"https:\/\/atlastoilets.com\/es\/producto\/resortes-de-la-puerta\/#primaryimage","url":"https:\/\/atlastoilets.com\/wp-content\/uploads\/2022\/03\/Door-spring-PolyPortables-toilets.jpg","contentUrl":"https:\/\/atlastoilets.com\/wp-content\/uploads\/2022\/03\/Door-spring-PolyPortables-toilets.jpg","width":1000,"height":1000,"caption":"Resortes de la puerta"},{"@type":"BreadcrumbList","@id":"https:\/\/atlastoilets.com\/es\/producto\/resortes-de-la-puerta\/#breadcrumb","itemListElement":[{"@type":"ListItem","position":1,"name":"Home","item":"https:\/\/atlastoilets.com\/es\/"},{"@type":"ListItem","position":2,"name":"Tienda","item":"https:\/\/atlastoilets.com\/es\/tienda\/"},{"@type":"ListItem","position":3,"name":"Resortes de la puerta"}]},{"@type":"WebSite","@id":"https:\/\/atlastoilets.com\/#website","url":"https:\/\/atlastoilets.com\/","name":"Atlas Sanitation Products","description":"Total supplier for toilet rental companies","potentialAction":[{"@type":"SearchAction","target":{"@type":"EntryPoint","urlTemplate":"https:\/\/atlastoilets.com\/?s={search_term_string}"},"query-input":{"@type":"PropertyValueSpecification","valueRequired":true,"valueName":"search_term_string"}}],"inLanguage":"es"}]}},"_links":{"self":[{"href":"https:\/\/atlastoilets.com\/es\/wp-json\/wp\/v2\/product\/23955","targetHints":{"allow":["GET"]}}],"collection":[{"href":"https:\/\/atlastoilets.com\/es\/wp-json\/wp\/v2\/product"}],"about":[{"href":"https:\/\/atlastoilets.com\/es\/wp-json\/wp\/v2\/types\/product"}],"wp:featuredmedia":[{"embeddable":true,"href":"https:\/\/atlastoilets.com\/es\/wp-json\/wp\/v2\/media\/26425"}],"wp:attachment":[{"href":"https:\/\/atlastoilets.com\/es\/wp-json\/wp\/v2\/media?parent=23955"}],"wp:term":[{"taxonomy":"product_brand","embeddable":true,"href":"https:\/\/atlastoilets.com\/es\/wp-json\/wp\/v2\/product_brand?post=23955"},{"taxonomy":"product_cat","embeddable":true,"href":"https:\/\/atlastoilets.com\/es\/wp-json\/wp\/v2\/product_cat?post=23955"},{"taxonomy":"product_tag","embeddable":true,"href":"https:\/\/atlastoilets.com\/es\/wp-json\/wp\/v2\/product_tag?post=23955"}],"curies":[{"name":"wp","href":"https:\/\/api.w.org\/{rel}","templated":true}]}}