{"id":23954,"date":"2022-03-21T09:43:28","date_gmt":"2022-03-21T09:43:28","guid":{"rendered":"https:\/\/www.mobileurinal.eu\/?post_type=product&#038;p=23954"},"modified":"2022-06-02T13:53:02","modified_gmt":"2022-06-02T13:53:02","slug":"respiradero","status":"publish","type":"product","link":"https:\/\/atlastoilets.com\/es\/producto\/respiradero\/","title":{"rendered":"Respiradero"},"content":{"rendered":"<p>Respiradero para\u00a0ba\u00f1os port\u00e1tiles.<br \/>\nSuministramos dos versiones, una para los ba\u00f1os Satellite\u00ae TUFWAY y Poli John PJ III y otro para los ba\u00f1os PolyPortables.<\/p>\n","protected":false},"excerpt":{"rendered":"<p>Respiradero para ba\u00f1os port\u00e1tiles.<\/p>\n","protected":false},"featured_media":26428,"template":"","meta":[],"product_brand":[],"product_cat":[2123],"product_tag":[679],"class_list":{"0":"post-23954","1":"product","2":"type-product","3":"status-publish","4":"has-post-thumbnail","6":"product_cat-venta-de-almacen","7":"product_tag-urinarios-portatiles","9":"first","10":"instock","11":"taxable","12":"shipping-taxable","13":"purchasable","14":"product-type-variable","15":"has-default-attributes"},"yoast_head":"<!-- This site is optimized with the Yoast SEO plugin v27.5 - https:\/\/yoast.com\/product\/yoast-seo-wordpress\/ -->\n<title>Respiradero para\u00a0ba\u00f1os port\u00e1tiles<\/title>\n<meta name=\"description\" content=\"Respiradero para\u00a0ba\u00f1os port\u00e1tiles. Dos versiones, una para los ba\u00f1os Satellite\u00ae TUFWAY y Poli John PJ III y otro para los ba\u00f1os PolyPortables\" \/>\n<meta name=\"robots\" content=\"index, follow, max-snippet:-1, max-image-preview:large, max-video-preview:-1\" \/>\n<link rel=\"canonical\" href=\"https:\/\/atlastoilets.com\/es\/producto\/respiradero\/\" \/>\n<meta property=\"og:locale\" content=\"es_ES\" \/>\n<meta property=\"og:type\" content=\"article\" \/>\n<meta property=\"og:title\" content=\"Respiradero para\u00a0ba\u00f1os port\u00e1tiles\" \/>\n<meta property=\"og:description\" content=\"Respiradero para\u00a0ba\u00f1os port\u00e1tiles. Dos versiones, una para los ba\u00f1os Satellite\u00ae TUFWAY y Poli John PJ III y otro para los ba\u00f1os PolyPortables\" \/>\n<meta property=\"og:url\" content=\"https:\/\/atlastoilets.com\/es\/producto\/respiradero\/\" \/>\n<meta property=\"og:site_name\" content=\"Atlas Sanitation Products\" \/>\n<meta property=\"article:modified_time\" content=\"2022-06-02T13:53:02+00:00\" \/>\n<meta property=\"og:image\" content=\"https:\/\/atlastoilets.com\/wp-content\/uploads\/2022\/03\/Ventilation-screen-portable-toilet.jpg\" \/>\n\t<meta property=\"og:image:width\" content=\"1000\" \/>\n\t<meta property=\"og:image:height\" content=\"1000\" \/>\n\t<meta property=\"og:image:type\" content=\"image\/jpeg\" \/>\n<meta name=\"twitter:card\" content=\"summary_large_image\" \/>\n<script type=\"application\/ld+json\" class=\"yoast-schema-graph\">{\"@context\":\"https:\\\/\\\/schema.org\",\"@graph\":[{\"@type\":[\"WebPage\",\"ItemPage\"],\"@id\":\"https:\\\/\\\/atlastoilets.com\\\/es\\\/producto\\\/respiradero\\\/\",\"url\":\"https:\\\/\\\/atlastoilets.com\\\/es\\\/producto\\\/respiradero\\\/\",\"name\":\"Respiradero para\u00a0ba\u00f1os port\u00e1tiles\",\"isPartOf\":{\"@id\":\"https:\\\/\\\/atlastoilets.com\\\/#website\"},\"primaryImageOfPage\":{\"@id\":\"https:\\\/\\\/atlastoilets.com\\\/es\\\/producto\\\/respiradero\\\/#primaryimage\"},\"image\":{\"@id\":\"https:\\\/\\\/atlastoilets.com\\\/es\\\/producto\\\/respiradero\\\/#primaryimage\"},\"thumbnailUrl\":\"https:\\\/\\\/atlastoilets.com\\\/wp-content\\\/uploads\\\/2022\\\/03\\\/Ventilation-screen-portable-toilet.jpg\",\"datePublished\":\"2022-03-21T09:43:28+00:00\",\"dateModified\":\"2022-06-02T13:53:02+00:00\",\"description\":\"Respiradero para\u00a0ba\u00f1os port\u00e1tiles. Dos versiones, una para los ba\u00f1os Satellite\u00ae TUFWAY y Poli John PJ III y otro para los ba\u00f1os PolyPortables\",\"breadcrumb\":{\"@id\":\"https:\\\/\\\/atlastoilets.com\\\/es\\\/producto\\\/respiradero\\\/#breadcrumb\"},\"inLanguage\":\"es\",\"potentialAction\":[{\"@type\":\"ReadAction\",\"target\":[\"https:\\\/\\\/atlastoilets.com\\\/es\\\/producto\\\/respiradero\\\/\"]}]},{\"@type\":\"ImageObject\",\"inLanguage\":\"es\",\"@id\":\"https:\\\/\\\/atlastoilets.com\\\/es\\\/producto\\\/respiradero\\\/#primaryimage\",\"url\":\"https:\\\/\\\/atlastoilets.com\\\/wp-content\\\/uploads\\\/2022\\\/03\\\/Ventilation-screen-portable-toilet.jpg\",\"contentUrl\":\"https:\\\/\\\/atlastoilets.com\\\/wp-content\\\/uploads\\\/2022\\\/03\\\/Ventilation-screen-portable-toilet.jpg\",\"width\":1000,\"height\":1000,\"caption\":\"Respiradero\"},{\"@type\":\"BreadcrumbList\",\"@id\":\"https:\\\/\\\/atlastoilets.com\\\/es\\\/producto\\\/respiradero\\\/#breadcrumb\",\"itemListElement\":[{\"@type\":\"ListItem\",\"position\":1,\"name\":\"Home\",\"item\":\"https:\\\/\\\/atlastoilets.com\\\/es\\\/\"},{\"@type\":\"ListItem\",\"position\":2,\"name\":\"Tienda\",\"item\":\"https:\\\/\\\/atlastoilets.com\\\/es\\\/tienda\\\/\"},{\"@type\":\"ListItem\",\"position\":3,\"name\":\"Respiradero\"}]},{\"@type\":\"WebSite\",\"@id\":\"https:\\\/\\\/atlastoilets.com\\\/#website\",\"url\":\"https:\\\/\\\/atlastoilets.com\\\/\",\"name\":\"Atlas Sanitation Products\",\"description\":\"Total supplier for toilet rental companies\",\"potentialAction\":[{\"@type\":\"SearchAction\",\"target\":{\"@type\":\"EntryPoint\",\"urlTemplate\":\"https:\\\/\\\/atlastoilets.com\\\/?s={search_term_string}\"},\"query-input\":{\"@type\":\"PropertyValueSpecification\",\"valueRequired\":true,\"valueName\":\"search_term_string\"}}],\"inLanguage\":\"es\"}]}<\/script>\n<!-- \/ Yoast SEO plugin. -->","yoast_head_json":{"title":"Respiradero para\u00a0ba\u00f1os port\u00e1tiles","description":"Respiradero para\u00a0ba\u00f1os port\u00e1tiles. Dos versiones, una para los ba\u00f1os Satellite\u00ae TUFWAY y Poli John PJ III y otro para los ba\u00f1os PolyPortables","robots":{"index":"index","follow":"follow","max-snippet":"max-snippet:-1","max-image-preview":"max-image-preview:large","max-video-preview":"max-video-preview:-1"},"canonical":"https:\/\/atlastoilets.com\/es\/producto\/respiradero\/","og_locale":"es_ES","og_type":"article","og_title":"Respiradero para\u00a0ba\u00f1os port\u00e1tiles","og_description":"Respiradero para\u00a0ba\u00f1os port\u00e1tiles. Dos versiones, una para los ba\u00f1os Satellite\u00ae TUFWAY y Poli John PJ III y otro para los ba\u00f1os PolyPortables","og_url":"https:\/\/atlastoilets.com\/es\/producto\/respiradero\/","og_site_name":"Atlas Sanitation Products","article_modified_time":"2022-06-02T13:53:02+00:00","og_image":[{"width":1000,"height":1000,"url":"https:\/\/atlastoilets.com\/wp-content\/uploads\/2022\/03\/Ventilation-screen-portable-toilet.jpg","type":"image\/jpeg"}],"twitter_card":"summary_large_image","schema":{"@context":"https:\/\/schema.org","@graph":[{"@type":["WebPage","ItemPage"],"@id":"https:\/\/atlastoilets.com\/es\/producto\/respiradero\/","url":"https:\/\/atlastoilets.com\/es\/producto\/respiradero\/","name":"Respiradero para\u00a0ba\u00f1os port\u00e1tiles","isPartOf":{"@id":"https:\/\/atlastoilets.com\/#website"},"primaryImageOfPage":{"@id":"https:\/\/atlastoilets.com\/es\/producto\/respiradero\/#primaryimage"},"image":{"@id":"https:\/\/atlastoilets.com\/es\/producto\/respiradero\/#primaryimage"},"thumbnailUrl":"https:\/\/atlastoilets.com\/wp-content\/uploads\/2022\/03\/Ventilation-screen-portable-toilet.jpg","datePublished":"2022-03-21T09:43:28+00:00","dateModified":"2022-06-02T13:53:02+00:00","description":"Respiradero para\u00a0ba\u00f1os port\u00e1tiles. Dos versiones, una para los ba\u00f1os Satellite\u00ae TUFWAY y Poli John PJ III y otro para los ba\u00f1os PolyPortables","breadcrumb":{"@id":"https:\/\/atlastoilets.com\/es\/producto\/respiradero\/#breadcrumb"},"inLanguage":"es","potentialAction":[{"@type":"ReadAction","target":["https:\/\/atlastoilets.com\/es\/producto\/respiradero\/"]}]},{"@type":"ImageObject","inLanguage":"es","@id":"https:\/\/atlastoilets.com\/es\/producto\/respiradero\/#primaryimage","url":"https:\/\/atlastoilets.com\/wp-content\/uploads\/2022\/03\/Ventilation-screen-portable-toilet.jpg","contentUrl":"https:\/\/atlastoilets.com\/wp-content\/uploads\/2022\/03\/Ventilation-screen-portable-toilet.jpg","width":1000,"height":1000,"caption":"Respiradero"},{"@type":"BreadcrumbList","@id":"https:\/\/atlastoilets.com\/es\/producto\/respiradero\/#breadcrumb","itemListElement":[{"@type":"ListItem","position":1,"name":"Home","item":"https:\/\/atlastoilets.com\/es\/"},{"@type":"ListItem","position":2,"name":"Tienda","item":"https:\/\/atlastoilets.com\/es\/tienda\/"},{"@type":"ListItem","position":3,"name":"Respiradero"}]},{"@type":"WebSite","@id":"https:\/\/atlastoilets.com\/#website","url":"https:\/\/atlastoilets.com\/","name":"Atlas Sanitation Products","description":"Total supplier for toilet rental companies","potentialAction":[{"@type":"SearchAction","target":{"@type":"EntryPoint","urlTemplate":"https:\/\/atlastoilets.com\/?s={search_term_string}"},"query-input":{"@type":"PropertyValueSpecification","valueRequired":true,"valueName":"search_term_string"}}],"inLanguage":"es"}]}},"_links":{"self":[{"href":"https:\/\/atlastoilets.com\/es\/wp-json\/wp\/v2\/product\/23954","targetHints":{"allow":["GET"]}}],"collection":[{"href":"https:\/\/atlastoilets.com\/es\/wp-json\/wp\/v2\/product"}],"about":[{"href":"https:\/\/atlastoilets.com\/es\/wp-json\/wp\/v2\/types\/product"}],"wp:featuredmedia":[{"embeddable":true,"href":"https:\/\/atlastoilets.com\/es\/wp-json\/wp\/v2\/media\/26428"}],"wp:attachment":[{"href":"https:\/\/atlastoilets.com\/es\/wp-json\/wp\/v2\/media?parent=23954"}],"wp:term":[{"taxonomy":"product_brand","embeddable":true,"href":"https:\/\/atlastoilets.com\/es\/wp-json\/wp\/v2\/product_brand?post=23954"},{"taxonomy":"product_cat","embeddable":true,"href":"https:\/\/atlastoilets.com\/es\/wp-json\/wp\/v2\/product_cat?post=23954"},{"taxonomy":"product_tag","embeddable":true,"href":"https:\/\/atlastoilets.com\/es\/wp-json\/wp\/v2\/product_tag?post=23954"}],"curies":[{"name":"wp","href":"https:\/\/api.w.org\/{rel}","templated":true}]}}