{"id":23952,"date":"2022-03-21T09:43:28","date_gmt":"2022-03-21T09:43:28","guid":{"rendered":"https:\/\/www.mobileurinal.eu\/?post_type=product&#038;p=23952"},"modified":"2022-06-02T14:01:42","modified_gmt":"2022-06-02T14:01:42","slug":"cerradura","status":"publish","type":"product","link":"https:\/\/atlastoilets.com\/es\/producto\/cerradura\/","title":{"rendered":"Cerradura de un ba\u00f1o port\u00e1til (Rojo\/Verde)"},"content":{"rendered":"<p>Cerradura de un ba\u00f1o port\u00e1til (Rojo\/Verde) con una corrediza (Rojo\/Verde) y soporto pl\u00e1stico.<br \/>\n<span id=\"result_box\" class=\"\" lang=\"es\"><span class=\"hps\">Los<\/span> <span class=\"hps\">art\u00edculos<\/span> <span class=\"hps\">individuales<\/span> <span class=\"hps\">se pueden pedir<\/span> <span class=\"hps\">por separado.<br \/>\nSKU 288009 &#8211;\u00a0Corrediza Rojo\/Verder<br \/>\nSKU 288008 &#8211; Soporto<br \/>\n<\/span><\/span><\/p>\n","protected":false},"excerpt":{"rendered":"<p>Cerradura de un ba\u00f1o port\u00e1til (Rojo\/Verde) con una corrediza (Rojo\/Verde) y soporto pl\u00e1stico.<span id=\"result_box\" class=\"\" lang=\"es\"><span class=\"hps\"><br \/>\n<\/span><\/span><\/p>\n","protected":false},"featured_media":26373,"template":"","meta":[],"product_brand":[],"product_cat":[928,917,1284],"product_tag":[621],"class_list":{"0":"post-23952","1":"product","2":"type-product","3":"status-publish","4":"has-post-thumbnail","6":"product_cat-piezas-de-bano-universales","7":"product_cat-repuestos-de-five-peaks","8":"product_cat-repuestos-para-banos-apollo","9":"product_tag-red","11":"first","12":"instock","13":"taxable","14":"shipping-taxable","15":"purchasable","16":"product-type-variable","17":"has-default-attributes"},"yoast_head":"<!-- This site is optimized with the Yoast SEO plugin v27.4 - https:\/\/yoast.com\/product\/yoast-seo-wordpress\/ -->\n<title>Cerradura de un ba\u00f1o port\u00e1til<\/title>\n<meta name=\"description\" content=\"Cerradura de un ba\u00f1o port\u00e1til (Rojo\/Verde) con una corrediza (Rojo\/Verde) y soporto pl\u00e1stico. Repuesto para empresas de alquiler\" \/>\n<meta name=\"robots\" content=\"index, follow, max-snippet:-1, max-image-preview:large, max-video-preview:-1\" \/>\n<link rel=\"canonical\" href=\"https:\/\/atlastoilets.com\/es\/producto\/cerradura\/\" \/>\n<meta property=\"og:locale\" content=\"es_ES\" \/>\n<meta property=\"og:type\" content=\"article\" \/>\n<meta property=\"og:title\" content=\"Cerradura de un ba\u00f1o port\u00e1til\" \/>\n<meta property=\"og:description\" content=\"Cerradura de un ba\u00f1o port\u00e1til (Rojo\/Verde) con una corrediza (Rojo\/Verde) y soporto pl\u00e1stico. Repuesto para empresas de alquiler\" \/>\n<meta property=\"og:url\" content=\"https:\/\/atlastoilets.com\/es\/producto\/cerradura\/\" \/>\n<meta property=\"og:site_name\" content=\"Atlas Sanitation Products\" \/>\n<meta property=\"article:modified_time\" content=\"2022-06-02T14:01:42+00:00\" \/>\n<meta property=\"og:image\" content=\"https:\/\/atlastoilets.com\/wp-content\/uploads\/2022\/03\/door-lock-complete.jpg\" \/>\n\t<meta property=\"og:image:width\" content=\"1000\" \/>\n\t<meta property=\"og:image:height\" content=\"1000\" \/>\n\t<meta property=\"og:image:type\" content=\"image\/jpeg\" \/>\n<meta name=\"twitter:card\" content=\"summary_large_image\" \/>\n<script type=\"application\/ld+json\" class=\"yoast-schema-graph\">{\"@context\":\"https:\\\/\\\/schema.org\",\"@graph\":[{\"@type\":[\"WebPage\",\"ItemPage\"],\"@id\":\"https:\\\/\\\/atlastoilets.com\\\/es\\\/producto\\\/cerradura\\\/\",\"url\":\"https:\\\/\\\/atlastoilets.com\\\/es\\\/producto\\\/cerradura\\\/\",\"name\":\"Cerradura de un ba\u00f1o port\u00e1til\",\"isPartOf\":{\"@id\":\"https:\\\/\\\/atlastoilets.com\\\/#website\"},\"primaryImageOfPage\":{\"@id\":\"https:\\\/\\\/atlastoilets.com\\\/es\\\/producto\\\/cerradura\\\/#primaryimage\"},\"image\":{\"@id\":\"https:\\\/\\\/atlastoilets.com\\\/es\\\/producto\\\/cerradura\\\/#primaryimage\"},\"thumbnailUrl\":\"https:\\\/\\\/atlastoilets.com\\\/wp-content\\\/uploads\\\/2022\\\/03\\\/door-lock-complete.jpg\",\"datePublished\":\"2022-03-21T09:43:28+00:00\",\"dateModified\":\"2022-06-02T14:01:42+00:00\",\"description\":\"Cerradura de un ba\u00f1o port\u00e1til (Rojo\\\/Verde) con una corrediza (Rojo\\\/Verde) y soporto pl\u00e1stico. Repuesto para empresas de alquiler\",\"breadcrumb\":{\"@id\":\"https:\\\/\\\/atlastoilets.com\\\/es\\\/producto\\\/cerradura\\\/#breadcrumb\"},\"inLanguage\":\"es\",\"potentialAction\":[{\"@type\":\"ReadAction\",\"target\":[\"https:\\\/\\\/atlastoilets.com\\\/es\\\/producto\\\/cerradura\\\/\"]}]},{\"@type\":\"ImageObject\",\"inLanguage\":\"es\",\"@id\":\"https:\\\/\\\/atlastoilets.com\\\/es\\\/producto\\\/cerradura\\\/#primaryimage\",\"url\":\"https:\\\/\\\/atlastoilets.com\\\/wp-content\\\/uploads\\\/2022\\\/03\\\/door-lock-complete.jpg\",\"contentUrl\":\"https:\\\/\\\/atlastoilets.com\\\/wp-content\\\/uploads\\\/2022\\\/03\\\/door-lock-complete.jpg\",\"width\":1000,\"height\":1000,\"caption\":\"Cerradura de un ba\u00f1o port\u00e1til\"},{\"@type\":\"BreadcrumbList\",\"@id\":\"https:\\\/\\\/atlastoilets.com\\\/es\\\/producto\\\/cerradura\\\/#breadcrumb\",\"itemListElement\":[{\"@type\":\"ListItem\",\"position\":1,\"name\":\"Home\",\"item\":\"https:\\\/\\\/atlastoilets.com\\\/es\\\/\"},{\"@type\":\"ListItem\",\"position\":2,\"name\":\"Tienda\",\"item\":\"https:\\\/\\\/atlastoilets.com\\\/es\\\/tienda\\\/\"},{\"@type\":\"ListItem\",\"position\":3,\"name\":\"Cerradura de un ba\u00f1o port\u00e1til (Rojo\\\/Verde)\"}]},{\"@type\":\"WebSite\",\"@id\":\"https:\\\/\\\/atlastoilets.com\\\/#website\",\"url\":\"https:\\\/\\\/atlastoilets.com\\\/\",\"name\":\"Atlas Sanitation Products\",\"description\":\"Total supplier for toilet rental companies\",\"potentialAction\":[{\"@type\":\"SearchAction\",\"target\":{\"@type\":\"EntryPoint\",\"urlTemplate\":\"https:\\\/\\\/atlastoilets.com\\\/?s={search_term_string}\"},\"query-input\":{\"@type\":\"PropertyValueSpecification\",\"valueRequired\":true,\"valueName\":\"search_term_string\"}}],\"inLanguage\":\"es\"}]}<\/script>\n<!-- \/ Yoast SEO plugin. -->","yoast_head_json":{"title":"Cerradura de un ba\u00f1o port\u00e1til","description":"Cerradura de un ba\u00f1o port\u00e1til (Rojo\/Verde) con una corrediza (Rojo\/Verde) y soporto pl\u00e1stico. Repuesto para empresas de alquiler","robots":{"index":"index","follow":"follow","max-snippet":"max-snippet:-1","max-image-preview":"max-image-preview:large","max-video-preview":"max-video-preview:-1"},"canonical":"https:\/\/atlastoilets.com\/es\/producto\/cerradura\/","og_locale":"es_ES","og_type":"article","og_title":"Cerradura de un ba\u00f1o port\u00e1til","og_description":"Cerradura de un ba\u00f1o port\u00e1til (Rojo\/Verde) con una corrediza (Rojo\/Verde) y soporto pl\u00e1stico. Repuesto para empresas de alquiler","og_url":"https:\/\/atlastoilets.com\/es\/producto\/cerradura\/","og_site_name":"Atlas Sanitation Products","article_modified_time":"2022-06-02T14:01:42+00:00","og_image":[{"width":1000,"height":1000,"url":"https:\/\/atlastoilets.com\/wp-content\/uploads\/2022\/03\/door-lock-complete.jpg","type":"image\/jpeg"}],"twitter_card":"summary_large_image","schema":{"@context":"https:\/\/schema.org","@graph":[{"@type":["WebPage","ItemPage"],"@id":"https:\/\/atlastoilets.com\/es\/producto\/cerradura\/","url":"https:\/\/atlastoilets.com\/es\/producto\/cerradura\/","name":"Cerradura de un ba\u00f1o port\u00e1til","isPartOf":{"@id":"https:\/\/atlastoilets.com\/#website"},"primaryImageOfPage":{"@id":"https:\/\/atlastoilets.com\/es\/producto\/cerradura\/#primaryimage"},"image":{"@id":"https:\/\/atlastoilets.com\/es\/producto\/cerradura\/#primaryimage"},"thumbnailUrl":"https:\/\/atlastoilets.com\/wp-content\/uploads\/2022\/03\/door-lock-complete.jpg","datePublished":"2022-03-21T09:43:28+00:00","dateModified":"2022-06-02T14:01:42+00:00","description":"Cerradura de un ba\u00f1o port\u00e1til (Rojo\/Verde) con una corrediza (Rojo\/Verde) y soporto pl\u00e1stico. Repuesto para empresas de alquiler","breadcrumb":{"@id":"https:\/\/atlastoilets.com\/es\/producto\/cerradura\/#breadcrumb"},"inLanguage":"es","potentialAction":[{"@type":"ReadAction","target":["https:\/\/atlastoilets.com\/es\/producto\/cerradura\/"]}]},{"@type":"ImageObject","inLanguage":"es","@id":"https:\/\/atlastoilets.com\/es\/producto\/cerradura\/#primaryimage","url":"https:\/\/atlastoilets.com\/wp-content\/uploads\/2022\/03\/door-lock-complete.jpg","contentUrl":"https:\/\/atlastoilets.com\/wp-content\/uploads\/2022\/03\/door-lock-complete.jpg","width":1000,"height":1000,"caption":"Cerradura de un ba\u00f1o port\u00e1til"},{"@type":"BreadcrumbList","@id":"https:\/\/atlastoilets.com\/es\/producto\/cerradura\/#breadcrumb","itemListElement":[{"@type":"ListItem","position":1,"name":"Home","item":"https:\/\/atlastoilets.com\/es\/"},{"@type":"ListItem","position":2,"name":"Tienda","item":"https:\/\/atlastoilets.com\/es\/tienda\/"},{"@type":"ListItem","position":3,"name":"Cerradura de un ba\u00f1o port\u00e1til (Rojo\/Verde)"}]},{"@type":"WebSite","@id":"https:\/\/atlastoilets.com\/#website","url":"https:\/\/atlastoilets.com\/","name":"Atlas Sanitation Products","description":"Total supplier for toilet rental companies","potentialAction":[{"@type":"SearchAction","target":{"@type":"EntryPoint","urlTemplate":"https:\/\/atlastoilets.com\/?s={search_term_string}"},"query-input":{"@type":"PropertyValueSpecification","valueRequired":true,"valueName":"search_term_string"}}],"inLanguage":"es"}]}},"_links":{"self":[{"href":"https:\/\/atlastoilets.com\/es\/wp-json\/wp\/v2\/product\/23952","targetHints":{"allow":["GET"]}}],"collection":[{"href":"https:\/\/atlastoilets.com\/es\/wp-json\/wp\/v2\/product"}],"about":[{"href":"https:\/\/atlastoilets.com\/es\/wp-json\/wp\/v2\/types\/product"}],"wp:featuredmedia":[{"embeddable":true,"href":"https:\/\/atlastoilets.com\/es\/wp-json\/wp\/v2\/media\/26373"}],"wp:attachment":[{"href":"https:\/\/atlastoilets.com\/es\/wp-json\/wp\/v2\/media?parent=23952"}],"wp:term":[{"taxonomy":"product_brand","embeddable":true,"href":"https:\/\/atlastoilets.com\/es\/wp-json\/wp\/v2\/product_brand?post=23952"},{"taxonomy":"product_cat","embeddable":true,"href":"https:\/\/atlastoilets.com\/es\/wp-json\/wp\/v2\/product_cat?post=23952"},{"taxonomy":"product_tag","embeddable":true,"href":"https:\/\/atlastoilets.com\/es\/wp-json\/wp\/v2\/product_tag?post=23952"}],"curies":[{"name":"wp","href":"https:\/\/api.w.org\/{rel}","templated":true}]}}