{"id":23948,"date":"2022-03-21T09:43:29","date_gmt":"2022-03-21T09:43:29","guid":{"rendered":"https:\/\/www.mobileurinal.eu\/?post_type=product&#038;p=23948"},"modified":"2023-02-03T15:13:37","modified_gmt":"2023-02-03T15:13:37","slug":"cerradura-de-bano","status":"publish","type":"product","link":"https:\/\/atlastoilets.com\/es\/producto\/cerradura-de-bano\/","title":{"rendered":"Cerradura de la placa de acero"},"content":{"rendered":"<p>Cerradura de ba\u00f1o hecha de acero inoxidable adecuado para todos \u00a0marcas y modelos de ba\u00f1os port\u00e1tiles.<br \/>\nSKU 2891000 &#8211; Parte A (45 x 35 x 20 mm)<br \/>\nSKU 2891015 &#8211; Parte B (45 x 35 mm)<br \/>\nLos partes se pueden utilizar en combinaci\u00f3n con un candado (no incluido).<\/p>\n","protected":false},"excerpt":{"rendered":"<p>Cerradura hecha de acero inoxidable adecuado para todos \u00a0marcas y modelos de ba\u00f1os port\u00e1tiles.<\/p>\n","protected":false},"featured_media":26391,"template":"","meta":[],"product_brand":[],"product_cat":[928],"product_tag":[],"class_list":{"0":"post-23948","1":"product","2":"type-product","3":"status-publish","4":"has-post-thumbnail","6":"product_cat-piezas-de-bano-universales","8":"first","9":"instock","10":"taxable","11":"shipping-taxable","12":"purchasable","13":"product-type-variable","14":"has-default-attributes"},"yoast_head":"<!-- This site is optimized with the Yoast SEO plugin v27.4 - https:\/\/yoast.com\/product\/yoast-seo-wordpress\/ -->\n<title>Cerradura de ba\u00f1o hecha de acero inoxidable<\/title>\n<meta name=\"description\" content=\"Cerradura de ba\u00f1o adecuado para todos modelos de ba\u00f1os port\u00e1tiles. os partes se pueden utilizar en combinaci\u00f3n con un candado.\" \/>\n<meta name=\"robots\" content=\"index, follow, max-snippet:-1, max-image-preview:large, max-video-preview:-1\" \/>\n<link rel=\"canonical\" href=\"https:\/\/atlastoilets.com\/es\/producto\/cerradura-de-bano\/\" \/>\n<meta property=\"og:locale\" content=\"es_ES\" \/>\n<meta property=\"og:type\" content=\"article\" \/>\n<meta property=\"og:title\" content=\"Cerradura de ba\u00f1o hecha de acero inoxidable\" \/>\n<meta property=\"og:description\" content=\"Cerradura de ba\u00f1o adecuado para todos modelos de ba\u00f1os port\u00e1tiles. os partes se pueden utilizar en combinaci\u00f3n con un candado.\" \/>\n<meta property=\"og:url\" content=\"https:\/\/atlastoilets.com\/es\/producto\/cerradura-de-bano\/\" \/>\n<meta property=\"og:site_name\" content=\"Atlas Sanitation Products\" \/>\n<meta property=\"article:modified_time\" content=\"2023-02-03T15:13:37+00:00\" \/>\n<meta property=\"og:image\" content=\"https:\/\/atlastoilets.com\/wp-content\/uploads\/2022\/03\/Steel-plate-lock-universal.jpg\" \/>\n\t<meta property=\"og:image:width\" content=\"1000\" \/>\n\t<meta property=\"og:image:height\" content=\"1000\" \/>\n\t<meta property=\"og:image:type\" content=\"image\/jpeg\" \/>\n<meta name=\"twitter:card\" content=\"summary_large_image\" \/>\n<script type=\"application\/ld+json\" class=\"yoast-schema-graph\">{\"@context\":\"https:\\\/\\\/schema.org\",\"@graph\":[{\"@type\":[\"WebPage\",\"ItemPage\"],\"@id\":\"https:\\\/\\\/atlastoilets.com\\\/es\\\/producto\\\/cerradura-de-bano\\\/\",\"url\":\"https:\\\/\\\/atlastoilets.com\\\/es\\\/producto\\\/cerradura-de-bano\\\/\",\"name\":\"Cerradura de ba\u00f1o hecha de acero inoxidable\",\"isPartOf\":{\"@id\":\"https:\\\/\\\/atlastoilets.com\\\/#website\"},\"primaryImageOfPage\":{\"@id\":\"https:\\\/\\\/atlastoilets.com\\\/es\\\/producto\\\/cerradura-de-bano\\\/#primaryimage\"},\"image\":{\"@id\":\"https:\\\/\\\/atlastoilets.com\\\/es\\\/producto\\\/cerradura-de-bano\\\/#primaryimage\"},\"thumbnailUrl\":\"https:\\\/\\\/atlastoilets.com\\\/wp-content\\\/uploads\\\/2022\\\/03\\\/Steel-plate-lock-universal.jpg\",\"datePublished\":\"2022-03-21T09:43:29+00:00\",\"dateModified\":\"2023-02-03T15:13:37+00:00\",\"description\":\"Cerradura de ba\u00f1o adecuado para todos modelos de ba\u00f1os port\u00e1tiles. os partes se pueden utilizar en combinaci\u00f3n con un candado.\",\"breadcrumb\":{\"@id\":\"https:\\\/\\\/atlastoilets.com\\\/es\\\/producto\\\/cerradura-de-bano\\\/#breadcrumb\"},\"inLanguage\":\"es\",\"potentialAction\":[{\"@type\":\"ReadAction\",\"target\":[\"https:\\\/\\\/atlastoilets.com\\\/es\\\/producto\\\/cerradura-de-bano\\\/\"]}]},{\"@type\":\"ImageObject\",\"inLanguage\":\"es\",\"@id\":\"https:\\\/\\\/atlastoilets.com\\\/es\\\/producto\\\/cerradura-de-bano\\\/#primaryimage\",\"url\":\"https:\\\/\\\/atlastoilets.com\\\/wp-content\\\/uploads\\\/2022\\\/03\\\/Steel-plate-lock-universal.jpg\",\"contentUrl\":\"https:\\\/\\\/atlastoilets.com\\\/wp-content\\\/uploads\\\/2022\\\/03\\\/Steel-plate-lock-universal.jpg\",\"width\":1000,\"height\":1000,\"caption\":\"Cerradura de ba\u00f1o\"},{\"@type\":\"BreadcrumbList\",\"@id\":\"https:\\\/\\\/atlastoilets.com\\\/es\\\/producto\\\/cerradura-de-bano\\\/#breadcrumb\",\"itemListElement\":[{\"@type\":\"ListItem\",\"position\":1,\"name\":\"Home\",\"item\":\"https:\\\/\\\/atlastoilets.com\\\/es\\\/\"},{\"@type\":\"ListItem\",\"position\":2,\"name\":\"Tienda\",\"item\":\"https:\\\/\\\/atlastoilets.com\\\/es\\\/tienda\\\/\"},{\"@type\":\"ListItem\",\"position\":3,\"name\":\"Cerradura de la placa de acero\"}]},{\"@type\":\"WebSite\",\"@id\":\"https:\\\/\\\/atlastoilets.com\\\/#website\",\"url\":\"https:\\\/\\\/atlastoilets.com\\\/\",\"name\":\"Atlas Sanitation Products\",\"description\":\"Total supplier for toilet rental companies\",\"potentialAction\":[{\"@type\":\"SearchAction\",\"target\":{\"@type\":\"EntryPoint\",\"urlTemplate\":\"https:\\\/\\\/atlastoilets.com\\\/?s={search_term_string}\"},\"query-input\":{\"@type\":\"PropertyValueSpecification\",\"valueRequired\":true,\"valueName\":\"search_term_string\"}}],\"inLanguage\":\"es\"}]}<\/script>\n<!-- \/ Yoast SEO plugin. -->","yoast_head_json":{"title":"Cerradura de ba\u00f1o hecha de acero inoxidable","description":"Cerradura de ba\u00f1o adecuado para todos modelos de ba\u00f1os port\u00e1tiles. os partes se pueden utilizar en combinaci\u00f3n con un candado.","robots":{"index":"index","follow":"follow","max-snippet":"max-snippet:-1","max-image-preview":"max-image-preview:large","max-video-preview":"max-video-preview:-1"},"canonical":"https:\/\/atlastoilets.com\/es\/producto\/cerradura-de-bano\/","og_locale":"es_ES","og_type":"article","og_title":"Cerradura de ba\u00f1o hecha de acero inoxidable","og_description":"Cerradura de ba\u00f1o adecuado para todos modelos de ba\u00f1os port\u00e1tiles. os partes se pueden utilizar en combinaci\u00f3n con un candado.","og_url":"https:\/\/atlastoilets.com\/es\/producto\/cerradura-de-bano\/","og_site_name":"Atlas Sanitation Products","article_modified_time":"2023-02-03T15:13:37+00:00","og_image":[{"width":1000,"height":1000,"url":"https:\/\/atlastoilets.com\/wp-content\/uploads\/2022\/03\/Steel-plate-lock-universal.jpg","type":"image\/jpeg"}],"twitter_card":"summary_large_image","schema":{"@context":"https:\/\/schema.org","@graph":[{"@type":["WebPage","ItemPage"],"@id":"https:\/\/atlastoilets.com\/es\/producto\/cerradura-de-bano\/","url":"https:\/\/atlastoilets.com\/es\/producto\/cerradura-de-bano\/","name":"Cerradura de ba\u00f1o hecha de acero inoxidable","isPartOf":{"@id":"https:\/\/atlastoilets.com\/#website"},"primaryImageOfPage":{"@id":"https:\/\/atlastoilets.com\/es\/producto\/cerradura-de-bano\/#primaryimage"},"image":{"@id":"https:\/\/atlastoilets.com\/es\/producto\/cerradura-de-bano\/#primaryimage"},"thumbnailUrl":"https:\/\/atlastoilets.com\/wp-content\/uploads\/2022\/03\/Steel-plate-lock-universal.jpg","datePublished":"2022-03-21T09:43:29+00:00","dateModified":"2023-02-03T15:13:37+00:00","description":"Cerradura de ba\u00f1o adecuado para todos modelos de ba\u00f1os port\u00e1tiles. os partes se pueden utilizar en combinaci\u00f3n con un candado.","breadcrumb":{"@id":"https:\/\/atlastoilets.com\/es\/producto\/cerradura-de-bano\/#breadcrumb"},"inLanguage":"es","potentialAction":[{"@type":"ReadAction","target":["https:\/\/atlastoilets.com\/es\/producto\/cerradura-de-bano\/"]}]},{"@type":"ImageObject","inLanguage":"es","@id":"https:\/\/atlastoilets.com\/es\/producto\/cerradura-de-bano\/#primaryimage","url":"https:\/\/atlastoilets.com\/wp-content\/uploads\/2022\/03\/Steel-plate-lock-universal.jpg","contentUrl":"https:\/\/atlastoilets.com\/wp-content\/uploads\/2022\/03\/Steel-plate-lock-universal.jpg","width":1000,"height":1000,"caption":"Cerradura de ba\u00f1o"},{"@type":"BreadcrumbList","@id":"https:\/\/atlastoilets.com\/es\/producto\/cerradura-de-bano\/#breadcrumb","itemListElement":[{"@type":"ListItem","position":1,"name":"Home","item":"https:\/\/atlastoilets.com\/es\/"},{"@type":"ListItem","position":2,"name":"Tienda","item":"https:\/\/atlastoilets.com\/es\/tienda\/"},{"@type":"ListItem","position":3,"name":"Cerradura de la placa de acero"}]},{"@type":"WebSite","@id":"https:\/\/atlastoilets.com\/#website","url":"https:\/\/atlastoilets.com\/","name":"Atlas Sanitation Products","description":"Total supplier for toilet rental companies","potentialAction":[{"@type":"SearchAction","target":{"@type":"EntryPoint","urlTemplate":"https:\/\/atlastoilets.com\/?s={search_term_string}"},"query-input":{"@type":"PropertyValueSpecification","valueRequired":true,"valueName":"search_term_string"}}],"inLanguage":"es"}]}},"_links":{"self":[{"href":"https:\/\/atlastoilets.com\/es\/wp-json\/wp\/v2\/product\/23948","targetHints":{"allow":["GET"]}}],"collection":[{"href":"https:\/\/atlastoilets.com\/es\/wp-json\/wp\/v2\/product"}],"about":[{"href":"https:\/\/atlastoilets.com\/es\/wp-json\/wp\/v2\/types\/product"}],"wp:featuredmedia":[{"embeddable":true,"href":"https:\/\/atlastoilets.com\/es\/wp-json\/wp\/v2\/media\/26391"}],"wp:attachment":[{"href":"https:\/\/atlastoilets.com\/es\/wp-json\/wp\/v2\/media?parent=23948"}],"wp:term":[{"taxonomy":"product_brand","embeddable":true,"href":"https:\/\/atlastoilets.com\/es\/wp-json\/wp\/v2\/product_brand?post=23948"},{"taxonomy":"product_cat","embeddable":true,"href":"https:\/\/atlastoilets.com\/es\/wp-json\/wp\/v2\/product_cat?post=23948"},{"taxonomy":"product_tag","embeddable":true,"href":"https:\/\/atlastoilets.com\/es\/wp-json\/wp\/v2\/product_tag?post=23948"}],"curies":[{"name":"wp","href":"https:\/\/api.w.org\/{rel}","templated":true}]}}