{"id":21697,"date":"2022-03-18T07:46:23","date_gmt":"2022-03-18T07:46:23","guid":{"rendered":"https:\/\/www.mobileurinal.eu\/?post_type=product&#038;p=21697"},"modified":"2023-12-11T11:19:57","modified_gmt":"2023-12-11T11:19:57","slug":"bano-portatil-glacier-ii-reflow-plus-de-five-peaks","status":"publish","type":"product","link":"https:\/\/atlastoilets.com\/es\/producto\/bano-portatil-glacier-ii-reflow-plus-de-five-peaks\/","title":{"rendered":"Ba\u00f1o port\u00e1til Glacier II Reflow Plus de Five Peaks"},"content":{"rendered":"<p>El ba\u00f1o port\u00e1til Glacier II Reflow Plus est\u00e1 equipado con una bomba de pie de recirculaci\u00f3n manos libres.<br \/>\nEste\u00a0ba\u00f1o port\u00e1til tiene un tanque de residuos, urinario y soporte de rollo de papel.<\/p>\n<ul>\n<li>El modelo Reflow Plus model es una unidad de recirculaci\u00f3n con una bomba de pie manos libres<\/li>\n<li>Dep\u00f3sito grande de 238 litros con sistema de descarga de recirculaci\u00f3n de la bomba de pie<\/li>\n<li>Dise\u00f1o robusto de tanque y base<\/li>\n<li>Cubierta articulada para facilitar la limpieza y el mantenimiento<\/li>\n<li>La bomba de pie convenientemente est\u00e1 ubicada en una alcoba eliminando la exposici\u00f3n al tr\u00e1fico peatonal<\/li>\n<li>El Glacier II presenta una pared lateral de un solo panel sin l\u00edneas de formaci\u00f3n y una superficie ultra lisa dentro y fuera.<\/li>\n<li>Soporte giratorio para facilitar el mantenimiento<\/li>\n<\/ul>\n","protected":false},"excerpt":{"rendered":"<p>El ba\u00f1o port\u00e1til Glacier II Reflow Plus est\u00e1 equipado con una bomba de pie de recirculaci\u00f3n manos libres.<br \/>\nEste\u00a0ba\u00f1o port\u00e1til tiene un tanque de residuos, urinario y soporte de rollo de papel.<\/p>\n<ul>\n<li>El modelo Reflow Plus model es una unidad de recirculaci\u00f3n con una bomba de pie manos libres<\/li>\n<li>Dep\u00f3sito grande de 238 litros con sistema de descarga de recirculaci\u00f3n de la bomba de pie<\/li>\n<li>Dise\u00f1o robusto de tanque y base<\/li>\n<li>Cubierta articulada para facilitar la limpieza y el mantenimiento<\/li>\n<li>La bomba de pie convenientemente est\u00e1 ubicada en una alcoba eliminando la exposici\u00f3n al tr\u00e1fico peatonal<\/li>\n<li>El Glacier II presenta una pared lateral de un solo panel sin l\u00edneas de formaci\u00f3n y una superficie ultra lisa dentro y fuera.<\/li>\n<li>Soporte giratorio para facilitar el mantenimiento<\/li>\n<\/ul>\n","protected":false},"featured_media":29338,"template":"","meta":[],"product_brand":[],"product_cat":[1393],"product_tag":[],"class_list":{"0":"post-21697","1":"product","2":"type-product","3":"status-publish","4":"has-post-thumbnail","6":"product_cat-banos-portatiles-estandar","8":"first","9":"instock","10":"taxable","11":"shipping-taxable","12":"purchasable","13":"product-type-variable","14":"has-default-attributes"},"yoast_head":"<!-- This site is optimized with the Yoast SEO plugin v27.4 - https:\/\/yoast.com\/product\/yoast-seo-wordpress\/ -->\n<title>Ba\u00f1o port\u00e1til Glacier II Reflow Plus de Five Peaks<\/title>\n<meta name=\"robots\" content=\"index, follow, max-snippet:-1, max-image-preview:large, max-video-preview:-1\" \/>\n<link rel=\"canonical\" href=\"https:\/\/atlastoilets.com\/es\/producto\/bano-portatil-glacier-ii-reflow-plus-de-five-peaks\/\" \/>\n<meta property=\"og:locale\" content=\"es_ES\" \/>\n<meta property=\"og:type\" content=\"article\" \/>\n<meta property=\"og:title\" content=\"Ba\u00f1o port\u00e1til Glacier II Reflow Plus de Five Peaks\" \/>\n<meta property=\"og:description\" content=\"El ba\u00f1o port\u00e1til Glacier II Reflow Plus est\u00e1 equipado con una bomba de pie de recirculaci\u00f3n manos libres. Este\u00a0ba\u00f1o port\u00e1til tiene un tanque de residuos, urinario y soporte de rollo de papel.   El modelo Reflow Plus model es una unidad de recirculaci\u00f3n con una bomba de pie manos libres  Dep\u00f3sito grande de 238 litros con sistema de descarga de recirculaci\u00f3n de la bomba de pie  Dise\u00f1o robusto de tanque y base  Cubierta articulada para facilitar la limpieza y el mantenimiento  La bomba de pie convenientemente est\u00e1 ubicada en una alcoba eliminando la exposici\u00f3n al tr\u00e1fico peatonal  El Glacier II presenta una pared lateral de un solo panel sin l\u00edneas de formaci\u00f3n y una superficie ultra lisa dentro y fuera.  Soporte giratorio para facilitar el mantenimiento\" \/>\n<meta property=\"og:url\" content=\"https:\/\/atlastoilets.com\/es\/producto\/bano-portatil-glacier-ii-reflow-plus-de-five-peaks\/\" \/>\n<meta property=\"og:site_name\" content=\"Atlas Sanitation Products\" \/>\n<meta property=\"article:modified_time\" content=\"2023-12-11T11:19:57+00:00\" \/>\n<meta property=\"og:image\" content=\"https:\/\/atlastoilets.com\/wp-content\/uploads\/2022\/03\/Recirculatie-toilet-4.jpg\" \/>\n\t<meta property=\"og:image:width\" content=\"1000\" \/>\n\t<meta property=\"og:image:height\" content=\"1000\" \/>\n\t<meta property=\"og:image:type\" content=\"image\/jpeg\" \/>\n<meta name=\"twitter:card\" content=\"summary_large_image\" \/>\n<meta name=\"twitter:label1\" content=\"Tiempo de lectura\" \/>\n\t<meta name=\"twitter:data1\" content=\"1 minuto\" \/>\n<script type=\"application\/ld+json\" class=\"yoast-schema-graph\">{\"@context\":\"https:\\\/\\\/schema.org\",\"@graph\":[{\"@type\":[\"WebPage\",\"ItemPage\"],\"@id\":\"https:\\\/\\\/atlastoilets.com\\\/es\\\/producto\\\/bano-portatil-glacier-ii-reflow-plus-de-five-peaks\\\/\",\"url\":\"https:\\\/\\\/atlastoilets.com\\\/es\\\/producto\\\/bano-portatil-glacier-ii-reflow-plus-de-five-peaks\\\/\",\"name\":\"Ba\u00f1o port\u00e1til Glacier II Reflow Plus de Five Peaks\",\"isPartOf\":{\"@id\":\"https:\\\/\\\/atlastoilets.com\\\/#website\"},\"primaryImageOfPage\":{\"@id\":\"https:\\\/\\\/atlastoilets.com\\\/es\\\/producto\\\/bano-portatil-glacier-ii-reflow-plus-de-five-peaks\\\/#primaryimage\"},\"image\":{\"@id\":\"https:\\\/\\\/atlastoilets.com\\\/es\\\/producto\\\/bano-portatil-glacier-ii-reflow-plus-de-five-peaks\\\/#primaryimage\"},\"thumbnailUrl\":\"https:\\\/\\\/atlastoilets.com\\\/wp-content\\\/uploads\\\/2022\\\/03\\\/Recirculatie-toilet-4.jpg\",\"datePublished\":\"2022-03-18T07:46:23+00:00\",\"dateModified\":\"2023-12-11T11:19:57+00:00\",\"breadcrumb\":{\"@id\":\"https:\\\/\\\/atlastoilets.com\\\/es\\\/producto\\\/bano-portatil-glacier-ii-reflow-plus-de-five-peaks\\\/#breadcrumb\"},\"inLanguage\":\"es\",\"potentialAction\":[{\"@type\":\"ReadAction\",\"target\":[\"https:\\\/\\\/atlastoilets.com\\\/es\\\/producto\\\/bano-portatil-glacier-ii-reflow-plus-de-five-peaks\\\/\"]}]},{\"@type\":\"ImageObject\",\"inLanguage\":\"es\",\"@id\":\"https:\\\/\\\/atlastoilets.com\\\/es\\\/producto\\\/bano-portatil-glacier-ii-reflow-plus-de-five-peaks\\\/#primaryimage\",\"url\":\"https:\\\/\\\/atlastoilets.com\\\/wp-content\\\/uploads\\\/2022\\\/03\\\/Recirculatie-toilet-4.jpg\",\"contentUrl\":\"https:\\\/\\\/atlastoilets.com\\\/wp-content\\\/uploads\\\/2022\\\/03\\\/Recirculatie-toilet-4.jpg\",\"width\":1000,\"height\":1000},{\"@type\":\"BreadcrumbList\",\"@id\":\"https:\\\/\\\/atlastoilets.com\\\/es\\\/producto\\\/bano-portatil-glacier-ii-reflow-plus-de-five-peaks\\\/#breadcrumb\",\"itemListElement\":[{\"@type\":\"ListItem\",\"position\":1,\"name\":\"Home\",\"item\":\"https:\\\/\\\/atlastoilets.com\\\/es\\\/\"},{\"@type\":\"ListItem\",\"position\":2,\"name\":\"Tienda\",\"item\":\"https:\\\/\\\/atlastoilets.com\\\/es\\\/tienda\\\/\"},{\"@type\":\"ListItem\",\"position\":3,\"name\":\"Ba\u00f1o port\u00e1til Glacier II Reflow Plus de Five Peaks\"}]},{\"@type\":\"WebSite\",\"@id\":\"https:\\\/\\\/atlastoilets.com\\\/#website\",\"url\":\"https:\\\/\\\/atlastoilets.com\\\/\",\"name\":\"Atlas Sanitation Products\",\"description\":\"Total supplier for toilet rental companies\",\"potentialAction\":[{\"@type\":\"SearchAction\",\"target\":{\"@type\":\"EntryPoint\",\"urlTemplate\":\"https:\\\/\\\/atlastoilets.com\\\/?s={search_term_string}\"},\"query-input\":{\"@type\":\"PropertyValueSpecification\",\"valueRequired\":true,\"valueName\":\"search_term_string\"}}],\"inLanguage\":\"es\"}]}<\/script>\n<!-- \/ Yoast SEO plugin. -->","yoast_head_json":{"title":"Ba\u00f1o port\u00e1til Glacier II Reflow Plus de Five Peaks","robots":{"index":"index","follow":"follow","max-snippet":"max-snippet:-1","max-image-preview":"max-image-preview:large","max-video-preview":"max-video-preview:-1"},"canonical":"https:\/\/atlastoilets.com\/es\/producto\/bano-portatil-glacier-ii-reflow-plus-de-five-peaks\/","og_locale":"es_ES","og_type":"article","og_title":"Ba\u00f1o port\u00e1til Glacier II Reflow Plus de Five Peaks","og_description":"El ba\u00f1o port\u00e1til Glacier II Reflow Plus est\u00e1 equipado con una bomba de pie de recirculaci\u00f3n manos libres. Este\u00a0ba\u00f1o port\u00e1til tiene un tanque de residuos, urinario y soporte de rollo de papel.   El modelo Reflow Plus model es una unidad de recirculaci\u00f3n con una bomba de pie manos libres  Dep\u00f3sito grande de 238 litros con sistema de descarga de recirculaci\u00f3n de la bomba de pie  Dise\u00f1o robusto de tanque y base  Cubierta articulada para facilitar la limpieza y el mantenimiento  La bomba de pie convenientemente est\u00e1 ubicada en una alcoba eliminando la exposici\u00f3n al tr\u00e1fico peatonal  El Glacier II presenta una pared lateral de un solo panel sin l\u00edneas de formaci\u00f3n y una superficie ultra lisa dentro y fuera.  Soporte giratorio para facilitar el mantenimiento","og_url":"https:\/\/atlastoilets.com\/es\/producto\/bano-portatil-glacier-ii-reflow-plus-de-five-peaks\/","og_site_name":"Atlas Sanitation Products","article_modified_time":"2023-12-11T11:19:57+00:00","og_image":[{"width":1000,"height":1000,"url":"https:\/\/atlastoilets.com\/wp-content\/uploads\/2022\/03\/Recirculatie-toilet-4.jpg","type":"image\/jpeg"}],"twitter_card":"summary_large_image","twitter_misc":{"Tiempo de lectura":"1 minuto"},"schema":{"@context":"https:\/\/schema.org","@graph":[{"@type":["WebPage","ItemPage"],"@id":"https:\/\/atlastoilets.com\/es\/producto\/bano-portatil-glacier-ii-reflow-plus-de-five-peaks\/","url":"https:\/\/atlastoilets.com\/es\/producto\/bano-portatil-glacier-ii-reflow-plus-de-five-peaks\/","name":"Ba\u00f1o port\u00e1til Glacier II Reflow Plus de Five Peaks","isPartOf":{"@id":"https:\/\/atlastoilets.com\/#website"},"primaryImageOfPage":{"@id":"https:\/\/atlastoilets.com\/es\/producto\/bano-portatil-glacier-ii-reflow-plus-de-five-peaks\/#primaryimage"},"image":{"@id":"https:\/\/atlastoilets.com\/es\/producto\/bano-portatil-glacier-ii-reflow-plus-de-five-peaks\/#primaryimage"},"thumbnailUrl":"https:\/\/atlastoilets.com\/wp-content\/uploads\/2022\/03\/Recirculatie-toilet-4.jpg","datePublished":"2022-03-18T07:46:23+00:00","dateModified":"2023-12-11T11:19:57+00:00","breadcrumb":{"@id":"https:\/\/atlastoilets.com\/es\/producto\/bano-portatil-glacier-ii-reflow-plus-de-five-peaks\/#breadcrumb"},"inLanguage":"es","potentialAction":[{"@type":"ReadAction","target":["https:\/\/atlastoilets.com\/es\/producto\/bano-portatil-glacier-ii-reflow-plus-de-five-peaks\/"]}]},{"@type":"ImageObject","inLanguage":"es","@id":"https:\/\/atlastoilets.com\/es\/producto\/bano-portatil-glacier-ii-reflow-plus-de-five-peaks\/#primaryimage","url":"https:\/\/atlastoilets.com\/wp-content\/uploads\/2022\/03\/Recirculatie-toilet-4.jpg","contentUrl":"https:\/\/atlastoilets.com\/wp-content\/uploads\/2022\/03\/Recirculatie-toilet-4.jpg","width":1000,"height":1000},{"@type":"BreadcrumbList","@id":"https:\/\/atlastoilets.com\/es\/producto\/bano-portatil-glacier-ii-reflow-plus-de-five-peaks\/#breadcrumb","itemListElement":[{"@type":"ListItem","position":1,"name":"Home","item":"https:\/\/atlastoilets.com\/es\/"},{"@type":"ListItem","position":2,"name":"Tienda","item":"https:\/\/atlastoilets.com\/es\/tienda\/"},{"@type":"ListItem","position":3,"name":"Ba\u00f1o port\u00e1til Glacier II Reflow Plus de Five Peaks"}]},{"@type":"WebSite","@id":"https:\/\/atlastoilets.com\/#website","url":"https:\/\/atlastoilets.com\/","name":"Atlas Sanitation Products","description":"Total supplier for toilet rental companies","potentialAction":[{"@type":"SearchAction","target":{"@type":"EntryPoint","urlTemplate":"https:\/\/atlastoilets.com\/?s={search_term_string}"},"query-input":{"@type":"PropertyValueSpecification","valueRequired":true,"valueName":"search_term_string"}}],"inLanguage":"es"}]}},"_links":{"self":[{"href":"https:\/\/atlastoilets.com\/es\/wp-json\/wp\/v2\/product\/21697","targetHints":{"allow":["GET"]}}],"collection":[{"href":"https:\/\/atlastoilets.com\/es\/wp-json\/wp\/v2\/product"}],"about":[{"href":"https:\/\/atlastoilets.com\/es\/wp-json\/wp\/v2\/types\/product"}],"wp:featuredmedia":[{"embeddable":true,"href":"https:\/\/atlastoilets.com\/es\/wp-json\/wp\/v2\/media\/29338"}],"wp:attachment":[{"href":"https:\/\/atlastoilets.com\/es\/wp-json\/wp\/v2\/media?parent=21697"}],"wp:term":[{"taxonomy":"product_brand","embeddable":true,"href":"https:\/\/atlastoilets.com\/es\/wp-json\/wp\/v2\/product_brand?post=21697"},{"taxonomy":"product_cat","embeddable":true,"href":"https:\/\/atlastoilets.com\/es\/wp-json\/wp\/v2\/product_cat?post=21697"},{"taxonomy":"product_tag","embeddable":true,"href":"https:\/\/atlastoilets.com\/es\/wp-json\/wp\/v2\/product_tag?post=21697"}],"curies":[{"name":"wp","href":"https:\/\/api.w.org\/{rel}","templated":true}]}}