{"id":21695,"date":"2022-03-18T07:46:23","date_gmt":"2022-03-18T07:46:23","guid":{"rendered":"https:\/\/www.mobileurinal.eu\/?post_type=product&#038;p=21695"},"modified":"2022-05-20T13:44:22","modified_gmt":"2022-05-20T13:44:22","slug":"bano-portatil-para-discapacitados","status":"publish","type":"product","link":"https:\/\/atlastoilets.com\/es\/producto\/bano-portatil-para-discapacitados\/","title":{"rendered":"Ba\u00f1o para discapacitados Comfort XL de PolyJohn"},"content":{"rendered":"<p><span class=\"hps\">El <span id=\"result_box\" class=\"\" lang=\"es\">B<span id=\"result_box\" class=\"short_text\" lang=\"es\">a\u00f1o<\/span><\/span> port\u00e1til para discapacitados Comfort XL proporciona un c\u00f3modo acceso para personas con discapacidad f\u00edsica o movilidad limitada, especialmente usuarios de sillas de ruedas.<br \/>\nLas personas con<\/span> <span class=\"hps\">discapacidad f\u00edsica<\/span> <span class=\"hps\">o movilidad reducida<\/span>, en especial <span class=\"hps\">a los usuarios<\/span> <span class=\"hps\">de sillas de ruedas<\/span>, <span class=\"hps\">pueden contar con el b<span id=\"result_box\" class=\"\" lang=\"es\"><span id=\"result_box\" class=\"short_text\" lang=\"es\">a\u00f1o<\/span><\/span> port\u00e1til para discapacitados<\/span>\u00a0<span class=\"hps\">Poly<\/span><span class=\"hps\">John<\/span> <span class=\"hps\">Comfort<\/span> <span class=\"hps\">XL<\/span> <span class=\"hps\">por<\/span> <span class=\"hps\">instalaciones<\/span> <span class=\"hps\">sanitarias<\/span> <span class=\"hps\">seguras<\/span><span class=\"\">,<\/span> <span class=\"hps\">c\u00f3modas y pr\u00e1cticas<\/span>. <span class=\"hps\">En los eventos<\/span> <span class=\"hps\">p\u00fablicos y privados<\/span>, <span class=\"hps\">formales o informales<\/span><span class=\"\">, de la boda<\/span>, concierto, <span class=\"hps\">exposici\u00f3n,<\/span> <span class=\"hps\">festival o<\/span> <span class=\"hps\">partido,<\/span> <span class=\"hps\">son<\/span> <span class=\"hps\">minusv\u00e1lidas<\/span> <span class=\"hps\">ba\u00f1os no<\/span> <span class=\"hps\">son s\u00f3lo<\/span> <span class=\"hps\">los extras<\/span>, <span class=\"hps\">que son esenciales<\/span>.<\/p>\n<p><span class=\"hps\">De hecho<\/span>, <span class=\"hps\">cada usuario que<\/span> <span class=\"hps\">requiere m\u00e1s espacio<\/span>, accesibilidad <span class=\"hps\">y facilidad de uso<\/span> <span class=\"hps\">se puede<\/span> <span class=\"hps\">apreciar este<\/span> b<span id=\"result_box\" class=\"short_text\" lang=\"es\"><span class=\"hps\">a\u00f1o<\/span><\/span><span class=\"hps\">.<\/span><\/p>\n<p><span class=\"hps\">Caracter\u00edsticas:<\/span><br \/>\n<span class=\"hps\">\u2022<\/span> <span class=\"hps\">Interior con<\/span> <span class=\"hps\">casi<\/span> <span class=\"hps\">5<\/span> <span class=\"hps\">planta cuadrada<\/span><br \/>\n<span class=\"hps\">\u2022<\/span> <span class=\"hps\">Demasiado grande,<\/span> <span class=\"hps\">puerta<\/span> <span class=\"hps\">de cierre autom\u00e1tico<\/span><br \/>\n<span class=\"hps\">\u2022<\/span> <span class=\"hps\">plantas<\/span>, <span class=\"hps\">suelo plano<\/span><br \/>\n<span class=\"hps\">\u2022<\/span> <span class=\"hps\">barandillas<\/span> <span class=\"hps\">interiores<\/span><\/p>\n","protected":false},"excerpt":{"rendered":"<p><span class=\"hps\">Las personas con<\/span> <span class=\"hps\">discapacidad f\u00edsica<\/span> <span class=\"hps\">o movilidad reducida<\/span>, en especial <span class=\"hps\">a los usuarios<\/span> <span class=\"hps\">de sillas de ruedas<\/span>, <span class=\"hps\">pueden contar con el<\/span> <span class=\"hps\">b<span id=\"result_box\" class=\"short_text\" lang=\"es\">a\u00f1o<\/span> port\u00e1til <\/span> <span class=\"hps\">minusv\u00e1lidos<\/span> <span class=\"hps\">Poly<\/span><span class=\"hps\">John<\/span> <span class=\"hps\">Comfort<\/span> <span class=\"hps\">XL<\/span> <span class=\"hps\">por<\/span> <span class=\"hps\">instalaciones<\/span> <span class=\"hps\">sanitarias<\/span> <span class=\"hps\">seguras<\/span><span class=\"\">,<\/span> <span class=\"hps\">c\u00f3modas y pr\u00e1cticas<\/span>. <span class=\"hps\">En los eventos<\/span> <span class=\"hps\">p\u00fablicos y privados<\/span>, <span class=\"hps\">formales o informales<\/span><span class=\"\">, de la boda<\/span>, concierto, <span class=\"hps\">exposici\u00f3n,<\/span> <span class=\"hps\">festival o<\/span> <span class=\"hps\">partido,<\/span> <span class=\"hps\">son<\/span> <span class=\"hps\">minusv\u00e1lidas<\/span> <span class=\"hps\">ba\u00f1os no<\/span> <span class=\"hps\">son s\u00f3lo<\/span> <span class=\"hps\">los extras<\/span>, <span class=\"hps\">que son esenciales<\/span>.<\/p>\n","protected":false},"featured_media":21699,"template":"","meta":[],"product_brand":[],"product_cat":[1279],"product_tag":[],"class_list":{"0":"post-21695","1":"product","2":"type-product","3":"status-publish","4":"has-post-thumbnail","6":"product_cat-banos-para-discapacitados","8":"first","9":"instock","10":"taxable","11":"shipping-taxable","12":"purchasable","13":"product-type-variable","14":"has-default-attributes"},"yoast_head":"<!-- This site is optimized with the Yoast SEO plugin v27.4 - https:\/\/yoast.com\/product\/yoast-seo-wordpress\/ -->\n<title>Ba\u00f1o port\u00e1til para discapacitados Comfort XL de PolyJohn<\/title>\n<meta name=\"description\" content=\"El Ba\u00f1o port\u00e1til para discapacitados Comfort XL proporciona un c\u00f3modo acceso para personas con discapacidad f\u00edsica o movilidad limitada\" \/>\n<meta name=\"robots\" content=\"index, follow, max-snippet:-1, max-image-preview:large, max-video-preview:-1\" \/>\n<link rel=\"canonical\" href=\"https:\/\/atlastoilets.com\/es\/producto\/bano-portatil-para-discapacitados\/\" \/>\n<meta property=\"og:locale\" content=\"es_ES\" \/>\n<meta property=\"og:type\" content=\"article\" \/>\n<meta property=\"og:title\" content=\"Ba\u00f1o port\u00e1til para discapacitados Comfort XL de PolyJohn\" \/>\n<meta property=\"og:description\" content=\"El Ba\u00f1o port\u00e1til para discapacitados Comfort XL proporciona un c\u00f3modo acceso para personas con discapacidad f\u00edsica o movilidad limitada\" \/>\n<meta property=\"og:url\" content=\"https:\/\/atlastoilets.com\/es\/producto\/bano-portatil-para-discapacitados\/\" \/>\n<meta property=\"og:site_name\" content=\"Atlas Sanitation Products\" \/>\n<meta property=\"article:modified_time\" content=\"2022-05-20T13:44:22+00:00\" \/>\n<meta property=\"og:image\" content=\"https:\/\/atlastoilets.com\/wp-content\/uploads\/2022\/03\/PolyJohns-handicap-toilet-3.jpg\" \/>\n\t<meta property=\"og:image:width\" content=\"1000\" \/>\n\t<meta property=\"og:image:height\" content=\"1000\" \/>\n\t<meta property=\"og:image:type\" content=\"image\/jpeg\" \/>\n<meta name=\"twitter:card\" content=\"summary_large_image\" \/>\n<meta name=\"twitter:label1\" content=\"Tiempo de lectura\" \/>\n\t<meta name=\"twitter:data1\" content=\"1 minuto\" \/>\n<script type=\"application\/ld+json\" class=\"yoast-schema-graph\">{\"@context\":\"https:\\\/\\\/schema.org\",\"@graph\":[{\"@type\":[\"WebPage\",\"ItemPage\"],\"@id\":\"https:\\\/\\\/atlastoilets.com\\\/es\\\/producto\\\/bano-portatil-para-discapacitados\\\/\",\"url\":\"https:\\\/\\\/atlastoilets.com\\\/es\\\/producto\\\/bano-portatil-para-discapacitados\\\/\",\"name\":\"Ba\u00f1o port\u00e1til para discapacitados Comfort XL de PolyJohn\",\"isPartOf\":{\"@id\":\"https:\\\/\\\/atlastoilets.com\\\/#website\"},\"primaryImageOfPage\":{\"@id\":\"https:\\\/\\\/atlastoilets.com\\\/es\\\/producto\\\/bano-portatil-para-discapacitados\\\/#primaryimage\"},\"image\":{\"@id\":\"https:\\\/\\\/atlastoilets.com\\\/es\\\/producto\\\/bano-portatil-para-discapacitados\\\/#primaryimage\"},\"thumbnailUrl\":\"https:\\\/\\\/atlastoilets.com\\\/wp-content\\\/uploads\\\/2022\\\/03\\\/PolyJohns-handicap-toilet-3.jpg\",\"datePublished\":\"2022-03-18T07:46:23+00:00\",\"dateModified\":\"2022-05-20T13:44:22+00:00\",\"description\":\"El Ba\u00f1o port\u00e1til para discapacitados Comfort XL proporciona un c\u00f3modo acceso para personas con discapacidad f\u00edsica o movilidad limitada\",\"breadcrumb\":{\"@id\":\"https:\\\/\\\/atlastoilets.com\\\/es\\\/producto\\\/bano-portatil-para-discapacitados\\\/#breadcrumb\"},\"inLanguage\":\"es\",\"potentialAction\":[{\"@type\":\"ReadAction\",\"target\":[\"https:\\\/\\\/atlastoilets.com\\\/es\\\/producto\\\/bano-portatil-para-discapacitados\\\/\"]}]},{\"@type\":\"ImageObject\",\"inLanguage\":\"es\",\"@id\":\"https:\\\/\\\/atlastoilets.com\\\/es\\\/producto\\\/bano-portatil-para-discapacitados\\\/#primaryimage\",\"url\":\"https:\\\/\\\/atlastoilets.com\\\/wp-content\\\/uploads\\\/2022\\\/03\\\/PolyJohns-handicap-toilet-3.jpg\",\"contentUrl\":\"https:\\\/\\\/atlastoilets.com\\\/wp-content\\\/uploads\\\/2022\\\/03\\\/PolyJohns-handicap-toilet-3.jpg\",\"width\":1000,\"height\":1000,\"caption\":\"Ba\u00f1o port\u00e1til para discapacitados\"},{\"@type\":\"BreadcrumbList\",\"@id\":\"https:\\\/\\\/atlastoilets.com\\\/es\\\/producto\\\/bano-portatil-para-discapacitados\\\/#breadcrumb\",\"itemListElement\":[{\"@type\":\"ListItem\",\"position\":1,\"name\":\"Home\",\"item\":\"https:\\\/\\\/atlastoilets.com\\\/es\\\/\"},{\"@type\":\"ListItem\",\"position\":2,\"name\":\"Tienda\",\"item\":\"https:\\\/\\\/atlastoilets.com\\\/es\\\/tienda\\\/\"},{\"@type\":\"ListItem\",\"position\":3,\"name\":\"Ba\u00f1o para discapacitados Comfort XL de PolyJohn\"}]},{\"@type\":\"WebSite\",\"@id\":\"https:\\\/\\\/atlastoilets.com\\\/#website\",\"url\":\"https:\\\/\\\/atlastoilets.com\\\/\",\"name\":\"Atlas Sanitation Products\",\"description\":\"Total supplier for toilet rental companies\",\"potentialAction\":[{\"@type\":\"SearchAction\",\"target\":{\"@type\":\"EntryPoint\",\"urlTemplate\":\"https:\\\/\\\/atlastoilets.com\\\/?s={search_term_string}\"},\"query-input\":{\"@type\":\"PropertyValueSpecification\",\"valueRequired\":true,\"valueName\":\"search_term_string\"}}],\"inLanguage\":\"es\"}]}<\/script>\n<!-- \/ Yoast SEO plugin. -->","yoast_head_json":{"title":"Ba\u00f1o port\u00e1til para discapacitados Comfort XL de PolyJohn","description":"El Ba\u00f1o port\u00e1til para discapacitados Comfort XL proporciona un c\u00f3modo acceso para personas con discapacidad f\u00edsica o movilidad limitada","robots":{"index":"index","follow":"follow","max-snippet":"max-snippet:-1","max-image-preview":"max-image-preview:large","max-video-preview":"max-video-preview:-1"},"canonical":"https:\/\/atlastoilets.com\/es\/producto\/bano-portatil-para-discapacitados\/","og_locale":"es_ES","og_type":"article","og_title":"Ba\u00f1o port\u00e1til para discapacitados Comfort XL de PolyJohn","og_description":"El Ba\u00f1o port\u00e1til para discapacitados Comfort XL proporciona un c\u00f3modo acceso para personas con discapacidad f\u00edsica o movilidad limitada","og_url":"https:\/\/atlastoilets.com\/es\/producto\/bano-portatil-para-discapacitados\/","og_site_name":"Atlas Sanitation Products","article_modified_time":"2022-05-20T13:44:22+00:00","og_image":[{"width":1000,"height":1000,"url":"https:\/\/atlastoilets.com\/wp-content\/uploads\/2022\/03\/PolyJohns-handicap-toilet-3.jpg","type":"image\/jpeg"}],"twitter_card":"summary_large_image","twitter_misc":{"Tiempo de lectura":"1 minuto"},"schema":{"@context":"https:\/\/schema.org","@graph":[{"@type":["WebPage","ItemPage"],"@id":"https:\/\/atlastoilets.com\/es\/producto\/bano-portatil-para-discapacitados\/","url":"https:\/\/atlastoilets.com\/es\/producto\/bano-portatil-para-discapacitados\/","name":"Ba\u00f1o port\u00e1til para discapacitados Comfort XL de PolyJohn","isPartOf":{"@id":"https:\/\/atlastoilets.com\/#website"},"primaryImageOfPage":{"@id":"https:\/\/atlastoilets.com\/es\/producto\/bano-portatil-para-discapacitados\/#primaryimage"},"image":{"@id":"https:\/\/atlastoilets.com\/es\/producto\/bano-portatil-para-discapacitados\/#primaryimage"},"thumbnailUrl":"https:\/\/atlastoilets.com\/wp-content\/uploads\/2022\/03\/PolyJohns-handicap-toilet-3.jpg","datePublished":"2022-03-18T07:46:23+00:00","dateModified":"2022-05-20T13:44:22+00:00","description":"El Ba\u00f1o port\u00e1til para discapacitados Comfort XL proporciona un c\u00f3modo acceso para personas con discapacidad f\u00edsica o movilidad limitada","breadcrumb":{"@id":"https:\/\/atlastoilets.com\/es\/producto\/bano-portatil-para-discapacitados\/#breadcrumb"},"inLanguage":"es","potentialAction":[{"@type":"ReadAction","target":["https:\/\/atlastoilets.com\/es\/producto\/bano-portatil-para-discapacitados\/"]}]},{"@type":"ImageObject","inLanguage":"es","@id":"https:\/\/atlastoilets.com\/es\/producto\/bano-portatil-para-discapacitados\/#primaryimage","url":"https:\/\/atlastoilets.com\/wp-content\/uploads\/2022\/03\/PolyJohns-handicap-toilet-3.jpg","contentUrl":"https:\/\/atlastoilets.com\/wp-content\/uploads\/2022\/03\/PolyJohns-handicap-toilet-3.jpg","width":1000,"height":1000,"caption":"Ba\u00f1o port\u00e1til para discapacitados"},{"@type":"BreadcrumbList","@id":"https:\/\/atlastoilets.com\/es\/producto\/bano-portatil-para-discapacitados\/#breadcrumb","itemListElement":[{"@type":"ListItem","position":1,"name":"Home","item":"https:\/\/atlastoilets.com\/es\/"},{"@type":"ListItem","position":2,"name":"Tienda","item":"https:\/\/atlastoilets.com\/es\/tienda\/"},{"@type":"ListItem","position":3,"name":"Ba\u00f1o para discapacitados Comfort XL de PolyJohn"}]},{"@type":"WebSite","@id":"https:\/\/atlastoilets.com\/#website","url":"https:\/\/atlastoilets.com\/","name":"Atlas Sanitation Products","description":"Total supplier for toilet rental companies","potentialAction":[{"@type":"SearchAction","target":{"@type":"EntryPoint","urlTemplate":"https:\/\/atlastoilets.com\/?s={search_term_string}"},"query-input":{"@type":"PropertyValueSpecification","valueRequired":true,"valueName":"search_term_string"}}],"inLanguage":"es"}]}},"_links":{"self":[{"href":"https:\/\/atlastoilets.com\/es\/wp-json\/wp\/v2\/product\/21695","targetHints":{"allow":["GET"]}}],"collection":[{"href":"https:\/\/atlastoilets.com\/es\/wp-json\/wp\/v2\/product"}],"about":[{"href":"https:\/\/atlastoilets.com\/es\/wp-json\/wp\/v2\/types\/product"}],"wp:featuredmedia":[{"embeddable":true,"href":"https:\/\/atlastoilets.com\/es\/wp-json\/wp\/v2\/media\/21699"}],"wp:attachment":[{"href":"https:\/\/atlastoilets.com\/es\/wp-json\/wp\/v2\/media?parent=21695"}],"wp:term":[{"taxonomy":"product_brand","embeddable":true,"href":"https:\/\/atlastoilets.com\/es\/wp-json\/wp\/v2\/product_brand?post=21695"},{"taxonomy":"product_cat","embeddable":true,"href":"https:\/\/atlastoilets.com\/es\/wp-json\/wp\/v2\/product_cat?post=21695"},{"taxonomy":"product_tag","embeddable":true,"href":"https:\/\/atlastoilets.com\/es\/wp-json\/wp\/v2\/product_tag?post=21695"}],"curies":[{"name":"wp","href":"https:\/\/api.w.org\/{rel}","templated":true}]}}