{"id":20324,"date":"2022-03-07T13:41:25","date_gmt":"2022-03-07T13:41:25","guid":{"rendered":"https:\/\/www.mobileurinal.eu\/product\/estacion-de-lavamanos-interior-obbe-1\/"},"modified":"2022-08-12T09:21:54","modified_gmt":"2022-08-12T09:21:54","slug":"lavamanos-universal","status":"publish","type":"product","link":"https:\/\/atlastoilets.com\/es\/producto\/lavamanos-universal\/","title":{"rendered":"Estaci\u00f3n de lavamanos interior Obbe 1"},"content":{"rendered":"<p><img loading=\"lazy\" decoding=\"async\" class=\"alignright size-full wp-image-30107\" src=\"https:\/\/atlastoilets.com\/wp-content\/uploads\/2022\/03\/LOGO-obbehandwash-1.jpg\" alt=\"obbe lavamanos logo\" width=\"227\" height=\"100\" \/>El lavamanos universal Obbe es una estaci\u00f3n que cabe en todas las marcas y modelos de ba\u00f1os port\u00e1tiles.<br \/>\nEl Obbe 2 se puede situar en la izquierda o el derecho de la taza del ba\u00f1o.<br \/>\nLos residuos pueden es drenado a el\u00a0dep\u00f3sito de desechos\u00a0\u00a0o en cualquier otra forma posible.<\/p>\n<p>Presupuesto:<br \/>\n\u2022\u00a0Altura: 1.100 mm<br \/>\n\u2022\u00a0Ancho: 380 mm<br \/>\n\u2022\u00a0Profundidad: 205 mm<br \/>\n\u2022\u00a0Capacidad de agua dulce: 34 litros<br \/>\n\u2022\u00a0Disponible en: gris y granito<\/p>\n<p>El Obbe viene con:<br \/>\n\u2022\u00a0Bomba de pie<br \/>\n\u2022\u00a0Mangueras para la fijaci\u00f3n a el\u00a0dep\u00f3sito de desechos<\/p>\n","protected":false},"excerpt":{"rendered":"<p><img loading=\"lazy\" decoding=\"async\" class=\"alignright size-full wp-image-30107\" src=\"https:\/\/atlastoilets.com\/wp-content\/uploads\/2022\/03\/LOGO-obbehandwash-1.jpg\" alt=\"obbe lavamanos logo\" width=\"227\" height=\"100\" \/>El lavado de manos Obbe es una estaci\u00f3n que cabe en todas las marcas y modelos de ba\u00f1os port\u00e1tiles.<br \/>\nEl Obbe se puede situar en la izquierda o el derecho de la taza del ba\u00f1o.<br \/>\nLos residuos pueden es drenado a el\u00a0dep\u00f3sito de desechos\u00a0\u00a0o en cualquier otra forma posible.<\/p>\n","protected":false},"featured_media":26506,"template":"","meta":[],"product_brand":[],"product_cat":[858,862,912],"product_tag":[1033],"class_list":{"0":"post-20324","1":"product","2":"type-product","3":"status-publish","4":"has-post-thumbnail","6":"product_cat-lavamanos","7":"product_cat-lavamanos-integrados","8":"product_cat-repuestos-para-casetas-remolques","9":"product_tag-obbe-es","11":"first","12":"instock","13":"taxable","14":"shipping-taxable","15":"purchasable","16":"product-type-simple"},"yoast_head":"<!-- This site is optimized with the Yoast SEO plugin v27.4 - https:\/\/yoast.com\/product\/yoast-seo-wordpress\/ -->\n<title>Lavamanos universal Obbe<\/title>\n<meta name=\"description\" content=\"Lavamanos universal Obbe es una estaci\u00f3n que cabe en todas las marcas y modelos de ba\u00f1os port\u00e1tiles, en la izquierda o el derecho de la taza.\" \/>\n<meta name=\"robots\" content=\"index, follow, max-snippet:-1, max-image-preview:large, max-video-preview:-1\" \/>\n<link rel=\"canonical\" href=\"https:\/\/atlastoilets.com\/es\/producto\/lavamanos-universal\/\" \/>\n<meta property=\"og:locale\" content=\"es_ES\" \/>\n<meta property=\"og:type\" content=\"article\" \/>\n<meta property=\"og:title\" content=\"Lavamanos universal Obbe\" \/>\n<meta property=\"og:description\" content=\"Lavamanos universal Obbe es una estaci\u00f3n que cabe en todas las marcas y modelos de ba\u00f1os port\u00e1tiles, en la izquierda o el derecho de la taza.\" \/>\n<meta property=\"og:url\" content=\"https:\/\/atlastoilets.com\/es\/producto\/lavamanos-universal\/\" \/>\n<meta property=\"og:site_name\" content=\"Atlas Sanitation Products\" \/>\n<meta property=\"article:modified_time\" content=\"2022-08-12T09:21:54+00:00\" \/>\n<meta property=\"og:image\" content=\"https:\/\/atlastoilets.com\/wp-content\/uploads\/2022\/03\/hand-wash-unit-obbe.jpg\" \/>\n\t<meta property=\"og:image:width\" content=\"1000\" \/>\n\t<meta property=\"og:image:height\" content=\"1000\" \/>\n\t<meta property=\"og:image:type\" content=\"image\/jpeg\" \/>\n<meta name=\"twitter:card\" content=\"summary_large_image\" \/>\n<meta name=\"twitter:label1\" content=\"Tiempo de lectura\" \/>\n\t<meta name=\"twitter:data1\" content=\"1 minuto\" \/>\n<script type=\"application\/ld+json\" class=\"yoast-schema-graph\">{\"@context\":\"https:\\\/\\\/schema.org\",\"@graph\":[{\"@type\":[\"WebPage\",\"ItemPage\"],\"@id\":\"https:\\\/\\\/atlastoilets.com\\\/es\\\/producto\\\/lavamanos-universal\\\/\",\"url\":\"https:\\\/\\\/atlastoilets.com\\\/es\\\/producto\\\/lavamanos-universal\\\/\",\"name\":\"Lavamanos universal Obbe\",\"isPartOf\":{\"@id\":\"https:\\\/\\\/atlastoilets.com\\\/#website\"},\"primaryImageOfPage\":{\"@id\":\"https:\\\/\\\/atlastoilets.com\\\/es\\\/producto\\\/lavamanos-universal\\\/#primaryimage\"},\"image\":{\"@id\":\"https:\\\/\\\/atlastoilets.com\\\/es\\\/producto\\\/lavamanos-universal\\\/#primaryimage\"},\"thumbnailUrl\":\"https:\\\/\\\/atlastoilets.com\\\/wp-content\\\/uploads\\\/2022\\\/03\\\/hand-wash-unit-obbe.jpg\",\"datePublished\":\"2022-03-07T13:41:25+00:00\",\"dateModified\":\"2022-08-12T09:21:54+00:00\",\"description\":\"Lavamanos universal Obbe es una estaci\u00f3n que cabe en todas las marcas y modelos de ba\u00f1os port\u00e1tiles, en la izquierda o el derecho de la taza.\",\"breadcrumb\":{\"@id\":\"https:\\\/\\\/atlastoilets.com\\\/es\\\/producto\\\/lavamanos-universal\\\/#breadcrumb\"},\"inLanguage\":\"es\",\"potentialAction\":[{\"@type\":\"ReadAction\",\"target\":[\"https:\\\/\\\/atlastoilets.com\\\/es\\\/producto\\\/lavamanos-universal\\\/\"]}]},{\"@type\":\"ImageObject\",\"inLanguage\":\"es\",\"@id\":\"https:\\\/\\\/atlastoilets.com\\\/es\\\/producto\\\/lavamanos-universal\\\/#primaryimage\",\"url\":\"https:\\\/\\\/atlastoilets.com\\\/wp-content\\\/uploads\\\/2022\\\/03\\\/hand-wash-unit-obbe.jpg\",\"contentUrl\":\"https:\\\/\\\/atlastoilets.com\\\/wp-content\\\/uploads\\\/2022\\\/03\\\/hand-wash-unit-obbe.jpg\",\"width\":1000,\"height\":1000,\"caption\":\"Goma para bomba de pie Whale\"},{\"@type\":\"BreadcrumbList\",\"@id\":\"https:\\\/\\\/atlastoilets.com\\\/es\\\/producto\\\/lavamanos-universal\\\/#breadcrumb\",\"itemListElement\":[{\"@type\":\"ListItem\",\"position\":1,\"name\":\"Home\",\"item\":\"https:\\\/\\\/atlastoilets.com\\\/es\\\/\"},{\"@type\":\"ListItem\",\"position\":2,\"name\":\"Tienda\",\"item\":\"https:\\\/\\\/atlastoilets.com\\\/es\\\/tienda\\\/\"},{\"@type\":\"ListItem\",\"position\":3,\"name\":\"Estaci\u00f3n de lavamanos interior Obbe 1\"}]},{\"@type\":\"WebSite\",\"@id\":\"https:\\\/\\\/atlastoilets.com\\\/#website\",\"url\":\"https:\\\/\\\/atlastoilets.com\\\/\",\"name\":\"Atlas Sanitation Products\",\"description\":\"Total supplier for toilet rental companies\",\"potentialAction\":[{\"@type\":\"SearchAction\",\"target\":{\"@type\":\"EntryPoint\",\"urlTemplate\":\"https:\\\/\\\/atlastoilets.com\\\/?s={search_term_string}\"},\"query-input\":{\"@type\":\"PropertyValueSpecification\",\"valueRequired\":true,\"valueName\":\"search_term_string\"}}],\"inLanguage\":\"es\"}]}<\/script>\n<!-- \/ Yoast SEO plugin. -->","yoast_head_json":{"title":"Lavamanos universal Obbe","description":"Lavamanos universal Obbe es una estaci\u00f3n que cabe en todas las marcas y modelos de ba\u00f1os port\u00e1tiles, en la izquierda o el derecho de la taza.","robots":{"index":"index","follow":"follow","max-snippet":"max-snippet:-1","max-image-preview":"max-image-preview:large","max-video-preview":"max-video-preview:-1"},"canonical":"https:\/\/atlastoilets.com\/es\/producto\/lavamanos-universal\/","og_locale":"es_ES","og_type":"article","og_title":"Lavamanos universal Obbe","og_description":"Lavamanos universal Obbe es una estaci\u00f3n que cabe en todas las marcas y modelos de ba\u00f1os port\u00e1tiles, en la izquierda o el derecho de la taza.","og_url":"https:\/\/atlastoilets.com\/es\/producto\/lavamanos-universal\/","og_site_name":"Atlas Sanitation Products","article_modified_time":"2022-08-12T09:21:54+00:00","og_image":[{"width":1000,"height":1000,"url":"https:\/\/atlastoilets.com\/wp-content\/uploads\/2022\/03\/hand-wash-unit-obbe.jpg","type":"image\/jpeg"}],"twitter_card":"summary_large_image","twitter_misc":{"Tiempo de lectura":"1 minuto"},"schema":{"@context":"https:\/\/schema.org","@graph":[{"@type":["WebPage","ItemPage"],"@id":"https:\/\/atlastoilets.com\/es\/producto\/lavamanos-universal\/","url":"https:\/\/atlastoilets.com\/es\/producto\/lavamanos-universal\/","name":"Lavamanos universal Obbe","isPartOf":{"@id":"https:\/\/atlastoilets.com\/#website"},"primaryImageOfPage":{"@id":"https:\/\/atlastoilets.com\/es\/producto\/lavamanos-universal\/#primaryimage"},"image":{"@id":"https:\/\/atlastoilets.com\/es\/producto\/lavamanos-universal\/#primaryimage"},"thumbnailUrl":"https:\/\/atlastoilets.com\/wp-content\/uploads\/2022\/03\/hand-wash-unit-obbe.jpg","datePublished":"2022-03-07T13:41:25+00:00","dateModified":"2022-08-12T09:21:54+00:00","description":"Lavamanos universal Obbe es una estaci\u00f3n que cabe en todas las marcas y modelos de ba\u00f1os port\u00e1tiles, en la izquierda o el derecho de la taza.","breadcrumb":{"@id":"https:\/\/atlastoilets.com\/es\/producto\/lavamanos-universal\/#breadcrumb"},"inLanguage":"es","potentialAction":[{"@type":"ReadAction","target":["https:\/\/atlastoilets.com\/es\/producto\/lavamanos-universal\/"]}]},{"@type":"ImageObject","inLanguage":"es","@id":"https:\/\/atlastoilets.com\/es\/producto\/lavamanos-universal\/#primaryimage","url":"https:\/\/atlastoilets.com\/wp-content\/uploads\/2022\/03\/hand-wash-unit-obbe.jpg","contentUrl":"https:\/\/atlastoilets.com\/wp-content\/uploads\/2022\/03\/hand-wash-unit-obbe.jpg","width":1000,"height":1000,"caption":"Goma para bomba de pie Whale"},{"@type":"BreadcrumbList","@id":"https:\/\/atlastoilets.com\/es\/producto\/lavamanos-universal\/#breadcrumb","itemListElement":[{"@type":"ListItem","position":1,"name":"Home","item":"https:\/\/atlastoilets.com\/es\/"},{"@type":"ListItem","position":2,"name":"Tienda","item":"https:\/\/atlastoilets.com\/es\/tienda\/"},{"@type":"ListItem","position":3,"name":"Estaci\u00f3n de lavamanos interior Obbe 1"}]},{"@type":"WebSite","@id":"https:\/\/atlastoilets.com\/#website","url":"https:\/\/atlastoilets.com\/","name":"Atlas Sanitation Products","description":"Total supplier for toilet rental companies","potentialAction":[{"@type":"SearchAction","target":{"@type":"EntryPoint","urlTemplate":"https:\/\/atlastoilets.com\/?s={search_term_string}"},"query-input":{"@type":"PropertyValueSpecification","valueRequired":true,"valueName":"search_term_string"}}],"inLanguage":"es"}]}},"_links":{"self":[{"href":"https:\/\/atlastoilets.com\/es\/wp-json\/wp\/v2\/product\/20324","targetHints":{"allow":["GET"]}}],"collection":[{"href":"https:\/\/atlastoilets.com\/es\/wp-json\/wp\/v2\/product"}],"about":[{"href":"https:\/\/atlastoilets.com\/es\/wp-json\/wp\/v2\/types\/product"}],"wp:featuredmedia":[{"embeddable":true,"href":"https:\/\/atlastoilets.com\/es\/wp-json\/wp\/v2\/media\/26506"}],"wp:attachment":[{"href":"https:\/\/atlastoilets.com\/es\/wp-json\/wp\/v2\/media?parent=20324"}],"wp:term":[{"taxonomy":"product_brand","embeddable":true,"href":"https:\/\/atlastoilets.com\/es\/wp-json\/wp\/v2\/product_brand?post=20324"},{"taxonomy":"product_cat","embeddable":true,"href":"https:\/\/atlastoilets.com\/es\/wp-json\/wp\/v2\/product_cat?post=20324"},{"taxonomy":"product_tag","embeddable":true,"href":"https:\/\/atlastoilets.com\/es\/wp-json\/wp\/v2\/product_tag?post=20324"}],"curies":[{"name":"wp","href":"https:\/\/api.w.org\/{rel}","templated":true}]}}