{"id":20319,"date":"2022-03-07T13:41:25","date_gmt":"2022-03-07T13:41:25","guid":{"rendered":"https:\/\/www.mobileurinal.eu\/product\/pee-flush\/"},"modified":"2022-08-12T08:24:50","modified_gmt":"2022-08-12T08:24:50","slug":"urinario-con-funcion-de-descarga","status":"publish","type":"product","link":"https:\/\/atlastoilets.com\/es\/producto\/urinario-con-funcion-de-descarga\/","title":{"rendered":"Pee Flush"},"content":{"rendered":"<p>Urinario con funci\u00f3n de descarga, un urinario incorporado con dep\u00f3sito de agua dulce, adecuado para ba\u00f1os port\u00e1tiles de todas las marcas y marcas.<br \/>\nNuestro nuevo urinario rasante de agua dulce es un urinario integrado para ba\u00f1os de todas las marcas.<br \/>\nUna bomba de pie permite el lavado del dep\u00f3sito de 11,5 litros, despu\u00e9s de lo cual el agua se drena al tanque de desechos del ba\u00f1o.<br \/>\nDebido a su dise\u00f1o delgado, el Pee Flush solo ocupa un espacio de piso muy limitado, sin limitar el espacio de la persona que usa el inodoro.<\/p>\n<p>Altura x Ancho x Profundidad: 1054 x 192 x 240 mm<br \/>\nCapacidad: 11,5 litros<\/p>\n","protected":false},"excerpt":{"rendered":"<p><img loading=\"lazy\" decoding=\"async\" class=\"alignright size-full wp-image-30172\" src=\"https:\/\/atlastoilets.com\/wp-content\/uploads\/2022\/03\/Peeflush-logo-1.png\" alt=\"pee flush logo\" width=\"222\" height=\"131\" \/>Nuestro nuevo urinario rasante de agua dulce es un urinario integrado para ba\u00f1os de todas las marcas.<br \/>\nUna bomba de pie permite el lavado del dep\u00f3sito de 11,5 litros, despu\u00e9s de lo cual el agua se drena al tanque de desechos del ba\u00f1o.<\/p>\n","protected":false},"featured_media":26483,"template":"","meta":[],"product_brand":[],"product_cat":[846],"product_tag":[],"class_list":{"0":"post-20319","1":"product","2":"type-product","3":"status-publish","4":"has-post-thumbnail","6":"product_cat-urinarios-para-1-persona","8":"first","9":"instock","10":"taxable","11":"shipping-taxable","12":"purchasable","13":"product-type-simple"},"yoast_head":"<!-- This site is optimized with the Yoast SEO plugin v27.4 - https:\/\/yoast.com\/product\/yoast-seo-wordpress\/ -->\n<title>Urinario con funci\u00f3n de descarga<\/title>\n<meta name=\"description\" content=\"Urinario con funci\u00f3n de descarga, un urinario incorporado con dep\u00f3sito de agua dulce, adecuado para banos m\u00f3viles de todas las marcas y marcas\" \/>\n<meta name=\"robots\" content=\"index, follow, max-snippet:-1, max-image-preview:large, max-video-preview:-1\" \/>\n<link rel=\"canonical\" href=\"https:\/\/atlastoilets.com\/es\/producto\/urinario-con-funcion-de-descarga\/\" \/>\n<meta property=\"og:locale\" content=\"es_ES\" \/>\n<meta property=\"og:type\" content=\"article\" \/>\n<meta property=\"og:title\" content=\"Urinario con funci\u00f3n de descarga\" \/>\n<meta property=\"og:description\" content=\"Urinario con funci\u00f3n de descarga, un urinario incorporado con dep\u00f3sito de agua dulce, adecuado para banos m\u00f3viles de todas las marcas y marcas\" \/>\n<meta property=\"og:url\" content=\"https:\/\/atlastoilets.com\/es\/producto\/urinario-con-funcion-de-descarga\/\" \/>\n<meta property=\"og:site_name\" content=\"Atlas Sanitation Products\" \/>\n<meta property=\"article:modified_time\" content=\"2022-08-12T08:24:50+00:00\" \/>\n<meta property=\"og:image\" content=\"https:\/\/atlastoilets.com\/wp-content\/uploads\/2022\/03\/pee-flush.jpg\" \/>\n\t<meta property=\"og:image:width\" content=\"1000\" \/>\n\t<meta property=\"og:image:height\" content=\"1000\" \/>\n\t<meta property=\"og:image:type\" content=\"image\/jpeg\" \/>\n<meta name=\"twitter:card\" content=\"summary_large_image\" \/>\n<meta name=\"twitter:label1\" content=\"Tiempo de lectura\" \/>\n\t<meta name=\"twitter:data1\" content=\"1 minuto\" \/>\n<script type=\"application\/ld+json\" class=\"yoast-schema-graph\">{\"@context\":\"https:\\\/\\\/schema.org\",\"@graph\":[{\"@type\":[\"WebPage\",\"ItemPage\"],\"@id\":\"https:\\\/\\\/atlastoilets.com\\\/es\\\/producto\\\/urinario-con-funcion-de-descarga\\\/\",\"url\":\"https:\\\/\\\/atlastoilets.com\\\/es\\\/producto\\\/urinario-con-funcion-de-descarga\\\/\",\"name\":\"Urinario con funci\u00f3n de descarga\",\"isPartOf\":{\"@id\":\"https:\\\/\\\/atlastoilets.com\\\/#website\"},\"primaryImageOfPage\":{\"@id\":\"https:\\\/\\\/atlastoilets.com\\\/es\\\/producto\\\/urinario-con-funcion-de-descarga\\\/#primaryimage\"},\"image\":{\"@id\":\"https:\\\/\\\/atlastoilets.com\\\/es\\\/producto\\\/urinario-con-funcion-de-descarga\\\/#primaryimage\"},\"thumbnailUrl\":\"https:\\\/\\\/atlastoilets.com\\\/wp-content\\\/uploads\\\/2022\\\/03\\\/pee-flush.jpg\",\"datePublished\":\"2022-03-07T13:41:25+00:00\",\"dateModified\":\"2022-08-12T08:24:50+00:00\",\"description\":\"Urinario con funci\u00f3n de descarga, un urinario incorporado con dep\u00f3sito de agua dulce, adecuado para banos m\u00f3viles de todas las marcas y marcas\",\"breadcrumb\":{\"@id\":\"https:\\\/\\\/atlastoilets.com\\\/es\\\/producto\\\/urinario-con-funcion-de-descarga\\\/#breadcrumb\"},\"inLanguage\":\"es\",\"potentialAction\":[{\"@type\":\"ReadAction\",\"target\":[\"https:\\\/\\\/atlastoilets.com\\\/es\\\/producto\\\/urinario-con-funcion-de-descarga\\\/\"]}]},{\"@type\":\"ImageObject\",\"inLanguage\":\"es\",\"@id\":\"https:\\\/\\\/atlastoilets.com\\\/es\\\/producto\\\/urinario-con-funcion-de-descarga\\\/#primaryimage\",\"url\":\"https:\\\/\\\/atlastoilets.com\\\/wp-content\\\/uploads\\\/2022\\\/03\\\/pee-flush.jpg\",\"contentUrl\":\"https:\\\/\\\/atlastoilets.com\\\/wp-content\\\/uploads\\\/2022\\\/03\\\/pee-flush.jpg\",\"width\":1000,\"height\":1000,\"caption\":\"Urinario con funci\u00f3n de descarga\"},{\"@type\":\"BreadcrumbList\",\"@id\":\"https:\\\/\\\/atlastoilets.com\\\/es\\\/producto\\\/urinario-con-funcion-de-descarga\\\/#breadcrumb\",\"itemListElement\":[{\"@type\":\"ListItem\",\"position\":1,\"name\":\"Home\",\"item\":\"https:\\\/\\\/atlastoilets.com\\\/es\\\/\"},{\"@type\":\"ListItem\",\"position\":2,\"name\":\"Tienda\",\"item\":\"https:\\\/\\\/atlastoilets.com\\\/es\\\/tienda\\\/\"},{\"@type\":\"ListItem\",\"position\":3,\"name\":\"Pee Flush\"}]},{\"@type\":\"WebSite\",\"@id\":\"https:\\\/\\\/atlastoilets.com\\\/#website\",\"url\":\"https:\\\/\\\/atlastoilets.com\\\/\",\"name\":\"Atlas Sanitation Products\",\"description\":\"Total supplier for toilet rental companies\",\"potentialAction\":[{\"@type\":\"SearchAction\",\"target\":{\"@type\":\"EntryPoint\",\"urlTemplate\":\"https:\\\/\\\/atlastoilets.com\\\/?s={search_term_string}\"},\"query-input\":{\"@type\":\"PropertyValueSpecification\",\"valueRequired\":true,\"valueName\":\"search_term_string\"}}],\"inLanguage\":\"es\"}]}<\/script>\n<!-- \/ Yoast SEO plugin. -->","yoast_head_json":{"title":"Urinario con funci\u00f3n de descarga","description":"Urinario con funci\u00f3n de descarga, un urinario incorporado con dep\u00f3sito de agua dulce, adecuado para banos m\u00f3viles de todas las marcas y marcas","robots":{"index":"index","follow":"follow","max-snippet":"max-snippet:-1","max-image-preview":"max-image-preview:large","max-video-preview":"max-video-preview:-1"},"canonical":"https:\/\/atlastoilets.com\/es\/producto\/urinario-con-funcion-de-descarga\/","og_locale":"es_ES","og_type":"article","og_title":"Urinario con funci\u00f3n de descarga","og_description":"Urinario con funci\u00f3n de descarga, un urinario incorporado con dep\u00f3sito de agua dulce, adecuado para banos m\u00f3viles de todas las marcas y marcas","og_url":"https:\/\/atlastoilets.com\/es\/producto\/urinario-con-funcion-de-descarga\/","og_site_name":"Atlas Sanitation Products","article_modified_time":"2022-08-12T08:24:50+00:00","og_image":[{"width":1000,"height":1000,"url":"https:\/\/atlastoilets.com\/wp-content\/uploads\/2022\/03\/pee-flush.jpg","type":"image\/jpeg"}],"twitter_card":"summary_large_image","twitter_misc":{"Tiempo de lectura":"1 minuto"},"schema":{"@context":"https:\/\/schema.org","@graph":[{"@type":["WebPage","ItemPage"],"@id":"https:\/\/atlastoilets.com\/es\/producto\/urinario-con-funcion-de-descarga\/","url":"https:\/\/atlastoilets.com\/es\/producto\/urinario-con-funcion-de-descarga\/","name":"Urinario con funci\u00f3n de descarga","isPartOf":{"@id":"https:\/\/atlastoilets.com\/#website"},"primaryImageOfPage":{"@id":"https:\/\/atlastoilets.com\/es\/producto\/urinario-con-funcion-de-descarga\/#primaryimage"},"image":{"@id":"https:\/\/atlastoilets.com\/es\/producto\/urinario-con-funcion-de-descarga\/#primaryimage"},"thumbnailUrl":"https:\/\/atlastoilets.com\/wp-content\/uploads\/2022\/03\/pee-flush.jpg","datePublished":"2022-03-07T13:41:25+00:00","dateModified":"2022-08-12T08:24:50+00:00","description":"Urinario con funci\u00f3n de descarga, un urinario incorporado con dep\u00f3sito de agua dulce, adecuado para banos m\u00f3viles de todas las marcas y marcas","breadcrumb":{"@id":"https:\/\/atlastoilets.com\/es\/producto\/urinario-con-funcion-de-descarga\/#breadcrumb"},"inLanguage":"es","potentialAction":[{"@type":"ReadAction","target":["https:\/\/atlastoilets.com\/es\/producto\/urinario-con-funcion-de-descarga\/"]}]},{"@type":"ImageObject","inLanguage":"es","@id":"https:\/\/atlastoilets.com\/es\/producto\/urinario-con-funcion-de-descarga\/#primaryimage","url":"https:\/\/atlastoilets.com\/wp-content\/uploads\/2022\/03\/pee-flush.jpg","contentUrl":"https:\/\/atlastoilets.com\/wp-content\/uploads\/2022\/03\/pee-flush.jpg","width":1000,"height":1000,"caption":"Urinario con funci\u00f3n de descarga"},{"@type":"BreadcrumbList","@id":"https:\/\/atlastoilets.com\/es\/producto\/urinario-con-funcion-de-descarga\/#breadcrumb","itemListElement":[{"@type":"ListItem","position":1,"name":"Home","item":"https:\/\/atlastoilets.com\/es\/"},{"@type":"ListItem","position":2,"name":"Tienda","item":"https:\/\/atlastoilets.com\/es\/tienda\/"},{"@type":"ListItem","position":3,"name":"Pee Flush"}]},{"@type":"WebSite","@id":"https:\/\/atlastoilets.com\/#website","url":"https:\/\/atlastoilets.com\/","name":"Atlas Sanitation Products","description":"Total supplier for toilet rental companies","potentialAction":[{"@type":"SearchAction","target":{"@type":"EntryPoint","urlTemplate":"https:\/\/atlastoilets.com\/?s={search_term_string}"},"query-input":{"@type":"PropertyValueSpecification","valueRequired":true,"valueName":"search_term_string"}}],"inLanguage":"es"}]}},"_links":{"self":[{"href":"https:\/\/atlastoilets.com\/es\/wp-json\/wp\/v2\/product\/20319","targetHints":{"allow":["GET"]}}],"collection":[{"href":"https:\/\/atlastoilets.com\/es\/wp-json\/wp\/v2\/product"}],"about":[{"href":"https:\/\/atlastoilets.com\/es\/wp-json\/wp\/v2\/types\/product"}],"wp:featuredmedia":[{"embeddable":true,"href":"https:\/\/atlastoilets.com\/es\/wp-json\/wp\/v2\/media\/26483"}],"wp:attachment":[{"href":"https:\/\/atlastoilets.com\/es\/wp-json\/wp\/v2\/media?parent=20319"}],"wp:term":[{"taxonomy":"product_brand","embeddable":true,"href":"https:\/\/atlastoilets.com\/es\/wp-json\/wp\/v2\/product_brand?post=20319"},{"taxonomy":"product_cat","embeddable":true,"href":"https:\/\/atlastoilets.com\/es\/wp-json\/wp\/v2\/product_cat?post=20319"},{"taxonomy":"product_tag","embeddable":true,"href":"https:\/\/atlastoilets.com\/es\/wp-json\/wp\/v2\/product_tag?post=20319"}],"curies":[{"name":"wp","href":"https:\/\/api.w.org\/{rel}","templated":true}]}}