{"id":20317,"date":"2022-03-07T13:41:25","date_gmt":"2022-03-07T13:41:25","guid":{"rendered":"https:\/\/www.mobileurinal.eu\/product\/pastillas-urinarios-limon\/"},"modified":"2022-06-03T12:45:36","modified_gmt":"2022-06-03T12:45:36","slug":"pastillas-urinarias","status":"publish","type":"product","link":"https:\/\/atlastoilets.com\/es\/producto\/pastillas-urinarias\/","title":{"rendered":"Pastillas urinarios lim\u00f3n"},"content":{"rendered":"<p>Pastillas urinarias solubles en agua con una fragancia fuerte de lim\u00f3n que mantienen el urinario y tuber\u00edas limpia.<br \/>\nCada vez que se usa el urinario, los agentes de suavizado de agua y de limpieza se entregan en la trampa para limpiar y mantener la tuber\u00eda para evitar olores y bloqueos.<br \/>\nUn cubo contiene aprox. 50 bloques urinarios.<\/p>\n","protected":false},"excerpt":{"rendered":"<p>Pastillas urinarias solubles en agua con una fragancia fuerte de lim\u00f3n que mantienen el urinario y tuber\u00edas limpia.<\/p>\n","protected":false},"featured_media":26489,"template":"","meta":[],"product_brand":[],"product_cat":[956],"product_tag":[649,630],"class_list":{"0":"post-20317","1":"product","2":"type-product","3":"status-publish","4":"has-post-thumbnail","6":"product_cat-pastillas-urinarios","7":"product_tag-olor","8":"product_tag-urinario","10":"first","11":"instock","12":"taxable","13":"shipping-taxable","14":"purchasable","15":"product-type-simple"},"yoast_head":"<!-- This site is optimized with the Yoast SEO plugin v27.4 - https:\/\/yoast.com\/product\/yoast-seo-wordpress\/ -->\n<title>Pastillas\u00a0urinarias<\/title>\n<meta name=\"description\" content=\"Pastillas\u00a0urinarias solubles en agua con una fragancia fuerte de lim\u00f3n que mantienen el urinario y tuber\u00edas limpia.\" \/>\n<meta name=\"robots\" content=\"index, follow, max-snippet:-1, max-image-preview:large, max-video-preview:-1\" \/>\n<link rel=\"canonical\" href=\"https:\/\/atlastoilets.com\/es\/producto\/pastillas-urinarias\/\" \/>\n<meta property=\"og:locale\" content=\"es_ES\" \/>\n<meta property=\"og:type\" content=\"article\" \/>\n<meta property=\"og:title\" content=\"Pastillas\u00a0urinarias\" \/>\n<meta property=\"og:description\" content=\"Pastillas\u00a0urinarias solubles en agua con una fragancia fuerte de lim\u00f3n que mantienen el urinario y tuber\u00edas limpia.\" \/>\n<meta property=\"og:url\" content=\"https:\/\/atlastoilets.com\/es\/producto\/pastillas-urinarias\/\" \/>\n<meta property=\"og:site_name\" content=\"Atlas Sanitation Products\" \/>\n<meta property=\"article:modified_time\" content=\"2022-06-03T12:45:36+00:00\" \/>\n<meta property=\"og:image\" content=\"https:\/\/atlastoilets.com\/wp-content\/uploads\/2022\/03\/urinal-blocks-lemon-bucket.jpg\" \/>\n\t<meta property=\"og:image:width\" content=\"1000\" \/>\n\t<meta property=\"og:image:height\" content=\"1000\" \/>\n\t<meta property=\"og:image:type\" content=\"image\/jpeg\" \/>\n<meta name=\"twitter:card\" content=\"summary_large_image\" \/>\n<script type=\"application\/ld+json\" class=\"yoast-schema-graph\">{\"@context\":\"https:\\\/\\\/schema.org\",\"@graph\":[{\"@type\":[\"WebPage\",\"ItemPage\"],\"@id\":\"https:\\\/\\\/atlastoilets.com\\\/es\\\/producto\\\/pastillas-urinarias\\\/\",\"url\":\"https:\\\/\\\/atlastoilets.com\\\/es\\\/producto\\\/pastillas-urinarias\\\/\",\"name\":\"Pastillas\u00a0urinarias\",\"isPartOf\":{\"@id\":\"https:\\\/\\\/atlastoilets.com\\\/#website\"},\"primaryImageOfPage\":{\"@id\":\"https:\\\/\\\/atlastoilets.com\\\/es\\\/producto\\\/pastillas-urinarias\\\/#primaryimage\"},\"image\":{\"@id\":\"https:\\\/\\\/atlastoilets.com\\\/es\\\/producto\\\/pastillas-urinarias\\\/#primaryimage\"},\"thumbnailUrl\":\"https:\\\/\\\/atlastoilets.com\\\/wp-content\\\/uploads\\\/2022\\\/03\\\/urinal-blocks-lemon-bucket.jpg\",\"datePublished\":\"2022-03-07T13:41:25+00:00\",\"dateModified\":\"2022-06-03T12:45:36+00:00\",\"description\":\"Pastillas\u00a0urinarias solubles en agua con una fragancia fuerte de lim\u00f3n que mantienen el urinario y tuber\u00edas limpia.\",\"breadcrumb\":{\"@id\":\"https:\\\/\\\/atlastoilets.com\\\/es\\\/producto\\\/pastillas-urinarias\\\/#breadcrumb\"},\"inLanguage\":\"es\",\"potentialAction\":[{\"@type\":\"ReadAction\",\"target\":[\"https:\\\/\\\/atlastoilets.com\\\/es\\\/producto\\\/pastillas-urinarias\\\/\"]}]},{\"@type\":\"ImageObject\",\"inLanguage\":\"es\",\"@id\":\"https:\\\/\\\/atlastoilets.com\\\/es\\\/producto\\\/pastillas-urinarias\\\/#primaryimage\",\"url\":\"https:\\\/\\\/atlastoilets.com\\\/wp-content\\\/uploads\\\/2022\\\/03\\\/urinal-blocks-lemon-bucket.jpg\",\"contentUrl\":\"https:\\\/\\\/atlastoilets.com\\\/wp-content\\\/uploads\\\/2022\\\/03\\\/urinal-blocks-lemon-bucket.jpg\",\"width\":1000,\"height\":1000,\"caption\":\"Pastilles\u00a0urinarias\"},{\"@type\":\"BreadcrumbList\",\"@id\":\"https:\\\/\\\/atlastoilets.com\\\/es\\\/producto\\\/pastillas-urinarias\\\/#breadcrumb\",\"itemListElement\":[{\"@type\":\"ListItem\",\"position\":1,\"name\":\"Home\",\"item\":\"https:\\\/\\\/atlastoilets.com\\\/es\\\/\"},{\"@type\":\"ListItem\",\"position\":2,\"name\":\"Tienda\",\"item\":\"https:\\\/\\\/atlastoilets.com\\\/es\\\/tienda\\\/\"},{\"@type\":\"ListItem\",\"position\":3,\"name\":\"Pastillas urinarios lim\u00f3n\"}]},{\"@type\":\"WebSite\",\"@id\":\"https:\\\/\\\/atlastoilets.com\\\/#website\",\"url\":\"https:\\\/\\\/atlastoilets.com\\\/\",\"name\":\"Atlas Sanitation Products\",\"description\":\"Total supplier for toilet rental companies\",\"potentialAction\":[{\"@type\":\"SearchAction\",\"target\":{\"@type\":\"EntryPoint\",\"urlTemplate\":\"https:\\\/\\\/atlastoilets.com\\\/?s={search_term_string}\"},\"query-input\":{\"@type\":\"PropertyValueSpecification\",\"valueRequired\":true,\"valueName\":\"search_term_string\"}}],\"inLanguage\":\"es\"}]}<\/script>\n<!-- \/ Yoast SEO plugin. -->","yoast_head_json":{"title":"Pastillas\u00a0urinarias","description":"Pastillas\u00a0urinarias solubles en agua con una fragancia fuerte de lim\u00f3n que mantienen el urinario y tuber\u00edas limpia.","robots":{"index":"index","follow":"follow","max-snippet":"max-snippet:-1","max-image-preview":"max-image-preview:large","max-video-preview":"max-video-preview:-1"},"canonical":"https:\/\/atlastoilets.com\/es\/producto\/pastillas-urinarias\/","og_locale":"es_ES","og_type":"article","og_title":"Pastillas\u00a0urinarias","og_description":"Pastillas\u00a0urinarias solubles en agua con una fragancia fuerte de lim\u00f3n que mantienen el urinario y tuber\u00edas limpia.","og_url":"https:\/\/atlastoilets.com\/es\/producto\/pastillas-urinarias\/","og_site_name":"Atlas Sanitation Products","article_modified_time":"2022-06-03T12:45:36+00:00","og_image":[{"width":1000,"height":1000,"url":"https:\/\/atlastoilets.com\/wp-content\/uploads\/2022\/03\/urinal-blocks-lemon-bucket.jpg","type":"image\/jpeg"}],"twitter_card":"summary_large_image","schema":{"@context":"https:\/\/schema.org","@graph":[{"@type":["WebPage","ItemPage"],"@id":"https:\/\/atlastoilets.com\/es\/producto\/pastillas-urinarias\/","url":"https:\/\/atlastoilets.com\/es\/producto\/pastillas-urinarias\/","name":"Pastillas\u00a0urinarias","isPartOf":{"@id":"https:\/\/atlastoilets.com\/#website"},"primaryImageOfPage":{"@id":"https:\/\/atlastoilets.com\/es\/producto\/pastillas-urinarias\/#primaryimage"},"image":{"@id":"https:\/\/atlastoilets.com\/es\/producto\/pastillas-urinarias\/#primaryimage"},"thumbnailUrl":"https:\/\/atlastoilets.com\/wp-content\/uploads\/2022\/03\/urinal-blocks-lemon-bucket.jpg","datePublished":"2022-03-07T13:41:25+00:00","dateModified":"2022-06-03T12:45:36+00:00","description":"Pastillas\u00a0urinarias solubles en agua con una fragancia fuerte de lim\u00f3n que mantienen el urinario y tuber\u00edas limpia.","breadcrumb":{"@id":"https:\/\/atlastoilets.com\/es\/producto\/pastillas-urinarias\/#breadcrumb"},"inLanguage":"es","potentialAction":[{"@type":"ReadAction","target":["https:\/\/atlastoilets.com\/es\/producto\/pastillas-urinarias\/"]}]},{"@type":"ImageObject","inLanguage":"es","@id":"https:\/\/atlastoilets.com\/es\/producto\/pastillas-urinarias\/#primaryimage","url":"https:\/\/atlastoilets.com\/wp-content\/uploads\/2022\/03\/urinal-blocks-lemon-bucket.jpg","contentUrl":"https:\/\/atlastoilets.com\/wp-content\/uploads\/2022\/03\/urinal-blocks-lemon-bucket.jpg","width":1000,"height":1000,"caption":"Pastilles\u00a0urinarias"},{"@type":"BreadcrumbList","@id":"https:\/\/atlastoilets.com\/es\/producto\/pastillas-urinarias\/#breadcrumb","itemListElement":[{"@type":"ListItem","position":1,"name":"Home","item":"https:\/\/atlastoilets.com\/es\/"},{"@type":"ListItem","position":2,"name":"Tienda","item":"https:\/\/atlastoilets.com\/es\/tienda\/"},{"@type":"ListItem","position":3,"name":"Pastillas urinarios lim\u00f3n"}]},{"@type":"WebSite","@id":"https:\/\/atlastoilets.com\/#website","url":"https:\/\/atlastoilets.com\/","name":"Atlas Sanitation Products","description":"Total supplier for toilet rental companies","potentialAction":[{"@type":"SearchAction","target":{"@type":"EntryPoint","urlTemplate":"https:\/\/atlastoilets.com\/?s={search_term_string}"},"query-input":{"@type":"PropertyValueSpecification","valueRequired":true,"valueName":"search_term_string"}}],"inLanguage":"es"}]}},"_links":{"self":[{"href":"https:\/\/atlastoilets.com\/es\/wp-json\/wp\/v2\/product\/20317","targetHints":{"allow":["GET"]}}],"collection":[{"href":"https:\/\/atlastoilets.com\/es\/wp-json\/wp\/v2\/product"}],"about":[{"href":"https:\/\/atlastoilets.com\/es\/wp-json\/wp\/v2\/types\/product"}],"wp:featuredmedia":[{"embeddable":true,"href":"https:\/\/atlastoilets.com\/es\/wp-json\/wp\/v2\/media\/26489"}],"wp:attachment":[{"href":"https:\/\/atlastoilets.com\/es\/wp-json\/wp\/v2\/media?parent=20317"}],"wp:term":[{"taxonomy":"product_brand","embeddable":true,"href":"https:\/\/atlastoilets.com\/es\/wp-json\/wp\/v2\/product_brand?post=20317"},{"taxonomy":"product_cat","embeddable":true,"href":"https:\/\/atlastoilets.com\/es\/wp-json\/wp\/v2\/product_cat?post=20317"},{"taxonomy":"product_tag","embeddable":true,"href":"https:\/\/atlastoilets.com\/es\/wp-json\/wp\/v2\/product_tag?post=20317"}],"curies":[{"name":"wp","href":"https:\/\/api.w.org\/{rel}","templated":true}]}}