{"id":20313,"date":"2022-03-07T13:41:25","date_gmt":"2022-03-07T13:41:25","guid":{"rendered":"https:\/\/www.mobileurinal.eu\/product\/deposito-de-residuos-con-descarga-con-agua-limpia\/"},"modified":"2023-08-20T17:16:45","modified_gmt":"2023-08-20T17:16:45","slug":"deposito-de-residuos-con-agua-limpia","status":"publish","type":"product","link":"https:\/\/atlastoilets.com\/es\/producto\/deposito-de-residuos-con-agua-limpia\/","title":{"rendered":"Dep\u00f3sito de residuos con descarga con agua limpia"},"content":{"rendered":"<p>Dep\u00f3sito de residuos con agua limpia.<br \/>\nDep\u00f3sito de residuos con descarga con agua limpia para casetas remolques.<br \/>\nEl dep\u00f3sito \u00abFresh Flush\u00bb completo consiste de 2 dep\u00f3sitos, un dep\u00f3sito de residuos de 208 litros y un\u00a0tanque con 94 litros para descargar con\u00a0agua limpia.<br \/>\nCompleta con una bomba de mano y un asiento de ba\u00f1o.<\/p>\n","protected":false},"excerpt":{"rendered":"<p><img loading=\"lazy\" decoding=\"async\" class=\"alignright wp-image-30070 size-full\" src=\"https:\/\/atlastoilets.com\/wp-content\/uploads\/2022\/03\/Fresh-Flush.png\" alt=\"Fresh Flush\" width=\"227\" height=\"128\" \/>Dep\u00f3sito de residuos con descarga con agua limpia para casetas remolques.<br \/>\nEl dep\u00f3sito \u00abFresh Flush\u00bb completo consiste de 2 dep\u00f3sitos, un dep\u00f3sito de residuos de 208 litros y un\u00a0tanque con 94 litros para descargar con\u00a0agua limpia.<\/p>\n","protected":false},"featured_media":26515,"template":"","meta":[],"product_brand":[],"product_cat":[912,2114],"product_tag":[722,625,667,1220],"class_list":{"0":"post-20313","1":"product","2":"type-product","3":"status-publish","4":"has-post-thumbnail","6":"product_cat-repuestos-para-casetas-remolques","7":"product_cat-tanques-de-bano","8":"product_tag-agua-limpia","9":"product_tag-deposito-de-residuos","10":"product_tag-descargue","11":"product_tag-site-cabin-es","13":"first","14":"outofstock","15":"taxable","16":"shipping-taxable","17":"purchasable","18":"product-type-simple"},"yoast_head":"<!-- This site is optimized with the Yoast SEO plugin v27.4 - https:\/\/yoast.com\/product\/yoast-seo-wordpress\/ -->\n<title>Dep\u00f3sito de residuos con agua limpia Fresh Flush<\/title>\n<meta name=\"description\" content=\"Dep\u00f3sito de residuos con agua limpia para casetas remolques. Con un dep\u00f3sito de residuos y un\u00a0tanque con agua limpia.\" \/>\n<meta name=\"robots\" content=\"index, follow, max-snippet:-1, max-image-preview:large, max-video-preview:-1\" \/>\n<link rel=\"canonical\" href=\"https:\/\/atlastoilets.com\/es\/producto\/deposito-de-residuos-con-agua-limpia\/\" \/>\n<meta property=\"og:locale\" content=\"es_ES\" \/>\n<meta property=\"og:type\" content=\"article\" \/>\n<meta property=\"og:title\" content=\"Dep\u00f3sito de residuos con agua limpia Fresh Flush\" \/>\n<meta property=\"og:description\" content=\"Dep\u00f3sito de residuos con agua limpia para casetas remolques. Con un dep\u00f3sito de residuos y un\u00a0tanque con agua limpia.\" \/>\n<meta property=\"og:url\" content=\"https:\/\/atlastoilets.com\/es\/producto\/deposito-de-residuos-con-agua-limpia\/\" \/>\n<meta property=\"og:site_name\" content=\"Atlas Sanitation Products\" \/>\n<meta property=\"article:modified_time\" content=\"2023-08-20T17:16:45+00:00\" \/>\n<meta property=\"og:image\" content=\"https:\/\/atlastoilets.com\/wp-content\/uploads\/2022\/03\/fresh-flush-waste-tank.jpg\" \/>\n\t<meta property=\"og:image:width\" content=\"1000\" \/>\n\t<meta property=\"og:image:height\" content=\"1000\" \/>\n\t<meta property=\"og:image:type\" content=\"image\/jpeg\" \/>\n<meta name=\"twitter:card\" content=\"summary_large_image\" \/>\n<meta name=\"twitter:label1\" content=\"Tiempo de lectura\" \/>\n\t<meta name=\"twitter:data1\" content=\"1 minuto\" \/>\n<script type=\"application\/ld+json\" class=\"yoast-schema-graph\">{\"@context\":\"https:\\\/\\\/schema.org\",\"@graph\":[{\"@type\":[\"WebPage\",\"ItemPage\"],\"@id\":\"https:\\\/\\\/atlastoilets.com\\\/es\\\/producto\\\/deposito-de-residuos-con-agua-limpia\\\/\",\"url\":\"https:\\\/\\\/atlastoilets.com\\\/es\\\/producto\\\/deposito-de-residuos-con-agua-limpia\\\/\",\"name\":\"Dep\u00f3sito de residuos con agua limpia Fresh Flush\",\"isPartOf\":{\"@id\":\"https:\\\/\\\/atlastoilets.com\\\/#website\"},\"primaryImageOfPage\":{\"@id\":\"https:\\\/\\\/atlastoilets.com\\\/es\\\/producto\\\/deposito-de-residuos-con-agua-limpia\\\/#primaryimage\"},\"image\":{\"@id\":\"https:\\\/\\\/atlastoilets.com\\\/es\\\/producto\\\/deposito-de-residuos-con-agua-limpia\\\/#primaryimage\"},\"thumbnailUrl\":\"https:\\\/\\\/atlastoilets.com\\\/wp-content\\\/uploads\\\/2022\\\/03\\\/fresh-flush-waste-tank.jpg\",\"datePublished\":\"2022-03-07T13:41:25+00:00\",\"dateModified\":\"2023-08-20T17:16:45+00:00\",\"description\":\"Dep\u00f3sito de residuos con agua limpia para casetas remolques. Con un dep\u00f3sito de residuos y un\u00a0tanque con agua limpia.\",\"breadcrumb\":{\"@id\":\"https:\\\/\\\/atlastoilets.com\\\/es\\\/producto\\\/deposito-de-residuos-con-agua-limpia\\\/#breadcrumb\"},\"inLanguage\":\"es\",\"potentialAction\":[{\"@type\":\"ReadAction\",\"target\":[\"https:\\\/\\\/atlastoilets.com\\\/es\\\/producto\\\/deposito-de-residuos-con-agua-limpia\\\/\"]}]},{\"@type\":\"ImageObject\",\"inLanguage\":\"es\",\"@id\":\"https:\\\/\\\/atlastoilets.com\\\/es\\\/producto\\\/deposito-de-residuos-con-agua-limpia\\\/#primaryimage\",\"url\":\"https:\\\/\\\/atlastoilets.com\\\/wp-content\\\/uploads\\\/2022\\\/03\\\/fresh-flush-waste-tank.jpg\",\"contentUrl\":\"https:\\\/\\\/atlastoilets.com\\\/wp-content\\\/uploads\\\/2022\\\/03\\\/fresh-flush-waste-tank.jpg\",\"width\":1000,\"height\":1000,\"caption\":\"Dep\u00f3sito de residuos con agua limpia\"},{\"@type\":\"BreadcrumbList\",\"@id\":\"https:\\\/\\\/atlastoilets.com\\\/es\\\/producto\\\/deposito-de-residuos-con-agua-limpia\\\/#breadcrumb\",\"itemListElement\":[{\"@type\":\"ListItem\",\"position\":1,\"name\":\"Home\",\"item\":\"https:\\\/\\\/atlastoilets.com\\\/es\\\/\"},{\"@type\":\"ListItem\",\"position\":2,\"name\":\"Tienda\",\"item\":\"https:\\\/\\\/atlastoilets.com\\\/es\\\/tienda\\\/\"},{\"@type\":\"ListItem\",\"position\":3,\"name\":\"Dep\u00f3sito de residuos con descarga con agua limpia\"}]},{\"@type\":\"WebSite\",\"@id\":\"https:\\\/\\\/atlastoilets.com\\\/#website\",\"url\":\"https:\\\/\\\/atlastoilets.com\\\/\",\"name\":\"Atlas Sanitation Products\",\"description\":\"Total supplier for toilet rental companies\",\"potentialAction\":[{\"@type\":\"SearchAction\",\"target\":{\"@type\":\"EntryPoint\",\"urlTemplate\":\"https:\\\/\\\/atlastoilets.com\\\/?s={search_term_string}\"},\"query-input\":{\"@type\":\"PropertyValueSpecification\",\"valueRequired\":true,\"valueName\":\"search_term_string\"}}],\"inLanguage\":\"es\"}]}<\/script>\n<!-- \/ Yoast SEO plugin. -->","yoast_head_json":{"title":"Dep\u00f3sito de residuos con agua limpia Fresh Flush","description":"Dep\u00f3sito de residuos con agua limpia para casetas remolques. Con un dep\u00f3sito de residuos y un\u00a0tanque con agua limpia.","robots":{"index":"index","follow":"follow","max-snippet":"max-snippet:-1","max-image-preview":"max-image-preview:large","max-video-preview":"max-video-preview:-1"},"canonical":"https:\/\/atlastoilets.com\/es\/producto\/deposito-de-residuos-con-agua-limpia\/","og_locale":"es_ES","og_type":"article","og_title":"Dep\u00f3sito de residuos con agua limpia Fresh Flush","og_description":"Dep\u00f3sito de residuos con agua limpia para casetas remolques. Con un dep\u00f3sito de residuos y un\u00a0tanque con agua limpia.","og_url":"https:\/\/atlastoilets.com\/es\/producto\/deposito-de-residuos-con-agua-limpia\/","og_site_name":"Atlas Sanitation Products","article_modified_time":"2023-08-20T17:16:45+00:00","og_image":[{"width":1000,"height":1000,"url":"https:\/\/atlastoilets.com\/wp-content\/uploads\/2022\/03\/fresh-flush-waste-tank.jpg","type":"image\/jpeg"}],"twitter_card":"summary_large_image","twitter_misc":{"Tiempo de lectura":"1 minuto"},"schema":{"@context":"https:\/\/schema.org","@graph":[{"@type":["WebPage","ItemPage"],"@id":"https:\/\/atlastoilets.com\/es\/producto\/deposito-de-residuos-con-agua-limpia\/","url":"https:\/\/atlastoilets.com\/es\/producto\/deposito-de-residuos-con-agua-limpia\/","name":"Dep\u00f3sito de residuos con agua limpia Fresh Flush","isPartOf":{"@id":"https:\/\/atlastoilets.com\/#website"},"primaryImageOfPage":{"@id":"https:\/\/atlastoilets.com\/es\/producto\/deposito-de-residuos-con-agua-limpia\/#primaryimage"},"image":{"@id":"https:\/\/atlastoilets.com\/es\/producto\/deposito-de-residuos-con-agua-limpia\/#primaryimage"},"thumbnailUrl":"https:\/\/atlastoilets.com\/wp-content\/uploads\/2022\/03\/fresh-flush-waste-tank.jpg","datePublished":"2022-03-07T13:41:25+00:00","dateModified":"2023-08-20T17:16:45+00:00","description":"Dep\u00f3sito de residuos con agua limpia para casetas remolques. Con un dep\u00f3sito de residuos y un\u00a0tanque con agua limpia.","breadcrumb":{"@id":"https:\/\/atlastoilets.com\/es\/producto\/deposito-de-residuos-con-agua-limpia\/#breadcrumb"},"inLanguage":"es","potentialAction":[{"@type":"ReadAction","target":["https:\/\/atlastoilets.com\/es\/producto\/deposito-de-residuos-con-agua-limpia\/"]}]},{"@type":"ImageObject","inLanguage":"es","@id":"https:\/\/atlastoilets.com\/es\/producto\/deposito-de-residuos-con-agua-limpia\/#primaryimage","url":"https:\/\/atlastoilets.com\/wp-content\/uploads\/2022\/03\/fresh-flush-waste-tank.jpg","contentUrl":"https:\/\/atlastoilets.com\/wp-content\/uploads\/2022\/03\/fresh-flush-waste-tank.jpg","width":1000,"height":1000,"caption":"Dep\u00f3sito de residuos con agua limpia"},{"@type":"BreadcrumbList","@id":"https:\/\/atlastoilets.com\/es\/producto\/deposito-de-residuos-con-agua-limpia\/#breadcrumb","itemListElement":[{"@type":"ListItem","position":1,"name":"Home","item":"https:\/\/atlastoilets.com\/es\/"},{"@type":"ListItem","position":2,"name":"Tienda","item":"https:\/\/atlastoilets.com\/es\/tienda\/"},{"@type":"ListItem","position":3,"name":"Dep\u00f3sito de residuos con descarga con agua limpia"}]},{"@type":"WebSite","@id":"https:\/\/atlastoilets.com\/#website","url":"https:\/\/atlastoilets.com\/","name":"Atlas Sanitation Products","description":"Total supplier for toilet rental companies","potentialAction":[{"@type":"SearchAction","target":{"@type":"EntryPoint","urlTemplate":"https:\/\/atlastoilets.com\/?s={search_term_string}"},"query-input":{"@type":"PropertyValueSpecification","valueRequired":true,"valueName":"search_term_string"}}],"inLanguage":"es"}]}},"_links":{"self":[{"href":"https:\/\/atlastoilets.com\/es\/wp-json\/wp\/v2\/product\/20313","targetHints":{"allow":["GET"]}}],"collection":[{"href":"https:\/\/atlastoilets.com\/es\/wp-json\/wp\/v2\/product"}],"about":[{"href":"https:\/\/atlastoilets.com\/es\/wp-json\/wp\/v2\/types\/product"}],"wp:featuredmedia":[{"embeddable":true,"href":"https:\/\/atlastoilets.com\/es\/wp-json\/wp\/v2\/media\/26515"}],"wp:attachment":[{"href":"https:\/\/atlastoilets.com\/es\/wp-json\/wp\/v2\/media?parent=20313"}],"wp:term":[{"taxonomy":"product_brand","embeddable":true,"href":"https:\/\/atlastoilets.com\/es\/wp-json\/wp\/v2\/product_brand?post=20313"},{"taxonomy":"product_cat","embeddable":true,"href":"https:\/\/atlastoilets.com\/es\/wp-json\/wp\/v2\/product_cat?post=20313"},{"taxonomy":"product_tag","embeddable":true,"href":"https:\/\/atlastoilets.com\/es\/wp-json\/wp\/v2\/product_tag?post=20313"}],"curies":[{"name":"wp","href":"https:\/\/api.w.org\/{rel}","templated":true}]}}