{"id":20310,"date":"2022-03-07T13:40:58","date_gmt":"2022-03-07T13:40:58","guid":{"rendered":"https:\/\/www.mobileurinal.eu\/product\/filtro-de-recirculacion\/"},"modified":"2022-06-08T11:12:12","modified_gmt":"2022-06-08T11:12:12","slug":"filtro-de-recirculacion","status":"publish","type":"product","link":"https:\/\/atlastoilets.com\/es\/producto\/filtro-de-recirculacion\/","title":{"rendered":"Filtro de recirculaci\u00f3n"},"content":{"rendered":"<div class=\"short-description\">\n<p>Filtro de recirculaci\u00f3n para ser utilizado como parte de un conjunto de recirculaci\u00f3n para ba\u00f1os port\u00e1tiles.<br \/>\nEl filtro se coloca en el dep\u00f3sito de residuos y se conecta con mangueras.<\/p>\n<\/div>\n","protected":false},"excerpt":{"rendered":"<p>Una parte\u00a0de uno conjunto de recirculaci\u00f3n para ba\u00f1os port\u00e1tiles.<\/p>\n","protected":false},"featured_media":26555,"template":"","meta":[],"product_brand":[],"product_cat":[932],"product_tag":[],"class_list":{"0":"post-20310","1":"product","2":"type-product","3":"status-publish","4":"has-post-thumbnail","6":"product_cat-repuestos-para-banos-de-recirculacion","8":"first","9":"instock","10":"taxable","11":"shipping-taxable","12":"purchasable","13":"product-type-simple"},"yoast_head":"<!-- This site is optimized with the Yoast SEO plugin v27.4 - https:\/\/yoast.com\/product\/yoast-seo-wordpress\/ -->\n<title>Filtro de recirculaci\u00f3n para ba\u00f1os port\u00e1tiles<\/title>\n<meta name=\"description\" content=\"Filtro de recirculaci\u00f3n para un conjunto de recirculaci\u00f3n en ba\u00f1os port\u00e1tiles. El filtro se coloca en el dep\u00f3sito de residuos.\" \/>\n<meta name=\"robots\" content=\"index, follow, max-snippet:-1, max-image-preview:large, max-video-preview:-1\" \/>\n<link rel=\"canonical\" href=\"https:\/\/atlastoilets.com\/es\/producto\/filtro-de-recirculacion\/\" \/>\n<meta property=\"og:locale\" content=\"es_ES\" \/>\n<meta property=\"og:type\" content=\"article\" \/>\n<meta property=\"og:title\" content=\"Filtro de recirculaci\u00f3n para ba\u00f1os port\u00e1tiles\" \/>\n<meta property=\"og:description\" content=\"Filtro de recirculaci\u00f3n para un conjunto de recirculaci\u00f3n en ba\u00f1os port\u00e1tiles. El filtro se coloca en el dep\u00f3sito de residuos.\" \/>\n<meta property=\"og:url\" content=\"https:\/\/atlastoilets.com\/es\/producto\/filtro-de-recirculacion\/\" \/>\n<meta property=\"og:site_name\" content=\"Atlas Sanitation Products\" \/>\n<meta property=\"article:modified_time\" content=\"2022-06-08T11:12:12+00:00\" \/>\n<meta property=\"og:image\" content=\"https:\/\/atlastoilets.com\/wp-content\/uploads\/2022\/03\/Recirculation-filter.jpg\" \/>\n\t<meta property=\"og:image:width\" content=\"1000\" \/>\n\t<meta property=\"og:image:height\" content=\"1000\" \/>\n\t<meta property=\"og:image:type\" content=\"image\/jpeg\" \/>\n<meta name=\"twitter:card\" content=\"summary_large_image\" \/>\n<meta name=\"twitter:label1\" content=\"Tiempo de lectura\" \/>\n\t<meta name=\"twitter:data1\" content=\"1 minuto\" \/>\n<script type=\"application\/ld+json\" class=\"yoast-schema-graph\">{\"@context\":\"https:\\\/\\\/schema.org\",\"@graph\":[{\"@type\":[\"WebPage\",\"ItemPage\"],\"@id\":\"https:\\\/\\\/atlastoilets.com\\\/es\\\/producto\\\/filtro-de-recirculacion\\\/\",\"url\":\"https:\\\/\\\/atlastoilets.com\\\/es\\\/producto\\\/filtro-de-recirculacion\\\/\",\"name\":\"Filtro de recirculaci\u00f3n para ba\u00f1os port\u00e1tiles\",\"isPartOf\":{\"@id\":\"https:\\\/\\\/atlastoilets.com\\\/#website\"},\"primaryImageOfPage\":{\"@id\":\"https:\\\/\\\/atlastoilets.com\\\/es\\\/producto\\\/filtro-de-recirculacion\\\/#primaryimage\"},\"image\":{\"@id\":\"https:\\\/\\\/atlastoilets.com\\\/es\\\/producto\\\/filtro-de-recirculacion\\\/#primaryimage\"},\"thumbnailUrl\":\"https:\\\/\\\/atlastoilets.com\\\/wp-content\\\/uploads\\\/2022\\\/03\\\/Recirculation-filter.jpg\",\"datePublished\":\"2022-03-07T13:40:58+00:00\",\"dateModified\":\"2022-06-08T11:12:12+00:00\",\"description\":\"Filtro de recirculaci\u00f3n para un conjunto de recirculaci\u00f3n en ba\u00f1os port\u00e1tiles. El filtro se coloca en el dep\u00f3sito de residuos.\",\"breadcrumb\":{\"@id\":\"https:\\\/\\\/atlastoilets.com\\\/es\\\/producto\\\/filtro-de-recirculacion\\\/#breadcrumb\"},\"inLanguage\":\"es\",\"potentialAction\":[{\"@type\":\"ReadAction\",\"target\":[\"https:\\\/\\\/atlastoilets.com\\\/es\\\/producto\\\/filtro-de-recirculacion\\\/\"]}]},{\"@type\":\"ImageObject\",\"inLanguage\":\"es\",\"@id\":\"https:\\\/\\\/atlastoilets.com\\\/es\\\/producto\\\/filtro-de-recirculacion\\\/#primaryimage\",\"url\":\"https:\\\/\\\/atlastoilets.com\\\/wp-content\\\/uploads\\\/2022\\\/03\\\/Recirculation-filter.jpg\",\"contentUrl\":\"https:\\\/\\\/atlastoilets.com\\\/wp-content\\\/uploads\\\/2022\\\/03\\\/Recirculation-filter.jpg\",\"width\":1000,\"height\":1000,\"caption\":\"Filtro de recirculaci\u00f3n\"},{\"@type\":\"BreadcrumbList\",\"@id\":\"https:\\\/\\\/atlastoilets.com\\\/es\\\/producto\\\/filtro-de-recirculacion\\\/#breadcrumb\",\"itemListElement\":[{\"@type\":\"ListItem\",\"position\":1,\"name\":\"Home\",\"item\":\"https:\\\/\\\/atlastoilets.com\\\/es\\\/\"},{\"@type\":\"ListItem\",\"position\":2,\"name\":\"Tienda\",\"item\":\"https:\\\/\\\/atlastoilets.com\\\/es\\\/tienda\\\/\"},{\"@type\":\"ListItem\",\"position\":3,\"name\":\"Filtro de recirculaci\u00f3n\"}]},{\"@type\":\"WebSite\",\"@id\":\"https:\\\/\\\/atlastoilets.com\\\/#website\",\"url\":\"https:\\\/\\\/atlastoilets.com\\\/\",\"name\":\"Atlas Sanitation Products\",\"description\":\"Total supplier for toilet rental companies\",\"potentialAction\":[{\"@type\":\"SearchAction\",\"target\":{\"@type\":\"EntryPoint\",\"urlTemplate\":\"https:\\\/\\\/atlastoilets.com\\\/?s={search_term_string}\"},\"query-input\":{\"@type\":\"PropertyValueSpecification\",\"valueRequired\":true,\"valueName\":\"search_term_string\"}}],\"inLanguage\":\"es\"}]}<\/script>\n<!-- \/ Yoast SEO plugin. -->","yoast_head_json":{"title":"Filtro de recirculaci\u00f3n para ba\u00f1os port\u00e1tiles","description":"Filtro de recirculaci\u00f3n para un conjunto de recirculaci\u00f3n en ba\u00f1os port\u00e1tiles. El filtro se coloca en el dep\u00f3sito de residuos.","robots":{"index":"index","follow":"follow","max-snippet":"max-snippet:-1","max-image-preview":"max-image-preview:large","max-video-preview":"max-video-preview:-1"},"canonical":"https:\/\/atlastoilets.com\/es\/producto\/filtro-de-recirculacion\/","og_locale":"es_ES","og_type":"article","og_title":"Filtro de recirculaci\u00f3n para ba\u00f1os port\u00e1tiles","og_description":"Filtro de recirculaci\u00f3n para un conjunto de recirculaci\u00f3n en ba\u00f1os port\u00e1tiles. El filtro se coloca en el dep\u00f3sito de residuos.","og_url":"https:\/\/atlastoilets.com\/es\/producto\/filtro-de-recirculacion\/","og_site_name":"Atlas Sanitation Products","article_modified_time":"2022-06-08T11:12:12+00:00","og_image":[{"width":1000,"height":1000,"url":"https:\/\/atlastoilets.com\/wp-content\/uploads\/2022\/03\/Recirculation-filter.jpg","type":"image\/jpeg"}],"twitter_card":"summary_large_image","twitter_misc":{"Tiempo de lectura":"1 minuto"},"schema":{"@context":"https:\/\/schema.org","@graph":[{"@type":["WebPage","ItemPage"],"@id":"https:\/\/atlastoilets.com\/es\/producto\/filtro-de-recirculacion\/","url":"https:\/\/atlastoilets.com\/es\/producto\/filtro-de-recirculacion\/","name":"Filtro de recirculaci\u00f3n para ba\u00f1os port\u00e1tiles","isPartOf":{"@id":"https:\/\/atlastoilets.com\/#website"},"primaryImageOfPage":{"@id":"https:\/\/atlastoilets.com\/es\/producto\/filtro-de-recirculacion\/#primaryimage"},"image":{"@id":"https:\/\/atlastoilets.com\/es\/producto\/filtro-de-recirculacion\/#primaryimage"},"thumbnailUrl":"https:\/\/atlastoilets.com\/wp-content\/uploads\/2022\/03\/Recirculation-filter.jpg","datePublished":"2022-03-07T13:40:58+00:00","dateModified":"2022-06-08T11:12:12+00:00","description":"Filtro de recirculaci\u00f3n para un conjunto de recirculaci\u00f3n en ba\u00f1os port\u00e1tiles. El filtro se coloca en el dep\u00f3sito de residuos.","breadcrumb":{"@id":"https:\/\/atlastoilets.com\/es\/producto\/filtro-de-recirculacion\/#breadcrumb"},"inLanguage":"es","potentialAction":[{"@type":"ReadAction","target":["https:\/\/atlastoilets.com\/es\/producto\/filtro-de-recirculacion\/"]}]},{"@type":"ImageObject","inLanguage":"es","@id":"https:\/\/atlastoilets.com\/es\/producto\/filtro-de-recirculacion\/#primaryimage","url":"https:\/\/atlastoilets.com\/wp-content\/uploads\/2022\/03\/Recirculation-filter.jpg","contentUrl":"https:\/\/atlastoilets.com\/wp-content\/uploads\/2022\/03\/Recirculation-filter.jpg","width":1000,"height":1000,"caption":"Filtro de recirculaci\u00f3n"},{"@type":"BreadcrumbList","@id":"https:\/\/atlastoilets.com\/es\/producto\/filtro-de-recirculacion\/#breadcrumb","itemListElement":[{"@type":"ListItem","position":1,"name":"Home","item":"https:\/\/atlastoilets.com\/es\/"},{"@type":"ListItem","position":2,"name":"Tienda","item":"https:\/\/atlastoilets.com\/es\/tienda\/"},{"@type":"ListItem","position":3,"name":"Filtro de recirculaci\u00f3n"}]},{"@type":"WebSite","@id":"https:\/\/atlastoilets.com\/#website","url":"https:\/\/atlastoilets.com\/","name":"Atlas Sanitation Products","description":"Total supplier for toilet rental companies","potentialAction":[{"@type":"SearchAction","target":{"@type":"EntryPoint","urlTemplate":"https:\/\/atlastoilets.com\/?s={search_term_string}"},"query-input":{"@type":"PropertyValueSpecification","valueRequired":true,"valueName":"search_term_string"}}],"inLanguage":"es"}]}},"_links":{"self":[{"href":"https:\/\/atlastoilets.com\/es\/wp-json\/wp\/v2\/product\/20310","targetHints":{"allow":["GET"]}}],"collection":[{"href":"https:\/\/atlastoilets.com\/es\/wp-json\/wp\/v2\/product"}],"about":[{"href":"https:\/\/atlastoilets.com\/es\/wp-json\/wp\/v2\/types\/product"}],"wp:featuredmedia":[{"embeddable":true,"href":"https:\/\/atlastoilets.com\/es\/wp-json\/wp\/v2\/media\/26555"}],"wp:attachment":[{"href":"https:\/\/atlastoilets.com\/es\/wp-json\/wp\/v2\/media?parent=20310"}],"wp:term":[{"taxonomy":"product_brand","embeddable":true,"href":"https:\/\/atlastoilets.com\/es\/wp-json\/wp\/v2\/product_brand?post=20310"},{"taxonomy":"product_cat","embeddable":true,"href":"https:\/\/atlastoilets.com\/es\/wp-json\/wp\/v2\/product_cat?post=20310"},{"taxonomy":"product_tag","embeddable":true,"href":"https:\/\/atlastoilets.com\/es\/wp-json\/wp\/v2\/product_tag?post=20310"}],"curies":[{"name":"wp","href":"https:\/\/api.w.org\/{rel}","templated":true}]}}