{"id":20306,"date":"2022-03-07T13:40:58","date_gmt":"2022-03-07T13:40:58","guid":{"rendered":"https:\/\/www.mobileurinal.eu\/product\/bano-para-discapacitados-unidad-de-acceso-mejorado-eau-de-polyportables\/"},"modified":"2023-12-11T11:20:20","modified_gmt":"2023-12-11T11:20:20","slug":"bano-para-discapacitados-unidad-de-acceso-mejorado-eau-de-polyportables","status":"publish","type":"product","link":"https:\/\/atlastoilets.com\/es\/producto\/bano-para-discapacitados-unidad-de-acceso-mejorado-eau-de-polyportables\/","title":{"rendered":"Ba\u00f1o para discapacitados, Unidad de Acceso Mejorado (EAU) de PolyPortables"},"content":{"rendered":"<p><span id=\"result_box\" class=\"\" lang=\"es\"><em><strong><span class=\"hps\">Muy accesible<\/span> <span class=\"hps\">por la entrada<\/span> <span class=\"hps\">a nivel del suelo<\/span><\/strong><\/em><\/span><\/p>\n<p><span class=\"hps\">El <\/span><span class=\"hps\">ba\u00f1o para discapacitados,<\/span> <span class=\"hps\">Unidad de Acceso<\/span> <span class=\"hps\">Mejorado<\/span> <span class=\"hps atn\">(<\/span><span class=\"\">EAU<\/span>) <span class=\"hps\">ofrece<\/span> <span class=\"hps\">un c\u00f3modo acceso<\/span> <span class=\"hps\">para<\/span> <span class=\"hps\">personas<\/span> <span class=\"hps\">con<\/span> <span class=\"hps\">movilidad<\/span> <span class=\"hps\">reducida<\/span>, <span class=\"hps\">por ejemplo,<\/span> <span class=\"hps\">los usuarios<\/span> <span class=\"hps\">en silla de ruedas<\/span>.<br \/>\n<span class=\"hps\">La admisi\u00f3n se<\/span> <span class=\"hps\">pr\u00e1cticamente<\/span> <span class=\"hps\">planta baja<\/span>, <span class=\"hps\">la entrada<\/span> <span class=\"hps\">que lo hace muy<\/span> <span class=\"hps\">accesible.<\/span><br \/>\n<span class=\"hps\">El\u00a0<\/span><span class=\"hps\">ba\u00f1o<\/span> <span class=\"hps\">tiene<\/span> <span class=\"hps\">barandas de aluminio<\/span> en el interior.<\/p>\n<p><span class=\"hps\">Caracter\u00edsticas:<\/span><\/p>\n<p><span class=\"hps\">\u2022 M\u00e1s de<\/span> <span class=\"hps\">un cent\u00edmetro<\/span> <span class=\"hps\">de grosor<\/span> <span class=\"hps\">de polietileno de<\/span> <span class=\"hps\">baja<\/span> <span class=\"hps\">de extrusi\u00f3n<\/span><br \/>\n<span class=\"hps\">\u2022<\/span> <span class=\"hps\">Residuos<\/span> <span class=\"hps\">del tanque<\/span> <span class=\"hps\">40 litros<\/span><br \/>\n<span class=\"hps\">\u2022<\/span> <span class=\"hps\">Asiento y la tapa<\/span><br \/>\n<span class=\"hps\">\u2022<\/span> Porta papel higi\u00e9nico <span class=\"hps\">por dos<\/span> <span class=\"hps\">rollos de papel higi\u00e9nico<\/span><br \/>\n<span class=\"hps\">\u2022<\/span> <span class=\"hps\">Barandas<\/span> <span class=\"hps\">de aluminio<\/span><br \/>\n<span class=\"hps\">\u2022 Puerta<\/span> <span class=\"hps\">neum\u00e1tica<\/span> <span class=\"hps\">m\u00e1s cerca,<\/span> <span class=\"hps\">para una entrada<\/span> <span class=\"hps\">c\u00f3moda<\/span>, <span class=\"hps\">consistente y predecible<\/span><br \/>\n<span class=\"hps\">\u2022 Protecci\u00f3n<\/span> <span class=\"hps\">UV<\/span> <span class=\"hps\">extra<\/span> <span class=\"hps\">asegura<\/span> <span class=\"hps\">que el inodoro<\/span> <span class=\"hps\">se mantiene<\/span> <span class=\"hps\">a largo<\/span> <span class=\"hps\">como nuevo<\/span><\/p>\n","protected":false},"excerpt":{"rendered":"<p><span id=\"result_box\" class=\"\" lang=\"es\"><em><strong><span class=\"hps\">Muy accesible<\/span> <span class=\"hps\">por la entrada<\/span> <span class=\"hps\">a nivel del suelo<\/span><\/strong><\/em><\/span><\/p>\n<p><span class=\"hps\">El ba\u00f1o<\/span> <span class=\"hps\">para discapacitados,<\/span> <span class=\"hps\">Unidad de Acceso<\/span> <span class=\"hps\">Mejorado<\/span> <span class=\"hps atn\">(<\/span><span class=\"\">EAU<\/span>) <span class=\"hps\">ofrece<\/span> <span class=\"hps\">un c\u00f3modo acceso<\/span> <span class=\"hps\">para<\/span> <span class=\"hps\">personas<\/span> <span class=\"hps\">con<\/span> <span class=\"hps\">movilidad<\/span> <span class=\"hps\">reducida<\/span>, <span class=\"hps\">por ejemplo,<\/span> <span class=\"hps\">los usuarios<\/span> <span class=\"hps\">en silla de ruedas<\/span>.<br \/>\n<span class=\"hps\">La admisi\u00f3n se<\/span> <span class=\"hps\">pr\u00e1cticamente<\/span> <span class=\"hps\">planta baja<\/span>, <span class=\"hps\">la entrada<\/span> <span class=\"hps\">que lo hace muy<\/span> <span class=\"hps\">accesible.<\/span><br \/>\n<span class=\"hps\">El\u00a0<\/span><span class=\"hps\">ba\u00f1o<\/span> <span class=\"hps\">tiene<\/span> <span class=\"hps\">barandas de aluminio<\/span> en el interior.<\/p>\n","protected":false},"featured_media":26564,"template":"","meta":[],"product_brand":[],"product_cat":[1279],"product_tag":[],"class_list":{"0":"post-20306","1":"product","2":"type-product","3":"status-publish","4":"has-post-thumbnail","6":"product_cat-banos-para-discapacitados","8":"first","9":"instock","10":"taxable","11":"shipping-taxable","12":"purchasable","13":"product-type-simple"},"yoast_head":"<!-- This site is optimized with the Yoast SEO plugin v27.4 - https:\/\/yoast.com\/product\/yoast-seo-wordpress\/ -->\n<title>Ba\u00f1o para discapacitados, Unidad de Acceso Mejorado (EAU)<\/title>\n<meta name=\"robots\" content=\"index, follow, max-snippet:-1, max-image-preview:large, max-video-preview:-1\" \/>\n<link rel=\"canonical\" href=\"https:\/\/atlastoilets.com\/es\/producto\/bano-para-discapacitados-unidad-de-acceso-mejorado-eau-de-polyportables\/\" \/>\n<meta property=\"og:locale\" content=\"es_ES\" \/>\n<meta property=\"og:type\" content=\"article\" \/>\n<meta property=\"og:title\" content=\"Ba\u00f1o para discapacitados, Unidad de Acceso Mejorado (EAU)\" \/>\n<meta property=\"og:description\" content=\"Muy accesible por la entrada a nivel del suelo  El ba\u00f1o para discapacitados, Unidad de Acceso Mejorado (EAU) ofrece un c\u00f3modo acceso para personas con movilidad reducida, por ejemplo, los usuarios en silla de ruedas. La admisi\u00f3n se pr\u00e1cticamente planta baja, la entrada que lo hace muy accesible. El\u00a0ba\u00f1o tiene barandas de aluminio en el interior.\" \/>\n<meta property=\"og:url\" content=\"https:\/\/atlastoilets.com\/es\/producto\/bano-para-discapacitados-unidad-de-acceso-mejorado-eau-de-polyportables\/\" \/>\n<meta property=\"og:site_name\" content=\"Atlas Sanitation Products\" \/>\n<meta property=\"article:modified_time\" content=\"2023-12-11T11:20:20+00:00\" \/>\n<meta property=\"og:image\" content=\"https:\/\/atlastoilets.com\/wp-content\/uploads\/2022\/03\/PolyPortables-handicap-toilet.jpg\" \/>\n\t<meta property=\"og:image:width\" content=\"1000\" \/>\n\t<meta property=\"og:image:height\" content=\"1000\" \/>\n\t<meta property=\"og:image:type\" content=\"image\/jpeg\" \/>\n<meta name=\"twitter:card\" content=\"summary_large_image\" \/>\n<meta name=\"twitter:label1\" content=\"Tiempo de lectura\" \/>\n\t<meta name=\"twitter:data1\" content=\"1 minuto\" \/>\n<script type=\"application\/ld+json\" class=\"yoast-schema-graph\">{\"@context\":\"https:\\\/\\\/schema.org\",\"@graph\":[{\"@type\":[\"WebPage\",\"ItemPage\"],\"@id\":\"https:\\\/\\\/atlastoilets.com\\\/es\\\/producto\\\/bano-para-discapacitados-unidad-de-acceso-mejorado-eau-de-polyportables\\\/\",\"url\":\"https:\\\/\\\/atlastoilets.com\\\/es\\\/producto\\\/bano-para-discapacitados-unidad-de-acceso-mejorado-eau-de-polyportables\\\/\",\"name\":\"Ba\u00f1o para discapacitados, Unidad de Acceso Mejorado (EAU)\",\"isPartOf\":{\"@id\":\"https:\\\/\\\/atlastoilets.com\\\/#website\"},\"primaryImageOfPage\":{\"@id\":\"https:\\\/\\\/atlastoilets.com\\\/es\\\/producto\\\/bano-para-discapacitados-unidad-de-acceso-mejorado-eau-de-polyportables\\\/#primaryimage\"},\"image\":{\"@id\":\"https:\\\/\\\/atlastoilets.com\\\/es\\\/producto\\\/bano-para-discapacitados-unidad-de-acceso-mejorado-eau-de-polyportables\\\/#primaryimage\"},\"thumbnailUrl\":\"https:\\\/\\\/atlastoilets.com\\\/wp-content\\\/uploads\\\/2022\\\/03\\\/PolyPortables-handicap-toilet.jpg\",\"datePublished\":\"2022-03-07T13:40:58+00:00\",\"dateModified\":\"2023-12-11T11:20:20+00:00\",\"breadcrumb\":{\"@id\":\"https:\\\/\\\/atlastoilets.com\\\/es\\\/producto\\\/bano-para-discapacitados-unidad-de-acceso-mejorado-eau-de-polyportables\\\/#breadcrumb\"},\"inLanguage\":\"es\",\"potentialAction\":[{\"@type\":\"ReadAction\",\"target\":[\"https:\\\/\\\/atlastoilets.com\\\/es\\\/producto\\\/bano-para-discapacitados-unidad-de-acceso-mejorado-eau-de-polyportables\\\/\"]}]},{\"@type\":\"ImageObject\",\"inLanguage\":\"es\",\"@id\":\"https:\\\/\\\/atlastoilets.com\\\/es\\\/producto\\\/bano-para-discapacitados-unidad-de-acceso-mejorado-eau-de-polyportables\\\/#primaryimage\",\"url\":\"https:\\\/\\\/atlastoilets.com\\\/wp-content\\\/uploads\\\/2022\\\/03\\\/PolyPortables-handicap-toilet.jpg\",\"contentUrl\":\"https:\\\/\\\/atlastoilets.com\\\/wp-content\\\/uploads\\\/2022\\\/03\\\/PolyPortables-handicap-toilet.jpg\",\"width\":1000,\"height\":1000},{\"@type\":\"BreadcrumbList\",\"@id\":\"https:\\\/\\\/atlastoilets.com\\\/es\\\/producto\\\/bano-para-discapacitados-unidad-de-acceso-mejorado-eau-de-polyportables\\\/#breadcrumb\",\"itemListElement\":[{\"@type\":\"ListItem\",\"position\":1,\"name\":\"Home\",\"item\":\"https:\\\/\\\/atlastoilets.com\\\/es\\\/\"},{\"@type\":\"ListItem\",\"position\":2,\"name\":\"Tienda\",\"item\":\"https:\\\/\\\/atlastoilets.com\\\/es\\\/tienda\\\/\"},{\"@type\":\"ListItem\",\"position\":3,\"name\":\"Ba\u00f1o para discapacitados, Unidad de Acceso Mejorado (EAU) de PolyPortables\"}]},{\"@type\":\"WebSite\",\"@id\":\"https:\\\/\\\/atlastoilets.com\\\/#website\",\"url\":\"https:\\\/\\\/atlastoilets.com\\\/\",\"name\":\"Atlas Sanitation Products\",\"description\":\"Total supplier for toilet rental companies\",\"potentialAction\":[{\"@type\":\"SearchAction\",\"target\":{\"@type\":\"EntryPoint\",\"urlTemplate\":\"https:\\\/\\\/atlastoilets.com\\\/?s={search_term_string}\"},\"query-input\":{\"@type\":\"PropertyValueSpecification\",\"valueRequired\":true,\"valueName\":\"search_term_string\"}}],\"inLanguage\":\"es\"}]}<\/script>\n<!-- \/ Yoast SEO plugin. -->","yoast_head_json":{"title":"Ba\u00f1o para discapacitados, Unidad de Acceso Mejorado (EAU)","robots":{"index":"index","follow":"follow","max-snippet":"max-snippet:-1","max-image-preview":"max-image-preview:large","max-video-preview":"max-video-preview:-1"},"canonical":"https:\/\/atlastoilets.com\/es\/producto\/bano-para-discapacitados-unidad-de-acceso-mejorado-eau-de-polyportables\/","og_locale":"es_ES","og_type":"article","og_title":"Ba\u00f1o para discapacitados, Unidad de Acceso Mejorado (EAU)","og_description":"Muy accesible por la entrada a nivel del suelo  El ba\u00f1o para discapacitados, Unidad de Acceso Mejorado (EAU) ofrece un c\u00f3modo acceso para personas con movilidad reducida, por ejemplo, los usuarios en silla de ruedas. La admisi\u00f3n se pr\u00e1cticamente planta baja, la entrada que lo hace muy accesible. El\u00a0ba\u00f1o tiene barandas de aluminio en el interior.","og_url":"https:\/\/atlastoilets.com\/es\/producto\/bano-para-discapacitados-unidad-de-acceso-mejorado-eau-de-polyportables\/","og_site_name":"Atlas Sanitation Products","article_modified_time":"2023-12-11T11:20:20+00:00","og_image":[{"width":1000,"height":1000,"url":"https:\/\/atlastoilets.com\/wp-content\/uploads\/2022\/03\/PolyPortables-handicap-toilet.jpg","type":"image\/jpeg"}],"twitter_card":"summary_large_image","twitter_misc":{"Tiempo de lectura":"1 minuto"},"schema":{"@context":"https:\/\/schema.org","@graph":[{"@type":["WebPage","ItemPage"],"@id":"https:\/\/atlastoilets.com\/es\/producto\/bano-para-discapacitados-unidad-de-acceso-mejorado-eau-de-polyportables\/","url":"https:\/\/atlastoilets.com\/es\/producto\/bano-para-discapacitados-unidad-de-acceso-mejorado-eau-de-polyportables\/","name":"Ba\u00f1o para discapacitados, Unidad de Acceso Mejorado (EAU)","isPartOf":{"@id":"https:\/\/atlastoilets.com\/#website"},"primaryImageOfPage":{"@id":"https:\/\/atlastoilets.com\/es\/producto\/bano-para-discapacitados-unidad-de-acceso-mejorado-eau-de-polyportables\/#primaryimage"},"image":{"@id":"https:\/\/atlastoilets.com\/es\/producto\/bano-para-discapacitados-unidad-de-acceso-mejorado-eau-de-polyportables\/#primaryimage"},"thumbnailUrl":"https:\/\/atlastoilets.com\/wp-content\/uploads\/2022\/03\/PolyPortables-handicap-toilet.jpg","datePublished":"2022-03-07T13:40:58+00:00","dateModified":"2023-12-11T11:20:20+00:00","breadcrumb":{"@id":"https:\/\/atlastoilets.com\/es\/producto\/bano-para-discapacitados-unidad-de-acceso-mejorado-eau-de-polyportables\/#breadcrumb"},"inLanguage":"es","potentialAction":[{"@type":"ReadAction","target":["https:\/\/atlastoilets.com\/es\/producto\/bano-para-discapacitados-unidad-de-acceso-mejorado-eau-de-polyportables\/"]}]},{"@type":"ImageObject","inLanguage":"es","@id":"https:\/\/atlastoilets.com\/es\/producto\/bano-para-discapacitados-unidad-de-acceso-mejorado-eau-de-polyportables\/#primaryimage","url":"https:\/\/atlastoilets.com\/wp-content\/uploads\/2022\/03\/PolyPortables-handicap-toilet.jpg","contentUrl":"https:\/\/atlastoilets.com\/wp-content\/uploads\/2022\/03\/PolyPortables-handicap-toilet.jpg","width":1000,"height":1000},{"@type":"BreadcrumbList","@id":"https:\/\/atlastoilets.com\/es\/producto\/bano-para-discapacitados-unidad-de-acceso-mejorado-eau-de-polyportables\/#breadcrumb","itemListElement":[{"@type":"ListItem","position":1,"name":"Home","item":"https:\/\/atlastoilets.com\/es\/"},{"@type":"ListItem","position":2,"name":"Tienda","item":"https:\/\/atlastoilets.com\/es\/tienda\/"},{"@type":"ListItem","position":3,"name":"Ba\u00f1o para discapacitados, Unidad de Acceso Mejorado (EAU) de PolyPortables"}]},{"@type":"WebSite","@id":"https:\/\/atlastoilets.com\/#website","url":"https:\/\/atlastoilets.com\/","name":"Atlas Sanitation Products","description":"Total supplier for toilet rental companies","potentialAction":[{"@type":"SearchAction","target":{"@type":"EntryPoint","urlTemplate":"https:\/\/atlastoilets.com\/?s={search_term_string}"},"query-input":{"@type":"PropertyValueSpecification","valueRequired":true,"valueName":"search_term_string"}}],"inLanguage":"es"}]}},"_links":{"self":[{"href":"https:\/\/atlastoilets.com\/es\/wp-json\/wp\/v2\/product\/20306","targetHints":{"allow":["GET"]}}],"collection":[{"href":"https:\/\/atlastoilets.com\/es\/wp-json\/wp\/v2\/product"}],"about":[{"href":"https:\/\/atlastoilets.com\/es\/wp-json\/wp\/v2\/types\/product"}],"wp:featuredmedia":[{"embeddable":true,"href":"https:\/\/atlastoilets.com\/es\/wp-json\/wp\/v2\/media\/26564"}],"wp:attachment":[{"href":"https:\/\/atlastoilets.com\/es\/wp-json\/wp\/v2\/media?parent=20306"}],"wp:term":[{"taxonomy":"product_brand","embeddable":true,"href":"https:\/\/atlastoilets.com\/es\/wp-json\/wp\/v2\/product_brand?post=20306"},{"taxonomy":"product_cat","embeddable":true,"href":"https:\/\/atlastoilets.com\/es\/wp-json\/wp\/v2\/product_cat?post=20306"},{"taxonomy":"product_tag","embeddable":true,"href":"https:\/\/atlastoilets.com\/es\/wp-json\/wp\/v2\/product_tag?post=20306"}],"curies":[{"name":"wp","href":"https:\/\/api.w.org\/{rel}","templated":true}]}}