{"id":20305,"date":"2022-03-07T13:40:58","date_gmt":"2022-03-07T13:40:58","guid":{"rendered":"https:\/\/www.mobileurinal.eu\/product\/estacion-de-lavamanos-independiente-hera-en-stock\/"},"modified":"2025-03-18T13:06:06","modified_gmt":"2025-03-18T13:06:06","slug":"lavamanos","status":"publish","type":"product","link":"https:\/\/atlastoilets.com\/es\/producto\/lavamanos\/","title":{"rendered":"Doble estacion de lavamanos independiente Hera2"},"content":{"rendered":"<p><em><strong>Lavamanos doble compacta<\/strong><\/em><\/p>\n<p>El lavavamanos Hera2 es, al igual que su hermana mayor Hera, una estaci\u00f3n de lavamanos para 2 personas, ideal para usar en los festivales y eventos.<br \/>\nExiste la posibilidad de montar cualquier jab\u00f3n o papel dispensador.<\/p>\n<p><span class=\"tlid-translation translation\" lang=\"es\"><span class=\"\" title=\"\">Basado en 3 a 6 movimientos de la bomba, el n\u00famero de usos estar\u00e1 entre 200 y 375.<\/span><\/span><\/p>\n<p>Especificationes<\/p>\n<ul>\n<li>Altura: 1290 mm<\/li>\n<li>Ancho: 720 mm<\/li>\n<li>Pfofundidad: 520 mm<\/li>\n<li>Peso: 27 kg<\/li>\n<li>Capacidad de aqua dulce: 75 Litros<\/li>\n<li>Capacidad de agua residuales: 85 Litros<\/li>\n<li>Disponsible: Granite<\/li>\n<\/ul>\n<p><img loading=\"lazy\" decoding=\"async\" class=\"alignright size-full wp-image-30092\" src=\"https:\/\/atlastoilets.com\/wp-content\/uploads\/2022\/03\/LOGO-hera2-handwash-1.jpg\" alt=\"hera 2 logo\" width=\"227\" height=\"100\" \/>La Hera est\u00e1 equipado de forma est\u00e1ndar con:<br \/>\n\u2022 tapa desmontable<br \/>\n\u2022 2 bombas de pie<br \/>\n\u2022 lavabo grande<br \/>\n\u2022 Asas para la implementaci\u00f3n m\u00e1s f\u00e1cil<\/p>\n<p><strong><span class=\"tlid-translation translation\" lang=\"es\"><span class=\"\" title=\"\">PARA COMPARAR NUESTRAS TRES UNIDADES DE LAVADO DE MANOS HERA<\/span><\/span><\/strong><\/p>\n<table>\n<tbody>\n<tr>\n<td><\/td>\n<td><strong>Hera1<\/strong><\/td>\n<td><strong>Hera2<\/strong><\/td>\n<td><strong>Hera3<\/strong><\/td>\n<\/tr>\n<tr>\n<td>Medidas (AxAxL)<\/td>\n<td>1280x600x1370mm<\/td>\n<td>720x520x1290mm<\/td>\n<td>998x575x1350MM<\/td>\n<\/tr>\n<tr>\n<td>Peso<\/td>\n<td>47<\/td>\n<td>40<\/td>\n<td>35<\/td>\n<\/tr>\n<tr>\n<td>Capacidad de agua dulcer<\/td>\n<td>162<\/td>\n<td>75<\/td>\n<td>100<\/td>\n<\/tr>\n<tr>\n<td>Capacidad de aguas residuales<\/td>\n<td>178<\/td>\n<td>85<\/td>\n<td>110<\/td>\n<\/tr>\n<\/tbody>\n<\/table>\n","protected":false},"excerpt":{"rendered":"<p><img loading=\"lazy\" decoding=\"async\" class=\"alignright size-full wp-image-27893\" src=\"https:\/\/atlastoilets.com\/wp-content\/uploads\/2022\/03\/LOGO-hera2-handwash.jpg\" alt=\"logo hera 2\" width=\"227\" height=\"100\" \/>El Hera2 es, al igual que su hermana mayor Hera, una estaci\u00f3n de lavamanos para 2 personas, ideal para usar en los festivales y eventos.<\/p>\n","protected":false},"featured_media":26279,"template":"","meta":[],"product_brand":[],"product_cat":[858,888,838],"product_tag":[1006,1007,1014],"class_list":{"0":"post-20305","1":"product","2":"type-product","3":"status-publish","4":"has-post-thumbnail","6":"product_cat-lavamanos","7":"product_cat-lavamanos-independientes","8":"product_cat-prevencion-del-covid-19","9":"product_tag-handwash-es","10":"product_tag-hygiene-es","11":"product_tag-whale-es","13":"first","14":"outofstock","15":"taxable","16":"shipping-taxable","17":"purchasable","18":"product-type-simple"},"yoast_head":"<!-- This site is optimized with the Yoast SEO plugin v27.5 - https:\/\/yoast.com\/product\/yoast-seo-wordpress\/ -->\n<title>Lavamanos doble independiente para 2 personas<\/title>\n<meta name=\"description\" content=\"Lavamanos doble independiente para 2 personas, ideal para usar en los festivales y eventos. con contenedor de aqua dulce y de agua residuales\" \/>\n<meta name=\"robots\" content=\"index, follow, max-snippet:-1, max-image-preview:large, max-video-preview:-1\" \/>\n<link rel=\"canonical\" href=\"https:\/\/atlastoilets.com\/es\/producto\/lavamanos\/\" \/>\n<meta property=\"og:locale\" content=\"es_ES\" \/>\n<meta property=\"og:type\" content=\"article\" \/>\n<meta property=\"og:title\" content=\"Lavamanos doble independiente para 2 personas\" \/>\n<meta property=\"og:description\" content=\"Lavamanos doble independiente para 2 personas, ideal para usar en los festivales y eventos. con contenedor de aqua dulce y de agua residuales\" \/>\n<meta property=\"og:url\" content=\"https:\/\/atlastoilets.com\/es\/producto\/lavamanos\/\" \/>\n<meta property=\"og:site_name\" content=\"Atlas Sanitation Products\" \/>\n<meta property=\"article:modified_time\" content=\"2025-03-18T13:06:06+00:00\" \/>\n<meta property=\"og:image\" content=\"https:\/\/atlastoilets.com\/wp-content\/uploads\/2022\/03\/Hera2-hand-wash.jpg\" \/>\n\t<meta property=\"og:image:width\" content=\"1000\" \/>\n\t<meta property=\"og:image:height\" content=\"1000\" \/>\n\t<meta property=\"og:image:type\" content=\"image\/jpeg\" \/>\n<meta name=\"twitter:card\" content=\"summary_large_image\" \/>\n<meta name=\"twitter:label1\" content=\"Tiempo de lectura\" \/>\n\t<meta name=\"twitter:data1\" content=\"2 minutos\" \/>\n<script type=\"application\/ld+json\" class=\"yoast-schema-graph\">{\"@context\":\"https:\\\/\\\/schema.org\",\"@graph\":[{\"@type\":[\"WebPage\",\"ItemPage\"],\"@id\":\"https:\\\/\\\/atlastoilets.com\\\/es\\\/producto\\\/lavamanos\\\/\",\"url\":\"https:\\\/\\\/atlastoilets.com\\\/es\\\/producto\\\/lavamanos\\\/\",\"name\":\"Lavamanos doble independiente para 2 personas\",\"isPartOf\":{\"@id\":\"https:\\\/\\\/atlastoilets.com\\\/#website\"},\"primaryImageOfPage\":{\"@id\":\"https:\\\/\\\/atlastoilets.com\\\/es\\\/producto\\\/lavamanos\\\/#primaryimage\"},\"image\":{\"@id\":\"https:\\\/\\\/atlastoilets.com\\\/es\\\/producto\\\/lavamanos\\\/#primaryimage\"},\"thumbnailUrl\":\"https:\\\/\\\/atlastoilets.com\\\/wp-content\\\/uploads\\\/2022\\\/03\\\/Hera2-hand-wash.jpg\",\"datePublished\":\"2022-03-07T13:40:58+00:00\",\"dateModified\":\"2025-03-18T13:06:06+00:00\",\"description\":\"Lavamanos doble independiente para 2 personas, ideal para usar en los festivales y eventos. con contenedor de aqua dulce y de agua residuales\",\"breadcrumb\":{\"@id\":\"https:\\\/\\\/atlastoilets.com\\\/es\\\/producto\\\/lavamanos\\\/#breadcrumb\"},\"inLanguage\":\"es\",\"potentialAction\":[{\"@type\":\"ReadAction\",\"target\":[\"https:\\\/\\\/atlastoilets.com\\\/es\\\/producto\\\/lavamanos\\\/\"]}]},{\"@type\":\"ImageObject\",\"inLanguage\":\"es\",\"@id\":\"https:\\\/\\\/atlastoilets.com\\\/es\\\/producto\\\/lavamanos\\\/#primaryimage\",\"url\":\"https:\\\/\\\/atlastoilets.com\\\/wp-content\\\/uploads\\\/2022\\\/03\\\/Hera2-hand-wash.jpg\",\"contentUrl\":\"https:\\\/\\\/atlastoilets.com\\\/wp-content\\\/uploads\\\/2022\\\/03\\\/Hera2-hand-wash.jpg\",\"width\":1000,\"height\":1000,\"caption\":\"dubbele handwas unit hera 2\"},{\"@type\":\"BreadcrumbList\",\"@id\":\"https:\\\/\\\/atlastoilets.com\\\/es\\\/producto\\\/lavamanos\\\/#breadcrumb\",\"itemListElement\":[{\"@type\":\"ListItem\",\"position\":1,\"name\":\"Home\",\"item\":\"https:\\\/\\\/atlastoilets.com\\\/es\\\/\"},{\"@type\":\"ListItem\",\"position\":2,\"name\":\"Tienda\",\"item\":\"https:\\\/\\\/atlastoilets.com\\\/es\\\/tienda\\\/\"},{\"@type\":\"ListItem\",\"position\":3,\"name\":\"Doble estacion de lavamanos independiente Hera2\"}]},{\"@type\":\"WebSite\",\"@id\":\"https:\\\/\\\/atlastoilets.com\\\/#website\",\"url\":\"https:\\\/\\\/atlastoilets.com\\\/\",\"name\":\"Atlas Sanitation Products\",\"description\":\"Total supplier for toilet rental companies\",\"potentialAction\":[{\"@type\":\"SearchAction\",\"target\":{\"@type\":\"EntryPoint\",\"urlTemplate\":\"https:\\\/\\\/atlastoilets.com\\\/?s={search_term_string}\"},\"query-input\":{\"@type\":\"PropertyValueSpecification\",\"valueRequired\":true,\"valueName\":\"search_term_string\"}}],\"inLanguage\":\"es\"}]}<\/script>\n<!-- \/ Yoast SEO plugin. -->","yoast_head_json":{"title":"Lavamanos doble independiente para 2 personas","description":"Lavamanos doble independiente para 2 personas, ideal para usar en los festivales y eventos. con contenedor de aqua dulce y de agua residuales","robots":{"index":"index","follow":"follow","max-snippet":"max-snippet:-1","max-image-preview":"max-image-preview:large","max-video-preview":"max-video-preview:-1"},"canonical":"https:\/\/atlastoilets.com\/es\/producto\/lavamanos\/","og_locale":"es_ES","og_type":"article","og_title":"Lavamanos doble independiente para 2 personas","og_description":"Lavamanos doble independiente para 2 personas, ideal para usar en los festivales y eventos. con contenedor de aqua dulce y de agua residuales","og_url":"https:\/\/atlastoilets.com\/es\/producto\/lavamanos\/","og_site_name":"Atlas Sanitation Products","article_modified_time":"2025-03-18T13:06:06+00:00","og_image":[{"width":1000,"height":1000,"url":"https:\/\/atlastoilets.com\/wp-content\/uploads\/2022\/03\/Hera2-hand-wash.jpg","type":"image\/jpeg"}],"twitter_card":"summary_large_image","twitter_misc":{"Tiempo de lectura":"2 minutos"},"schema":{"@context":"https:\/\/schema.org","@graph":[{"@type":["WebPage","ItemPage"],"@id":"https:\/\/atlastoilets.com\/es\/producto\/lavamanos\/","url":"https:\/\/atlastoilets.com\/es\/producto\/lavamanos\/","name":"Lavamanos doble independiente para 2 personas","isPartOf":{"@id":"https:\/\/atlastoilets.com\/#website"},"primaryImageOfPage":{"@id":"https:\/\/atlastoilets.com\/es\/producto\/lavamanos\/#primaryimage"},"image":{"@id":"https:\/\/atlastoilets.com\/es\/producto\/lavamanos\/#primaryimage"},"thumbnailUrl":"https:\/\/atlastoilets.com\/wp-content\/uploads\/2022\/03\/Hera2-hand-wash.jpg","datePublished":"2022-03-07T13:40:58+00:00","dateModified":"2025-03-18T13:06:06+00:00","description":"Lavamanos doble independiente para 2 personas, ideal para usar en los festivales y eventos. con contenedor de aqua dulce y de agua residuales","breadcrumb":{"@id":"https:\/\/atlastoilets.com\/es\/producto\/lavamanos\/#breadcrumb"},"inLanguage":"es","potentialAction":[{"@type":"ReadAction","target":["https:\/\/atlastoilets.com\/es\/producto\/lavamanos\/"]}]},{"@type":"ImageObject","inLanguage":"es","@id":"https:\/\/atlastoilets.com\/es\/producto\/lavamanos\/#primaryimage","url":"https:\/\/atlastoilets.com\/wp-content\/uploads\/2022\/03\/Hera2-hand-wash.jpg","contentUrl":"https:\/\/atlastoilets.com\/wp-content\/uploads\/2022\/03\/Hera2-hand-wash.jpg","width":1000,"height":1000,"caption":"dubbele handwas unit hera 2"},{"@type":"BreadcrumbList","@id":"https:\/\/atlastoilets.com\/es\/producto\/lavamanos\/#breadcrumb","itemListElement":[{"@type":"ListItem","position":1,"name":"Home","item":"https:\/\/atlastoilets.com\/es\/"},{"@type":"ListItem","position":2,"name":"Tienda","item":"https:\/\/atlastoilets.com\/es\/tienda\/"},{"@type":"ListItem","position":3,"name":"Doble estacion de lavamanos independiente Hera2"}]},{"@type":"WebSite","@id":"https:\/\/atlastoilets.com\/#website","url":"https:\/\/atlastoilets.com\/","name":"Atlas Sanitation Products","description":"Total supplier for toilet rental companies","potentialAction":[{"@type":"SearchAction","target":{"@type":"EntryPoint","urlTemplate":"https:\/\/atlastoilets.com\/?s={search_term_string}"},"query-input":{"@type":"PropertyValueSpecification","valueRequired":true,"valueName":"search_term_string"}}],"inLanguage":"es"}]}},"_links":{"self":[{"href":"https:\/\/atlastoilets.com\/es\/wp-json\/wp\/v2\/product\/20305","targetHints":{"allow":["GET"]}}],"collection":[{"href":"https:\/\/atlastoilets.com\/es\/wp-json\/wp\/v2\/product"}],"about":[{"href":"https:\/\/atlastoilets.com\/es\/wp-json\/wp\/v2\/types\/product"}],"wp:featuredmedia":[{"embeddable":true,"href":"https:\/\/atlastoilets.com\/es\/wp-json\/wp\/v2\/media\/26279"}],"wp:attachment":[{"href":"https:\/\/atlastoilets.com\/es\/wp-json\/wp\/v2\/media?parent=20305"}],"wp:term":[{"taxonomy":"product_brand","embeddable":true,"href":"https:\/\/atlastoilets.com\/es\/wp-json\/wp\/v2\/product_brand?post=20305"},{"taxonomy":"product_cat","embeddable":true,"href":"https:\/\/atlastoilets.com\/es\/wp-json\/wp\/v2\/product_cat?post=20305"},{"taxonomy":"product_tag","embeddable":true,"href":"https:\/\/atlastoilets.com\/es\/wp-json\/wp\/v2\/product_tag?post=20305"}],"curies":[{"name":"wp","href":"https:\/\/api.w.org\/{rel}","templated":true}]}}