{"id":20299,"date":"2022-03-07T13:40:58","date_gmt":"2022-03-07T13:40:58","guid":{"rendered":"https:\/\/www.mobileurinal.eu\/product\/urinario-portatil-peeone\/"},"modified":"2025-04-18T13:21:35","modified_gmt":"2025-04-18T13:21:35","slug":"urinario-sobre-ruedas","status":"publish","type":"product","link":"https:\/\/atlastoilets.com\/es\/producto\/urinario-sobre-ruedas\/","title":{"rendered":"Urinario port\u00e1til PeeOne"},"content":{"rendered":"<p><strong><em>Urinario port\u00e1til sobre ruedas<br \/>\n<\/em><\/strong><br \/>\nUn urinario port\u00e1til con ruedas f\u00e1cil de transportar y r\u00e1pido de instalar en cualquier lugar.<br \/>\nEste producto puede ser interesante para las empresas de alquiler por su movilidad.<br \/>\nLas caracter\u00edsticas de Peeone lo hacen muy adecuado para su uso durante obras en edificios de varios pisos, con un urinario en cada planta, de forma que los trabajadores de la construcci\u00f3n no tengan que ir al nivel del suelo para orinar.<br \/>\nOtro mercado para alquilar el peeone son los particulares que organizan fiestas en el jard\u00edn u otras festividades al aire libre.<br \/>\nEn los lugares en los que la colocaci\u00f3n de un ba\u00f1o port\u00e1til\u00a0es dif\u00edcil, el Peeone es una buena alternativa.<\/p>\n<p><img loading=\"lazy\" decoding=\"async\" class=\"alignright size-full wp-image-30122\" src=\"https:\/\/atlastoilets.com\/wp-content\/uploads\/2022\/03\/LOGO-PLUTO-peeone-mobile-urinal-1.png\" alt=\"peeone logo\" width=\"227\" height=\"114\" \/>Especificaciones:<\/p>\n<p><span style=\"color: #818181; font-family: Verdana, helvetica, sans-serif; font-size: 12px; line-height: 20px;\">\u2022<\/span><span style=\"color: #818181; font-family: Verdana, helvetica, sans-serif; font-size: 12px; line-height: 20px;\">\u00a0\u00a0<\/span>Altura: 1.200 mm<\/p>\n<p><span style=\"color: #818181; font-family: Verdana, helvetica, sans-serif; font-size: 12px; line-height: 20px;\">\u2022<\/span><span style=\"color: #818181; font-family: Verdana, helvetica, sans-serif; font-size: 12px; line-height: 20px;\">\u00a0\u00a0<\/span>Ancho: 390 mm<\/p>\n<p><span style=\"color: #818181; font-family: Verdana, helvetica, sans-serif; font-size: 12px; line-height: 20px;\">\u2022<\/span><span style=\"color: #818181; font-family: Verdana, helvetica, sans-serif; font-size: 12px; line-height: 20px;\">\u00a0\u00a0<\/span>Profundidad: 330 mm<\/p>\n<p><span style=\"color: #818181; font-family: Verdana, helvetica, sans-serif; font-size: 12px; line-height: 20px;\">\u2022<\/span><span style=\"color: #818181; font-family: Verdana, helvetica, sans-serif; font-size: 12px; line-height: 20px;\">\u00a0\u00a0<\/span>Peso: 10 kg<\/p>\n<p><span style=\"color: #818181; font-family: Verdana, helvetica, sans-serif; font-size: 12px; line-height: 20px;\">\u2022<\/span><span style=\"color: #818181; font-family: Verdana, helvetica, sans-serif; font-size: 12px; line-height: 20px;\">\u00a0\u00a0<\/span>Capacidad: 50 litros\/<\/p>\n","protected":false},"excerpt":{"rendered":"<p><img loading=\"lazy\" decoding=\"async\" class=\"alignright size-full wp-image-30122\" src=\"https:\/\/atlastoilets.com\/wp-content\/uploads\/2022\/03\/LOGO-PLUTO-peeone-mobile-urinal-1.png\" alt=\"peeone logo\" width=\"227\" height=\"114\" \/>Un urinario compacta sobre ruedas por lo que es f\u00e1cil de mover y se puede colocar r\u00e1pidamente en cualquier lugar deseado.<br \/>\nEn los lugares en los que la colocaci\u00f3n de un ba\u00f1o port\u00e1til\u00a0es dif\u00edcil, el Peeone es una buena alternativa.<\/p>\n","protected":false},"featured_media":26527,"template":"","meta":[],"product_brand":[],"product_cat":[846,866],"product_tag":[],"class_list":{"0":"post-20299","1":"product","2":"type-product","3":"status-publish","4":"has-post-thumbnail","6":"product_cat-urinarios-para-1-persona","7":"product_cat-urinarios-portatiles","9":"first","10":"instock","11":"taxable","12":"shipping-taxable","13":"purchasable","14":"product-type-simple"},"yoast_head":"<!-- This site is optimized with the Yoast SEO plugin v27.4 - https:\/\/yoast.com\/product\/yoast-seo-wordpress\/ -->\n<title>Urinario sobre ruedas PeeOne<\/title>\n<meta name=\"description\" content=\"Urinario compacta sobre ruedas por lo que es f\u00e1cil de mover y se\u00a0puede colocar r\u00e1pidamente en cualquier lugar deseado.\" \/>\n<meta name=\"robots\" content=\"index, follow, max-snippet:-1, max-image-preview:large, max-video-preview:-1\" \/>\n<link rel=\"canonical\" href=\"https:\/\/atlastoilets.com\/es\/producto\/urinario-sobre-ruedas\/\" \/>\n<meta property=\"og:locale\" content=\"es_ES\" \/>\n<meta property=\"og:type\" content=\"article\" \/>\n<meta property=\"og:title\" content=\"Urinario sobre ruedas PeeOne\" \/>\n<meta property=\"og:description\" content=\"Urinario compacta sobre ruedas por lo que es f\u00e1cil de mover y se\u00a0puede colocar r\u00e1pidamente en cualquier lugar deseado.\" \/>\n<meta property=\"og:url\" content=\"https:\/\/atlastoilets.com\/es\/producto\/urinario-sobre-ruedas\/\" \/>\n<meta property=\"og:site_name\" content=\"Atlas Sanitation Products\" \/>\n<meta property=\"article:modified_time\" content=\"2025-04-18T13:21:35+00:00\" \/>\n<meta property=\"og:image\" content=\"https:\/\/atlastoilets.com\/wp-content\/uploads\/2022\/03\/Urinal-on-wheels-PeeOne.jpg\" \/>\n\t<meta property=\"og:image:width\" content=\"1000\" \/>\n\t<meta property=\"og:image:height\" content=\"1000\" \/>\n\t<meta property=\"og:image:type\" content=\"image\/jpeg\" \/>\n<meta name=\"twitter:card\" content=\"summary_large_image\" \/>\n<meta name=\"twitter:label1\" content=\"Tiempo de lectura\" \/>\n\t<meta name=\"twitter:data1\" content=\"1 minuto\" \/>\n<script type=\"application\/ld+json\" class=\"yoast-schema-graph\">{\"@context\":\"https:\\\/\\\/schema.org\",\"@graph\":[{\"@type\":[\"WebPage\",\"ItemPage\"],\"@id\":\"https:\\\/\\\/atlastoilets.com\\\/es\\\/producto\\\/urinario-sobre-ruedas\\\/\",\"url\":\"https:\\\/\\\/atlastoilets.com\\\/es\\\/producto\\\/urinario-sobre-ruedas\\\/\",\"name\":\"Urinario sobre ruedas PeeOne\",\"isPartOf\":{\"@id\":\"https:\\\/\\\/atlastoilets.com\\\/#website\"},\"primaryImageOfPage\":{\"@id\":\"https:\\\/\\\/atlastoilets.com\\\/es\\\/producto\\\/urinario-sobre-ruedas\\\/#primaryimage\"},\"image\":{\"@id\":\"https:\\\/\\\/atlastoilets.com\\\/es\\\/producto\\\/urinario-sobre-ruedas\\\/#primaryimage\"},\"thumbnailUrl\":\"https:\\\/\\\/atlastoilets.com\\\/wp-content\\\/uploads\\\/2022\\\/03\\\/Urinal-on-wheels-PeeOne.jpg\",\"datePublished\":\"2022-03-07T13:40:58+00:00\",\"dateModified\":\"2025-04-18T13:21:35+00:00\",\"description\":\"Urinario compacta sobre ruedas por lo que es f\u00e1cil de mover y se\u00a0puede colocar r\u00e1pidamente en cualquier lugar deseado.\",\"breadcrumb\":{\"@id\":\"https:\\\/\\\/atlastoilets.com\\\/es\\\/producto\\\/urinario-sobre-ruedas\\\/#breadcrumb\"},\"inLanguage\":\"es\",\"potentialAction\":[{\"@type\":\"ReadAction\",\"target\":[\"https:\\\/\\\/atlastoilets.com\\\/es\\\/producto\\\/urinario-sobre-ruedas\\\/\"]}]},{\"@type\":\"ImageObject\",\"inLanguage\":\"es\",\"@id\":\"https:\\\/\\\/atlastoilets.com\\\/es\\\/producto\\\/urinario-sobre-ruedas\\\/#primaryimage\",\"url\":\"https:\\\/\\\/atlastoilets.com\\\/wp-content\\\/uploads\\\/2022\\\/03\\\/Urinal-on-wheels-PeeOne.jpg\",\"contentUrl\":\"https:\\\/\\\/atlastoilets.com\\\/wp-content\\\/uploads\\\/2022\\\/03\\\/Urinal-on-wheels-PeeOne.jpg\",\"width\":1000,\"height\":1000,\"caption\":\"urinario sobre ruedas\"},{\"@type\":\"BreadcrumbList\",\"@id\":\"https:\\\/\\\/atlastoilets.com\\\/es\\\/producto\\\/urinario-sobre-ruedas\\\/#breadcrumb\",\"itemListElement\":[{\"@type\":\"ListItem\",\"position\":1,\"name\":\"Home\",\"item\":\"https:\\\/\\\/atlastoilets.com\\\/es\\\/\"},{\"@type\":\"ListItem\",\"position\":2,\"name\":\"Tienda\",\"item\":\"https:\\\/\\\/atlastoilets.com\\\/es\\\/tienda\\\/\"},{\"@type\":\"ListItem\",\"position\":3,\"name\":\"Urinario port\u00e1til PeeOne\"}]},{\"@type\":\"WebSite\",\"@id\":\"https:\\\/\\\/atlastoilets.com\\\/#website\",\"url\":\"https:\\\/\\\/atlastoilets.com\\\/\",\"name\":\"Atlas Sanitation Products\",\"description\":\"Total supplier for toilet rental companies\",\"potentialAction\":[{\"@type\":\"SearchAction\",\"target\":{\"@type\":\"EntryPoint\",\"urlTemplate\":\"https:\\\/\\\/atlastoilets.com\\\/?s={search_term_string}\"},\"query-input\":{\"@type\":\"PropertyValueSpecification\",\"valueRequired\":true,\"valueName\":\"search_term_string\"}}],\"inLanguage\":\"es\"}]}<\/script>\n<!-- \/ Yoast SEO plugin. -->","yoast_head_json":{"title":"Urinario sobre ruedas PeeOne","description":"Urinario compacta sobre ruedas por lo que es f\u00e1cil de mover y se\u00a0puede colocar r\u00e1pidamente en cualquier lugar deseado.","robots":{"index":"index","follow":"follow","max-snippet":"max-snippet:-1","max-image-preview":"max-image-preview:large","max-video-preview":"max-video-preview:-1"},"canonical":"https:\/\/atlastoilets.com\/es\/producto\/urinario-sobre-ruedas\/","og_locale":"es_ES","og_type":"article","og_title":"Urinario sobre ruedas PeeOne","og_description":"Urinario compacta sobre ruedas por lo que es f\u00e1cil de mover y se\u00a0puede colocar r\u00e1pidamente en cualquier lugar deseado.","og_url":"https:\/\/atlastoilets.com\/es\/producto\/urinario-sobre-ruedas\/","og_site_name":"Atlas Sanitation Products","article_modified_time":"2025-04-18T13:21:35+00:00","og_image":[{"width":1000,"height":1000,"url":"https:\/\/atlastoilets.com\/wp-content\/uploads\/2022\/03\/Urinal-on-wheels-PeeOne.jpg","type":"image\/jpeg"}],"twitter_card":"summary_large_image","twitter_misc":{"Tiempo de lectura":"1 minuto"},"schema":{"@context":"https:\/\/schema.org","@graph":[{"@type":["WebPage","ItemPage"],"@id":"https:\/\/atlastoilets.com\/es\/producto\/urinario-sobre-ruedas\/","url":"https:\/\/atlastoilets.com\/es\/producto\/urinario-sobre-ruedas\/","name":"Urinario sobre ruedas PeeOne","isPartOf":{"@id":"https:\/\/atlastoilets.com\/#website"},"primaryImageOfPage":{"@id":"https:\/\/atlastoilets.com\/es\/producto\/urinario-sobre-ruedas\/#primaryimage"},"image":{"@id":"https:\/\/atlastoilets.com\/es\/producto\/urinario-sobre-ruedas\/#primaryimage"},"thumbnailUrl":"https:\/\/atlastoilets.com\/wp-content\/uploads\/2022\/03\/Urinal-on-wheels-PeeOne.jpg","datePublished":"2022-03-07T13:40:58+00:00","dateModified":"2025-04-18T13:21:35+00:00","description":"Urinario compacta sobre ruedas por lo que es f\u00e1cil de mover y se\u00a0puede colocar r\u00e1pidamente en cualquier lugar deseado.","breadcrumb":{"@id":"https:\/\/atlastoilets.com\/es\/producto\/urinario-sobre-ruedas\/#breadcrumb"},"inLanguage":"es","potentialAction":[{"@type":"ReadAction","target":["https:\/\/atlastoilets.com\/es\/producto\/urinario-sobre-ruedas\/"]}]},{"@type":"ImageObject","inLanguage":"es","@id":"https:\/\/atlastoilets.com\/es\/producto\/urinario-sobre-ruedas\/#primaryimage","url":"https:\/\/atlastoilets.com\/wp-content\/uploads\/2022\/03\/Urinal-on-wheels-PeeOne.jpg","contentUrl":"https:\/\/atlastoilets.com\/wp-content\/uploads\/2022\/03\/Urinal-on-wheels-PeeOne.jpg","width":1000,"height":1000,"caption":"urinario sobre ruedas"},{"@type":"BreadcrumbList","@id":"https:\/\/atlastoilets.com\/es\/producto\/urinario-sobre-ruedas\/#breadcrumb","itemListElement":[{"@type":"ListItem","position":1,"name":"Home","item":"https:\/\/atlastoilets.com\/es\/"},{"@type":"ListItem","position":2,"name":"Tienda","item":"https:\/\/atlastoilets.com\/es\/tienda\/"},{"@type":"ListItem","position":3,"name":"Urinario port\u00e1til PeeOne"}]},{"@type":"WebSite","@id":"https:\/\/atlastoilets.com\/#website","url":"https:\/\/atlastoilets.com\/","name":"Atlas Sanitation Products","description":"Total supplier for toilet rental companies","potentialAction":[{"@type":"SearchAction","target":{"@type":"EntryPoint","urlTemplate":"https:\/\/atlastoilets.com\/?s={search_term_string}"},"query-input":{"@type":"PropertyValueSpecification","valueRequired":true,"valueName":"search_term_string"}}],"inLanguage":"es"}]}},"_links":{"self":[{"href":"https:\/\/atlastoilets.com\/es\/wp-json\/wp\/v2\/product\/20299","targetHints":{"allow":["GET"]}}],"collection":[{"href":"https:\/\/atlastoilets.com\/es\/wp-json\/wp\/v2\/product"}],"about":[{"href":"https:\/\/atlastoilets.com\/es\/wp-json\/wp\/v2\/types\/product"}],"wp:featuredmedia":[{"embeddable":true,"href":"https:\/\/atlastoilets.com\/es\/wp-json\/wp\/v2\/media\/26527"}],"wp:attachment":[{"href":"https:\/\/atlastoilets.com\/es\/wp-json\/wp\/v2\/media?parent=20299"}],"wp:term":[{"taxonomy":"product_brand","embeddable":true,"href":"https:\/\/atlastoilets.com\/es\/wp-json\/wp\/v2\/product_brand?post=20299"},{"taxonomy":"product_cat","embeddable":true,"href":"https:\/\/atlastoilets.com\/es\/wp-json\/wp\/v2\/product_cat?post=20299"},{"taxonomy":"product_tag","embeddable":true,"href":"https:\/\/atlastoilets.com\/es\/wp-json\/wp\/v2\/product_tag?post=20299"}],"curies":[{"name":"wp","href":"https:\/\/api.w.org\/{rel}","templated":true}]}}