{"id":20298,"date":"2022-03-07T13:40:58","date_gmt":"2022-03-07T13:40:58","guid":{"rendered":"https:\/\/www.mobileurinal.eu\/product\/urinario-portatil-pee6\/"},"modified":"2024-06-14T12:01:50","modified_gmt":"2024-06-14T12:01:50","slug":"urinario-portatil-pare-6-personas","status":"publish","type":"product","link":"https:\/\/atlastoilets.com\/es\/producto\/urinario-portatil-pare-6-personas\/","title":{"rendered":"Urinario port\u00e1til Pee6"},"content":{"rendered":"<p>Descubre la comodidad y la eficiencia de la Plaszuil Pee6, el urinal m\u00f3vil ideal para eventos. Con espacio para seis personas al mismo tiempo, este urinal ofrece una soluci\u00f3n pr\u00e1ctica para lugares concurridos. El Pee6 est\u00e1 hecho de pl\u00e1stico duradero, lo que lo hace resistente al uso intensivo. Su gran tanque de almacenamiento de 500 litros asegura un uso prolongado sin vaciado frecuente.<\/p>\n<h5><strong><br \/>\nCaracter\u00edsticas principales:<\/strong><\/h5>\n<ul>\n<li><strong>Capacidad:<\/strong> Adecuado para 1.875 usos.<\/li>\n<li><strong>Duradero:<\/strong> Hecho de pl\u00e1stico resistente, a prueba de vandalismo y resistente a la intemperie.<\/li>\n<li><strong>F\u00e1cil de transportar:<\/strong> Su dise\u00f1o compacto facilita el traslado e instalaci\u00f3n en diversos lugares.<\/li>\n<\/ul>\n<p>El Pee6 es perfecto para festivales, eventos deportivos y otros grandes encuentros donde se necesitan instalaciones sanitarias r\u00e1pidas y eficientes. Solicite un presupuesto ahora para asegurar una soluci\u00f3n sanitaria c\u00f3moda para su pr\u00f3ximo evento.<\/p>\n<h5><strong><br \/>\n\u00bfPor qu\u00e9 elegir el Pee6?<\/strong><\/h5>\n<ul>\n<li><strong>Instalaci\u00f3n r\u00e1pida:<\/strong> Listo para usar en pocos minutos.<\/li>\n<li><strong>Ecol\u00f3gico:<\/strong> Menor consumo de agua y menos residuos.<\/li>\n<li><strong>Econ\u00f3mico:<\/strong> Reduce la necesidad de m\u00faltiples urinales.<\/li>\n<\/ul>\n<h4><\/h4>\n<p>El urinal m\u00f3vil Pee6 dispone de 6 puestos de micci\u00f3n separados con una capacidad de tanque com\u00fan de 500 litros. Un cami\u00f3n puede transportar hasta 14 urinales Pee6, equivalente a 84 puestos de orina.<\/p>\n<h5><strong><br \/>\nEspecificaciones:<\/strong><\/h5>\n<ul>\n<li>Altura: 2080 mm<\/li>\n<li>Ancho: 1690 mm<\/li>\n<li>Profundidad: 1120 mm<\/li>\n<li>Peso: 120 kg<\/li>\n<li>Capacidad: 500 litres<\/li>\n<\/ul>\n","protected":false},"excerpt":{"rendered":"<p>El urinario port\u00e1til Pee6 tiene seis lugares de orinar independientes con una capacidad total del tanque de 500 litros.<\/p>\n","protected":false},"featured_media":26532,"template":"","meta":[],"product_brand":[],"product_cat":[851,866],"product_tag":[709,710,708,711,615],"class_list":{"0":"post-20298","1":"product","2":"type-product","3":"status-publish","4":"has-post-thumbnail","6":"product_cat-urinario-para-6-personas","7":"product_cat-urinarios-portatiles","8":"product_tag-6-personas","9":"product_tag-centros-de-las-ciudades","10":"product_tag-eventos","11":"product_tag-puertos-deportivos","12":"product_tag-urinario-portatil","14":"first","15":"on_request","16":"taxable","17":"shipping-taxable","18":"purchasable","19":"product-type-simple"},"yoast_head":"<!-- This site is optimized with the Yoast SEO plugin v27.5 - https:\/\/yoast.com\/product\/yoast-seo-wordpress\/ -->\n<title>El urinario port\u00e1til para 6 personas Pee6<\/title>\n<meta name=\"description\" content=\"El urinario port\u00e1til para 6 personas Pee6 tiene seis lugares de orinar independientes con una capacidad total del tanque de 500 litros.\" \/>\n<meta name=\"robots\" content=\"index, follow, max-snippet:-1, max-image-preview:large, max-video-preview:-1\" \/>\n<link rel=\"canonical\" href=\"https:\/\/atlastoilets.com\/es\/producto\/urinario-portatil-pare-6-personas\/\" \/>\n<meta property=\"og:locale\" content=\"es_ES\" \/>\n<meta property=\"og:type\" content=\"article\" \/>\n<meta property=\"og:title\" content=\"El urinario port\u00e1til para 6 personas Pee6\" \/>\n<meta property=\"og:description\" content=\"El urinario port\u00e1til para 6 personas Pee6 tiene seis lugares de orinar independientes con una capacidad total del tanque de 500 litros.\" \/>\n<meta property=\"og:url\" content=\"https:\/\/atlastoilets.com\/es\/producto\/urinario-portatil-pare-6-personas\/\" \/>\n<meta property=\"og:site_name\" content=\"Atlas Sanitation Products\" \/>\n<meta property=\"article:modified_time\" content=\"2024-06-14T12:01:50+00:00\" \/>\n<meta property=\"og:image\" content=\"https:\/\/atlastoilets.com\/wp-content\/uploads\/2022\/03\/Mobile-urinal-Pee6.jpg\" \/>\n\t<meta property=\"og:image:width\" content=\"1000\" \/>\n\t<meta property=\"og:image:height\" content=\"1000\" \/>\n\t<meta property=\"og:image:type\" content=\"image\/jpeg\" \/>\n<meta name=\"twitter:card\" content=\"summary_large_image\" \/>\n<meta name=\"twitter:label1\" content=\"Tiempo de lectura\" \/>\n\t<meta name=\"twitter:data1\" content=\"1 minuto\" \/>\n<script type=\"application\/ld+json\" class=\"yoast-schema-graph\">{\"@context\":\"https:\\\/\\\/schema.org\",\"@graph\":[{\"@type\":[\"WebPage\",\"ItemPage\"],\"@id\":\"https:\\\/\\\/atlastoilets.com\\\/es\\\/producto\\\/urinario-portatil-pare-6-personas\\\/\",\"url\":\"https:\\\/\\\/atlastoilets.com\\\/es\\\/producto\\\/urinario-portatil-pare-6-personas\\\/\",\"name\":\"El urinario port\u00e1til para 6 personas Pee6\",\"isPartOf\":{\"@id\":\"https:\\\/\\\/atlastoilets.com\\\/#website\"},\"primaryImageOfPage\":{\"@id\":\"https:\\\/\\\/atlastoilets.com\\\/es\\\/producto\\\/urinario-portatil-pare-6-personas\\\/#primaryimage\"},\"image\":{\"@id\":\"https:\\\/\\\/atlastoilets.com\\\/es\\\/producto\\\/urinario-portatil-pare-6-personas\\\/#primaryimage\"},\"thumbnailUrl\":\"https:\\\/\\\/atlastoilets.com\\\/wp-content\\\/uploads\\\/2022\\\/03\\\/Mobile-urinal-Pee6.jpg\",\"datePublished\":\"2022-03-07T13:40:58+00:00\",\"dateModified\":\"2024-06-14T12:01:50+00:00\",\"description\":\"El urinario port\u00e1til para 6 personas Pee6 tiene seis lugares de orinar independientes con una capacidad total del tanque de 500 litros.\",\"breadcrumb\":{\"@id\":\"https:\\\/\\\/atlastoilets.com\\\/es\\\/producto\\\/urinario-portatil-pare-6-personas\\\/#breadcrumb\"},\"inLanguage\":\"es\",\"potentialAction\":[{\"@type\":\"ReadAction\",\"target\":[\"https:\\\/\\\/atlastoilets.com\\\/es\\\/producto\\\/urinario-portatil-pare-6-personas\\\/\"]}]},{\"@type\":\"ImageObject\",\"inLanguage\":\"es\",\"@id\":\"https:\\\/\\\/atlastoilets.com\\\/es\\\/producto\\\/urinario-portatil-pare-6-personas\\\/#primaryimage\",\"url\":\"https:\\\/\\\/atlastoilets.com\\\/wp-content\\\/uploads\\\/2022\\\/03\\\/Mobile-urinal-Pee6.jpg\",\"contentUrl\":\"https:\\\/\\\/atlastoilets.com\\\/wp-content\\\/uploads\\\/2022\\\/03\\\/Mobile-urinal-Pee6.jpg\",\"width\":1000,\"height\":1000,\"caption\":\"El urinario port\u00e1til para 6 personas\"},{\"@type\":\"BreadcrumbList\",\"@id\":\"https:\\\/\\\/atlastoilets.com\\\/es\\\/producto\\\/urinario-portatil-pare-6-personas\\\/#breadcrumb\",\"itemListElement\":[{\"@type\":\"ListItem\",\"position\":1,\"name\":\"Home\",\"item\":\"https:\\\/\\\/atlastoilets.com\\\/es\\\/\"},{\"@type\":\"ListItem\",\"position\":2,\"name\":\"Tienda\",\"item\":\"https:\\\/\\\/atlastoilets.com\\\/es\\\/tienda\\\/\"},{\"@type\":\"ListItem\",\"position\":3,\"name\":\"Urinario port\u00e1til Pee6\"}]},{\"@type\":\"WebSite\",\"@id\":\"https:\\\/\\\/atlastoilets.com\\\/#website\",\"url\":\"https:\\\/\\\/atlastoilets.com\\\/\",\"name\":\"Atlas Sanitation Products\",\"description\":\"Total supplier for toilet rental companies\",\"potentialAction\":[{\"@type\":\"SearchAction\",\"target\":{\"@type\":\"EntryPoint\",\"urlTemplate\":\"https:\\\/\\\/atlastoilets.com\\\/?s={search_term_string}\"},\"query-input\":{\"@type\":\"PropertyValueSpecification\",\"valueRequired\":true,\"valueName\":\"search_term_string\"}}],\"inLanguage\":\"es\"}]}<\/script>\n<!-- \/ Yoast SEO plugin. -->","yoast_head_json":{"title":"El urinario port\u00e1til para 6 personas Pee6","description":"El urinario port\u00e1til para 6 personas Pee6 tiene seis lugares de orinar independientes con una capacidad total del tanque de 500 litros.","robots":{"index":"index","follow":"follow","max-snippet":"max-snippet:-1","max-image-preview":"max-image-preview:large","max-video-preview":"max-video-preview:-1"},"canonical":"https:\/\/atlastoilets.com\/es\/producto\/urinario-portatil-pare-6-personas\/","og_locale":"es_ES","og_type":"article","og_title":"El urinario port\u00e1til para 6 personas Pee6","og_description":"El urinario port\u00e1til para 6 personas Pee6 tiene seis lugares de orinar independientes con una capacidad total del tanque de 500 litros.","og_url":"https:\/\/atlastoilets.com\/es\/producto\/urinario-portatil-pare-6-personas\/","og_site_name":"Atlas Sanitation Products","article_modified_time":"2024-06-14T12:01:50+00:00","og_image":[{"width":1000,"height":1000,"url":"https:\/\/atlastoilets.com\/wp-content\/uploads\/2022\/03\/Mobile-urinal-Pee6.jpg","type":"image\/jpeg"}],"twitter_card":"summary_large_image","twitter_misc":{"Tiempo de lectura":"1 minuto"},"schema":{"@context":"https:\/\/schema.org","@graph":[{"@type":["WebPage","ItemPage"],"@id":"https:\/\/atlastoilets.com\/es\/producto\/urinario-portatil-pare-6-personas\/","url":"https:\/\/atlastoilets.com\/es\/producto\/urinario-portatil-pare-6-personas\/","name":"El urinario port\u00e1til para 6 personas Pee6","isPartOf":{"@id":"https:\/\/atlastoilets.com\/#website"},"primaryImageOfPage":{"@id":"https:\/\/atlastoilets.com\/es\/producto\/urinario-portatil-pare-6-personas\/#primaryimage"},"image":{"@id":"https:\/\/atlastoilets.com\/es\/producto\/urinario-portatil-pare-6-personas\/#primaryimage"},"thumbnailUrl":"https:\/\/atlastoilets.com\/wp-content\/uploads\/2022\/03\/Mobile-urinal-Pee6.jpg","datePublished":"2022-03-07T13:40:58+00:00","dateModified":"2024-06-14T12:01:50+00:00","description":"El urinario port\u00e1til para 6 personas Pee6 tiene seis lugares de orinar independientes con una capacidad total del tanque de 500 litros.","breadcrumb":{"@id":"https:\/\/atlastoilets.com\/es\/producto\/urinario-portatil-pare-6-personas\/#breadcrumb"},"inLanguage":"es","potentialAction":[{"@type":"ReadAction","target":["https:\/\/atlastoilets.com\/es\/producto\/urinario-portatil-pare-6-personas\/"]}]},{"@type":"ImageObject","inLanguage":"es","@id":"https:\/\/atlastoilets.com\/es\/producto\/urinario-portatil-pare-6-personas\/#primaryimage","url":"https:\/\/atlastoilets.com\/wp-content\/uploads\/2022\/03\/Mobile-urinal-Pee6.jpg","contentUrl":"https:\/\/atlastoilets.com\/wp-content\/uploads\/2022\/03\/Mobile-urinal-Pee6.jpg","width":1000,"height":1000,"caption":"El urinario port\u00e1til para 6 personas"},{"@type":"BreadcrumbList","@id":"https:\/\/atlastoilets.com\/es\/producto\/urinario-portatil-pare-6-personas\/#breadcrumb","itemListElement":[{"@type":"ListItem","position":1,"name":"Home","item":"https:\/\/atlastoilets.com\/es\/"},{"@type":"ListItem","position":2,"name":"Tienda","item":"https:\/\/atlastoilets.com\/es\/tienda\/"},{"@type":"ListItem","position":3,"name":"Urinario port\u00e1til Pee6"}]},{"@type":"WebSite","@id":"https:\/\/atlastoilets.com\/#website","url":"https:\/\/atlastoilets.com\/","name":"Atlas Sanitation Products","description":"Total supplier for toilet rental companies","potentialAction":[{"@type":"SearchAction","target":{"@type":"EntryPoint","urlTemplate":"https:\/\/atlastoilets.com\/?s={search_term_string}"},"query-input":{"@type":"PropertyValueSpecification","valueRequired":true,"valueName":"search_term_string"}}],"inLanguage":"es"}]}},"_links":{"self":[{"href":"https:\/\/atlastoilets.com\/es\/wp-json\/wp\/v2\/product\/20298","targetHints":{"allow":["GET"]}}],"collection":[{"href":"https:\/\/atlastoilets.com\/es\/wp-json\/wp\/v2\/product"}],"about":[{"href":"https:\/\/atlastoilets.com\/es\/wp-json\/wp\/v2\/types\/product"}],"wp:featuredmedia":[{"embeddable":true,"href":"https:\/\/atlastoilets.com\/es\/wp-json\/wp\/v2\/media\/26532"}],"wp:attachment":[{"href":"https:\/\/atlastoilets.com\/es\/wp-json\/wp\/v2\/media?parent=20298"}],"wp:term":[{"taxonomy":"product_brand","embeddable":true,"href":"https:\/\/atlastoilets.com\/es\/wp-json\/wp\/v2\/product_brand?post=20298"},{"taxonomy":"product_cat","embeddable":true,"href":"https:\/\/atlastoilets.com\/es\/wp-json\/wp\/v2\/product_cat?post=20298"},{"taxonomy":"product_tag","embeddable":true,"href":"https:\/\/atlastoilets.com\/es\/wp-json\/wp\/v2\/product_tag?post=20298"}],"curies":[{"name":"wp","href":"https:\/\/api.w.org\/{rel}","templated":true}]}}