{"id":20286,"date":"2022-03-07T13:40:31","date_gmt":"2022-03-07T13:40:31","guid":{"rendered":"https:\/\/www.mobileurinal.eu\/product\/bomba-de-mano-whale-gusher-urshin\/"},"modified":"2022-06-08T12:23:48","modified_gmt":"2022-06-08T12:23:48","slug":"whale-gusher-urshin","status":"publish","type":"product","link":"https:\/\/atlastoilets.com\/es\/producto\/whale-gusher-urshin\/","title":{"rendered":"Bomba de mano Whale Gusher Urshin"},"content":{"rendered":"<p>Whale Gusher Urchin bomba manual para ba\u00f1os port\u00e1tiles con recirculaci\u00f3n.<br \/>\nWhale es el l\u00edder mundial en el mercado de bombas manuales, debido a la facilidad de operaci\u00f3n y mantenimiento del producto.<\/p>\n","protected":false},"excerpt":{"rendered":"<p>Bomba de mano Whale Gusher Urshin para los ba\u00f1os port\u00e1tiles con recirculaci\u00f3n<\/p>\n","protected":false},"featured_media":26592,"template":"","meta":[],"product_brand":[],"product_cat":[2127,904,932],"product_tag":[1131,1132,1014],"class_list":{"0":"post-20286","1":"product","2":"type-product","3":"status-publish","4":"has-post-thumbnail","6":"product_cat-bombas-de-whale","7":"product_cat-repuestos-de-lavamanos","8":"product_cat-repuestos-para-banos-de-recirculacion","9":"product_tag-gusher-es","10":"product_tag-recirculation-es","11":"product_tag-whale-es","13":"first","14":"instock","15":"taxable","16":"shipping-taxable","17":"purchasable","18":"product-type-simple"},"yoast_head":"<!-- This site is optimized with the Yoast SEO plugin v27.4 - https:\/\/yoast.com\/product\/yoast-seo-wordpress\/ -->\n<title>Whale Gusher Urchin bomba manual<\/title>\n<meta name=\"description\" content=\"Whale Gusher Urchin bomba manual para ba\u00f1os port\u00e1tiles con recirculaci\u00f3n, popular debido a la facilidad de operaci\u00f3n y mantenimiento\" \/>\n<meta name=\"robots\" content=\"index, follow, max-snippet:-1, max-image-preview:large, max-video-preview:-1\" \/>\n<link rel=\"canonical\" href=\"https:\/\/atlastoilets.com\/es\/producto\/whale-gusher-urshin\/\" \/>\n<meta property=\"og:locale\" content=\"es_ES\" \/>\n<meta property=\"og:type\" content=\"article\" \/>\n<meta property=\"og:title\" content=\"Whale Gusher Urchin bomba manual\" \/>\n<meta property=\"og:description\" content=\"Whale Gusher Urchin bomba manual para ba\u00f1os port\u00e1tiles con recirculaci\u00f3n, popular debido a la facilidad de operaci\u00f3n y mantenimiento\" \/>\n<meta property=\"og:url\" content=\"https:\/\/atlastoilets.com\/es\/producto\/whale-gusher-urshin\/\" \/>\n<meta property=\"og:site_name\" content=\"Atlas Sanitation Products\" \/>\n<meta property=\"article:modified_time\" content=\"2022-06-08T12:23:48+00:00\" \/>\n<meta property=\"og:image\" content=\"https:\/\/atlastoilets.com\/wp-content\/uploads\/2022\/03\/Whale-Gusher-Urshin-hand-pump.jpg\" \/>\n\t<meta property=\"og:image:width\" content=\"1000\" \/>\n\t<meta property=\"og:image:height\" content=\"1000\" \/>\n\t<meta property=\"og:image:type\" content=\"image\/jpeg\" \/>\n<meta name=\"twitter:card\" content=\"summary_large_image\" \/>\n<meta name=\"twitter:label1\" content=\"Tiempo de lectura\" \/>\n\t<meta name=\"twitter:data1\" content=\"1 minuto\" \/>\n<script type=\"application\/ld+json\" class=\"yoast-schema-graph\">{\"@context\":\"https:\\\/\\\/schema.org\",\"@graph\":[{\"@type\":[\"WebPage\",\"ItemPage\"],\"@id\":\"https:\\\/\\\/atlastoilets.com\\\/es\\\/producto\\\/whale-gusher-urshin\\\/\",\"url\":\"https:\\\/\\\/atlastoilets.com\\\/es\\\/producto\\\/whale-gusher-urshin\\\/\",\"name\":\"Whale Gusher Urchin bomba manual\",\"isPartOf\":{\"@id\":\"https:\\\/\\\/atlastoilets.com\\\/#website\"},\"primaryImageOfPage\":{\"@id\":\"https:\\\/\\\/atlastoilets.com\\\/es\\\/producto\\\/whale-gusher-urshin\\\/#primaryimage\"},\"image\":{\"@id\":\"https:\\\/\\\/atlastoilets.com\\\/es\\\/producto\\\/whale-gusher-urshin\\\/#primaryimage\"},\"thumbnailUrl\":\"https:\\\/\\\/atlastoilets.com\\\/wp-content\\\/uploads\\\/2022\\\/03\\\/Whale-Gusher-Urshin-hand-pump.jpg\",\"datePublished\":\"2022-03-07T13:40:31+00:00\",\"dateModified\":\"2022-06-08T12:23:48+00:00\",\"description\":\"Whale Gusher Urchin bomba manual para ba\u00f1os port\u00e1tiles con recirculaci\u00f3n, popular debido a la facilidad de operaci\u00f3n y mantenimiento\",\"breadcrumb\":{\"@id\":\"https:\\\/\\\/atlastoilets.com\\\/es\\\/producto\\\/whale-gusher-urshin\\\/#breadcrumb\"},\"inLanguage\":\"es\",\"potentialAction\":[{\"@type\":\"ReadAction\",\"target\":[\"https:\\\/\\\/atlastoilets.com\\\/es\\\/producto\\\/whale-gusher-urshin\\\/\"]}]},{\"@type\":\"ImageObject\",\"inLanguage\":\"es\",\"@id\":\"https:\\\/\\\/atlastoilets.com\\\/es\\\/producto\\\/whale-gusher-urshin\\\/#primaryimage\",\"url\":\"https:\\\/\\\/atlastoilets.com\\\/wp-content\\\/uploads\\\/2022\\\/03\\\/Whale-Gusher-Urshin-hand-pump.jpg\",\"contentUrl\":\"https:\\\/\\\/atlastoilets.com\\\/wp-content\\\/uploads\\\/2022\\\/03\\\/Whale-Gusher-Urshin-hand-pump.jpg\",\"width\":1000,\"height\":1000,\"caption\":\"Whale Gusher Urchin\"},{\"@type\":\"BreadcrumbList\",\"@id\":\"https:\\\/\\\/atlastoilets.com\\\/es\\\/producto\\\/whale-gusher-urshin\\\/#breadcrumb\",\"itemListElement\":[{\"@type\":\"ListItem\",\"position\":1,\"name\":\"Home\",\"item\":\"https:\\\/\\\/atlastoilets.com\\\/es\\\/\"},{\"@type\":\"ListItem\",\"position\":2,\"name\":\"Tienda\",\"item\":\"https:\\\/\\\/atlastoilets.com\\\/es\\\/tienda\\\/\"},{\"@type\":\"ListItem\",\"position\":3,\"name\":\"Bomba de mano Whale Gusher Urshin\"}]},{\"@type\":\"WebSite\",\"@id\":\"https:\\\/\\\/atlastoilets.com\\\/#website\",\"url\":\"https:\\\/\\\/atlastoilets.com\\\/\",\"name\":\"Atlas Sanitation Products\",\"description\":\"Total supplier for toilet rental companies\",\"potentialAction\":[{\"@type\":\"SearchAction\",\"target\":{\"@type\":\"EntryPoint\",\"urlTemplate\":\"https:\\\/\\\/atlastoilets.com\\\/?s={search_term_string}\"},\"query-input\":{\"@type\":\"PropertyValueSpecification\",\"valueRequired\":true,\"valueName\":\"search_term_string\"}}],\"inLanguage\":\"es\"}]}<\/script>\n<!-- \/ Yoast SEO plugin. -->","yoast_head_json":{"title":"Whale Gusher Urchin bomba manual","description":"Whale Gusher Urchin bomba manual para ba\u00f1os port\u00e1tiles con recirculaci\u00f3n, popular debido a la facilidad de operaci\u00f3n y mantenimiento","robots":{"index":"index","follow":"follow","max-snippet":"max-snippet:-1","max-image-preview":"max-image-preview:large","max-video-preview":"max-video-preview:-1"},"canonical":"https:\/\/atlastoilets.com\/es\/producto\/whale-gusher-urshin\/","og_locale":"es_ES","og_type":"article","og_title":"Whale Gusher Urchin bomba manual","og_description":"Whale Gusher Urchin bomba manual para ba\u00f1os port\u00e1tiles con recirculaci\u00f3n, popular debido a la facilidad de operaci\u00f3n y mantenimiento","og_url":"https:\/\/atlastoilets.com\/es\/producto\/whale-gusher-urshin\/","og_site_name":"Atlas Sanitation Products","article_modified_time":"2022-06-08T12:23:48+00:00","og_image":[{"width":1000,"height":1000,"url":"https:\/\/atlastoilets.com\/wp-content\/uploads\/2022\/03\/Whale-Gusher-Urshin-hand-pump.jpg","type":"image\/jpeg"}],"twitter_card":"summary_large_image","twitter_misc":{"Tiempo de lectura":"1 minuto"},"schema":{"@context":"https:\/\/schema.org","@graph":[{"@type":["WebPage","ItemPage"],"@id":"https:\/\/atlastoilets.com\/es\/producto\/whale-gusher-urshin\/","url":"https:\/\/atlastoilets.com\/es\/producto\/whale-gusher-urshin\/","name":"Whale Gusher Urchin bomba manual","isPartOf":{"@id":"https:\/\/atlastoilets.com\/#website"},"primaryImageOfPage":{"@id":"https:\/\/atlastoilets.com\/es\/producto\/whale-gusher-urshin\/#primaryimage"},"image":{"@id":"https:\/\/atlastoilets.com\/es\/producto\/whale-gusher-urshin\/#primaryimage"},"thumbnailUrl":"https:\/\/atlastoilets.com\/wp-content\/uploads\/2022\/03\/Whale-Gusher-Urshin-hand-pump.jpg","datePublished":"2022-03-07T13:40:31+00:00","dateModified":"2022-06-08T12:23:48+00:00","description":"Whale Gusher Urchin bomba manual para ba\u00f1os port\u00e1tiles con recirculaci\u00f3n, popular debido a la facilidad de operaci\u00f3n y mantenimiento","breadcrumb":{"@id":"https:\/\/atlastoilets.com\/es\/producto\/whale-gusher-urshin\/#breadcrumb"},"inLanguage":"es","potentialAction":[{"@type":"ReadAction","target":["https:\/\/atlastoilets.com\/es\/producto\/whale-gusher-urshin\/"]}]},{"@type":"ImageObject","inLanguage":"es","@id":"https:\/\/atlastoilets.com\/es\/producto\/whale-gusher-urshin\/#primaryimage","url":"https:\/\/atlastoilets.com\/wp-content\/uploads\/2022\/03\/Whale-Gusher-Urshin-hand-pump.jpg","contentUrl":"https:\/\/atlastoilets.com\/wp-content\/uploads\/2022\/03\/Whale-Gusher-Urshin-hand-pump.jpg","width":1000,"height":1000,"caption":"Whale Gusher Urchin"},{"@type":"BreadcrumbList","@id":"https:\/\/atlastoilets.com\/es\/producto\/whale-gusher-urshin\/#breadcrumb","itemListElement":[{"@type":"ListItem","position":1,"name":"Home","item":"https:\/\/atlastoilets.com\/es\/"},{"@type":"ListItem","position":2,"name":"Tienda","item":"https:\/\/atlastoilets.com\/es\/tienda\/"},{"@type":"ListItem","position":3,"name":"Bomba de mano Whale Gusher Urshin"}]},{"@type":"WebSite","@id":"https:\/\/atlastoilets.com\/#website","url":"https:\/\/atlastoilets.com\/","name":"Atlas Sanitation Products","description":"Total supplier for toilet rental companies","potentialAction":[{"@type":"SearchAction","target":{"@type":"EntryPoint","urlTemplate":"https:\/\/atlastoilets.com\/?s={search_term_string}"},"query-input":{"@type":"PropertyValueSpecification","valueRequired":true,"valueName":"search_term_string"}}],"inLanguage":"es"}]}},"_links":{"self":[{"href":"https:\/\/atlastoilets.com\/es\/wp-json\/wp\/v2\/product\/20286","targetHints":{"allow":["GET"]}}],"collection":[{"href":"https:\/\/atlastoilets.com\/es\/wp-json\/wp\/v2\/product"}],"about":[{"href":"https:\/\/atlastoilets.com\/es\/wp-json\/wp\/v2\/types\/product"}],"wp:featuredmedia":[{"embeddable":true,"href":"https:\/\/atlastoilets.com\/es\/wp-json\/wp\/v2\/media\/26592"}],"wp:attachment":[{"href":"https:\/\/atlastoilets.com\/es\/wp-json\/wp\/v2\/media?parent=20286"}],"wp:term":[{"taxonomy":"product_brand","embeddable":true,"href":"https:\/\/atlastoilets.com\/es\/wp-json\/wp\/v2\/product_brand?post=20286"},{"taxonomy":"product_cat","embeddable":true,"href":"https:\/\/atlastoilets.com\/es\/wp-json\/wp\/v2\/product_cat?post=20286"},{"taxonomy":"product_tag","embeddable":true,"href":"https:\/\/atlastoilets.com\/es\/wp-json\/wp\/v2\/product_tag?post=20286"}],"curies":[{"name":"wp","href":"https:\/\/api.w.org\/{rel}","templated":true}]}}