{"id":20273,"date":"2022-03-07T13:40:31","date_gmt":"2022-03-07T13:40:31","guid":{"rendered":"https:\/\/www.mobileurinal.eu\/product\/pegatina-para-banos-de-hombres-y-urinarios\/"},"modified":"2022-06-08T11:36:59","modified_gmt":"2022-06-08T11:36:59","slug":"pegatina-para-banos-de-hombres-y-urinarios","status":"publish","type":"product","link":"https:\/\/atlastoilets.com\/es\/producto\/pegatina-para-banos-de-hombres-y-urinarios\/","title":{"rendered":"Pegatina para ba\u00f1os de hombres y urinarios"},"content":{"rendered":"<p>Pegatina para ba\u00f1os de hombres, tambi\u00e9n utilizable para urinarios.<br \/>\nLos colores blanco y azul.<br \/>\nMedidas: 8,5 por 22,5 cm.<\/p>\n<p>Per conjunto de 10 pegatinas de alta calidad.<\/p>\n","protected":false},"excerpt":{"rendered":"<p>Pegatina para el ba\u00f1o de hombres, tambi\u00e9n utilizable para urinarios<\/p>\n","protected":false},"featured_media":26587,"template":"","meta":[],"product_brand":[],"product_cat":[842,936],"product_tag":[672,673,1211,1212],"class_list":{"0":"post-20273","1":"product","2":"type-product","3":"status-publish","4":"has-post-thumbnail","6":"product_cat-pegatinas","7":"product_cat-repuestos-para-urinarios-portatiles","8":"product_tag-cuarto-de-hombres","9":"product_tag-hombre","10":"product_tag-icon-es","11":"product_tag-pluto-es","13":"first","14":"instock","15":"taxable","16":"shipping-taxable","17":"purchasable","18":"product-type-simple"},"yoast_head":"<!-- This site is optimized with the Yoast SEO plugin v27.4 - https:\/\/yoast.com\/product\/yoast-seo-wordpress\/ -->\n<title>Pegatina para ba\u00f1os de hombres, tambi\u00e9n utilizable para urinarios<\/title>\n<meta name=\"description\" content=\"Pegatina para ba\u00f1os de hombres, tambi\u00e9n utilizable para urinarios. Los colores blanco y azul. Per conjunto de 10 pegatinas de alta calidad.\" \/>\n<meta name=\"robots\" content=\"index, follow, max-snippet:-1, max-image-preview:large, max-video-preview:-1\" \/>\n<link rel=\"canonical\" href=\"https:\/\/atlastoilets.com\/es\/producto\/pegatina-para-banos-de-hombres-y-urinarios\/\" \/>\n<meta property=\"og:locale\" content=\"es_ES\" \/>\n<meta property=\"og:type\" content=\"article\" \/>\n<meta property=\"og:title\" content=\"Pegatina para ba\u00f1os de hombres, tambi\u00e9n utilizable para urinarios\" \/>\n<meta property=\"og:description\" content=\"Pegatina para ba\u00f1os de hombres, tambi\u00e9n utilizable para urinarios. Los colores blanco y azul. Per conjunto de 10 pegatinas de alta calidad.\" \/>\n<meta property=\"og:url\" content=\"https:\/\/atlastoilets.com\/es\/producto\/pegatina-para-banos-de-hombres-y-urinarios\/\" \/>\n<meta property=\"og:site_name\" content=\"Atlas Sanitation Products\" \/>\n<meta property=\"article:modified_time\" content=\"2022-06-08T11:36:59+00:00\" \/>\n<meta property=\"og:image\" content=\"https:\/\/atlastoilets.com\/wp-content\/uploads\/2022\/03\/Stickers_male_urinal.jpg\" \/>\n\t<meta property=\"og:image:width\" content=\"1000\" \/>\n\t<meta property=\"og:image:height\" content=\"1000\" \/>\n\t<meta property=\"og:image:type\" content=\"image\/jpeg\" \/>\n<meta name=\"twitter:card\" content=\"summary_large_image\" \/>\n<meta name=\"twitter:label1\" content=\"Tiempo de lectura\" \/>\n\t<meta name=\"twitter:data1\" content=\"1 minuto\" \/>\n<script type=\"application\/ld+json\" class=\"yoast-schema-graph\">{\"@context\":\"https:\\\/\\\/schema.org\",\"@graph\":[{\"@type\":[\"WebPage\",\"ItemPage\"],\"@id\":\"https:\\\/\\\/atlastoilets.com\\\/es\\\/producto\\\/pegatina-para-banos-de-hombres-y-urinarios\\\/\",\"url\":\"https:\\\/\\\/atlastoilets.com\\\/es\\\/producto\\\/pegatina-para-banos-de-hombres-y-urinarios\\\/\",\"name\":\"Pegatina para ba\u00f1os de hombres, tambi\u00e9n utilizable para urinarios\",\"isPartOf\":{\"@id\":\"https:\\\/\\\/atlastoilets.com\\\/#website\"},\"primaryImageOfPage\":{\"@id\":\"https:\\\/\\\/atlastoilets.com\\\/es\\\/producto\\\/pegatina-para-banos-de-hombres-y-urinarios\\\/#primaryimage\"},\"image\":{\"@id\":\"https:\\\/\\\/atlastoilets.com\\\/es\\\/producto\\\/pegatina-para-banos-de-hombres-y-urinarios\\\/#primaryimage\"},\"thumbnailUrl\":\"https:\\\/\\\/atlastoilets.com\\\/wp-content\\\/uploads\\\/2022\\\/03\\\/Stickers_male_urinal.jpg\",\"datePublished\":\"2022-03-07T13:40:31+00:00\",\"dateModified\":\"2022-06-08T11:36:59+00:00\",\"description\":\"Pegatina para ba\u00f1os de hombres, tambi\u00e9n utilizable para urinarios. Los colores blanco y azul. Per conjunto de 10 pegatinas de alta calidad.\",\"breadcrumb\":{\"@id\":\"https:\\\/\\\/atlastoilets.com\\\/es\\\/producto\\\/pegatina-para-banos-de-hombres-y-urinarios\\\/#breadcrumb\"},\"inLanguage\":\"es\",\"potentialAction\":[{\"@type\":\"ReadAction\",\"target\":[\"https:\\\/\\\/atlastoilets.com\\\/es\\\/producto\\\/pegatina-para-banos-de-hombres-y-urinarios\\\/\"]}]},{\"@type\":\"ImageObject\",\"inLanguage\":\"es\",\"@id\":\"https:\\\/\\\/atlastoilets.com\\\/es\\\/producto\\\/pegatina-para-banos-de-hombres-y-urinarios\\\/#primaryimage\",\"url\":\"https:\\\/\\\/atlastoilets.com\\\/wp-content\\\/uploads\\\/2022\\\/03\\\/Stickers_male_urinal.jpg\",\"contentUrl\":\"https:\\\/\\\/atlastoilets.com\\\/wp-content\\\/uploads\\\/2022\\\/03\\\/Stickers_male_urinal.jpg\",\"width\":1000,\"height\":1000,\"caption\":\"Pegatina para ba\u00f1os de hombre\"},{\"@type\":\"BreadcrumbList\",\"@id\":\"https:\\\/\\\/atlastoilets.com\\\/es\\\/producto\\\/pegatina-para-banos-de-hombres-y-urinarios\\\/#breadcrumb\",\"itemListElement\":[{\"@type\":\"ListItem\",\"position\":1,\"name\":\"Home\",\"item\":\"https:\\\/\\\/atlastoilets.com\\\/es\\\/\"},{\"@type\":\"ListItem\",\"position\":2,\"name\":\"Tienda\",\"item\":\"https:\\\/\\\/atlastoilets.com\\\/es\\\/tienda\\\/\"},{\"@type\":\"ListItem\",\"position\":3,\"name\":\"Pegatina para ba\u00f1os de hombres y urinarios\"}]},{\"@type\":\"WebSite\",\"@id\":\"https:\\\/\\\/atlastoilets.com\\\/#website\",\"url\":\"https:\\\/\\\/atlastoilets.com\\\/\",\"name\":\"Atlas Sanitation Products\",\"description\":\"Total supplier for toilet rental companies\",\"potentialAction\":[{\"@type\":\"SearchAction\",\"target\":{\"@type\":\"EntryPoint\",\"urlTemplate\":\"https:\\\/\\\/atlastoilets.com\\\/?s={search_term_string}\"},\"query-input\":{\"@type\":\"PropertyValueSpecification\",\"valueRequired\":true,\"valueName\":\"search_term_string\"}}],\"inLanguage\":\"es\"}]}<\/script>\n<!-- \/ Yoast SEO plugin. -->","yoast_head_json":{"title":"Pegatina para ba\u00f1os de hombres, tambi\u00e9n utilizable para urinarios","description":"Pegatina para ba\u00f1os de hombres, tambi\u00e9n utilizable para urinarios. Los colores blanco y azul. Per conjunto de 10 pegatinas de alta calidad.","robots":{"index":"index","follow":"follow","max-snippet":"max-snippet:-1","max-image-preview":"max-image-preview:large","max-video-preview":"max-video-preview:-1"},"canonical":"https:\/\/atlastoilets.com\/es\/producto\/pegatina-para-banos-de-hombres-y-urinarios\/","og_locale":"es_ES","og_type":"article","og_title":"Pegatina para ba\u00f1os de hombres, tambi\u00e9n utilizable para urinarios","og_description":"Pegatina para ba\u00f1os de hombres, tambi\u00e9n utilizable para urinarios. Los colores blanco y azul. Per conjunto de 10 pegatinas de alta calidad.","og_url":"https:\/\/atlastoilets.com\/es\/producto\/pegatina-para-banos-de-hombres-y-urinarios\/","og_site_name":"Atlas Sanitation Products","article_modified_time":"2022-06-08T11:36:59+00:00","og_image":[{"width":1000,"height":1000,"url":"https:\/\/atlastoilets.com\/wp-content\/uploads\/2022\/03\/Stickers_male_urinal.jpg","type":"image\/jpeg"}],"twitter_card":"summary_large_image","twitter_misc":{"Tiempo de lectura":"1 minuto"},"schema":{"@context":"https:\/\/schema.org","@graph":[{"@type":["WebPage","ItemPage"],"@id":"https:\/\/atlastoilets.com\/es\/producto\/pegatina-para-banos-de-hombres-y-urinarios\/","url":"https:\/\/atlastoilets.com\/es\/producto\/pegatina-para-banos-de-hombres-y-urinarios\/","name":"Pegatina para ba\u00f1os de hombres, tambi\u00e9n utilizable para urinarios","isPartOf":{"@id":"https:\/\/atlastoilets.com\/#website"},"primaryImageOfPage":{"@id":"https:\/\/atlastoilets.com\/es\/producto\/pegatina-para-banos-de-hombres-y-urinarios\/#primaryimage"},"image":{"@id":"https:\/\/atlastoilets.com\/es\/producto\/pegatina-para-banos-de-hombres-y-urinarios\/#primaryimage"},"thumbnailUrl":"https:\/\/atlastoilets.com\/wp-content\/uploads\/2022\/03\/Stickers_male_urinal.jpg","datePublished":"2022-03-07T13:40:31+00:00","dateModified":"2022-06-08T11:36:59+00:00","description":"Pegatina para ba\u00f1os de hombres, tambi\u00e9n utilizable para urinarios. Los colores blanco y azul. Per conjunto de 10 pegatinas de alta calidad.","breadcrumb":{"@id":"https:\/\/atlastoilets.com\/es\/producto\/pegatina-para-banos-de-hombres-y-urinarios\/#breadcrumb"},"inLanguage":"es","potentialAction":[{"@type":"ReadAction","target":["https:\/\/atlastoilets.com\/es\/producto\/pegatina-para-banos-de-hombres-y-urinarios\/"]}]},{"@type":"ImageObject","inLanguage":"es","@id":"https:\/\/atlastoilets.com\/es\/producto\/pegatina-para-banos-de-hombres-y-urinarios\/#primaryimage","url":"https:\/\/atlastoilets.com\/wp-content\/uploads\/2022\/03\/Stickers_male_urinal.jpg","contentUrl":"https:\/\/atlastoilets.com\/wp-content\/uploads\/2022\/03\/Stickers_male_urinal.jpg","width":1000,"height":1000,"caption":"Pegatina para ba\u00f1os de hombre"},{"@type":"BreadcrumbList","@id":"https:\/\/atlastoilets.com\/es\/producto\/pegatina-para-banos-de-hombres-y-urinarios\/#breadcrumb","itemListElement":[{"@type":"ListItem","position":1,"name":"Home","item":"https:\/\/atlastoilets.com\/es\/"},{"@type":"ListItem","position":2,"name":"Tienda","item":"https:\/\/atlastoilets.com\/es\/tienda\/"},{"@type":"ListItem","position":3,"name":"Pegatina para ba\u00f1os de hombres y urinarios"}]},{"@type":"WebSite","@id":"https:\/\/atlastoilets.com\/#website","url":"https:\/\/atlastoilets.com\/","name":"Atlas Sanitation Products","description":"Total supplier for toilet rental companies","potentialAction":[{"@type":"SearchAction","target":{"@type":"EntryPoint","urlTemplate":"https:\/\/atlastoilets.com\/?s={search_term_string}"},"query-input":{"@type":"PropertyValueSpecification","valueRequired":true,"valueName":"search_term_string"}}],"inLanguage":"es"}]}},"_links":{"self":[{"href":"https:\/\/atlastoilets.com\/es\/wp-json\/wp\/v2\/product\/20273","targetHints":{"allow":["GET"]}}],"collection":[{"href":"https:\/\/atlastoilets.com\/es\/wp-json\/wp\/v2\/product"}],"about":[{"href":"https:\/\/atlastoilets.com\/es\/wp-json\/wp\/v2\/types\/product"}],"wp:featuredmedia":[{"embeddable":true,"href":"https:\/\/atlastoilets.com\/es\/wp-json\/wp\/v2\/media\/26587"}],"wp:attachment":[{"href":"https:\/\/atlastoilets.com\/es\/wp-json\/wp\/v2\/media?parent=20273"}],"wp:term":[{"taxonomy":"product_brand","embeddable":true,"href":"https:\/\/atlastoilets.com\/es\/wp-json\/wp\/v2\/product_brand?post=20273"},{"taxonomy":"product_cat","embeddable":true,"href":"https:\/\/atlastoilets.com\/es\/wp-json\/wp\/v2\/product_cat?post=20273"},{"taxonomy":"product_tag","embeddable":true,"href":"https:\/\/atlastoilets.com\/es\/wp-json\/wp\/v2\/product_tag?post=20273"}],"curies":[{"name":"wp","href":"https:\/\/api.w.org\/{rel}","templated":true}]}}