{"id":20272,"date":"2022-03-07T13:40:31","date_gmt":"2022-03-07T13:40:31","guid":{"rendered":"https:\/\/www.mobileurinal.eu\/product\/pegatina-bano-de-senoras\/"},"modified":"2022-06-08T11:48:46","modified_gmt":"2022-06-08T11:48:46","slug":"pegatinas-bano-de-senoras","status":"publish","type":"product","link":"https:\/\/atlastoilets.com\/es\/producto\/pegatinas-bano-de-senoras\/","title":{"rendered":"Pegatina para ba\u00f1os de se\u00f1oras"},"content":{"rendered":"<p>Pegatina para ba\u00f1os de se\u00f1oras,<br \/>\nLas pegatinas tienen el logo de Atlas Portable Sanitation<br \/>\nEn rosa y blanco.<br \/>\nDimensiones: 8,5 x 22,5cm.<br \/>\nPor un conjunto de 10 pegatinas de calidad.<\/p>\n","protected":false},"excerpt":{"rendered":"<p>Pegatinas para ba\u00f1os de se\u00f1oras. En rosa y blanco.<\/p>\n","protected":false},"featured_media":26590,"template":"","meta":[],"product_brand":[],"product_cat":[842],"product_tag":[669,670,671,1211,668,1212],"class_list":{"0":"post-20272","1":"product","2":"type-product","3":"status-publish","4":"has-post-thumbnail","6":"product_cat-pegatinas","7":"product_tag-bano","8":"product_tag-bano-de-mujeres","9":"product_tag-de-mujeres","10":"product_tag-icon-es","11":"product_tag-pegatina","12":"product_tag-pluto-es","14":"first","15":"instock","16":"taxable","17":"shipping-taxable","18":"purchasable","19":"product-type-simple"},"yoast_head":"<!-- This site is optimized with the Yoast SEO plugin v27.5 - https:\/\/yoast.com\/product\/yoast-seo-wordpress\/ -->\n<title>Pegatinas para ba\u00f1os de se\u00f1ora<\/title>\n<meta name=\"description\" content=\"Pegatinas para ba\u00f1os de se\u00f1oras. Las pegatinas tienen el logo de Atlas Portable Sanitation. En rosa y blanco.\" \/>\n<meta name=\"robots\" content=\"index, follow, max-snippet:-1, max-image-preview:large, max-video-preview:-1\" \/>\n<link rel=\"canonical\" href=\"https:\/\/atlastoilets.com\/es\/producto\/pegatinas-bano-de-senoras\/\" \/>\n<meta property=\"og:locale\" content=\"es_ES\" \/>\n<meta property=\"og:type\" content=\"article\" \/>\n<meta property=\"og:title\" content=\"Pegatinas para ba\u00f1os de se\u00f1ora\" \/>\n<meta property=\"og:description\" content=\"Pegatinas para ba\u00f1os de se\u00f1oras. Las pegatinas tienen el logo de Atlas Portable Sanitation. En rosa y blanco.\" \/>\n<meta property=\"og:url\" content=\"https:\/\/atlastoilets.com\/es\/producto\/pegatinas-bano-de-senoras\/\" \/>\n<meta property=\"og:site_name\" content=\"Atlas Sanitation Products\" \/>\n<meta property=\"article:modified_time\" content=\"2022-06-08T11:48:46+00:00\" \/>\n<meta property=\"og:image\" content=\"https:\/\/atlastoilets.com\/wp-content\/uploads\/2022\/03\/Sticker-Female-Toilet.jpg\" \/>\n\t<meta property=\"og:image:width\" content=\"1000\" \/>\n\t<meta property=\"og:image:height\" content=\"1000\" \/>\n\t<meta property=\"og:image:type\" content=\"image\/jpeg\" \/>\n<meta name=\"twitter:card\" content=\"summary_large_image\" \/>\n<script type=\"application\/ld+json\" class=\"yoast-schema-graph\">{\"@context\":\"https:\\\/\\\/schema.org\",\"@graph\":[{\"@type\":[\"WebPage\",\"ItemPage\"],\"@id\":\"https:\\\/\\\/atlastoilets.com\\\/es\\\/producto\\\/pegatinas-bano-de-senoras\\\/\",\"url\":\"https:\\\/\\\/atlastoilets.com\\\/es\\\/producto\\\/pegatinas-bano-de-senoras\\\/\",\"name\":\"Pegatinas para ba\u00f1os de se\u00f1ora\",\"isPartOf\":{\"@id\":\"https:\\\/\\\/atlastoilets.com\\\/#website\"},\"primaryImageOfPage\":{\"@id\":\"https:\\\/\\\/atlastoilets.com\\\/es\\\/producto\\\/pegatinas-bano-de-senoras\\\/#primaryimage\"},\"image\":{\"@id\":\"https:\\\/\\\/atlastoilets.com\\\/es\\\/producto\\\/pegatinas-bano-de-senoras\\\/#primaryimage\"},\"thumbnailUrl\":\"https:\\\/\\\/atlastoilets.com\\\/wp-content\\\/uploads\\\/2022\\\/03\\\/Sticker-Female-Toilet.jpg\",\"datePublished\":\"2022-03-07T13:40:31+00:00\",\"dateModified\":\"2022-06-08T11:48:46+00:00\",\"description\":\"Pegatinas para ba\u00f1os de se\u00f1oras. Las pegatinas tienen el logo de Atlas Portable Sanitation. En rosa y blanco.\",\"breadcrumb\":{\"@id\":\"https:\\\/\\\/atlastoilets.com\\\/es\\\/producto\\\/pegatinas-bano-de-senoras\\\/#breadcrumb\"},\"inLanguage\":\"es\",\"potentialAction\":[{\"@type\":\"ReadAction\",\"target\":[\"https:\\\/\\\/atlastoilets.com\\\/es\\\/producto\\\/pegatinas-bano-de-senoras\\\/\"]}]},{\"@type\":\"ImageObject\",\"inLanguage\":\"es\",\"@id\":\"https:\\\/\\\/atlastoilets.com\\\/es\\\/producto\\\/pegatinas-bano-de-senoras\\\/#primaryimage\",\"url\":\"https:\\\/\\\/atlastoilets.com\\\/wp-content\\\/uploads\\\/2022\\\/03\\\/Sticker-Female-Toilet.jpg\",\"contentUrl\":\"https:\\\/\\\/atlastoilets.com\\\/wp-content\\\/uploads\\\/2022\\\/03\\\/Sticker-Female-Toilet.jpg\",\"width\":1000,\"height\":1000,\"caption\":\"Pegatinas para ba\u00f1os de se\u00f1oras.\"},{\"@type\":\"BreadcrumbList\",\"@id\":\"https:\\\/\\\/atlastoilets.com\\\/es\\\/producto\\\/pegatinas-bano-de-senoras\\\/#breadcrumb\",\"itemListElement\":[{\"@type\":\"ListItem\",\"position\":1,\"name\":\"Home\",\"item\":\"https:\\\/\\\/atlastoilets.com\\\/es\\\/\"},{\"@type\":\"ListItem\",\"position\":2,\"name\":\"Tienda\",\"item\":\"https:\\\/\\\/atlastoilets.com\\\/es\\\/tienda\\\/\"},{\"@type\":\"ListItem\",\"position\":3,\"name\":\"Pegatina para ba\u00f1os de se\u00f1oras\"}]},{\"@type\":\"WebSite\",\"@id\":\"https:\\\/\\\/atlastoilets.com\\\/#website\",\"url\":\"https:\\\/\\\/atlastoilets.com\\\/\",\"name\":\"Atlas Sanitation Products\",\"description\":\"Total supplier for toilet rental companies\",\"potentialAction\":[{\"@type\":\"SearchAction\",\"target\":{\"@type\":\"EntryPoint\",\"urlTemplate\":\"https:\\\/\\\/atlastoilets.com\\\/?s={search_term_string}\"},\"query-input\":{\"@type\":\"PropertyValueSpecification\",\"valueRequired\":true,\"valueName\":\"search_term_string\"}}],\"inLanguage\":\"es\"}]}<\/script>\n<!-- \/ Yoast SEO plugin. -->","yoast_head_json":{"title":"Pegatinas para ba\u00f1os de se\u00f1ora","description":"Pegatinas para ba\u00f1os de se\u00f1oras. Las pegatinas tienen el logo de Atlas Portable Sanitation. En rosa y blanco.","robots":{"index":"index","follow":"follow","max-snippet":"max-snippet:-1","max-image-preview":"max-image-preview:large","max-video-preview":"max-video-preview:-1"},"canonical":"https:\/\/atlastoilets.com\/es\/producto\/pegatinas-bano-de-senoras\/","og_locale":"es_ES","og_type":"article","og_title":"Pegatinas para ba\u00f1os de se\u00f1ora","og_description":"Pegatinas para ba\u00f1os de se\u00f1oras. Las pegatinas tienen el logo de Atlas Portable Sanitation. En rosa y blanco.","og_url":"https:\/\/atlastoilets.com\/es\/producto\/pegatinas-bano-de-senoras\/","og_site_name":"Atlas Sanitation Products","article_modified_time":"2022-06-08T11:48:46+00:00","og_image":[{"width":1000,"height":1000,"url":"https:\/\/atlastoilets.com\/wp-content\/uploads\/2022\/03\/Sticker-Female-Toilet.jpg","type":"image\/jpeg"}],"twitter_card":"summary_large_image","schema":{"@context":"https:\/\/schema.org","@graph":[{"@type":["WebPage","ItemPage"],"@id":"https:\/\/atlastoilets.com\/es\/producto\/pegatinas-bano-de-senoras\/","url":"https:\/\/atlastoilets.com\/es\/producto\/pegatinas-bano-de-senoras\/","name":"Pegatinas para ba\u00f1os de se\u00f1ora","isPartOf":{"@id":"https:\/\/atlastoilets.com\/#website"},"primaryImageOfPage":{"@id":"https:\/\/atlastoilets.com\/es\/producto\/pegatinas-bano-de-senoras\/#primaryimage"},"image":{"@id":"https:\/\/atlastoilets.com\/es\/producto\/pegatinas-bano-de-senoras\/#primaryimage"},"thumbnailUrl":"https:\/\/atlastoilets.com\/wp-content\/uploads\/2022\/03\/Sticker-Female-Toilet.jpg","datePublished":"2022-03-07T13:40:31+00:00","dateModified":"2022-06-08T11:48:46+00:00","description":"Pegatinas para ba\u00f1os de se\u00f1oras. Las pegatinas tienen el logo de Atlas Portable Sanitation. En rosa y blanco.","breadcrumb":{"@id":"https:\/\/atlastoilets.com\/es\/producto\/pegatinas-bano-de-senoras\/#breadcrumb"},"inLanguage":"es","potentialAction":[{"@type":"ReadAction","target":["https:\/\/atlastoilets.com\/es\/producto\/pegatinas-bano-de-senoras\/"]}]},{"@type":"ImageObject","inLanguage":"es","@id":"https:\/\/atlastoilets.com\/es\/producto\/pegatinas-bano-de-senoras\/#primaryimage","url":"https:\/\/atlastoilets.com\/wp-content\/uploads\/2022\/03\/Sticker-Female-Toilet.jpg","contentUrl":"https:\/\/atlastoilets.com\/wp-content\/uploads\/2022\/03\/Sticker-Female-Toilet.jpg","width":1000,"height":1000,"caption":"Pegatinas para ba\u00f1os de se\u00f1oras."},{"@type":"BreadcrumbList","@id":"https:\/\/atlastoilets.com\/es\/producto\/pegatinas-bano-de-senoras\/#breadcrumb","itemListElement":[{"@type":"ListItem","position":1,"name":"Home","item":"https:\/\/atlastoilets.com\/es\/"},{"@type":"ListItem","position":2,"name":"Tienda","item":"https:\/\/atlastoilets.com\/es\/tienda\/"},{"@type":"ListItem","position":3,"name":"Pegatina para ba\u00f1os de se\u00f1oras"}]},{"@type":"WebSite","@id":"https:\/\/atlastoilets.com\/#website","url":"https:\/\/atlastoilets.com\/","name":"Atlas Sanitation Products","description":"Total supplier for toilet rental companies","potentialAction":[{"@type":"SearchAction","target":{"@type":"EntryPoint","urlTemplate":"https:\/\/atlastoilets.com\/?s={search_term_string}"},"query-input":{"@type":"PropertyValueSpecification","valueRequired":true,"valueName":"search_term_string"}}],"inLanguage":"es"}]}},"_links":{"self":[{"href":"https:\/\/atlastoilets.com\/es\/wp-json\/wp\/v2\/product\/20272","targetHints":{"allow":["GET"]}}],"collection":[{"href":"https:\/\/atlastoilets.com\/es\/wp-json\/wp\/v2\/product"}],"about":[{"href":"https:\/\/atlastoilets.com\/es\/wp-json\/wp\/v2\/types\/product"}],"wp:featuredmedia":[{"embeddable":true,"href":"https:\/\/atlastoilets.com\/es\/wp-json\/wp\/v2\/media\/26590"}],"wp:attachment":[{"href":"https:\/\/atlastoilets.com\/es\/wp-json\/wp\/v2\/media?parent=20272"}],"wp:term":[{"taxonomy":"product_brand","embeddable":true,"href":"https:\/\/atlastoilets.com\/es\/wp-json\/wp\/v2\/product_brand?post=20272"},{"taxonomy":"product_cat","embeddable":true,"href":"https:\/\/atlastoilets.com\/es\/wp-json\/wp\/v2\/product_cat?post=20272"},{"taxonomy":"product_tag","embeddable":true,"href":"https:\/\/atlastoilets.com\/es\/wp-json\/wp\/v2\/product_tag?post=20272"}],"curies":[{"name":"wp","href":"https:\/\/api.w.org\/{rel}","templated":true}]}}