{"id":20271,"date":"2022-03-07T13:40:04","date_gmt":"2022-03-07T13:40:04","guid":{"rendered":"https:\/\/www.mobileurinal.eu\/product\/pegatina-flush\/"},"modified":"2022-06-08T14:36:49","modified_gmt":"2022-06-08T14:36:49","slug":"pegatina-flush","status":"publish","type":"product","link":"https:\/\/atlastoilets.com\/es\/producto\/pegatina-flush\/","title":{"rendered":"Pegatina \u00abFlush\u00bb"},"content":{"rendered":"<p>Pegatina \u00abFlush\u00bb tirar de la cadena, que se utilizar\u00e1 en los ba\u00f1os port\u00e1tiles de recirculaci\u00f3n.<br \/>\nLos colores blanco y rojo.<\/p>\n<p>Per conjunto de 10 pegatinas de alta calidad<\/p>\n","protected":false},"excerpt":{"rendered":"<p>Pegatina \u00abFlush\u00bb (tirar de la cadena) que se utilizar\u00e1 en los ba\u00f1os port\u00e1tiles de recirculaci\u00f3n.<br \/>\nLos colores blanco y rojo.<\/p>\n<p>Per conjunto de 10 pegatinas de alta calidad<\/p>\n","protected":false},"featured_media":26698,"template":"","meta":[],"product_brand":[],"product_cat":[842],"product_tag":[666,616,667,1211,668,1132,615],"class_list":{"0":"post-20271","1":"product","2":"type-product","3":"status-publish","4":"has-post-thumbnail","6":"product_cat-pegatinas","7":"product_tag-advertencia","8":"product_tag-alquiler","9":"product_tag-descargue","10":"product_tag-icon-es","11":"product_tag-pegatina","12":"product_tag-recirculation-es","13":"product_tag-urinario-portatil","15":"first","16":"instock","17":"taxable","18":"shipping-taxable","19":"purchasable","20":"product-type-simple"},"yoast_head":"<!-- This site is optimized with the Yoast SEO plugin v27.4 - https:\/\/yoast.com\/product\/yoast-seo-wordpress\/ -->\n<title>Pegatina Flush<\/title>\n<meta name=\"description\" content=\"Pegatina Flush tirar de la cadena, que se utilizar\u00e1 en los ba\u00f1os port\u00e1tiles de recirculaci\u00f3n.Los colores blanco y rojo.\" \/>\n<meta name=\"robots\" content=\"index, follow, max-snippet:-1, max-image-preview:large, max-video-preview:-1\" \/>\n<link rel=\"canonical\" href=\"https:\/\/atlastoilets.com\/es\/producto\/pegatina-flush\/\" \/>\n<meta property=\"og:locale\" content=\"es_ES\" \/>\n<meta property=\"og:type\" content=\"article\" \/>\n<meta property=\"og:title\" content=\"Pegatina Flush\" \/>\n<meta property=\"og:description\" content=\"Pegatina Flush tirar de la cadena, que se utilizar\u00e1 en los ba\u00f1os port\u00e1tiles de recirculaci\u00f3n.Los colores blanco y rojo.\" \/>\n<meta property=\"og:url\" content=\"https:\/\/atlastoilets.com\/es\/producto\/pegatina-flush\/\" \/>\n<meta property=\"og:site_name\" content=\"Atlas Sanitation Products\" \/>\n<meta property=\"article:modified_time\" content=\"2022-06-08T14:36:49+00:00\" \/>\n<meta property=\"og:image\" content=\"https:\/\/atlastoilets.com\/wp-content\/uploads\/2022\/03\/Sticker-Flush.jpg\" \/>\n\t<meta property=\"og:image:width\" content=\"1000\" \/>\n\t<meta property=\"og:image:height\" content=\"1000\" \/>\n\t<meta property=\"og:image:type\" content=\"image\/jpeg\" \/>\n<meta name=\"twitter:card\" content=\"summary_large_image\" \/>\n<script type=\"application\/ld+json\" class=\"yoast-schema-graph\">{\"@context\":\"https:\\\/\\\/schema.org\",\"@graph\":[{\"@type\":[\"WebPage\",\"ItemPage\"],\"@id\":\"https:\\\/\\\/atlastoilets.com\\\/es\\\/producto\\\/pegatina-flush\\\/\",\"url\":\"https:\\\/\\\/atlastoilets.com\\\/es\\\/producto\\\/pegatina-flush\\\/\",\"name\":\"Pegatina Flush\",\"isPartOf\":{\"@id\":\"https:\\\/\\\/atlastoilets.com\\\/#website\"},\"primaryImageOfPage\":{\"@id\":\"https:\\\/\\\/atlastoilets.com\\\/es\\\/producto\\\/pegatina-flush\\\/#primaryimage\"},\"image\":{\"@id\":\"https:\\\/\\\/atlastoilets.com\\\/es\\\/producto\\\/pegatina-flush\\\/#primaryimage\"},\"thumbnailUrl\":\"https:\\\/\\\/atlastoilets.com\\\/wp-content\\\/uploads\\\/2022\\\/03\\\/Sticker-Flush.jpg\",\"datePublished\":\"2022-03-07T13:40:04+00:00\",\"dateModified\":\"2022-06-08T14:36:49+00:00\",\"description\":\"Pegatina Flush tirar de la cadena, que se utilizar\u00e1 en los ba\u00f1os port\u00e1tiles de recirculaci\u00f3n.Los colores blanco y rojo.\",\"breadcrumb\":{\"@id\":\"https:\\\/\\\/atlastoilets.com\\\/es\\\/producto\\\/pegatina-flush\\\/#breadcrumb\"},\"inLanguage\":\"es\",\"potentialAction\":[{\"@type\":\"ReadAction\",\"target\":[\"https:\\\/\\\/atlastoilets.com\\\/es\\\/producto\\\/pegatina-flush\\\/\"]}]},{\"@type\":\"ImageObject\",\"inLanguage\":\"es\",\"@id\":\"https:\\\/\\\/atlastoilets.com\\\/es\\\/producto\\\/pegatina-flush\\\/#primaryimage\",\"url\":\"https:\\\/\\\/atlastoilets.com\\\/wp-content\\\/uploads\\\/2022\\\/03\\\/Sticker-Flush.jpg\",\"contentUrl\":\"https:\\\/\\\/atlastoilets.com\\\/wp-content\\\/uploads\\\/2022\\\/03\\\/Sticker-Flush.jpg\",\"width\":1000,\"height\":1000,\"caption\":\"Pegatina Flush\"},{\"@type\":\"BreadcrumbList\",\"@id\":\"https:\\\/\\\/atlastoilets.com\\\/es\\\/producto\\\/pegatina-flush\\\/#breadcrumb\",\"itemListElement\":[{\"@type\":\"ListItem\",\"position\":1,\"name\":\"Home\",\"item\":\"https:\\\/\\\/atlastoilets.com\\\/es\\\/\"},{\"@type\":\"ListItem\",\"position\":2,\"name\":\"Tienda\",\"item\":\"https:\\\/\\\/atlastoilets.com\\\/es\\\/tienda\\\/\"},{\"@type\":\"ListItem\",\"position\":3,\"name\":\"Pegatina &#8220;Flush&#8221;\"}]},{\"@type\":\"WebSite\",\"@id\":\"https:\\\/\\\/atlastoilets.com\\\/#website\",\"url\":\"https:\\\/\\\/atlastoilets.com\\\/\",\"name\":\"Atlas Sanitation Products\",\"description\":\"Total supplier for toilet rental companies\",\"potentialAction\":[{\"@type\":\"SearchAction\",\"target\":{\"@type\":\"EntryPoint\",\"urlTemplate\":\"https:\\\/\\\/atlastoilets.com\\\/?s={search_term_string}\"},\"query-input\":{\"@type\":\"PropertyValueSpecification\",\"valueRequired\":true,\"valueName\":\"search_term_string\"}}],\"inLanguage\":\"es\"}]}<\/script>\n<!-- \/ Yoast SEO plugin. -->","yoast_head_json":{"title":"Pegatina Flush","description":"Pegatina Flush tirar de la cadena, que se utilizar\u00e1 en los ba\u00f1os port\u00e1tiles de recirculaci\u00f3n.Los colores blanco y rojo.","robots":{"index":"index","follow":"follow","max-snippet":"max-snippet:-1","max-image-preview":"max-image-preview:large","max-video-preview":"max-video-preview:-1"},"canonical":"https:\/\/atlastoilets.com\/es\/producto\/pegatina-flush\/","og_locale":"es_ES","og_type":"article","og_title":"Pegatina Flush","og_description":"Pegatina Flush tirar de la cadena, que se utilizar\u00e1 en los ba\u00f1os port\u00e1tiles de recirculaci\u00f3n.Los colores blanco y rojo.","og_url":"https:\/\/atlastoilets.com\/es\/producto\/pegatina-flush\/","og_site_name":"Atlas Sanitation Products","article_modified_time":"2022-06-08T14:36:49+00:00","og_image":[{"width":1000,"height":1000,"url":"https:\/\/atlastoilets.com\/wp-content\/uploads\/2022\/03\/Sticker-Flush.jpg","type":"image\/jpeg"}],"twitter_card":"summary_large_image","schema":{"@context":"https:\/\/schema.org","@graph":[{"@type":["WebPage","ItemPage"],"@id":"https:\/\/atlastoilets.com\/es\/producto\/pegatina-flush\/","url":"https:\/\/atlastoilets.com\/es\/producto\/pegatina-flush\/","name":"Pegatina Flush","isPartOf":{"@id":"https:\/\/atlastoilets.com\/#website"},"primaryImageOfPage":{"@id":"https:\/\/atlastoilets.com\/es\/producto\/pegatina-flush\/#primaryimage"},"image":{"@id":"https:\/\/atlastoilets.com\/es\/producto\/pegatina-flush\/#primaryimage"},"thumbnailUrl":"https:\/\/atlastoilets.com\/wp-content\/uploads\/2022\/03\/Sticker-Flush.jpg","datePublished":"2022-03-07T13:40:04+00:00","dateModified":"2022-06-08T14:36:49+00:00","description":"Pegatina Flush tirar de la cadena, que se utilizar\u00e1 en los ba\u00f1os port\u00e1tiles de recirculaci\u00f3n.Los colores blanco y rojo.","breadcrumb":{"@id":"https:\/\/atlastoilets.com\/es\/producto\/pegatina-flush\/#breadcrumb"},"inLanguage":"es","potentialAction":[{"@type":"ReadAction","target":["https:\/\/atlastoilets.com\/es\/producto\/pegatina-flush\/"]}]},{"@type":"ImageObject","inLanguage":"es","@id":"https:\/\/atlastoilets.com\/es\/producto\/pegatina-flush\/#primaryimage","url":"https:\/\/atlastoilets.com\/wp-content\/uploads\/2022\/03\/Sticker-Flush.jpg","contentUrl":"https:\/\/atlastoilets.com\/wp-content\/uploads\/2022\/03\/Sticker-Flush.jpg","width":1000,"height":1000,"caption":"Pegatina Flush"},{"@type":"BreadcrumbList","@id":"https:\/\/atlastoilets.com\/es\/producto\/pegatina-flush\/#breadcrumb","itemListElement":[{"@type":"ListItem","position":1,"name":"Home","item":"https:\/\/atlastoilets.com\/es\/"},{"@type":"ListItem","position":2,"name":"Tienda","item":"https:\/\/atlastoilets.com\/es\/tienda\/"},{"@type":"ListItem","position":3,"name":"Pegatina &#8220;Flush&#8221;"}]},{"@type":"WebSite","@id":"https:\/\/atlastoilets.com\/#website","url":"https:\/\/atlastoilets.com\/","name":"Atlas Sanitation Products","description":"Total supplier for toilet rental companies","potentialAction":[{"@type":"SearchAction","target":{"@type":"EntryPoint","urlTemplate":"https:\/\/atlastoilets.com\/?s={search_term_string}"},"query-input":{"@type":"PropertyValueSpecification","valueRequired":true,"valueName":"search_term_string"}}],"inLanguage":"es"}]}},"_links":{"self":[{"href":"https:\/\/atlastoilets.com\/es\/wp-json\/wp\/v2\/product\/20271","targetHints":{"allow":["GET"]}}],"collection":[{"href":"https:\/\/atlastoilets.com\/es\/wp-json\/wp\/v2\/product"}],"about":[{"href":"https:\/\/atlastoilets.com\/es\/wp-json\/wp\/v2\/types\/product"}],"wp:featuredmedia":[{"embeddable":true,"href":"https:\/\/atlastoilets.com\/es\/wp-json\/wp\/v2\/media\/26698"}],"wp:attachment":[{"href":"https:\/\/atlastoilets.com\/es\/wp-json\/wp\/v2\/media?parent=20271"}],"wp:term":[{"taxonomy":"product_brand","embeddable":true,"href":"https:\/\/atlastoilets.com\/es\/wp-json\/wp\/v2\/product_brand?post=20271"},{"taxonomy":"product_cat","embeddable":true,"href":"https:\/\/atlastoilets.com\/es\/wp-json\/wp\/v2\/product_cat?post=20271"},{"taxonomy":"product_tag","embeddable":true,"href":"https:\/\/atlastoilets.com\/es\/wp-json\/wp\/v2\/product_tag?post=20271"}],"curies":[{"name":"wp","href":"https:\/\/api.w.org\/{rel}","templated":true}]}}