{"id":20266,"date":"2022-03-07T13:40:04","date_gmt":"2022-03-07T13:40:04","guid":{"rendered":"https:\/\/www.mobileurinal.eu\/product\/conector-de-panel-de-pared\/"},"modified":"2022-06-08T14:49:25","modified_gmt":"2022-06-08T14:49:25","slug":"conector-de-panel-de-pared","status":"publish","type":"product","link":"https:\/\/atlastoilets.com\/es\/producto\/conector-de-panel-de-pared\/","title":{"rendered":"Conector de panel de pared"},"content":{"rendered":"<p><span id=\"result_box\" class=\"short_text\" lang=\"es\"><span class=\"hps\">Conectores para<\/span> <span class=\"hps\">las paredes <\/span><span class=\"hps\">del ba\u00f1o port\u00e1til Apollo, el ba\u00f1o original hecho por Atlas Portable Sanitation.<br \/>\n<\/span><\/span><\/p>\n","protected":false},"excerpt":{"rendered":"<p><span id=\"result_box\" class=\"short_text\" lang=\"es\"><span class=\"hps\">Conectores para<\/span> <span class=\"hps\">las paredes <\/span><span class=\"hps\">del ba\u00f1o port\u00e1til Apollo<\/span><\/span><\/p>\n","protected":false},"featured_media":26636,"template":"","meta":[],"product_brand":[],"product_cat":[1284],"product_tag":[645,665,615],"class_list":{"0":"post-20266","1":"product","2":"type-product","3":"status-publish","4":"has-post-thumbnail","6":"product_cat-repuestos-para-banos-apollo","7":"product_tag-connecteur","8":"product_tag-pared","9":"product_tag-urinario-portatil","11":"first","12":"instock","13":"taxable","14":"shipping-taxable","15":"purchasable","16":"product-type-simple"},"yoast_head":"<!-- This site is optimized with the Yoast SEO plugin v27.5 - https:\/\/yoast.com\/product\/yoast-seo-wordpress\/ -->\n<title>Conectores para las paredes del ba\u00f1o port\u00e1til Apollo<\/title>\n<meta name=\"description\" content=\"Conectores para las paredes del ba\u00f1o port\u00e1til Apollo, el ba\u00f1o original hecho por Atlas Portable Sanitation.\" \/>\n<meta name=\"robots\" content=\"index, follow, max-snippet:-1, max-image-preview:large, max-video-preview:-1\" \/>\n<link rel=\"canonical\" href=\"https:\/\/atlastoilets.com\/es\/producto\/conector-de-panel-de-pared\/\" \/>\n<meta property=\"og:locale\" content=\"es_ES\" \/>\n<meta property=\"og:type\" content=\"article\" \/>\n<meta property=\"og:title\" content=\"Conectores para las paredes del ba\u00f1o port\u00e1til Apollo\" \/>\n<meta property=\"og:description\" content=\"Conectores para las paredes del ba\u00f1o port\u00e1til Apollo, el ba\u00f1o original hecho por Atlas Portable Sanitation.\" \/>\n<meta property=\"og:url\" content=\"https:\/\/atlastoilets.com\/es\/producto\/conector-de-panel-de-pared\/\" \/>\n<meta property=\"og:site_name\" content=\"Atlas Sanitation Products\" \/>\n<meta property=\"article:modified_time\" content=\"2022-06-08T14:49:25+00:00\" \/>\n<meta property=\"og:image\" content=\"https:\/\/atlastoilets.com\/wp-content\/uploads\/2022\/03\/wall-panel-connector.jpg\" \/>\n\t<meta property=\"og:image:width\" content=\"1000\" \/>\n\t<meta property=\"og:image:height\" content=\"1000\" \/>\n\t<meta property=\"og:image:type\" content=\"image\/jpeg\" \/>\n<meta name=\"twitter:card\" content=\"summary_large_image\" \/>\n<script type=\"application\/ld+json\" class=\"yoast-schema-graph\">{\"@context\":\"https:\\\/\\\/schema.org\",\"@graph\":[{\"@type\":[\"WebPage\",\"ItemPage\"],\"@id\":\"https:\\\/\\\/atlastoilets.com\\\/es\\\/producto\\\/conector-de-panel-de-pared\\\/\",\"url\":\"https:\\\/\\\/atlastoilets.com\\\/es\\\/producto\\\/conector-de-panel-de-pared\\\/\",\"name\":\"Conectores para las paredes del ba\u00f1o port\u00e1til Apollo\",\"isPartOf\":{\"@id\":\"https:\\\/\\\/atlastoilets.com\\\/#website\"},\"primaryImageOfPage\":{\"@id\":\"https:\\\/\\\/atlastoilets.com\\\/es\\\/producto\\\/conector-de-panel-de-pared\\\/#primaryimage\"},\"image\":{\"@id\":\"https:\\\/\\\/atlastoilets.com\\\/es\\\/producto\\\/conector-de-panel-de-pared\\\/#primaryimage\"},\"thumbnailUrl\":\"https:\\\/\\\/atlastoilets.com\\\/wp-content\\\/uploads\\\/2022\\\/03\\\/wall-panel-connector.jpg\",\"datePublished\":\"2022-03-07T13:40:04+00:00\",\"dateModified\":\"2022-06-08T14:49:25+00:00\",\"description\":\"Conectores para las paredes del ba\u00f1o port\u00e1til Apollo, el ba\u00f1o original hecho por Atlas Portable Sanitation.\",\"breadcrumb\":{\"@id\":\"https:\\\/\\\/atlastoilets.com\\\/es\\\/producto\\\/conector-de-panel-de-pared\\\/#breadcrumb\"},\"inLanguage\":\"es\",\"potentialAction\":[{\"@type\":\"ReadAction\",\"target\":[\"https:\\\/\\\/atlastoilets.com\\\/es\\\/producto\\\/conector-de-panel-de-pared\\\/\"]}]},{\"@type\":\"ImageObject\",\"inLanguage\":\"es\",\"@id\":\"https:\\\/\\\/atlastoilets.com\\\/es\\\/producto\\\/conector-de-panel-de-pared\\\/#primaryimage\",\"url\":\"https:\\\/\\\/atlastoilets.com\\\/wp-content\\\/uploads\\\/2022\\\/03\\\/wall-panel-connector.jpg\",\"contentUrl\":\"https:\\\/\\\/atlastoilets.com\\\/wp-content\\\/uploads\\\/2022\\\/03\\\/wall-panel-connector.jpg\",\"width\":1000,\"height\":1000,\"caption\":\"ba\u00f1o port\u00e1til Apollo\"},{\"@type\":\"BreadcrumbList\",\"@id\":\"https:\\\/\\\/atlastoilets.com\\\/es\\\/producto\\\/conector-de-panel-de-pared\\\/#breadcrumb\",\"itemListElement\":[{\"@type\":\"ListItem\",\"position\":1,\"name\":\"Home\",\"item\":\"https:\\\/\\\/atlastoilets.com\\\/es\\\/\"},{\"@type\":\"ListItem\",\"position\":2,\"name\":\"Tienda\",\"item\":\"https:\\\/\\\/atlastoilets.com\\\/es\\\/tienda\\\/\"},{\"@type\":\"ListItem\",\"position\":3,\"name\":\"Conector de panel de pared\"}]},{\"@type\":\"WebSite\",\"@id\":\"https:\\\/\\\/atlastoilets.com\\\/#website\",\"url\":\"https:\\\/\\\/atlastoilets.com\\\/\",\"name\":\"Atlas Sanitation Products\",\"description\":\"Total supplier for toilet rental companies\",\"potentialAction\":[{\"@type\":\"SearchAction\",\"target\":{\"@type\":\"EntryPoint\",\"urlTemplate\":\"https:\\\/\\\/atlastoilets.com\\\/?s={search_term_string}\"},\"query-input\":{\"@type\":\"PropertyValueSpecification\",\"valueRequired\":true,\"valueName\":\"search_term_string\"}}],\"inLanguage\":\"es\"}]}<\/script>\n<!-- \/ Yoast SEO plugin. -->","yoast_head_json":{"title":"Conectores para las paredes del ba\u00f1o port\u00e1til Apollo","description":"Conectores para las paredes del ba\u00f1o port\u00e1til Apollo, el ba\u00f1o original hecho por Atlas Portable Sanitation.","robots":{"index":"index","follow":"follow","max-snippet":"max-snippet:-1","max-image-preview":"max-image-preview:large","max-video-preview":"max-video-preview:-1"},"canonical":"https:\/\/atlastoilets.com\/es\/producto\/conector-de-panel-de-pared\/","og_locale":"es_ES","og_type":"article","og_title":"Conectores para las paredes del ba\u00f1o port\u00e1til Apollo","og_description":"Conectores para las paredes del ba\u00f1o port\u00e1til Apollo, el ba\u00f1o original hecho por Atlas Portable Sanitation.","og_url":"https:\/\/atlastoilets.com\/es\/producto\/conector-de-panel-de-pared\/","og_site_name":"Atlas Sanitation Products","article_modified_time":"2022-06-08T14:49:25+00:00","og_image":[{"width":1000,"height":1000,"url":"https:\/\/atlastoilets.com\/wp-content\/uploads\/2022\/03\/wall-panel-connector.jpg","type":"image\/jpeg"}],"twitter_card":"summary_large_image","schema":{"@context":"https:\/\/schema.org","@graph":[{"@type":["WebPage","ItemPage"],"@id":"https:\/\/atlastoilets.com\/es\/producto\/conector-de-panel-de-pared\/","url":"https:\/\/atlastoilets.com\/es\/producto\/conector-de-panel-de-pared\/","name":"Conectores para las paredes del ba\u00f1o port\u00e1til Apollo","isPartOf":{"@id":"https:\/\/atlastoilets.com\/#website"},"primaryImageOfPage":{"@id":"https:\/\/atlastoilets.com\/es\/producto\/conector-de-panel-de-pared\/#primaryimage"},"image":{"@id":"https:\/\/atlastoilets.com\/es\/producto\/conector-de-panel-de-pared\/#primaryimage"},"thumbnailUrl":"https:\/\/atlastoilets.com\/wp-content\/uploads\/2022\/03\/wall-panel-connector.jpg","datePublished":"2022-03-07T13:40:04+00:00","dateModified":"2022-06-08T14:49:25+00:00","description":"Conectores para las paredes del ba\u00f1o port\u00e1til Apollo, el ba\u00f1o original hecho por Atlas Portable Sanitation.","breadcrumb":{"@id":"https:\/\/atlastoilets.com\/es\/producto\/conector-de-panel-de-pared\/#breadcrumb"},"inLanguage":"es","potentialAction":[{"@type":"ReadAction","target":["https:\/\/atlastoilets.com\/es\/producto\/conector-de-panel-de-pared\/"]}]},{"@type":"ImageObject","inLanguage":"es","@id":"https:\/\/atlastoilets.com\/es\/producto\/conector-de-panel-de-pared\/#primaryimage","url":"https:\/\/atlastoilets.com\/wp-content\/uploads\/2022\/03\/wall-panel-connector.jpg","contentUrl":"https:\/\/atlastoilets.com\/wp-content\/uploads\/2022\/03\/wall-panel-connector.jpg","width":1000,"height":1000,"caption":"ba\u00f1o port\u00e1til Apollo"},{"@type":"BreadcrumbList","@id":"https:\/\/atlastoilets.com\/es\/producto\/conector-de-panel-de-pared\/#breadcrumb","itemListElement":[{"@type":"ListItem","position":1,"name":"Home","item":"https:\/\/atlastoilets.com\/es\/"},{"@type":"ListItem","position":2,"name":"Tienda","item":"https:\/\/atlastoilets.com\/es\/tienda\/"},{"@type":"ListItem","position":3,"name":"Conector de panel de pared"}]},{"@type":"WebSite","@id":"https:\/\/atlastoilets.com\/#website","url":"https:\/\/atlastoilets.com\/","name":"Atlas Sanitation Products","description":"Total supplier for toilet rental companies","potentialAction":[{"@type":"SearchAction","target":{"@type":"EntryPoint","urlTemplate":"https:\/\/atlastoilets.com\/?s={search_term_string}"},"query-input":{"@type":"PropertyValueSpecification","valueRequired":true,"valueName":"search_term_string"}}],"inLanguage":"es"}]}},"_links":{"self":[{"href":"https:\/\/atlastoilets.com\/es\/wp-json\/wp\/v2\/product\/20266","targetHints":{"allow":["GET"]}}],"collection":[{"href":"https:\/\/atlastoilets.com\/es\/wp-json\/wp\/v2\/product"}],"about":[{"href":"https:\/\/atlastoilets.com\/es\/wp-json\/wp\/v2\/types\/product"}],"wp:featuredmedia":[{"embeddable":true,"href":"https:\/\/atlastoilets.com\/es\/wp-json\/wp\/v2\/media\/26636"}],"wp:attachment":[{"href":"https:\/\/atlastoilets.com\/es\/wp-json\/wp\/v2\/media?parent=20266"}],"wp:term":[{"taxonomy":"product_brand","embeddable":true,"href":"https:\/\/atlastoilets.com\/es\/wp-json\/wp\/v2\/product_brand?post=20266"},{"taxonomy":"product_cat","embeddable":true,"href":"https:\/\/atlastoilets.com\/es\/wp-json\/wp\/v2\/product_cat?post=20266"},{"taxonomy":"product_tag","embeddable":true,"href":"https:\/\/atlastoilets.com\/es\/wp-json\/wp\/v2\/product_tag?post=20266"}],"curies":[{"name":"wp","href":"https:\/\/api.w.org\/{rel}","templated":true}]}}