{"id":20244,"date":"2022-03-07T13:39:34","date_gmt":"2022-03-07T13:39:34","guid":{"rendered":"https:\/\/www.mobileurinal.eu\/product\/valvula-de-bola-de-2\/"},"modified":"2022-06-09T12:46:23","modified_gmt":"2022-06-09T12:46:23","slug":"valvula-de-bola","status":"publish","type":"product","link":"https:\/\/atlastoilets.com\/es\/producto\/valvula-de-bola\/","title":{"rendered":"V\u00e1lvula de bola de 2&#8243;"},"content":{"rendered":"<p><span id=\"result_box\" class=\"\" lang=\"es\"><span class=\"hps\"><span class=\"VIiyi\" lang=\"es\"><span class=\"JLqJ4b ChMk0b\" data-language-for-alternatives=\"es\" data-language-to-translate-into=\"en\" data-phrase-index=\"0\" data-number-of-phrases=\"3\"><span class=\"Q4iAWc\">V\u00e1lvula de bola de 2&#8243; para cami\u00f3n de servicio de ba\u00f1os port\u00e1tiles y cami\u00f3n bomba de aguas residuales.<\/span><\/span><br \/>\n<span class=\"JLqJ4b ChMk0b\" data-language-for-alternatives=\"es\" data-language-to-translate-into=\"en\" data-phrase-index=\"2\" data-number-of-phrases=\"3\"><span class=\"Q4iAWc\">La v\u00e1lvula est\u00e1 conectada a la manguera hi-vac que se usa para vaciar el tanque de desechos o la alcantarilla.<\/span><\/span><\/span><br \/>\n<\/span><\/span><\/p>\n","protected":false},"excerpt":{"rendered":"<p><span id=\"result_box\" class=\"\" lang=\"es\"><span class=\"hps\">V\u00e1lvula de bola<\/span> <span class=\"hps atn\">de 2&#8243; con una curva de 90 grados\u00a0<\/span><span class=\"hps\">para un cami\u00f3n<\/span> <span class=\"hps\">servicio de ba\u00f1os port\u00e1tiles<\/span><\/span><\/p>\n","protected":false},"featured_media":34434,"template":"","meta":[],"product_brand":[],"product_cat":[900],"product_tag":[631,632,633,634,635],"class_list":{"0":"post-20244","1":"product","2":"type-product","3":"status-publish","4":"has-post-thumbnail","6":"product_cat-repuestos-de-camiones-de-servicio","7":"product_tag-6-tornillos","8":"product_tag-aguas-residuales","9":"product_tag-bomba","10":"product_tag-camion","11":"product_tag-valvula-de-bola","13":"first","14":"instock","15":"taxable","16":"shipping-taxable","17":"purchasable","18":"product-type-simple"},"yoast_head":"<!-- This site is optimized with the Yoast SEO plugin v27.5 - https:\/\/yoast.com\/product\/yoast-seo-wordpress\/ -->\n<title>V\u00e1lvula de bola para cami\u00f3n de servicio de ba\u00f1os port\u00e1tiles<\/title>\n<meta name=\"description\" content=\"V\u00e1lvula de bola para cami\u00f3n de servicio de ba\u00f1os port\u00e1tiles y cami\u00f3n bomba de aguas residuales.La v\u00e1lvula est\u00e1 conectada a la manguera hi-vac\" \/>\n<meta name=\"robots\" content=\"index, follow, max-snippet:-1, max-image-preview:large, max-video-preview:-1\" \/>\n<link rel=\"canonical\" href=\"https:\/\/atlastoilets.com\/es\/producto\/valvula-de-bola\/\" \/>\n<meta property=\"og:locale\" content=\"es_ES\" \/>\n<meta property=\"og:type\" content=\"article\" \/>\n<meta property=\"og:title\" content=\"V\u00e1lvula de bola para cami\u00f3n de servicio de ba\u00f1os port\u00e1tiles\" \/>\n<meta property=\"og:description\" content=\"V\u00e1lvula de bola para cami\u00f3n de servicio de ba\u00f1os port\u00e1tiles y cami\u00f3n bomba de aguas residuales.La v\u00e1lvula est\u00e1 conectada a la manguera hi-vac\" \/>\n<meta property=\"og:url\" content=\"https:\/\/atlastoilets.com\/es\/producto\/valvula-de-bola\/\" \/>\n<meta property=\"og:site_name\" content=\"Atlas Sanitation Products\" \/>\n<meta property=\"article:modified_time\" content=\"2022-06-09T12:46:23+00:00\" \/>\n<meta property=\"og:image\" content=\"https:\/\/atlastoilets.com\/wp-content\/uploads\/2022\/03\/hand-pump.jpg\" \/>\n\t<meta property=\"og:image:width\" content=\"1000\" \/>\n\t<meta property=\"og:image:height\" content=\"1000\" \/>\n\t<meta property=\"og:image:type\" content=\"image\/jpeg\" \/>\n<meta name=\"twitter:card\" content=\"summary_large_image\" \/>\n<script type=\"application\/ld+json\" class=\"yoast-schema-graph\">{\"@context\":\"https:\\\/\\\/schema.org\",\"@graph\":[{\"@type\":[\"WebPage\",\"ItemPage\"],\"@id\":\"https:\\\/\\\/atlastoilets.com\\\/es\\\/producto\\\/valvula-de-bola\\\/\",\"url\":\"https:\\\/\\\/atlastoilets.com\\\/es\\\/producto\\\/valvula-de-bola\\\/\",\"name\":\"V\u00e1lvula de bola para cami\u00f3n de servicio de ba\u00f1os port\u00e1tiles\",\"isPartOf\":{\"@id\":\"https:\\\/\\\/atlastoilets.com\\\/#website\"},\"primaryImageOfPage\":{\"@id\":\"https:\\\/\\\/atlastoilets.com\\\/es\\\/producto\\\/valvula-de-bola\\\/#primaryimage\"},\"image\":{\"@id\":\"https:\\\/\\\/atlastoilets.com\\\/es\\\/producto\\\/valvula-de-bola\\\/#primaryimage\"},\"thumbnailUrl\":\"https:\\\/\\\/atlastoilets.com\\\/wp-content\\\/uploads\\\/2022\\\/03\\\/kogelkraan-gele-hendel-linker-voorzijde.jpg\",\"datePublished\":\"2022-03-07T13:39:34+00:00\",\"dateModified\":\"2022-06-09T12:46:23+00:00\",\"description\":\"V\u00e1lvula de bola para cami\u00f3n de servicio de ba\u00f1os port\u00e1tiles y cami\u00f3n bomba de aguas residuales.La v\u00e1lvula est\u00e1 conectada a la manguera hi-vac\",\"breadcrumb\":{\"@id\":\"https:\\\/\\\/atlastoilets.com\\\/es\\\/producto\\\/valvula-de-bola\\\/#breadcrumb\"},\"inLanguage\":\"es\",\"potentialAction\":[{\"@type\":\"ReadAction\",\"target\":[\"https:\\\/\\\/atlastoilets.com\\\/es\\\/producto\\\/valvula-de-bola\\\/\"]}]},{\"@type\":\"ImageObject\",\"inLanguage\":\"es\",\"@id\":\"https:\\\/\\\/atlastoilets.com\\\/es\\\/producto\\\/valvula-de-bola\\\/#primaryimage\",\"url\":\"https:\\\/\\\/atlastoilets.com\\\/wp-content\\\/uploads\\\/2022\\\/03\\\/kogelkraan-gele-hendel-linker-voorzijde.jpg\",\"contentUrl\":\"https:\\\/\\\/atlastoilets.com\\\/wp-content\\\/uploads\\\/2022\\\/03\\\/kogelkraan-gele-hendel-linker-voorzijde.jpg\",\"width\":1000,\"height\":1000},{\"@type\":\"BreadcrumbList\",\"@id\":\"https:\\\/\\\/atlastoilets.com\\\/es\\\/producto\\\/valvula-de-bola\\\/#breadcrumb\",\"itemListElement\":[{\"@type\":\"ListItem\",\"position\":1,\"name\":\"Home\",\"item\":\"https:\\\/\\\/atlastoilets.com\\\/es\\\/\"},{\"@type\":\"ListItem\",\"position\":2,\"name\":\"Tienda\",\"item\":\"https:\\\/\\\/atlastoilets.com\\\/es\\\/tienda\\\/\"},{\"@type\":\"ListItem\",\"position\":3,\"name\":\"V\u00e1lvula de bola de 2&#8243;\"}]},{\"@type\":\"WebSite\",\"@id\":\"https:\\\/\\\/atlastoilets.com\\\/#website\",\"url\":\"https:\\\/\\\/atlastoilets.com\\\/\",\"name\":\"Atlas Sanitation Products\",\"description\":\"Total supplier for toilet rental companies\",\"potentialAction\":[{\"@type\":\"SearchAction\",\"target\":{\"@type\":\"EntryPoint\",\"urlTemplate\":\"https:\\\/\\\/atlastoilets.com\\\/?s={search_term_string}\"},\"query-input\":{\"@type\":\"PropertyValueSpecification\",\"valueRequired\":true,\"valueName\":\"search_term_string\"}}],\"inLanguage\":\"es\"}]}<\/script>\n<!-- \/ Yoast SEO plugin. -->","yoast_head_json":{"title":"V\u00e1lvula de bola para cami\u00f3n de servicio de ba\u00f1os port\u00e1tiles","description":"V\u00e1lvula de bola para cami\u00f3n de servicio de ba\u00f1os port\u00e1tiles y cami\u00f3n bomba de aguas residuales.La v\u00e1lvula est\u00e1 conectada a la manguera hi-vac","robots":{"index":"index","follow":"follow","max-snippet":"max-snippet:-1","max-image-preview":"max-image-preview:large","max-video-preview":"max-video-preview:-1"},"canonical":"https:\/\/atlastoilets.com\/es\/producto\/valvula-de-bola\/","og_locale":"es_ES","og_type":"article","og_title":"V\u00e1lvula de bola para cami\u00f3n de servicio de ba\u00f1os port\u00e1tiles","og_description":"V\u00e1lvula de bola para cami\u00f3n de servicio de ba\u00f1os port\u00e1tiles y cami\u00f3n bomba de aguas residuales.La v\u00e1lvula est\u00e1 conectada a la manguera hi-vac","og_url":"https:\/\/atlastoilets.com\/es\/producto\/valvula-de-bola\/","og_site_name":"Atlas Sanitation Products","article_modified_time":"2022-06-09T12:46:23+00:00","og_image":[{"width":1000,"height":1000,"url":"https:\/\/atlastoilets.com\/wp-content\/uploads\/2022\/03\/hand-pump.jpg","type":"image\/jpeg"}],"twitter_card":"summary_large_image","schema":{"@context":"https:\/\/schema.org","@graph":[{"@type":["WebPage","ItemPage"],"@id":"https:\/\/atlastoilets.com\/es\/producto\/valvula-de-bola\/","url":"https:\/\/atlastoilets.com\/es\/producto\/valvula-de-bola\/","name":"V\u00e1lvula de bola para cami\u00f3n de servicio de ba\u00f1os port\u00e1tiles","isPartOf":{"@id":"https:\/\/atlastoilets.com\/#website"},"primaryImageOfPage":{"@id":"https:\/\/atlastoilets.com\/es\/producto\/valvula-de-bola\/#primaryimage"},"image":{"@id":"https:\/\/atlastoilets.com\/es\/producto\/valvula-de-bola\/#primaryimage"},"thumbnailUrl":"https:\/\/atlastoilets.com\/wp-content\/uploads\/2022\/03\/kogelkraan-gele-hendel-linker-voorzijde.jpg","datePublished":"2022-03-07T13:39:34+00:00","dateModified":"2022-06-09T12:46:23+00:00","description":"V\u00e1lvula de bola para cami\u00f3n de servicio de ba\u00f1os port\u00e1tiles y cami\u00f3n bomba de aguas residuales.La v\u00e1lvula est\u00e1 conectada a la manguera hi-vac","breadcrumb":{"@id":"https:\/\/atlastoilets.com\/es\/producto\/valvula-de-bola\/#breadcrumb"},"inLanguage":"es","potentialAction":[{"@type":"ReadAction","target":["https:\/\/atlastoilets.com\/es\/producto\/valvula-de-bola\/"]}]},{"@type":"ImageObject","inLanguage":"es","@id":"https:\/\/atlastoilets.com\/es\/producto\/valvula-de-bola\/#primaryimage","url":"https:\/\/atlastoilets.com\/wp-content\/uploads\/2022\/03\/kogelkraan-gele-hendel-linker-voorzijde.jpg","contentUrl":"https:\/\/atlastoilets.com\/wp-content\/uploads\/2022\/03\/kogelkraan-gele-hendel-linker-voorzijde.jpg","width":1000,"height":1000},{"@type":"BreadcrumbList","@id":"https:\/\/atlastoilets.com\/es\/producto\/valvula-de-bola\/#breadcrumb","itemListElement":[{"@type":"ListItem","position":1,"name":"Home","item":"https:\/\/atlastoilets.com\/es\/"},{"@type":"ListItem","position":2,"name":"Tienda","item":"https:\/\/atlastoilets.com\/es\/tienda\/"},{"@type":"ListItem","position":3,"name":"V\u00e1lvula de bola de 2&#8243;"}]},{"@type":"WebSite","@id":"https:\/\/atlastoilets.com\/#website","url":"https:\/\/atlastoilets.com\/","name":"Atlas Sanitation Products","description":"Total supplier for toilet rental companies","potentialAction":[{"@type":"SearchAction","target":{"@type":"EntryPoint","urlTemplate":"https:\/\/atlastoilets.com\/?s={search_term_string}"},"query-input":{"@type":"PropertyValueSpecification","valueRequired":true,"valueName":"search_term_string"}}],"inLanguage":"es"}]}},"_links":{"self":[{"href":"https:\/\/atlastoilets.com\/es\/wp-json\/wp\/v2\/product\/20244","targetHints":{"allow":["GET"]}}],"collection":[{"href":"https:\/\/atlastoilets.com\/es\/wp-json\/wp\/v2\/product"}],"about":[{"href":"https:\/\/atlastoilets.com\/es\/wp-json\/wp\/v2\/types\/product"}],"wp:featuredmedia":[{"embeddable":true,"href":"https:\/\/atlastoilets.com\/es\/wp-json\/wp\/v2\/media\/34434"}],"wp:attachment":[{"href":"https:\/\/atlastoilets.com\/es\/wp-json\/wp\/v2\/media?parent=20244"}],"wp:term":[{"taxonomy":"product_brand","embeddable":true,"href":"https:\/\/atlastoilets.com\/es\/wp-json\/wp\/v2\/product_brand?post=20244"},{"taxonomy":"product_cat","embeddable":true,"href":"https:\/\/atlastoilets.com\/es\/wp-json\/wp\/v2\/product_cat?post=20244"},{"taxonomy":"product_tag","embeddable":true,"href":"https:\/\/atlastoilets.com\/es\/wp-json\/wp\/v2\/product_tag?post=20244"}],"curies":[{"name":"wp","href":"https:\/\/api.w.org\/{rel}","templated":true}]}}