{"id":20237,"date":"2022-03-07T13:39:34","date_gmt":"2022-03-07T13:39:34","guid":{"rendered":"https:\/\/www.mobileurinal.eu\/product\/doble-estacion-autonomo-de-lavamanos-tag-along-de-polyportables\/"},"modified":"2023-12-11T11:19:38","modified_gmt":"2023-12-11T11:19:38","slug":"doble-estacion-autonomo-de-lavamanos-tag-along-de-polyportables","status":"publish","type":"product","link":"https:\/\/atlastoilets.com\/es\/producto\/doble-estacion-autonomo-de-lavamanos-tag-along-de-polyportables\/","title":{"rendered":"Estaci\u00f3n aut\u00f3nomo de lavamanos Tag Along de PolyPortables"},"content":{"rendered":"<p>Doble estaci\u00f3n de lavamanos aut\u00f3nomo Tag\u00a0Along de PolyPortables<\/p>\n<p>El Tag\u00a0along es una estaci\u00f3n de lavamanos aut\u00f3nomo para 2 personas.<br \/>\nMediante el uso de las estaciones de lavamanos, los organizadores de eventos fomentan la higiene entre sus hu\u00e9spedes.<br \/>\nEsta estaci\u00f3n de lavamano est\u00e1 equipada con dos dispensadores de jab\u00f3n.<\/p>\n<p>Presupuesto:<\/p>\n<p>Altura: 1.240 mm<br \/>\nAncho: 430 mm<br \/>\nProfundidad: 710 mm<br \/>\nPeso: 32 kg<br \/>\nCapacidad de agua dulce: 91 litros<br \/>\nCapacidad de agua residuos: 91 litros<br \/>\nDisponible en: Gris<\/p>\n","protected":false},"excerpt":{"rendered":"<p>Doble estaci\u00f3n de lavamanos aut\u00f3nomo Tag\u00a0Along de PolyPortables<\/p>\n<p>El Tag\u00a0along es una estaci\u00f3n de lavamanos aut\u00f3nomo para 2 personas.<br \/>\nMediante el uso de las estaciones de lavamanos, los organizadores de eventos fomentan la higiene entre sus hu\u00e9spedes.<br \/>\nEsta estaci\u00f3n de lavamano est\u00e1 equipada con dos dispensadores de jab\u00f3n.<\/p>\n","protected":false},"featured_media":26681,"template":"","meta":[],"product_brand":[],"product_cat":[858,888],"product_tag":[618,619,612],"class_list":{"0":"post-20237","1":"product","2":"type-product","3":"status-publish","4":"has-post-thumbnail","6":"product_cat-lavamanos","7":"product_cat-lavamanos-independientes","8":"product_tag-doble","9":"product_tag-estacion","10":"product_tag-lavamanos","12":"first","13":"outofstock","14":"taxable","15":"shipping-taxable","16":"product-type-simple"},"yoast_head":"<!-- This site is optimized with the Yoast SEO plugin v27.4 - https:\/\/yoast.com\/product\/yoast-seo-wordpress\/ -->\n<title>Estaci\u00f3n aut\u00f3nomo de lavamanos Tag Along de PolyPortables<\/title>\n<meta name=\"robots\" content=\"index, follow, max-snippet:-1, max-image-preview:large, max-video-preview:-1\" \/>\n<link rel=\"canonical\" href=\"https:\/\/atlastoilets.com\/es\/producto\/doble-estacion-autonomo-de-lavamanos-tag-along-de-polyportables\/\" \/>\n<meta property=\"og:locale\" content=\"es_ES\" \/>\n<meta property=\"og:type\" content=\"article\" \/>\n<meta property=\"og:title\" content=\"Estaci\u00f3n aut\u00f3nomo de lavamanos Tag Along de PolyPortables\" \/>\n<meta property=\"og:description\" content=\"Doble estaci\u00f3n de lavamanos aut\u00f3nomo Tag\u00a0Along de PolyPortables  El Tag\u00a0along es una estaci\u00f3n de lavamanos aut\u00f3nomo para 2 personas. Mediante el uso de las estaciones de lavamanos, los organizadores de eventos fomentan la higiene entre sus hu\u00e9spedes. Esta estaci\u00f3n de lavamano est\u00e1 equipada con dos dispensadores de jab\u00f3n.\" \/>\n<meta property=\"og:url\" content=\"https:\/\/atlastoilets.com\/es\/producto\/doble-estacion-autonomo-de-lavamanos-tag-along-de-polyportables\/\" \/>\n<meta property=\"og:site_name\" content=\"Atlas Sanitation Products\" \/>\n<meta property=\"article:modified_time\" content=\"2023-12-11T11:19:38+00:00\" \/>\n<meta property=\"og:image\" content=\"https:\/\/atlastoilets.com\/wp-content\/uploads\/2022\/03\/PolyPortables-Tag-Along.jpg\" \/>\n\t<meta property=\"og:image:width\" content=\"1000\" \/>\n\t<meta property=\"og:image:height\" content=\"1000\" \/>\n\t<meta property=\"og:image:type\" content=\"image\/jpeg\" \/>\n<meta name=\"twitter:card\" content=\"summary_large_image\" \/>\n<meta name=\"twitter:label1\" content=\"Tiempo de lectura\" \/>\n\t<meta name=\"twitter:data1\" content=\"1 minuto\" \/>\n<script type=\"application\/ld+json\" class=\"yoast-schema-graph\">{\"@context\":\"https:\\\/\\\/schema.org\",\"@graph\":[{\"@type\":[\"WebPage\",\"ItemPage\"],\"@id\":\"https:\\\/\\\/atlastoilets.com\\\/es\\\/producto\\\/doble-estacion-autonomo-de-lavamanos-tag-along-de-polyportables\\\/\",\"url\":\"https:\\\/\\\/atlastoilets.com\\\/es\\\/producto\\\/doble-estacion-autonomo-de-lavamanos-tag-along-de-polyportables\\\/\",\"name\":\"Estaci\u00f3n aut\u00f3nomo de lavamanos Tag Along de PolyPortables\",\"isPartOf\":{\"@id\":\"https:\\\/\\\/atlastoilets.com\\\/#website\"},\"primaryImageOfPage\":{\"@id\":\"https:\\\/\\\/atlastoilets.com\\\/es\\\/producto\\\/doble-estacion-autonomo-de-lavamanos-tag-along-de-polyportables\\\/#primaryimage\"},\"image\":{\"@id\":\"https:\\\/\\\/atlastoilets.com\\\/es\\\/producto\\\/doble-estacion-autonomo-de-lavamanos-tag-along-de-polyportables\\\/#primaryimage\"},\"thumbnailUrl\":\"https:\\\/\\\/atlastoilets.com\\\/wp-content\\\/uploads\\\/2022\\\/03\\\/PolyPortables-Tag-Along.jpg\",\"datePublished\":\"2022-03-07T13:39:34+00:00\",\"dateModified\":\"2023-12-11T11:19:38+00:00\",\"breadcrumb\":{\"@id\":\"https:\\\/\\\/atlastoilets.com\\\/es\\\/producto\\\/doble-estacion-autonomo-de-lavamanos-tag-along-de-polyportables\\\/#breadcrumb\"},\"inLanguage\":\"es\",\"potentialAction\":[{\"@type\":\"ReadAction\",\"target\":[\"https:\\\/\\\/atlastoilets.com\\\/es\\\/producto\\\/doble-estacion-autonomo-de-lavamanos-tag-along-de-polyportables\\\/\"]}]},{\"@type\":\"ImageObject\",\"inLanguage\":\"es\",\"@id\":\"https:\\\/\\\/atlastoilets.com\\\/es\\\/producto\\\/doble-estacion-autonomo-de-lavamanos-tag-along-de-polyportables\\\/#primaryimage\",\"url\":\"https:\\\/\\\/atlastoilets.com\\\/wp-content\\\/uploads\\\/2022\\\/03\\\/PolyPortables-Tag-Along.jpg\",\"contentUrl\":\"https:\\\/\\\/atlastoilets.com\\\/wp-content\\\/uploads\\\/2022\\\/03\\\/PolyPortables-Tag-Along.jpg\",\"width\":1000,\"height\":1000,\"caption\":\"Goma para bomba de pie Whale\"},{\"@type\":\"BreadcrumbList\",\"@id\":\"https:\\\/\\\/atlastoilets.com\\\/es\\\/producto\\\/doble-estacion-autonomo-de-lavamanos-tag-along-de-polyportables\\\/#breadcrumb\",\"itemListElement\":[{\"@type\":\"ListItem\",\"position\":1,\"name\":\"Home\",\"item\":\"https:\\\/\\\/atlastoilets.com\\\/es\\\/\"},{\"@type\":\"ListItem\",\"position\":2,\"name\":\"Tienda\",\"item\":\"https:\\\/\\\/atlastoilets.com\\\/es\\\/tienda\\\/\"},{\"@type\":\"ListItem\",\"position\":3,\"name\":\"Estaci\u00f3n aut\u00f3nomo de lavamanos Tag Along de PolyPortables\"}]},{\"@type\":\"WebSite\",\"@id\":\"https:\\\/\\\/atlastoilets.com\\\/#website\",\"url\":\"https:\\\/\\\/atlastoilets.com\\\/\",\"name\":\"Atlas Sanitation Products\",\"description\":\"Total supplier for toilet rental companies\",\"potentialAction\":[{\"@type\":\"SearchAction\",\"target\":{\"@type\":\"EntryPoint\",\"urlTemplate\":\"https:\\\/\\\/atlastoilets.com\\\/?s={search_term_string}\"},\"query-input\":{\"@type\":\"PropertyValueSpecification\",\"valueRequired\":true,\"valueName\":\"search_term_string\"}}],\"inLanguage\":\"es\"}]}<\/script>\n<!-- \/ Yoast SEO plugin. -->","yoast_head_json":{"title":"Estaci\u00f3n aut\u00f3nomo de lavamanos Tag Along de PolyPortables","robots":{"index":"index","follow":"follow","max-snippet":"max-snippet:-1","max-image-preview":"max-image-preview:large","max-video-preview":"max-video-preview:-1"},"canonical":"https:\/\/atlastoilets.com\/es\/producto\/doble-estacion-autonomo-de-lavamanos-tag-along-de-polyportables\/","og_locale":"es_ES","og_type":"article","og_title":"Estaci\u00f3n aut\u00f3nomo de lavamanos Tag Along de PolyPortables","og_description":"Doble estaci\u00f3n de lavamanos aut\u00f3nomo Tag\u00a0Along de PolyPortables  El Tag\u00a0along es una estaci\u00f3n de lavamanos aut\u00f3nomo para 2 personas. Mediante el uso de las estaciones de lavamanos, los organizadores de eventos fomentan la higiene entre sus hu\u00e9spedes. Esta estaci\u00f3n de lavamano est\u00e1 equipada con dos dispensadores de jab\u00f3n.","og_url":"https:\/\/atlastoilets.com\/es\/producto\/doble-estacion-autonomo-de-lavamanos-tag-along-de-polyportables\/","og_site_name":"Atlas Sanitation Products","article_modified_time":"2023-12-11T11:19:38+00:00","og_image":[{"width":1000,"height":1000,"url":"https:\/\/atlastoilets.com\/wp-content\/uploads\/2022\/03\/PolyPortables-Tag-Along.jpg","type":"image\/jpeg"}],"twitter_card":"summary_large_image","twitter_misc":{"Tiempo de lectura":"1 minuto"},"schema":{"@context":"https:\/\/schema.org","@graph":[{"@type":["WebPage","ItemPage"],"@id":"https:\/\/atlastoilets.com\/es\/producto\/doble-estacion-autonomo-de-lavamanos-tag-along-de-polyportables\/","url":"https:\/\/atlastoilets.com\/es\/producto\/doble-estacion-autonomo-de-lavamanos-tag-along-de-polyportables\/","name":"Estaci\u00f3n aut\u00f3nomo de lavamanos Tag Along de PolyPortables","isPartOf":{"@id":"https:\/\/atlastoilets.com\/#website"},"primaryImageOfPage":{"@id":"https:\/\/atlastoilets.com\/es\/producto\/doble-estacion-autonomo-de-lavamanos-tag-along-de-polyportables\/#primaryimage"},"image":{"@id":"https:\/\/atlastoilets.com\/es\/producto\/doble-estacion-autonomo-de-lavamanos-tag-along-de-polyportables\/#primaryimage"},"thumbnailUrl":"https:\/\/atlastoilets.com\/wp-content\/uploads\/2022\/03\/PolyPortables-Tag-Along.jpg","datePublished":"2022-03-07T13:39:34+00:00","dateModified":"2023-12-11T11:19:38+00:00","breadcrumb":{"@id":"https:\/\/atlastoilets.com\/es\/producto\/doble-estacion-autonomo-de-lavamanos-tag-along-de-polyportables\/#breadcrumb"},"inLanguage":"es","potentialAction":[{"@type":"ReadAction","target":["https:\/\/atlastoilets.com\/es\/producto\/doble-estacion-autonomo-de-lavamanos-tag-along-de-polyportables\/"]}]},{"@type":"ImageObject","inLanguage":"es","@id":"https:\/\/atlastoilets.com\/es\/producto\/doble-estacion-autonomo-de-lavamanos-tag-along-de-polyportables\/#primaryimage","url":"https:\/\/atlastoilets.com\/wp-content\/uploads\/2022\/03\/PolyPortables-Tag-Along.jpg","contentUrl":"https:\/\/atlastoilets.com\/wp-content\/uploads\/2022\/03\/PolyPortables-Tag-Along.jpg","width":1000,"height":1000,"caption":"Goma para bomba de pie Whale"},{"@type":"BreadcrumbList","@id":"https:\/\/atlastoilets.com\/es\/producto\/doble-estacion-autonomo-de-lavamanos-tag-along-de-polyportables\/#breadcrumb","itemListElement":[{"@type":"ListItem","position":1,"name":"Home","item":"https:\/\/atlastoilets.com\/es\/"},{"@type":"ListItem","position":2,"name":"Tienda","item":"https:\/\/atlastoilets.com\/es\/tienda\/"},{"@type":"ListItem","position":3,"name":"Estaci\u00f3n aut\u00f3nomo de lavamanos Tag Along de PolyPortables"}]},{"@type":"WebSite","@id":"https:\/\/atlastoilets.com\/#website","url":"https:\/\/atlastoilets.com\/","name":"Atlas Sanitation Products","description":"Total supplier for toilet rental companies","potentialAction":[{"@type":"SearchAction","target":{"@type":"EntryPoint","urlTemplate":"https:\/\/atlastoilets.com\/?s={search_term_string}"},"query-input":{"@type":"PropertyValueSpecification","valueRequired":true,"valueName":"search_term_string"}}],"inLanguage":"es"}]}},"_links":{"self":[{"href":"https:\/\/atlastoilets.com\/es\/wp-json\/wp\/v2\/product\/20237","targetHints":{"allow":["GET"]}}],"collection":[{"href":"https:\/\/atlastoilets.com\/es\/wp-json\/wp\/v2\/product"}],"about":[{"href":"https:\/\/atlastoilets.com\/es\/wp-json\/wp\/v2\/types\/product"}],"wp:featuredmedia":[{"embeddable":true,"href":"https:\/\/atlastoilets.com\/es\/wp-json\/wp\/v2\/media\/26681"}],"wp:attachment":[{"href":"https:\/\/atlastoilets.com\/es\/wp-json\/wp\/v2\/media?parent=20237"}],"wp:term":[{"taxonomy":"product_brand","embeddable":true,"href":"https:\/\/atlastoilets.com\/es\/wp-json\/wp\/v2\/product_brand?post=20237"},{"taxonomy":"product_cat","embeddable":true,"href":"https:\/\/atlastoilets.com\/es\/wp-json\/wp\/v2\/product_cat?post=20237"},{"taxonomy":"product_tag","embeddable":true,"href":"https:\/\/atlastoilets.com\/es\/wp-json\/wp\/v2\/product_tag?post=20237"}],"curies":[{"name":"wp","href":"https:\/\/api.w.org\/{rel}","templated":true}]}}