{"id":20235,"date":"2022-03-07T13:40:04","date_gmt":"2022-03-07T13:40:04","guid":{"rendered":"https:\/\/www.mobileurinal.eu\/product\/five-peaks-techo-reemplazo\/"},"modified":"2022-06-08T14:07:05","modified_gmt":"2022-06-08T14:07:05","slug":"base-de-banos-five-peaks","status":"publish","type":"product","link":"https:\/\/atlastoilets.com\/es\/producto\/base-de-banos-five-peaks\/","title":{"rendered":"Base del ba\u00f1os Five Peaks"},"content":{"rendered":"<p>Base de ba\u00f1os port\u00e1tiles Five Peaks.<br \/>\nBase de repuesto original para los ba\u00f1os port\u00e1tiles Five Peaks Glacier, Aspen y K2.<\/p>\n","protected":false},"excerpt":{"rendered":"<p>Base de ba\u00f1os port\u00e1tiles Five Peaks, \u00a0Glacier, Aspen y K2<\/p>\n","protected":false},"featured_media":20577,"template":"","meta":[],"product_brand":[],"product_cat":[917],"product_tag":[1167,1023,1168,1169,615],"class_list":{"0":"post-20235","1":"product","2":"type-product","3":"status-publish","4":"has-post-thumbnail","6":"product_cat-repuestos-de-five-peaks","7":"product_tag-aspen-es","8":"product_tag-five-peaks-es","9":"product_tag-glacier-es","10":"product_tag-k2-es","11":"product_tag-urinario-portatil","13":"first","14":"instock","15":"taxable","16":"shipping-taxable","17":"purchasable","18":"product-type-simple"},"yoast_head":"<!-- This site is optimized with the Yoast SEO plugin v27.5 - https:\/\/yoast.com\/product\/yoast-seo-wordpress\/ -->\n<title>Base de ba\u00f1os port\u00e1tiles Five Peaks<\/title>\n<meta name=\"description\" content=\"Base de ba\u00f1os port\u00e1tiles Five Peaks. Base de repuesto original para los ba\u00f1os port\u00e1tiles Five Peaks Glacier, Aspen y K2.\" \/>\n<meta name=\"robots\" content=\"index, follow, max-snippet:-1, max-image-preview:large, max-video-preview:-1\" \/>\n<link rel=\"canonical\" href=\"https:\/\/atlastoilets.com\/es\/producto\/base-de-banos-five-peaks\/\" \/>\n<meta property=\"og:locale\" content=\"es_ES\" \/>\n<meta property=\"og:type\" content=\"article\" \/>\n<meta property=\"og:title\" content=\"Base de ba\u00f1os port\u00e1tiles Five Peaks\" \/>\n<meta property=\"og:description\" content=\"Base de ba\u00f1os port\u00e1tiles Five Peaks. Base de repuesto original para los ba\u00f1os port\u00e1tiles Five Peaks Glacier, Aspen y K2.\" \/>\n<meta property=\"og:url\" content=\"https:\/\/atlastoilets.com\/es\/producto\/base-de-banos-five-peaks\/\" \/>\n<meta property=\"og:site_name\" content=\"Atlas Sanitation Products\" \/>\n<meta property=\"article:modified_time\" content=\"2022-06-08T14:07:05+00:00\" \/>\n<meta property=\"og:image\" content=\"https:\/\/atlastoilets.com\/wp-content\/uploads\/2022\/03\/Portable-toilet-base-Five-Peaks.jpg\" \/>\n\t<meta property=\"og:image:width\" content=\"1000\" \/>\n\t<meta property=\"og:image:height\" content=\"1000\" \/>\n\t<meta property=\"og:image:type\" content=\"image\/jpeg\" \/>\n<meta name=\"twitter:card\" content=\"summary_large_image\" \/>\n<meta name=\"twitter:label1\" content=\"Tiempo de lectura\" \/>\n\t<meta name=\"twitter:data1\" content=\"1 minuto\" \/>\n<script type=\"application\/ld+json\" class=\"yoast-schema-graph\">{\"@context\":\"https:\\\/\\\/schema.org\",\"@graph\":[{\"@type\":[\"WebPage\",\"ItemPage\"],\"@id\":\"https:\\\/\\\/atlastoilets.com\\\/es\\\/producto\\\/base-de-banos-five-peaks\\\/\",\"url\":\"https:\\\/\\\/atlastoilets.com\\\/es\\\/producto\\\/base-de-banos-five-peaks\\\/\",\"name\":\"Base de ba\u00f1os port\u00e1tiles Five Peaks\",\"isPartOf\":{\"@id\":\"https:\\\/\\\/atlastoilets.com\\\/#website\"},\"primaryImageOfPage\":{\"@id\":\"https:\\\/\\\/atlastoilets.com\\\/es\\\/producto\\\/base-de-banos-five-peaks\\\/#primaryimage\"},\"image\":{\"@id\":\"https:\\\/\\\/atlastoilets.com\\\/es\\\/producto\\\/base-de-banos-five-peaks\\\/#primaryimage\"},\"thumbnailUrl\":\"https:\\\/\\\/atlastoilets.com\\\/wp-content\\\/uploads\\\/2022\\\/03\\\/Portable-toilet-base-Five-Peaks.jpg\",\"datePublished\":\"2022-03-07T13:40:04+00:00\",\"dateModified\":\"2022-06-08T14:07:05+00:00\",\"description\":\"Base de ba\u00f1os port\u00e1tiles Five Peaks. Base de repuesto original para los ba\u00f1os port\u00e1tiles Five Peaks Glacier, Aspen y K2.\",\"breadcrumb\":{\"@id\":\"https:\\\/\\\/atlastoilets.com\\\/es\\\/producto\\\/base-de-banos-five-peaks\\\/#breadcrumb\"},\"inLanguage\":\"es\",\"potentialAction\":[{\"@type\":\"ReadAction\",\"target\":[\"https:\\\/\\\/atlastoilets.com\\\/es\\\/producto\\\/base-de-banos-five-peaks\\\/\"]}]},{\"@type\":\"ImageObject\",\"inLanguage\":\"es\",\"@id\":\"https:\\\/\\\/atlastoilets.com\\\/es\\\/producto\\\/base-de-banos-five-peaks\\\/#primaryimage\",\"url\":\"https:\\\/\\\/atlastoilets.com\\\/wp-content\\\/uploads\\\/2022\\\/03\\\/Portable-toilet-base-Five-Peaks.jpg\",\"contentUrl\":\"https:\\\/\\\/atlastoilets.com\\\/wp-content\\\/uploads\\\/2022\\\/03\\\/Portable-toilet-base-Five-Peaks.jpg\",\"width\":1000,\"height\":1000,\"caption\":\"Base de ba\u00f1os port\u00e1tiles Five Peaks.\"},{\"@type\":\"BreadcrumbList\",\"@id\":\"https:\\\/\\\/atlastoilets.com\\\/es\\\/producto\\\/base-de-banos-five-peaks\\\/#breadcrumb\",\"itemListElement\":[{\"@type\":\"ListItem\",\"position\":1,\"name\":\"Home\",\"item\":\"https:\\\/\\\/atlastoilets.com\\\/es\\\/\"},{\"@type\":\"ListItem\",\"position\":2,\"name\":\"Tienda\",\"item\":\"https:\\\/\\\/atlastoilets.com\\\/es\\\/tienda\\\/\"},{\"@type\":\"ListItem\",\"position\":3,\"name\":\"Base del ba\u00f1os Five Peaks\"}]},{\"@type\":\"WebSite\",\"@id\":\"https:\\\/\\\/atlastoilets.com\\\/#website\",\"url\":\"https:\\\/\\\/atlastoilets.com\\\/\",\"name\":\"Atlas Sanitation Products\",\"description\":\"Total supplier for toilet rental companies\",\"potentialAction\":[{\"@type\":\"SearchAction\",\"target\":{\"@type\":\"EntryPoint\",\"urlTemplate\":\"https:\\\/\\\/atlastoilets.com\\\/?s={search_term_string}\"},\"query-input\":{\"@type\":\"PropertyValueSpecification\",\"valueRequired\":true,\"valueName\":\"search_term_string\"}}],\"inLanguage\":\"es\"}]}<\/script>\n<!-- \/ Yoast SEO plugin. -->","yoast_head_json":{"title":"Base de ba\u00f1os port\u00e1tiles Five Peaks","description":"Base de ba\u00f1os port\u00e1tiles Five Peaks. Base de repuesto original para los ba\u00f1os port\u00e1tiles Five Peaks Glacier, Aspen y K2.","robots":{"index":"index","follow":"follow","max-snippet":"max-snippet:-1","max-image-preview":"max-image-preview:large","max-video-preview":"max-video-preview:-1"},"canonical":"https:\/\/atlastoilets.com\/es\/producto\/base-de-banos-five-peaks\/","og_locale":"es_ES","og_type":"article","og_title":"Base de ba\u00f1os port\u00e1tiles Five Peaks","og_description":"Base de ba\u00f1os port\u00e1tiles Five Peaks. Base de repuesto original para los ba\u00f1os port\u00e1tiles Five Peaks Glacier, Aspen y K2.","og_url":"https:\/\/atlastoilets.com\/es\/producto\/base-de-banos-five-peaks\/","og_site_name":"Atlas Sanitation Products","article_modified_time":"2022-06-08T14:07:05+00:00","og_image":[{"width":1000,"height":1000,"url":"https:\/\/atlastoilets.com\/wp-content\/uploads\/2022\/03\/Portable-toilet-base-Five-Peaks.jpg","type":"image\/jpeg"}],"twitter_card":"summary_large_image","twitter_misc":{"Tiempo de lectura":"1 minuto"},"schema":{"@context":"https:\/\/schema.org","@graph":[{"@type":["WebPage","ItemPage"],"@id":"https:\/\/atlastoilets.com\/es\/producto\/base-de-banos-five-peaks\/","url":"https:\/\/atlastoilets.com\/es\/producto\/base-de-banos-five-peaks\/","name":"Base de ba\u00f1os port\u00e1tiles Five Peaks","isPartOf":{"@id":"https:\/\/atlastoilets.com\/#website"},"primaryImageOfPage":{"@id":"https:\/\/atlastoilets.com\/es\/producto\/base-de-banos-five-peaks\/#primaryimage"},"image":{"@id":"https:\/\/atlastoilets.com\/es\/producto\/base-de-banos-five-peaks\/#primaryimage"},"thumbnailUrl":"https:\/\/atlastoilets.com\/wp-content\/uploads\/2022\/03\/Portable-toilet-base-Five-Peaks.jpg","datePublished":"2022-03-07T13:40:04+00:00","dateModified":"2022-06-08T14:07:05+00:00","description":"Base de ba\u00f1os port\u00e1tiles Five Peaks. Base de repuesto original para los ba\u00f1os port\u00e1tiles Five Peaks Glacier, Aspen y K2.","breadcrumb":{"@id":"https:\/\/atlastoilets.com\/es\/producto\/base-de-banos-five-peaks\/#breadcrumb"},"inLanguage":"es","potentialAction":[{"@type":"ReadAction","target":["https:\/\/atlastoilets.com\/es\/producto\/base-de-banos-five-peaks\/"]}]},{"@type":"ImageObject","inLanguage":"es","@id":"https:\/\/atlastoilets.com\/es\/producto\/base-de-banos-five-peaks\/#primaryimage","url":"https:\/\/atlastoilets.com\/wp-content\/uploads\/2022\/03\/Portable-toilet-base-Five-Peaks.jpg","contentUrl":"https:\/\/atlastoilets.com\/wp-content\/uploads\/2022\/03\/Portable-toilet-base-Five-Peaks.jpg","width":1000,"height":1000,"caption":"Base de ba\u00f1os port\u00e1tiles Five Peaks."},{"@type":"BreadcrumbList","@id":"https:\/\/atlastoilets.com\/es\/producto\/base-de-banos-five-peaks\/#breadcrumb","itemListElement":[{"@type":"ListItem","position":1,"name":"Home","item":"https:\/\/atlastoilets.com\/es\/"},{"@type":"ListItem","position":2,"name":"Tienda","item":"https:\/\/atlastoilets.com\/es\/tienda\/"},{"@type":"ListItem","position":3,"name":"Base del ba\u00f1os Five Peaks"}]},{"@type":"WebSite","@id":"https:\/\/atlastoilets.com\/#website","url":"https:\/\/atlastoilets.com\/","name":"Atlas Sanitation Products","description":"Total supplier for toilet rental companies","potentialAction":[{"@type":"SearchAction","target":{"@type":"EntryPoint","urlTemplate":"https:\/\/atlastoilets.com\/?s={search_term_string}"},"query-input":{"@type":"PropertyValueSpecification","valueRequired":true,"valueName":"search_term_string"}}],"inLanguage":"es"}]}},"_links":{"self":[{"href":"https:\/\/atlastoilets.com\/es\/wp-json\/wp\/v2\/product\/20235","targetHints":{"allow":["GET"]}}],"collection":[{"href":"https:\/\/atlastoilets.com\/es\/wp-json\/wp\/v2\/product"}],"about":[{"href":"https:\/\/atlastoilets.com\/es\/wp-json\/wp\/v2\/types\/product"}],"wp:featuredmedia":[{"embeddable":true,"href":"https:\/\/atlastoilets.com\/es\/wp-json\/wp\/v2\/media\/20577"}],"wp:attachment":[{"href":"https:\/\/atlastoilets.com\/es\/wp-json\/wp\/v2\/media?parent=20235"}],"wp:term":[{"taxonomy":"product_brand","embeddable":true,"href":"https:\/\/atlastoilets.com\/es\/wp-json\/wp\/v2\/product_brand?post=20235"},{"taxonomy":"product_cat","embeddable":true,"href":"https:\/\/atlastoilets.com\/es\/wp-json\/wp\/v2\/product_cat?post=20235"},{"taxonomy":"product_tag","embeddable":true,"href":"https:\/\/atlastoilets.com\/es\/wp-json\/wp\/v2\/product_tag?post=20235"}],"curies":[{"name":"wp","href":"https:\/\/api.w.org\/{rel}","templated":true}]}}