{"id":31309,"date":"2023-04-17T12:33:16","date_gmt":"2023-04-17T12:33:16","guid":{"rendered":"https:\/\/atlastoilets.com\/neptune-hand-wash\/"},"modified":"2023-04-19T12:10:37","modified_gmt":"2023-04-19T12:10:37","slug":"la-estacion-de-lavado-de-manos-neptune","status":"publish","type":"page","link":"https:\/\/atlastoilets.com\/es\/la-estacion-de-lavado-de-manos-neptune\/","title":{"rendered":"Neptune"},"content":{"rendered":"<p>[vc_row][vc_column][vc_column_text]<\/p>\n<h2 style=\"text-align: center;\">Neptune: nuestra nueva estaci\u00f3n de lavado de manos con lavabo grande<\/h2>\n<p>[\/vc_column_text][vc_empty_space height=\u00bb42px\u00bb][\/vc_column][\/vc_row][vc_row content_placement=\u00bbmiddle\u00bb][vc_column width=\u00bb1\/2&#8243;][vc_single_image image=\u00bb31197&#8243; img_size=\u00bbfull\u00bb][\/vc_column][vc_column width=\u00bb1\/2&#8243;][vc_column_text]<\/p>\n<p style=\"text-align: left;\">La estaci\u00f3n de lavado de manos Neptune es una soluci\u00f3n pr\u00e1ctica para proporcionar higiene de manos en ba\u00f1os m\u00f3viles. Con un lavabo espacioso, esta unidad est\u00e1 dise\u00f1ada para adaptarse perfectamente a cualquier inodoro m\u00f3vil y se puede montar en el lado izquierdo o derecho de la unidad.<\/p>\n<p>[\/vc_column_text][\/vc_column][\/vc_row][vc_row content_placement=\u00bbmiddle\u00bb][vc_column width=\u00bb1\/3&#8243;][vc_column_text]<\/p>\n<h3><strong>Medir es saber<\/strong><\/h3>\n<p>El tanque del Neptune es de f\u00e1cil acceso para llenarlo y limpiarlo, y el agua residual se drena a trav\u00e9s de una manguera al tanque del inodoro. Esto asegura una soluci\u00f3n de lavado de manos conveniente y eficiente que minimiza el uso de agua y maximiza la higiene.<\/p>\n<p>Con una altura de 106 cm y una altura de lavabo de 95 cm, Neptune ofrece un amplio espacio para lavarse las manos y el lavabo mide 43 x 15 cm. La unidad tiene un ancho de 46 cm y una profundidad de 23 cm, lo que la convierte en una soluci\u00f3n compacta y que ahorra espacio para inodoros m\u00f3viles.<\/p>\n<p>El lavamanos Neptune tiene una capacidad de agua dulce de 36 litros y est\u00e1 disponible en los acabados Dark Grey y Granite. Tambi\u00e9n est\u00e1 disponible una opci\u00f3n de candado adicional para mayor seguridad y tranquilidad.[\/vc_column_text][\/vc_column][vc_column width=\u00bb1\/3&#8243;][vc_single_image image=\u00bb31248&#8243; img_size=\u00bbfull\u00bb][\/vc_column][vc_column width=\u00bb1\/3&#8243;][vc_single_image image=\u00bb31204&#8243; img_size=\u00bbfull\u00bb][\/vc_column][\/vc_row][vc_row content_placement=\u00bbmiddle\u00bb][vc_column width=\u00bb1\/2&#8243;][vc_single_image image=\u00bb31212&#8243; img_size=\u00bbfull\u00bb][\/vc_column][vc_column width=\u00bb1\/2&#8243;][vc_column_text]<\/p>\n<h3><strong>Posibilidad de logotipo<\/strong><\/h3>\n<p>Adem\u00e1s, la estaci\u00f3n de lavado de manos Neptune se puede personalizar con su logotipo, lo que la convierte en una oportunidad de marca perfecta para empresas o eventos.<\/p>\n<p>P\u00f3ngase en contacto con nosotros para obtener m\u00e1s informaci\u00f3n sobre las cantidades m\u00ednimas de pedido y las personalizaciones.[\/vc_column_text][\/vc_column][\/vc_row][vc_row content_placement=\u00bbmiddle\u00bb][vc_column width=\u00bb1\/2&#8243;][vc_column_text]<\/p>\n<h3 style=\"text-align: left;\"><strong>En resumen<\/strong><\/h3>\n<p style=\"text-align: left;\">En resumen, la estaci\u00f3n de lavado de manos Neptune de Atlas Toilets ofrece una soluci\u00f3n atractiva y pr\u00e1ctica para la higiene de manos en entornos de ba\u00f1os m\u00f3viles. Su lavabo espacioso, drenaje conveniente de agua y desechos, y opciones de marca personalizables, lo convierten en una opci\u00f3n ideal para una amplia gama de aplicaciones, desde sitios de construcci\u00f3n y festivales hasta eventos temporales y unidades m\u00f3viles.<\/p>\n<p>[\/vc_column_text][vc_empty_space][\/vc_column][vc_column width=\u00bb1\/2&#8243; css=\u00bb.vc_custom_1681801879482{padding-top: 20px !important;padding-right: 20px !important;padding-bottom: 20px !important;padding-left: 20px !important;}\u00bb][vc_gallery interval=\u00bb3&#8243; images=\u00bb31271,31287,31292,31297&#8243; img_size=\u00bbfull\u00bb onclick=\u00bb\u00bb][\/vc_column][\/vc_row][vc_row gap=\u00bb15&#8243; equal_height=\u00bbyes\u00bb][vc_column width=\u00bb1\/4&#8243;][\/vc_column][vc_column width=\u00bb1\/4&#8243; css=\u00bb.vc_custom_1681806465512{margin: 10px !important;background-color: #ffffff !important;}\u00bb][vc_empty_space][vc_column_text]<\/p>\n<h3 style=\"text-align: center;\"><strong>Let us contact you.<\/strong><\/h3>\n<p style=\"text-align: center;\">Fill in your details and we will contact you.<\/p>\n<p>[\/vc_column_text][vc_column_text css=\u00bb.vc_custom_1681803515154{padding: 20px !important;}\u00bb]<style id=\"wpforms-css-vars-31218\">\n\t\t\t\t#wpforms-31218 {\n\t\t\t\t\n\t\t\t}\n\t\t\t<\/style><div class=\"wpforms-container wpforms-container-full wpforms-render-modern\" id=\"wpforms-31218\"><form id=\"wpforms-form-31218\" class=\"wpforms-validate wpforms-form wpforms-ajax-form\" data-formid=\"31218\" method=\"post\" enctype=\"multipart\/form-data\" action=\"\/es\/wp-json\/wp\/v2\/pages\/31309\" data-token=\"de0457cf1dab47f10d4f8a36989a5292\" data-token-time=\"1776225091\"><noscript class=\"wpforms-error-noscript\">Por favor, activa JavaScript en tu navegador para completar este formulario.<\/noscript><div id=\"wpforms-error-noscript\" style=\"display: none;\">Por favor, activa JavaScript en tu navegador para completar este formulario.<\/div><div class=\"wpforms-field-container\"><div id=\"wpforms-31218-field_0-container\" class=\"wpforms-field wpforms-field-name\" data-field-id=\"0\"><label class=\"wpforms-field-label wpforms-label-hide\" for=\"wpforms-31218-field_0\" aria-hidden=\"false\">Name <span class=\"wpforms-required-label\" aria-hidden=\"true\">*<\/span><\/label><input type=\"text\" id=\"wpforms-31218-field_0\" class=\"wpforms-field-large wpforms-field-required\" name=\"wpforms[fields][0]\" placeholder=\"Name\" aria-errormessage=\"wpforms-31218-field_0-error\" required><\/div><div id=\"wpforms-31218-field_1-container\" class=\"wpforms-field wpforms-field-email\" data-field-id=\"1\"><label class=\"wpforms-field-label wpforms-label-hide\" for=\"wpforms-31218-field_1\" aria-hidden=\"false\">Email <span class=\"wpforms-required-label\" aria-hidden=\"true\">*<\/span><\/label><input type=\"email\" id=\"wpforms-31218-field_1\" class=\"wpforms-field-large wpforms-field-required\" name=\"wpforms[fields][1]\" placeholder=\"Email\" spellcheck=\"false\" aria-errormessage=\"wpforms-31218-field_1-error\" required><\/div><div id=\"wpforms-31218-field_3-container\" class=\"wpforms-field wpforms-field-number\" data-field-id=\"3\"><label class=\"wpforms-field-label wpforms-label-hide\" for=\"wpforms-31218-field_3\" aria-hidden=\"false\">Telephone number<\/label><input type=\"number\" id=\"wpforms-31218-field_3\" class=\"wpforms-field-large\" name=\"wpforms[fields][3]\" placeholder=\"Phonenumber\" step=\"any\" aria-errormessage=\"wpforms-31218-field_3-error\" ><\/div><\/div><!-- .wpforms-field-container --><div class=\"wpforms-submit-container\" ><input type=\"hidden\" name=\"wpforms[id]\" value=\"31218\"><input type=\"hidden\" name=\"page_title\" value=\"\"><input type=\"hidden\" name=\"page_url\" value=\"https:\/\/atlastoilets.com\/es\/wp-json\/wp\/v2\/pages\/31309\"><input type=\"hidden\" name=\"url_referer\" value=\"\"><button type=\"submit\" name=\"wpforms[submit]\" id=\"wpforms-submit-31218\" class=\"wpforms-submit\" data-alt-text=\"Sending...\" data-submit-text=\"Submit\" aria-live=\"assertive\" value=\"wpforms-submit\">Submit<\/button><img loading=\"lazy\" decoding=\"async\" src=\"https:\/\/atlastoilets.com\/wp-content\/plugins\/wpforms-lite\/assets\/images\/submit-spin.svg\" class=\"wpforms-submit-spinner\" style=\"display: none;\" width=\"26\" height=\"26\" alt=\"Cargando\"><\/div><\/form><\/div>  <!-- .wpforms-container -->[\/vc_column_text][\/vc_column][vc_column width=\u00bb1\/4&#8243; css=\u00bb.vc_custom_1681806493489{margin: 10px !important;background-color: #ffffff !important;}\u00bb][vc_empty_space][vc_column_text]<\/p>\n<h3 style=\"text-align: center;\"><strong>Or view the product here<\/strong><\/h3>\n<p>[\/vc_column_text][vc_btn title=\u00bbProduct page\u00bb color=\u00bbprimary\u00bb align=\u00bbcenter\u00bb link=\u00bburl:https%3A%2F%2Fatlastoilets.com%2Fproduct%2Fhand-wash-neptune%2F|title:Neptune%20big%20basin%20hand%20wash%20station\u00bb][vc_empty_space][\/vc_column][vc_column width=\u00bb1\/4&#8243;][\/vc_column][\/vc_row][vc_row css=\u00bb.vc_custom_1681803398779{margin: 0px !important;padding: 0px !important;}\u00bb][vc_column width=\u00bb1\/4&#8243;][\/vc_column][vc_column width=\u00bb1\/2&#8243;][vc_empty_space height=\u00bb50px\u00bb][\/vc_column][vc_column width=\u00bb1\/4&#8243;][\/vc_column][\/vc_row]<\/p>\n","protected":false},"excerpt":{"rendered":"<p>[vc_row][vc_column][vc_column_text] Neptune: nuestra nueva estaci\u00f3n de lavado de manos con lavabo grande [\/vc_column_text][vc_empty_space height=\u00bb42px\u00bb][\/vc_column][\/vc_row][vc_row content_placement=\u00bbmiddle\u00bb][vc_column width=\u00bb1\/2&#8243;][vc_single_image image=\u00bb31197&#8243; img_size=\u00bbfull\u00bb][\/vc_column][vc_column width=\u00bb1\/2&#8243;][vc_column_text] La estaci\u00f3n de lavado de manos Neptune es una soluci\u00f3n pr\u00e1ctica para proporcionar higiene de manos en ba\u00f1os m\u00f3viles. Con un lavabo espacioso, esta unidad est\u00e1 dise\u00f1ada para adaptarse perfectamente a cualquier inodoro m\u00f3vil y se [&hellip;]<\/p>\n","protected":false},"author":3,"featured_media":31190,"parent":0,"menu_order":0,"comment_status":"closed","ping_status":"closed","template":"","meta":{"footnotes":""},"class_list":["post-31309","page","type-page","status-publish","has-post-thumbnail","hentry"],"yoast_head":"<!-- This site is optimized with the Yoast SEO plugin v27.4 - https:\/\/yoast.com\/product\/yoast-seo-wordpress\/ -->\n<title>La estaci\u00f3n de lavado de manos Neptune<\/title>\n<meta name=\"description\" content=\"La estaci\u00f3n de lavado de manos Neptune es una soluci\u00f3n pr\u00e1ctica para proporcionar higiene de manos en ba\u00f1os m\u00f3viles, cualquier ba\u00f1o\" \/>\n<meta name=\"robots\" content=\"index, follow, max-snippet:-1, max-image-preview:large, max-video-preview:-1\" \/>\n<link rel=\"canonical\" href=\"https:\/\/atlastoilets.com\/es\/la-estacion-de-lavado-de-manos-neptune\/\" \/>\n<meta property=\"og:locale\" content=\"es_ES\" \/>\n<meta property=\"og:type\" content=\"article\" \/>\n<meta property=\"og:title\" content=\"La estaci\u00f3n de lavado de manos Neptune\" \/>\n<meta property=\"og:description\" content=\"La estaci\u00f3n de lavado de manos Neptune es una soluci\u00f3n pr\u00e1ctica para proporcionar higiene de manos en ba\u00f1os m\u00f3viles, cualquier ba\u00f1o\" \/>\n<meta property=\"og:url\" content=\"https:\/\/atlastoilets.com\/es\/la-estacion-de-lavado-de-manos-neptune\/\" \/>\n<meta property=\"og:site_name\" content=\"Atlas Sanitation Products\" \/>\n<meta property=\"article:modified_time\" content=\"2023-04-19T12:10:37+00:00\" \/>\n<meta property=\"og:image\" content=\"https:\/\/atlastoilets.com\/wp-content\/uploads\/2023\/04\/neptune-open-links-en-rechts.jpg\" \/>\n\t<meta property=\"og:image:width\" content=\"700\" \/>\n\t<meta property=\"og:image:height\" content=\"656\" \/>\n\t<meta property=\"og:image:type\" content=\"image\/jpeg\" \/>\n<meta name=\"twitter:card\" content=\"summary_large_image\" \/>\n<meta name=\"twitter:label1\" content=\"Tiempo de lectura\" \/>\n\t<meta name=\"twitter:data1\" content=\"2 minutos\" \/>\n<script type=\"application\/ld+json\" class=\"yoast-schema-graph\">{\"@context\":\"https:\\\/\\\/schema.org\",\"@graph\":[{\"@type\":\"WebPage\",\"@id\":\"https:\\\/\\\/atlastoilets.com\\\/es\\\/la-estacion-de-lavado-de-manos-neptune\\\/\",\"url\":\"https:\\\/\\\/atlastoilets.com\\\/es\\\/la-estacion-de-lavado-de-manos-neptune\\\/\",\"name\":\"La estaci\u00f3n de lavado de manos Neptune\",\"isPartOf\":{\"@id\":\"https:\\\/\\\/atlastoilets.com\\\/#website\"},\"primaryImageOfPage\":{\"@id\":\"https:\\\/\\\/atlastoilets.com\\\/es\\\/la-estacion-de-lavado-de-manos-neptune\\\/#primaryimage\"},\"image\":{\"@id\":\"https:\\\/\\\/atlastoilets.com\\\/es\\\/la-estacion-de-lavado-de-manos-neptune\\\/#primaryimage\"},\"thumbnailUrl\":\"https:\\\/\\\/atlastoilets.com\\\/wp-content\\\/uploads\\\/2023\\\/04\\\/neptune-open-links-en-rechts.jpg\",\"datePublished\":\"2023-04-17T12:33:16+00:00\",\"dateModified\":\"2023-04-19T12:10:37+00:00\",\"description\":\"La estaci\u00f3n de lavado de manos Neptune es una soluci\u00f3n pr\u00e1ctica para proporcionar higiene de manos en ba\u00f1os m\u00f3viles, cualquier ba\u00f1o\",\"breadcrumb\":{\"@id\":\"https:\\\/\\\/atlastoilets.com\\\/es\\\/la-estacion-de-lavado-de-manos-neptune\\\/#breadcrumb\"},\"inLanguage\":\"es\",\"potentialAction\":[{\"@type\":\"ReadAction\",\"target\":[\"https:\\\/\\\/atlastoilets.com\\\/es\\\/la-estacion-de-lavado-de-manos-neptune\\\/\"]}]},{\"@type\":\"ImageObject\",\"inLanguage\":\"es\",\"@id\":\"https:\\\/\\\/atlastoilets.com\\\/es\\\/la-estacion-de-lavado-de-manos-neptune\\\/#primaryimage\",\"url\":\"https:\\\/\\\/atlastoilets.com\\\/wp-content\\\/uploads\\\/2023\\\/04\\\/neptune-open-links-en-rechts.jpg\",\"contentUrl\":\"https:\\\/\\\/atlastoilets.com\\\/wp-content\\\/uploads\\\/2023\\\/04\\\/neptune-open-links-en-rechts.jpg\",\"width\":700,\"height\":656,\"caption\":\"Hand wash station Neptune\"},{\"@type\":\"BreadcrumbList\",\"@id\":\"https:\\\/\\\/atlastoilets.com\\\/es\\\/la-estacion-de-lavado-de-manos-neptune\\\/#breadcrumb\",\"itemListElement\":[{\"@type\":\"ListItem\",\"position\":1,\"name\":\"Home\",\"item\":\"https:\\\/\\\/atlastoilets.com\\\/es\\\/\"},{\"@type\":\"ListItem\",\"position\":2,\"name\":\"Neptune\"}]},{\"@type\":\"WebSite\",\"@id\":\"https:\\\/\\\/atlastoilets.com\\\/#website\",\"url\":\"https:\\\/\\\/atlastoilets.com\\\/\",\"name\":\"Atlas Sanitation Products\",\"description\":\"Total supplier for toilet rental companies\",\"potentialAction\":[{\"@type\":\"SearchAction\",\"target\":{\"@type\":\"EntryPoint\",\"urlTemplate\":\"https:\\\/\\\/atlastoilets.com\\\/?s={search_term_string}\"},\"query-input\":{\"@type\":\"PropertyValueSpecification\",\"valueRequired\":true,\"valueName\":\"search_term_string\"}}],\"inLanguage\":\"es\"}]}<\/script>\n<!-- \/ Yoast SEO plugin. -->","yoast_head_json":{"title":"La estaci\u00f3n de lavado de manos Neptune","description":"La estaci\u00f3n de lavado de manos Neptune es una soluci\u00f3n pr\u00e1ctica para proporcionar higiene de manos en ba\u00f1os m\u00f3viles, cualquier ba\u00f1o","robots":{"index":"index","follow":"follow","max-snippet":"max-snippet:-1","max-image-preview":"max-image-preview:large","max-video-preview":"max-video-preview:-1"},"canonical":"https:\/\/atlastoilets.com\/es\/la-estacion-de-lavado-de-manos-neptune\/","og_locale":"es_ES","og_type":"article","og_title":"La estaci\u00f3n de lavado de manos Neptune","og_description":"La estaci\u00f3n de lavado de manos Neptune es una soluci\u00f3n pr\u00e1ctica para proporcionar higiene de manos en ba\u00f1os m\u00f3viles, cualquier ba\u00f1o","og_url":"https:\/\/atlastoilets.com\/es\/la-estacion-de-lavado-de-manos-neptune\/","og_site_name":"Atlas Sanitation Products","article_modified_time":"2023-04-19T12:10:37+00:00","og_image":[{"width":700,"height":656,"url":"https:\/\/atlastoilets.com\/wp-content\/uploads\/2023\/04\/neptune-open-links-en-rechts.jpg","type":"image\/jpeg"}],"twitter_card":"summary_large_image","twitter_misc":{"Tiempo de lectura":"2 minutos"},"schema":{"@context":"https:\/\/schema.org","@graph":[{"@type":"WebPage","@id":"https:\/\/atlastoilets.com\/es\/la-estacion-de-lavado-de-manos-neptune\/","url":"https:\/\/atlastoilets.com\/es\/la-estacion-de-lavado-de-manos-neptune\/","name":"La estaci\u00f3n de lavado de manos Neptune","isPartOf":{"@id":"https:\/\/atlastoilets.com\/#website"},"primaryImageOfPage":{"@id":"https:\/\/atlastoilets.com\/es\/la-estacion-de-lavado-de-manos-neptune\/#primaryimage"},"image":{"@id":"https:\/\/atlastoilets.com\/es\/la-estacion-de-lavado-de-manos-neptune\/#primaryimage"},"thumbnailUrl":"https:\/\/atlastoilets.com\/wp-content\/uploads\/2023\/04\/neptune-open-links-en-rechts.jpg","datePublished":"2023-04-17T12:33:16+00:00","dateModified":"2023-04-19T12:10:37+00:00","description":"La estaci\u00f3n de lavado de manos Neptune es una soluci\u00f3n pr\u00e1ctica para proporcionar higiene de manos en ba\u00f1os m\u00f3viles, cualquier ba\u00f1o","breadcrumb":{"@id":"https:\/\/atlastoilets.com\/es\/la-estacion-de-lavado-de-manos-neptune\/#breadcrumb"},"inLanguage":"es","potentialAction":[{"@type":"ReadAction","target":["https:\/\/atlastoilets.com\/es\/la-estacion-de-lavado-de-manos-neptune\/"]}]},{"@type":"ImageObject","inLanguage":"es","@id":"https:\/\/atlastoilets.com\/es\/la-estacion-de-lavado-de-manos-neptune\/#primaryimage","url":"https:\/\/atlastoilets.com\/wp-content\/uploads\/2023\/04\/neptune-open-links-en-rechts.jpg","contentUrl":"https:\/\/atlastoilets.com\/wp-content\/uploads\/2023\/04\/neptune-open-links-en-rechts.jpg","width":700,"height":656,"caption":"Hand wash station Neptune"},{"@type":"BreadcrumbList","@id":"https:\/\/atlastoilets.com\/es\/la-estacion-de-lavado-de-manos-neptune\/#breadcrumb","itemListElement":[{"@type":"ListItem","position":1,"name":"Home","item":"https:\/\/atlastoilets.com\/es\/"},{"@type":"ListItem","position":2,"name":"Neptune"}]},{"@type":"WebSite","@id":"https:\/\/atlastoilets.com\/#website","url":"https:\/\/atlastoilets.com\/","name":"Atlas Sanitation Products","description":"Total supplier for toilet rental companies","potentialAction":[{"@type":"SearchAction","target":{"@type":"EntryPoint","urlTemplate":"https:\/\/atlastoilets.com\/?s={search_term_string}"},"query-input":{"@type":"PropertyValueSpecification","valueRequired":true,"valueName":"search_term_string"}}],"inLanguage":"es"}]}},"_links":{"self":[{"href":"https:\/\/atlastoilets.com\/es\/wp-json\/wp\/v2\/pages\/31309","targetHints":{"allow":["GET"]}}],"collection":[{"href":"https:\/\/atlastoilets.com\/es\/wp-json\/wp\/v2\/pages"}],"about":[{"href":"https:\/\/atlastoilets.com\/es\/wp-json\/wp\/v2\/types\/page"}],"author":[{"embeddable":true,"href":"https:\/\/atlastoilets.com\/es\/wp-json\/wp\/v2\/users\/3"}],"replies":[{"embeddable":true,"href":"https:\/\/atlastoilets.com\/es\/wp-json\/wp\/v2\/comments?post=31309"}],"version-history":[{"count":3,"href":"https:\/\/atlastoilets.com\/es\/wp-json\/wp\/v2\/pages\/31309\/revisions"}],"predecessor-version":[{"id":31321,"href":"https:\/\/atlastoilets.com\/es\/wp-json\/wp\/v2\/pages\/31309\/revisions\/31321"}],"wp:featuredmedia":[{"embeddable":true,"href":"https:\/\/atlastoilets.com\/es\/wp-json\/wp\/v2\/media\/31190"}],"wp:attachment":[{"href":"https:\/\/atlastoilets.com\/es\/wp-json\/wp\/v2\/media?parent=31309"}],"curies":[{"name":"wp","href":"https:\/\/api.w.org\/{rel}","templated":true}]}}