{"id":30969,"date":"2023-02-17T14:22:45","date_gmt":"2023-02-17T14:22:45","guid":{"rendered":"https:\/\/atlastoilets.com\/mvo\/"},"modified":"2023-03-07T08:21:19","modified_gmt":"2023-03-07T08:21:19","slug":"rsc","status":"publish","type":"page","link":"https:\/\/atlastoilets.com\/es\/rsc\/","title":{"rendered":"Responsabilidad social corporativa (RSC)"},"content":{"rendered":"<p>[vc_row][vc_column width=\u00bb1\/2&#8243;][vc_custom_heading text=\u00bbResponsabilidad Social Corporativa\u00bb font_container=\u00bbtag:h4|text_align:left\u00bb use_theme_fonts=\u00bbyes\u00bb][vc_column_text]En Atlas Sanitation Products, damos gran importancia a las pr\u00e1cticas comerciales sostenibles. Es por eso que ya no usamos gas y somos en gran medida autosuficientes en t\u00e9rminos de electricidad a trav\u00e9s de nuestros paneles solares. La electricidad que nos falta, la compramos verde.<br \/>\nOptamos por Eneco HollandseWind\u00ae con la etiqueta ambiental de SMK (Stichting Milieukeur). Esta etiqueta ecol\u00f3gica es importante para nosotros porque demuestra que nuestra electricidad se genera de forma sostenible en los Pa\u00edses Bajos. Esto es probado anualmente por un organismo de certificaci\u00f3n independiente.<\/p>\n<p>La compra de energ\u00eda e\u00f3lica de un parque holand\u00e9s es un paso consciente para nosotros. De esta forma reducimos nuestras emisiones de CO2 y hacemos negocios de una forma mucho m\u00e1s sostenible. Tambi\u00e9n contribuimos a una producci\u00f3n de energ\u00eda m\u00e1s sostenible en los Pa\u00edses Bajos. En 2023, esto se traducir\u00e1 en nuestro ahorro de 2.250 kg de CO2. Esto es tanto como lo que absorben 2250 \u00e1rboles en un a\u00f1o en t\u00e9rminos de CO2.[\/vc_column_text][\/vc_column][vc_column width=\u00bb1\/2&#8243;][vc_single_image image=\u00bb30887&#8243; img_size=\u00bb300&#215;423&#8243; alignment=\u00bbcenter\u00bb style=\u00bbvc_box_shadow\u00bb][\/vc_column][\/vc_row]<\/p>\n","protected":false},"excerpt":{"rendered":"<p>[vc_row][vc_column width=\u00bb1\/2&#8243;][vc_custom_heading text=\u00bbResponsabilidad Social Corporativa\u00bb font_container=\u00bbtag:h4|text_align:left\u00bb use_theme_fonts=\u00bbyes\u00bb][vc_column_text]En Atlas Sanitation Products, damos gran importancia a las pr\u00e1cticas comerciales sostenibles. Es por eso que ya no usamos gas y somos en gran medida autosuficientes en t\u00e9rminos de electricidad a trav\u00e9s de nuestros paneles solares. La electricidad que nos falta, la compramos verde. Optamos por Eneco HollandseWind\u00ae con [&hellip;]<\/p>\n","protected":false},"author":3,"featured_media":0,"parent":0,"menu_order":0,"comment_status":"closed","ping_status":"closed","template":"","meta":{"footnotes":""},"class_list":["post-30969","page","type-page","status-publish","hentry"],"yoast_head":"<!-- This site is optimized with the Yoast SEO plugin v27.4 - https:\/\/yoast.com\/product\/yoast-seo-wordpress\/ -->\n<title>Responsabilidad social corporativa (RSC)<\/title>\n<meta name=\"description\" content=\"Responsabilidad social corporativa (RSC). En Atlas Sanitation Products, damos gran importancia a las pr\u00e1cticas comerciales sostenibles.\" \/>\n<meta name=\"robots\" content=\"index, follow, max-snippet:-1, max-image-preview:large, max-video-preview:-1\" \/>\n<link rel=\"canonical\" href=\"https:\/\/atlastoilets.com\/es\/rsc\/\" \/>\n<meta property=\"og:locale\" content=\"es_ES\" \/>\n<meta property=\"og:type\" content=\"article\" \/>\n<meta property=\"og:title\" content=\"Responsabilidad social corporativa (RSC)\" \/>\n<meta property=\"og:description\" content=\"Responsabilidad social corporativa (RSC). En Atlas Sanitation Products, damos gran importancia a las pr\u00e1cticas comerciales sostenibles.\" \/>\n<meta property=\"og:url\" content=\"https:\/\/atlastoilets.com\/es\/rsc\/\" \/>\n<meta property=\"og:site_name\" content=\"Atlas Sanitation Products\" \/>\n<meta property=\"article:modified_time\" content=\"2023-03-07T08:21:19+00:00\" \/>\n<meta name=\"twitter:card\" content=\"summary_large_image\" \/>\n<meta name=\"twitter:label1\" content=\"Tiempo de lectura\" \/>\n\t<meta name=\"twitter:data1\" content=\"1 minuto\" \/>\n<script type=\"application\/ld+json\" class=\"yoast-schema-graph\">{\"@context\":\"https:\\\/\\\/schema.org\",\"@graph\":[{\"@type\":\"WebPage\",\"@id\":\"https:\\\/\\\/atlastoilets.com\\\/es\\\/rsc\\\/\",\"url\":\"https:\\\/\\\/atlastoilets.com\\\/es\\\/rsc\\\/\",\"name\":\"Responsabilidad social corporativa (RSC)\",\"isPartOf\":{\"@id\":\"https:\\\/\\\/atlastoilets.com\\\/#website\"},\"datePublished\":\"2023-02-17T14:22:45+00:00\",\"dateModified\":\"2023-03-07T08:21:19+00:00\",\"description\":\"Responsabilidad social corporativa (RSC). En Atlas Sanitation Products, damos gran importancia a las pr\u00e1cticas comerciales sostenibles.\",\"breadcrumb\":{\"@id\":\"https:\\\/\\\/atlastoilets.com\\\/es\\\/rsc\\\/#breadcrumb\"},\"inLanguage\":\"es\",\"potentialAction\":[{\"@type\":\"ReadAction\",\"target\":[\"https:\\\/\\\/atlastoilets.com\\\/es\\\/rsc\\\/\"]}]},{\"@type\":\"BreadcrumbList\",\"@id\":\"https:\\\/\\\/atlastoilets.com\\\/es\\\/rsc\\\/#breadcrumb\",\"itemListElement\":[{\"@type\":\"ListItem\",\"position\":1,\"name\":\"Home\",\"item\":\"https:\\\/\\\/atlastoilets.com\\\/es\\\/\"},{\"@type\":\"ListItem\",\"position\":2,\"name\":\"Responsabilidad social corporativa (RSC)\"}]},{\"@type\":\"WebSite\",\"@id\":\"https:\\\/\\\/atlastoilets.com\\\/#website\",\"url\":\"https:\\\/\\\/atlastoilets.com\\\/\",\"name\":\"Atlas Sanitation Products\",\"description\":\"Total supplier for toilet rental companies\",\"potentialAction\":[{\"@type\":\"SearchAction\",\"target\":{\"@type\":\"EntryPoint\",\"urlTemplate\":\"https:\\\/\\\/atlastoilets.com\\\/?s={search_term_string}\"},\"query-input\":{\"@type\":\"PropertyValueSpecification\",\"valueRequired\":true,\"valueName\":\"search_term_string\"}}],\"inLanguage\":\"es\"}]}<\/script>\n<!-- \/ Yoast SEO plugin. -->","yoast_head_json":{"title":"Responsabilidad social corporativa (RSC)","description":"Responsabilidad social corporativa (RSC). En Atlas Sanitation Products, damos gran importancia a las pr\u00e1cticas comerciales sostenibles.","robots":{"index":"index","follow":"follow","max-snippet":"max-snippet:-1","max-image-preview":"max-image-preview:large","max-video-preview":"max-video-preview:-1"},"canonical":"https:\/\/atlastoilets.com\/es\/rsc\/","og_locale":"es_ES","og_type":"article","og_title":"Responsabilidad social corporativa (RSC)","og_description":"Responsabilidad social corporativa (RSC). En Atlas Sanitation Products, damos gran importancia a las pr\u00e1cticas comerciales sostenibles.","og_url":"https:\/\/atlastoilets.com\/es\/rsc\/","og_site_name":"Atlas Sanitation Products","article_modified_time":"2023-03-07T08:21:19+00:00","twitter_card":"summary_large_image","twitter_misc":{"Tiempo de lectura":"1 minuto"},"schema":{"@context":"https:\/\/schema.org","@graph":[{"@type":"WebPage","@id":"https:\/\/atlastoilets.com\/es\/rsc\/","url":"https:\/\/atlastoilets.com\/es\/rsc\/","name":"Responsabilidad social corporativa (RSC)","isPartOf":{"@id":"https:\/\/atlastoilets.com\/#website"},"datePublished":"2023-02-17T14:22:45+00:00","dateModified":"2023-03-07T08:21:19+00:00","description":"Responsabilidad social corporativa (RSC). En Atlas Sanitation Products, damos gran importancia a las pr\u00e1cticas comerciales sostenibles.","breadcrumb":{"@id":"https:\/\/atlastoilets.com\/es\/rsc\/#breadcrumb"},"inLanguage":"es","potentialAction":[{"@type":"ReadAction","target":["https:\/\/atlastoilets.com\/es\/rsc\/"]}]},{"@type":"BreadcrumbList","@id":"https:\/\/atlastoilets.com\/es\/rsc\/#breadcrumb","itemListElement":[{"@type":"ListItem","position":1,"name":"Home","item":"https:\/\/atlastoilets.com\/es\/"},{"@type":"ListItem","position":2,"name":"Responsabilidad social corporativa (RSC)"}]},{"@type":"WebSite","@id":"https:\/\/atlastoilets.com\/#website","url":"https:\/\/atlastoilets.com\/","name":"Atlas Sanitation Products","description":"Total supplier for toilet rental companies","potentialAction":[{"@type":"SearchAction","target":{"@type":"EntryPoint","urlTemplate":"https:\/\/atlastoilets.com\/?s={search_term_string}"},"query-input":{"@type":"PropertyValueSpecification","valueRequired":true,"valueName":"search_term_string"}}],"inLanguage":"es"}]}},"_links":{"self":[{"href":"https:\/\/atlastoilets.com\/es\/wp-json\/wp\/v2\/pages\/30969","targetHints":{"allow":["GET"]}}],"collection":[{"href":"https:\/\/atlastoilets.com\/es\/wp-json\/wp\/v2\/pages"}],"about":[{"href":"https:\/\/atlastoilets.com\/es\/wp-json\/wp\/v2\/types\/page"}],"author":[{"embeddable":true,"href":"https:\/\/atlastoilets.com\/es\/wp-json\/wp\/v2\/users\/3"}],"replies":[{"embeddable":true,"href":"https:\/\/atlastoilets.com\/es\/wp-json\/wp\/v2\/comments?post=30969"}],"version-history":[{"count":13,"href":"https:\/\/atlastoilets.com\/es\/wp-json\/wp\/v2\/pages\/30969\/revisions"}],"predecessor-version":[{"id":31001,"href":"https:\/\/atlastoilets.com\/es\/wp-json\/wp\/v2\/pages\/30969\/revisions\/31001"}],"wp:attachment":[{"href":"https:\/\/atlastoilets.com\/es\/wp-json\/wp\/v2\/media?parent=30969"}],"curies":[{"name":"wp","href":"https:\/\/api.w.org\/{rel}","templated":true}]}}