{"id":27539,"date":"2015-06-20T16:11:19","date_gmt":"2015-06-20T16:11:19","guid":{"rendered":"https:\/\/www.mobileurinal.eu\/?page_id=27539"},"modified":"2022-07-22T12:25:27","modified_gmt":"2022-07-22T12:25:27","slug":"sobre-nosotros","status":"publish","type":"page","link":"https:\/\/atlastoilets.com\/es\/sobre-nosotros\/","title":{"rendered":"Sobre nosotros"},"content":{"rendered":"<p>[vc_row][vc_column css=\u00bb.vc_custom_1648807929134{padding-bottom: 40px !important;}\u00bb][vc_column_text]<\/p>\n<h2 style=\"text-align: center;\"><span style=\"color: #000000;\">Atlas Sanitation Products<\/span><\/h2>\n<p style=\"text-align: center;\">Desde 1996, nuestro objetivo ha sido y sigue siendo proporcionar a la industria europea de alquiler productos de la mejor calidad a precios competitivos.<br \/>\nEste a\u00f1o hemos agrupado nuestras diferentes actividades en un cat\u00e1logo que ilustra la amplia gama de productos que ofrecemos a las empresas de alquiler de ba\u00f1os.<br \/>\nAdem\u00e1s de los productos que hemos ofrecido a lo largo de los a\u00f1os, se han agregado varios productos nuevos, como el Obbe, Porta-Tank y el Tulip\u00e1n. Estamos muy orgullosos de presentar el Pluto Plus, nuestra \u00faltima innovaci\u00f3n en la gama de urinarios m\u00f3viles de Pluto. Este nuevo urinario se ha desarrollado en base a nuestra amplia experiencia en alquiler y la de nuestros clientes, lo que lleva a lo que consideramos un verdadero activo para las empresas de alquiler de inodoros.<\/p>\n<p style=\"text-align: center;\"><strong>Esperamos con inter\u00e9s trabajar con usted.<\/strong><\/p>\n<p>[\/vc_column_text][\/vc_column][\/vc_row][vc_row full_width=\u00bbstretch_row_content\u00bb css=\u00bb.vc_custom_1653919235943{background-image: url(https:\/\/atlastoilets.com\/wp-content\/uploads\/2022\/04\/pand-atlas-1.jpg?id=26169) !important;background-position: center !important;background-repeat: no-repeat !important;background-size: cover !important;}\u00bb][vc_column][vc_empty_space height=\u00bb500&#8243;][\/vc_column][\/vc_row][vc_row css=\u00bb.vc_custom_1648809229055{background-color: #ffffff !important;}\u00bb][vc_column css=\u00bb.vc_custom_1494128134903{margin-bottom: 30px !important;}\u00bb][vc_row_inner][vc_column_inner width=\u00bb1\/4&#8243;][\/vc_column_inner][vc_column_inner width=\u00bb1\/2&#8243;][vc_column_text css=\u00bb.vc_custom_1658492726181{margin-bottom: 44px !important;}\u00bb]<\/p>\n<article id=\"post-2497\" class=\"post-2497 page type-page status-publish hentry\">\n<div class=\"entry-content\">\n<h4>Atlas Sanitation Products \u2013 De empresa de alquiler de ba\u00f1os a proveedor total<\/h4>\n<p>&nbsp;<\/p>\n<p>En 1994 W-tje Toiletservice fue fundada por Nico Walraven y su novia (y actual esposa) Joke ter Wijlen,\u00a0Desde una habitaci\u00f3n en la casa de sus padres\u00a0de Nico la empresa comenz\u00f3 con un peque\u00f1o n\u00famero de ba\u00f1os port\u00e1tiles, el suministro de servicios de saneamiento port\u00e1til para empresas de construcci\u00f3n locales y eventos pr\u00f3ximos, W-tje se convirti\u00f3 en un proveedor de servicios regional conocido.<\/p>\n<p>En dos a\u00f1os la empresa creci\u00f3 de una empresa de alquiler de local a un proveedor de servicio nacional, el mantenimiento de alrededor de 600 unidades de\u00a0la semana, en particular\u00a0colocados en sitios de construcci\u00f3n. La fama nacional dio lugar a solicitudes de suministro de servicios de saneamiento port\u00e1tiles a eventos nacionales como el concierto mundial de la libertad en Arnhem en 1995, conciertos en estadios de bandas como Guns \u2018n Roses y Pink Floyd y conciertos al aire libre de Brian Adams y Parkpop, el m\u00e1s grande d\u00eda libre del festival de carga en Europa.<br \/>\nLa compa\u00f1\u00eda tambi\u00e9n ha contribuido a la caridad. Desde 1995 se ha suministrado instalaciones sanitarias port\u00e1tiles durante el Roparun, una carrera de relevos de aprox. 520 kil\u00f3metros de Rotterdam a Par\u00eds, para recaudar dinero para las v\u00edctimas de c\u00e1ncer.<\/p>\n<p>W-tje Toiletservice coloc\u00f3 un gran n\u00famero de sanitarios en la salida y la llegada, y tambi\u00e9n en los puestos de control. Como el evento creci\u00f3, tambi\u00e9n lo hizo el n\u00famero de inodoros durante este evento de cuatro d\u00edas, frente Toiletservice W-tje con la log\u00edstica desafiantes.<br \/>\nEn 1997 Nico pidi\u00f3 a su amigo desde la guarder\u00eda Johan para unirse a la compa\u00f1\u00eda. Johan, en ese momento un gerente de atenci\u00f3n al cliente, sustituy\u00f3 la esposa de Nico como director general. En los a\u00f1os siguientes la compa\u00f1\u00eda creci\u00f3 hasta aprox. 1300, aseos con servicios semanales, con un equipo de 20 empleados durante la temporada de verano. A principios de 2000, la empresa de alquiler se vendi\u00f3 y Nico y Johan continu\u00f3 su colaboraci\u00f3n en ATLAS BV Saneamiento port\u00e1til, importaci\u00f3n y exportaci\u00f3n de los inodoros, urinarios, partes y aditivos de tocador de maquillaje preferido de su empresa de alquiler, Walex.<\/p>\n<p>Desde 2000, el ATLAS ha crecido de manera constante, ya que emplea un total de tiempo de 4 personas del personal y un n\u00famero de empleados temporales durante la temporada alta. Cada vez m\u00e1s empresas han encontrado ATLAS como uno de sus principales proveedores con una base de clientes en casi todos los pa\u00edses europeos, as\u00ed como en los EE.UU., Canad\u00e1, Am\u00e9rica Latina y Asia.<\/p>\n<p>No. 1 prioridad de ATLAS es la satisfacci\u00f3n del cliente, dedicando nuestra experiencia para el suministro de productos de alta calidad a precios competitivos. Esperamos que nuestro disfrute trabajo se sumar\u00e1 a la suya y estamos con ganas de estar de servicio en los pr\u00f3ximos a\u00f1os.<\/p>\n<p>&nbsp;<\/p>\n<\/div>\n<\/article>\n<p>[\/vc_column_text][\/vc_column_inner][vc_column_inner width=\u00bb1\/4&#8243;][\/vc_column_inner][\/vc_row_inner][vc_row_inner][vc_column_inner width=\u00bb1\/4&#8243;][vc_single_image image=\u00bb27438&#8243; img_size=\u00bbmedium\u00bb][\/vc_column_inner][vc_column_inner width=\u00bb1\/4&#8243;][vc_single_image image=\u00bb27443&#8243; img_size=\u00bbmedium\u00bb][\/vc_column_inner][vc_column_inner width=\u00bb1\/4&#8243;][vc_single_image image=\u00bb27448&#8243; img_size=\u00bbmedium\u00bb][\/vc_column_inner][vc_column_inner width=\u00bb1\/4&#8243;][vc_single_image image=\u00bb27453&#8243; img_size=\u00bbmedium\u00bb][\/vc_column_inner][\/vc_row_inner][\/vc_column][\/vc_row]<\/p>\n","protected":false},"excerpt":{"rendered":"<p>[vc_row][vc_column css=\u00bb.vc_custom_1648807929134{padding-bottom: 40px !important;}\u00bb][vc_column_text] Atlas Sanitation Products Desde 1996, nuestro objetivo ha sido y sigue siendo proporcionar a la industria europea de alquiler productos de la mejor calidad a precios competitivos. Este a\u00f1o hemos agrupado nuestras diferentes actividades en un cat\u00e1logo que ilustra la amplia gama de productos que ofrecemos a las empresas de alquiler [&hellip;]<\/p>\n","protected":false},"author":3,"featured_media":0,"parent":0,"menu_order":0,"comment_status":"closed","ping_status":"closed","template":"","meta":{"footnotes":""},"class_list":["post-27539","page","type-page","status-publish","hentry"],"yoast_head":"<!-- This site is optimized with the Yoast SEO plugin v27.4 - https:\/\/yoast.com\/product\/yoast-seo-wordpress\/ -->\n<title>Atlas Sanitation Products<\/title>\n<meta name=\"description\" content=\"Atlas Sanitation Products Proveedor total para empresas de alquiler con urinarios m\u00f3viles, estaciones de lavado de manos y ba\u00f1os port\u00e1tiles.\" \/>\n<meta name=\"robots\" content=\"index, follow, max-snippet:-1, max-image-preview:large, max-video-preview:-1\" \/>\n<link rel=\"canonical\" href=\"https:\/\/atlastoilets.com\/es\/sobre-nosotros\/\" \/>\n<meta property=\"og:locale\" content=\"es_ES\" \/>\n<meta property=\"og:type\" content=\"article\" \/>\n<meta property=\"og:title\" content=\"Atlas Sanitation Products\" \/>\n<meta property=\"og:description\" content=\"Atlas Sanitation Products Proveedor total para empresas de alquiler con urinarios m\u00f3viles, estaciones de lavado de manos y ba\u00f1os port\u00e1tiles.\" \/>\n<meta property=\"og:url\" content=\"https:\/\/atlastoilets.com\/es\/sobre-nosotros\/\" \/>\n<meta property=\"og:site_name\" content=\"Atlas Sanitation Products\" \/>\n<meta property=\"article:modified_time\" content=\"2022-07-22T12:25:27+00:00\" \/>\n<meta name=\"twitter:card\" content=\"summary_large_image\" \/>\n<meta name=\"twitter:label1\" content=\"Tiempo de lectura\" \/>\n\t<meta name=\"twitter:data1\" content=\"4 minutos\" \/>\n<script type=\"application\/ld+json\" class=\"yoast-schema-graph\">{\"@context\":\"https:\\\/\\\/schema.org\",\"@graph\":[{\"@type\":\"WebPage\",\"@id\":\"https:\\\/\\\/atlastoilets.com\\\/es\\\/sobre-nosotros\\\/\",\"url\":\"https:\\\/\\\/atlastoilets.com\\\/es\\\/sobre-nosotros\\\/\",\"name\":\"Atlas Sanitation Products\",\"isPartOf\":{\"@id\":\"https:\\\/\\\/atlastoilets.com\\\/#website\"},\"datePublished\":\"2015-06-20T16:11:19+00:00\",\"dateModified\":\"2022-07-22T12:25:27+00:00\",\"description\":\"Atlas Sanitation Products Proveedor total para empresas de alquiler con urinarios m\u00f3viles, estaciones de lavado de manos y ba\u00f1os port\u00e1tiles.\",\"breadcrumb\":{\"@id\":\"https:\\\/\\\/atlastoilets.com\\\/es\\\/sobre-nosotros\\\/#breadcrumb\"},\"inLanguage\":\"es\",\"potentialAction\":[{\"@type\":\"ReadAction\",\"target\":[\"https:\\\/\\\/atlastoilets.com\\\/es\\\/sobre-nosotros\\\/\"]}]},{\"@type\":\"BreadcrumbList\",\"@id\":\"https:\\\/\\\/atlastoilets.com\\\/es\\\/sobre-nosotros\\\/#breadcrumb\",\"itemListElement\":[{\"@type\":\"ListItem\",\"position\":1,\"name\":\"Home\",\"item\":\"https:\\\/\\\/atlastoilets.com\\\/es\\\/\"},{\"@type\":\"ListItem\",\"position\":2,\"name\":\"Sobre nosotros\"}]},{\"@type\":\"WebSite\",\"@id\":\"https:\\\/\\\/atlastoilets.com\\\/#website\",\"url\":\"https:\\\/\\\/atlastoilets.com\\\/\",\"name\":\"Atlas Sanitation Products\",\"description\":\"Total supplier for toilet rental companies\",\"potentialAction\":[{\"@type\":\"SearchAction\",\"target\":{\"@type\":\"EntryPoint\",\"urlTemplate\":\"https:\\\/\\\/atlastoilets.com\\\/?s={search_term_string}\"},\"query-input\":{\"@type\":\"PropertyValueSpecification\",\"valueRequired\":true,\"valueName\":\"search_term_string\"}}],\"inLanguage\":\"es\"}]}<\/script>\n<!-- \/ Yoast SEO plugin. -->","yoast_head_json":{"title":"Atlas Sanitation Products","description":"Atlas Sanitation Products Proveedor total para empresas de alquiler con urinarios m\u00f3viles, estaciones de lavado de manos y ba\u00f1os port\u00e1tiles.","robots":{"index":"index","follow":"follow","max-snippet":"max-snippet:-1","max-image-preview":"max-image-preview:large","max-video-preview":"max-video-preview:-1"},"canonical":"https:\/\/atlastoilets.com\/es\/sobre-nosotros\/","og_locale":"es_ES","og_type":"article","og_title":"Atlas Sanitation Products","og_description":"Atlas Sanitation Products Proveedor total para empresas de alquiler con urinarios m\u00f3viles, estaciones de lavado de manos y ba\u00f1os port\u00e1tiles.","og_url":"https:\/\/atlastoilets.com\/es\/sobre-nosotros\/","og_site_name":"Atlas Sanitation Products","article_modified_time":"2022-07-22T12:25:27+00:00","twitter_card":"summary_large_image","twitter_misc":{"Tiempo de lectura":"4 minutos"},"schema":{"@context":"https:\/\/schema.org","@graph":[{"@type":"WebPage","@id":"https:\/\/atlastoilets.com\/es\/sobre-nosotros\/","url":"https:\/\/atlastoilets.com\/es\/sobre-nosotros\/","name":"Atlas Sanitation Products","isPartOf":{"@id":"https:\/\/atlastoilets.com\/#website"},"datePublished":"2015-06-20T16:11:19+00:00","dateModified":"2022-07-22T12:25:27+00:00","description":"Atlas Sanitation Products Proveedor total para empresas de alquiler con urinarios m\u00f3viles, estaciones de lavado de manos y ba\u00f1os port\u00e1tiles.","breadcrumb":{"@id":"https:\/\/atlastoilets.com\/es\/sobre-nosotros\/#breadcrumb"},"inLanguage":"es","potentialAction":[{"@type":"ReadAction","target":["https:\/\/atlastoilets.com\/es\/sobre-nosotros\/"]}]},{"@type":"BreadcrumbList","@id":"https:\/\/atlastoilets.com\/es\/sobre-nosotros\/#breadcrumb","itemListElement":[{"@type":"ListItem","position":1,"name":"Home","item":"https:\/\/atlastoilets.com\/es\/"},{"@type":"ListItem","position":2,"name":"Sobre nosotros"}]},{"@type":"WebSite","@id":"https:\/\/atlastoilets.com\/#website","url":"https:\/\/atlastoilets.com\/","name":"Atlas Sanitation Products","description":"Total supplier for toilet rental companies","potentialAction":[{"@type":"SearchAction","target":{"@type":"EntryPoint","urlTemplate":"https:\/\/atlastoilets.com\/?s={search_term_string}"},"query-input":{"@type":"PropertyValueSpecification","valueRequired":true,"valueName":"search_term_string"}}],"inLanguage":"es"}]}},"_links":{"self":[{"href":"https:\/\/atlastoilets.com\/es\/wp-json\/wp\/v2\/pages\/27539","targetHints":{"allow":["GET"]}}],"collection":[{"href":"https:\/\/atlastoilets.com\/es\/wp-json\/wp\/v2\/pages"}],"about":[{"href":"https:\/\/atlastoilets.com\/es\/wp-json\/wp\/v2\/types\/page"}],"author":[{"embeddable":true,"href":"https:\/\/atlastoilets.com\/es\/wp-json\/wp\/v2\/users\/3"}],"replies":[{"embeddable":true,"href":"https:\/\/atlastoilets.com\/es\/wp-json\/wp\/v2\/comments?post=27539"}],"version-history":[{"count":9,"href":"https:\/\/atlastoilets.com\/es\/wp-json\/wp\/v2\/pages\/27539\/revisions"}],"predecessor-version":[{"id":29360,"href":"https:\/\/atlastoilets.com\/es\/wp-json\/wp\/v2\/pages\/27539\/revisions\/29360"}],"wp:attachment":[{"href":"https:\/\/atlastoilets.com\/es\/wp-json\/wp\/v2\/media?parent=27539"}],"curies":[{"name":"wp","href":"https:\/\/api.w.org\/{rel}","templated":true}]}}