{"id":25498,"date":"2022-03-29T07:45:18","date_gmt":"2022-03-29T07:45:18","guid":{"rendered":"https:\/\/www.mobileurinal.eu\/?page_id=25498"},"modified":"2022-07-04T10:14:03","modified_gmt":"2022-07-04T10:14:03","slug":"pluto-urinarios","status":"publish","type":"page","link":"https:\/\/atlastoilets.com\/es\/pluto-urinarios\/","title":{"rendered":"Pluto urinarios"},"content":{"rendered":"<p>[vc_row][vc_column][vc_custom_heading text=\u00bbAtlas es el orgulloso productor de la gama Pluto de urinarios m\u00f3viles.\u00bb font_container=\u00bbtag:h3|text_align:center\u00bb use_theme_fonts=\u00bbyes\u00bb][vc_column_text]<\/p>\n<p style=\"text-align: center;\">Los urinarios Pluto de Atlas son el resultado de m\u00e1s de 20 a\u00f1os de experiencia en la industria del alquiler de ba\u00f1os.<br \/>\nNo solo pusimos nuestras propias experiencias en estos productos, tambi\u00e9n consultamos con los clientes y les preguntamos sobre las especificaciones que les gustar\u00eda ver en el urinario para la nueva d\u00e9cada.<\/p>\n<p style=\"text-align: center;\">El resultado son urinarios, ideales para uso semipermanente en estacionamientos, puertos deportivos o centros urbanos, as\u00ed como para eventos al aire libre.<\/p>\n<p>[\/vc_column_text][vc_empty_space][\/vc_column][\/vc_row][vc_row][vc_column width=\u00bb1\/2&#8243; css=\u00bb.vc_custom_1648555267111{padding-top: 50px !important;padding-right: 50px !important;padding-bottom: 50px !important;padding-left: 50px !important;}\u00bb][vc_column_text]<\/p>\n<h3 style=\"text-align: right;\"><strong>Pluto1<\/strong><\/h3>\n<p style=\"text-align: right;\"><em>Urinario port\u00e1til para eventos y centros de las ciudades<\/em><\/p>\n<p style=\"text-align: right;\">El urinario port\u00e1til Pluto 1 es, como los urinarios Pluto2 y Pluto3 desarrollado para usar en eventos y sitios de construcci\u00f3n.<br \/>\nEl urinario es adecuado para el uso simult\u00e1neo de\u00a0cuatro personas.<\/p>\n<p>[\/vc_column_text][vc_btn title=\u00bbIr al producto\u00bb style=\u00bbflat\u00bb shape=\u00bbsquare\u00bb color=\u00bbinverse\u00bb align=\u00bbright\u00bb link=\u00bburl:https%3A%2F%2Fatlastoilets.com%2Fes%2Fproducto%2Furinario-portatil-pluto1%2F|title:Urinoir%20autonome%20empilable%20de%20%C3%A9v%C3%A9nements%20Pluto3&#8243;][\/vc_column][vc_column width=\u00bb1\/2&#8243; css=\u00bb.vc_custom_1648564672239{background-color: #ffffff !important;background-position: center !important;background-repeat: no-repeat !important;background-size: cover !important;}\u00bb][vc_single_image image=\u00bb29229&#8243; img_size=\u00bbfull\u00bb][\/vc_column][\/vc_row][vc_row][vc_column width=\u00bb1\/2&#8243; css=\u00bb.vc_custom_1648564699127{background-color: #ffffff !important;background-position: center !important;background-repeat: no-repeat !important;background-size: cover !important;}\u00bb][vc_single_image image=\u00bb25460&#8243; img_size=\u00bbfull\u00bb alignment=\u00bbright\u00bb][\/vc_column][vc_column width=\u00bb1\/2&#8243; css=\u00bb.vc_custom_1648555364119{padding-top: 50px !important;padding-right: 50px !important;padding-bottom: 50px !important;padding-left: 50px !important;}\u00bb][vc_column_text]<\/p>\n<h3><strong>Pluto2<\/strong><\/h3>\n<p>El urinario apilable para eventos Pluto2 ofrece menos privacidad que el urinario Pluto3.<br \/>\nDebido a su altura, el organizador del evento y la empresa de alquiler tendr\u00e1n una mejor vista de lo que sucede en la secci\u00f3n de urinarios.<\/p>\n<p>Apila hasta 10 urinarios con las mismas dimensiones de suelo.[\/vc_column_text][vc_btn title=\u00bbIr al producto\u00bb style=\u00bbflat\u00bb shape=\u00bbsquare\u00bb color=\u00bbinverse\u00bb align=\u00bbleft\u00bb link=\u00bburl:https%3A%2F%2Fatlastoilets.com%2Fes%2Fproducto%2Furinario-de-eventos%2F|title:Urinario%20apilable%20Pluto2&#8243;][\/vc_column][\/vc_row][vc_row][vc_column width=\u00bb1\/2&#8243; css=\u00bb.vc_custom_1648555267111{padding-top: 50px !important;padding-right: 50px !important;padding-bottom: 50px !important;padding-left: 50px !important;}\u00bb][vc_column_text]<\/p>\n<h3 style=\"text-align: right;\"><strong>Pluto3<\/strong><\/h3>\n<p style=\"text-align: right;\"><em>Urinario port\u00e1til apilable favorito de los organizadores de eventos<br \/>\nEl urinario port\u00e1til Pluto3 es el urinario port\u00e1til m\u00e1s popular para uso en eventos.<br \/>\nSu dise\u00f1o apilable permite a las empresas de alquiler de inodoros transportar cuatro urinarios m\u00f3viles Pluto3 en el espacio de un inodoro port\u00e1til. Cuatro personas pueden hacer uso del Pluto3 simult\u00e1neamente.<\/em>y.<\/p>\n<p>[\/vc_column_text][vc_btn title=\u00bbIr al producto\u00bb style=\u00bbflat\u00bb shape=\u00bbsquare\u00bb color=\u00bbinverse\u00bb align=\u00bbright\u00bb link=\u00bburl:https%3A%2F%2Fatlastoilets.com%2Fes%2Fproducto%2Furinario-apilable%2F|title:Pluto3%20urinario%20apilble\u00bb][\/vc_column][vc_column width=\u00bb1\/2&#8243; css=\u00bb.vc_custom_1648564672239{background-color: #ffffff !important;background-position: center !important;background-repeat: no-repeat !important;background-size: cover !important;}\u00bb][vc_single_image image=\u00bb25435&#8243; img_size=\u00bbfull\u00bb][\/vc_column][\/vc_row][vc_row][vc_column width=\u00bb1\/2&#8243; css=\u00bb.vc_custom_1648564743950{background-color: #ffffff !important;background-position: center !important;background-repeat: no-repeat !important;background-size: cover !important;}\u00bb][vc_single_image image=\u00bb25429&#8243; img_size=\u00bbfull\u00bb alignment=\u00bbright\u00bb][\/vc_column][vc_column width=\u00bb1\/2&#8243; css=\u00bb.vc_custom_1648555341360{padding-top: 50px !important;padding-right: 50px !important;padding-bottom: 50px !important;padding-left: 50px !important;}\u00bb][vc_column_text]<\/p>\n<h3 style=\"text-align: left;\"><strong>Pluto4<\/strong><\/h3>\n<p style=\"text-align: left;\">Mientras que el urinario Pluto3 es m\u00e1s adecuado para su uso en eventos especiales, debido a sus ventajas log\u00edsticas (apilable hasta cuatro unidades), el Pluto4 es un urinario m\u00e1s permanente, ideal para per\u00edodos prolongados de colocaci\u00f3n, como en centros urbanos, campamentos solares, gasolineras, merenderos, marinas, etc\u00e9tera.<br \/>\nLa unidad se puede drenar al sistema de alcantarillado o ser reparada por una empresa de alquiler de inodoros. Su superficie es id\u00e9ntica a la de los inodoros port\u00e1tiles m\u00e1s comunes, lo que garantiza una integraci\u00f3n fluida y sin preocupaciones en la flota de inodoros existente de las empresas de alquiler.<\/p>\n<p>[\/vc_column_text][vc_btn title=\u00bbIr al producto\u00bb style=\u00bbflat\u00bb shape=\u00bbsquare\u00bb color=\u00bbinverse\u00bb align=\u00bbleft\u00bb link=\u00bburl:https%3A%2F%2Fatlastoilets.com%2Fes%2Fproducto%2Furinario-portatil-semi-permante%2F|title:Urinario%20port%C3%A1til%20semi-permante%20Pluto4&#8243;][\/vc_column][\/vc_row][vc_row][vc_column width=\u00bb1\/2&#8243; css=\u00bb.vc_custom_1648555312647{padding-top: 50px !important;padding-right: 50px !important;padding-bottom: 50px !important;padding-left: 50px !important;}\u00bb][vc_column_text]<\/p>\n<h3 style=\"text-align: right;\"><strong>Pluto Plus<\/strong><\/h3>\n<p style=\"text-align: right;\">El urinario Pluto Plus viene con una argolla de elevaci\u00f3n probada (prueba de estr\u00e9s T\u00fcv para 500 kg) para facilitar la carga y descarga en el evento y en su dep\u00f3sito.<br \/>\nDebido a su dise\u00f1o curvo, el Pluto Plus se puede amarrar f\u00e1cilmente para el transporte.<br \/>\nEl piso espacioso tiene un relieve en la superficie para una posici\u00f3n segura y las ranuras para horquillas tambi\u00e9n son adecuadas para transpaletas. La base y la parte superior son partes separadas, para una mayor vida \u00fatil del producto completo. El urinario tiene conexiones de drenaje en dos lados.<\/p>\n<p>[\/vc_column_text][vc_btn title=\u00bbIr al producto\u00bb style=\u00bbflat\u00bb shape=\u00bbsquare\u00bb color=\u00bbinverse\u00bb align=\u00bbright\u00bb link=\u00bburl:https%3A%2F%2Fatlastoilets.com%2Fes%2Fproducto%2Furinario-movil%2F|title:Pluto%20Plus%20Urinario%20&#8243;][\/vc_column][vc_column width=\u00bb1\/2&#8243; css=\u00bb.vc_custom_1648564683983{background-color: #ffffff !important;background-position: center !important;background-repeat: no-repeat !important;background-size: cover !important;}\u00bb][vc_single_image image=\u00bb25383&#8243; img_size=\u00bbfull\u00bb][\/vc_column][\/vc_row][vc_row][vc_column width=\u00bb1\/2&#8243; css=\u00bb.vc_custom_1656923106736{background-color: #ffffff !important;background-position: center !important;background-repeat: no-repeat !important;background-size: cover !important;}\u00bb][vc_single_image image=\u00bb29255&#8243; img_size=\u00bbfull\u00bb alignment=\u00bbright\u00bb][\/vc_column][vc_column width=\u00bb1\/2&#8243; css=\u00bb.vc_custom_1656923074073{padding-top: 50px !important;padding-right: 50px !important;padding-bottom: 50px !important;padding-left: 50px !important;}\u00bb][vc_column_text]<\/p>\n<h3 style=\"text-align: left;\"><strong>Pee6<\/strong><\/h3>\n<p style=\"text-align: left;\">El urinario port\u00e1til para 6 personas Pee6 tiene seis lugares de orinar independientes con una capacidad total del tanque de 500 litros.<br \/>\nUn cami\u00f3n puede transportar hasta 14 urinarios, igual a 84 lugares de orinar.<\/p>\n<p>[\/vc_column_text][vc_btn title=\u00bbIr al producto\u00bb style=\u00bbflat\u00bb shape=\u00bbsquare\u00bb color=\u00bbinverse\u00bb align=\u00bbleft\u00bb link=\u00bburl:https%3A%2F%2Fatlastoilets.com%2Fes%2Fproducto%2Furinario-portatil-pare-6-personas%2F|title:Urinoir%20autonome%20semipermanent%20Pluto4&#8243;][\/vc_column][\/vc_row][vc_row css=\u00bb.vc_custom_1648558698679{background-color: #ffffff !important;background-position: center !important;background-repeat: no-repeat !important;background-size: cover !important;}\u00bb][vc_column width=\u00bb1\/6&#8243;][\/vc_column][vc_column width=\u00bb1\/6&#8243;][vc_empty_space height=\u00bb20px\u00bb][vc_single_image image=\u00bb25212&#8243; img_size=\u00bb250&#215;250&#8243; alignment=\u00bbcenter\u00bb][\/vc_column][vc_column width=\u00bb1\/6&#8243;][vc_empty_space height=\u00bb20px\u00bb][vc_single_image image=\u00bb25217&#8243; img_size=\u00bb250&#215;250&#8243; alignment=\u00bbcenter\u00bb][\/vc_column][vc_column width=\u00bb1\/6&#8243;][vc_empty_space height=\u00bb20px\u00bb][vc_single_image image=\u00bb25222&#8243; img_size=\u00bb250&#215;250&#8243; alignment=\u00bbcenter\u00bb][\/vc_column][vc_column width=\u00bb1\/6&#8243;][vc_empty_space height=\u00bb20px\u00bb][vc_single_image image=\u00bb25207&#8243; img_size=\u00bb250&#215;250&#8243; alignment=\u00bbcenter\u00bb][\/vc_column][vc_column width=\u00bb1\/6&#8243;][\/vc_column][\/vc_row]<\/p>\n","protected":false},"excerpt":{"rendered":"<p>[vc_row][vc_column][vc_custom_heading text=\u00bbAtlas es el orgulloso productor de la gama Pluto de urinarios m\u00f3viles.\u00bb font_container=\u00bbtag:h3|text_align:center\u00bb use_theme_fonts=\u00bbyes\u00bb][vc_column_text] Los urinarios Pluto de Atlas son el resultado de m\u00e1s de 20 a\u00f1os de experiencia en la industria del alquiler de ba\u00f1os. No solo pusimos nuestras propias experiencias en estos productos, tambi\u00e9n consultamos con los clientes y les preguntamos sobre [&hellip;]<\/p>\n","protected":false},"author":1,"featured_media":0,"parent":0,"menu_order":0,"comment_status":"closed","ping_status":"closed","template":"","meta":{"footnotes":""},"class_list":["post-25498","page","type-page","status-publish","hentry"],"yoast_head":"<!-- This site is optimized with the Yoast SEO plugin v27.4 - https:\/\/yoast.com\/product\/yoast-seo-wordpress\/ -->\n<title>Urinarios port\u00e1tiles Pluto para eventos y centros urbanos<\/title>\n<meta name=\"description\" content=\"Urinarios port\u00e1tiles Pluto para eventos y centros urbanos. Urinarios favoritos de las empresas de alquiler\" \/>\n<meta name=\"robots\" content=\"index, follow, max-snippet:-1, max-image-preview:large, max-video-preview:-1\" \/>\n<link rel=\"canonical\" href=\"https:\/\/atlastoilets.com\/es\/pluto-urinarios\/\" \/>\n<meta property=\"og:locale\" content=\"es_ES\" \/>\n<meta property=\"og:type\" content=\"article\" \/>\n<meta property=\"og:title\" content=\"Urinarios port\u00e1tiles Pluto para eventos y centros urbanos\" \/>\n<meta property=\"og:description\" content=\"Urinarios port\u00e1tiles Pluto para eventos y centros urbanos. Urinarios favoritos de las empresas de alquiler\" \/>\n<meta property=\"og:url\" content=\"https:\/\/atlastoilets.com\/es\/pluto-urinarios\/\" \/>\n<meta property=\"og:site_name\" content=\"Atlas Sanitation Products\" \/>\n<meta property=\"article:modified_time\" content=\"2022-07-04T10:14:03+00:00\" \/>\n<meta name=\"twitter:card\" content=\"summary_large_image\" \/>\n<meta name=\"twitter:label1\" content=\"Tiempo de lectura\" \/>\n\t<meta name=\"twitter:data1\" content=\"4 minutos\" \/>\n<script type=\"application\/ld+json\" class=\"yoast-schema-graph\">{\"@context\":\"https:\\\/\\\/schema.org\",\"@graph\":[{\"@type\":\"WebPage\",\"@id\":\"https:\\\/\\\/atlastoilets.com\\\/es\\\/pluto-urinarios\\\/\",\"url\":\"https:\\\/\\\/atlastoilets.com\\\/es\\\/pluto-urinarios\\\/\",\"name\":\"Urinarios port\u00e1tiles Pluto para eventos y centros urbanos\",\"isPartOf\":{\"@id\":\"https:\\\/\\\/atlastoilets.com\\\/#website\"},\"datePublished\":\"2022-03-29T07:45:18+00:00\",\"dateModified\":\"2022-07-04T10:14:03+00:00\",\"description\":\"Urinarios port\u00e1tiles Pluto para eventos y centros urbanos. Urinarios favoritos de las empresas de alquiler\",\"breadcrumb\":{\"@id\":\"https:\\\/\\\/atlastoilets.com\\\/es\\\/pluto-urinarios\\\/#breadcrumb\"},\"inLanguage\":\"es\",\"potentialAction\":[{\"@type\":\"ReadAction\",\"target\":[\"https:\\\/\\\/atlastoilets.com\\\/es\\\/pluto-urinarios\\\/\"]}]},{\"@type\":\"BreadcrumbList\",\"@id\":\"https:\\\/\\\/atlastoilets.com\\\/es\\\/pluto-urinarios\\\/#breadcrumb\",\"itemListElement\":[{\"@type\":\"ListItem\",\"position\":1,\"name\":\"Home\",\"item\":\"https:\\\/\\\/atlastoilets.com\\\/es\\\/\"},{\"@type\":\"ListItem\",\"position\":2,\"name\":\"Pluto urinarios\"}]},{\"@type\":\"WebSite\",\"@id\":\"https:\\\/\\\/atlastoilets.com\\\/#website\",\"url\":\"https:\\\/\\\/atlastoilets.com\\\/\",\"name\":\"Atlas Sanitation Products\",\"description\":\"Total supplier for toilet rental companies\",\"potentialAction\":[{\"@type\":\"SearchAction\",\"target\":{\"@type\":\"EntryPoint\",\"urlTemplate\":\"https:\\\/\\\/atlastoilets.com\\\/?s={search_term_string}\"},\"query-input\":{\"@type\":\"PropertyValueSpecification\",\"valueRequired\":true,\"valueName\":\"search_term_string\"}}],\"inLanguage\":\"es\"}]}<\/script>\n<!-- \/ Yoast SEO plugin. -->","yoast_head_json":{"title":"Urinarios port\u00e1tiles Pluto para eventos y centros urbanos","description":"Urinarios port\u00e1tiles Pluto para eventos y centros urbanos. Urinarios favoritos de las empresas de alquiler","robots":{"index":"index","follow":"follow","max-snippet":"max-snippet:-1","max-image-preview":"max-image-preview:large","max-video-preview":"max-video-preview:-1"},"canonical":"https:\/\/atlastoilets.com\/es\/pluto-urinarios\/","og_locale":"es_ES","og_type":"article","og_title":"Urinarios port\u00e1tiles Pluto para eventos y centros urbanos","og_description":"Urinarios port\u00e1tiles Pluto para eventos y centros urbanos. Urinarios favoritos de las empresas de alquiler","og_url":"https:\/\/atlastoilets.com\/es\/pluto-urinarios\/","og_site_name":"Atlas Sanitation Products","article_modified_time":"2022-07-04T10:14:03+00:00","twitter_card":"summary_large_image","twitter_misc":{"Tiempo de lectura":"4 minutos"},"schema":{"@context":"https:\/\/schema.org","@graph":[{"@type":"WebPage","@id":"https:\/\/atlastoilets.com\/es\/pluto-urinarios\/","url":"https:\/\/atlastoilets.com\/es\/pluto-urinarios\/","name":"Urinarios port\u00e1tiles Pluto para eventos y centros urbanos","isPartOf":{"@id":"https:\/\/atlastoilets.com\/#website"},"datePublished":"2022-03-29T07:45:18+00:00","dateModified":"2022-07-04T10:14:03+00:00","description":"Urinarios port\u00e1tiles Pluto para eventos y centros urbanos. Urinarios favoritos de las empresas de alquiler","breadcrumb":{"@id":"https:\/\/atlastoilets.com\/es\/pluto-urinarios\/#breadcrumb"},"inLanguage":"es","potentialAction":[{"@type":"ReadAction","target":["https:\/\/atlastoilets.com\/es\/pluto-urinarios\/"]}]},{"@type":"BreadcrumbList","@id":"https:\/\/atlastoilets.com\/es\/pluto-urinarios\/#breadcrumb","itemListElement":[{"@type":"ListItem","position":1,"name":"Home","item":"https:\/\/atlastoilets.com\/es\/"},{"@type":"ListItem","position":2,"name":"Pluto urinarios"}]},{"@type":"WebSite","@id":"https:\/\/atlastoilets.com\/#website","url":"https:\/\/atlastoilets.com\/","name":"Atlas Sanitation Products","description":"Total supplier for toilet rental companies","potentialAction":[{"@type":"SearchAction","target":{"@type":"EntryPoint","urlTemplate":"https:\/\/atlastoilets.com\/?s={search_term_string}"},"query-input":{"@type":"PropertyValueSpecification","valueRequired":true,"valueName":"search_term_string"}}],"inLanguage":"es"}]}},"_links":{"self":[{"href":"https:\/\/atlastoilets.com\/es\/wp-json\/wp\/v2\/pages\/25498","targetHints":{"allow":["GET"]}}],"collection":[{"href":"https:\/\/atlastoilets.com\/es\/wp-json\/wp\/v2\/pages"}],"about":[{"href":"https:\/\/atlastoilets.com\/es\/wp-json\/wp\/v2\/types\/page"}],"author":[{"embeddable":true,"href":"https:\/\/atlastoilets.com\/es\/wp-json\/wp\/v2\/users\/1"}],"replies":[{"embeddable":true,"href":"https:\/\/atlastoilets.com\/es\/wp-json\/wp\/v2\/comments?post=25498"}],"version-history":[{"count":12,"href":"https:\/\/atlastoilets.com\/es\/wp-json\/wp\/v2\/pages\/25498\/revisions"}],"predecessor-version":[{"id":29298,"href":"https:\/\/atlastoilets.com\/es\/wp-json\/wp\/v2\/pages\/25498\/revisions\/29298"}],"wp:attachment":[{"href":"https:\/\/atlastoilets.com\/es\/wp-json\/wp\/v2\/media?parent=25498"}],"curies":[{"name":"wp","href":"https:\/\/api.w.org\/{rel}","templated":true}]}}