{"id":21918,"date":"2022-03-01T12:59:20","date_gmt":"2022-03-01T12:59:20","guid":{"rendered":"https:\/\/www.mobileurinal.eu\/?page_id=21918"},"modified":"2023-12-11T11:18:36","modified_gmt":"2023-12-11T11:18:36","slug":"reglamento-general-de-proteccion-de-datos-gdpr","status":"publish","type":"page","link":"https:\/\/atlastoilets.com\/es\/reglamento-general-de-proteccion-de-datos-gdpr\/","title":{"rendered":"Reglamento General de Protecci\u00f3n de Datos (GDPR)"},"content":{"rendered":"<p>[vc_row][vc_column width=\u00bb1\/3&#8243;][vc_column_text]<\/p>\n<h2 class=\"entry-title\">Reglamento General de Protecci\u00f3n de Datos (GDPR)<\/h2>\n<p>[\/vc_column_text][\/vc_column][vc_column width=\u00bb2\/3&#8243;][vc_column_text]<strong>Declaraci\u00f3n de privacidad Reglamento General de Protecci\u00f3n de Datos (GDPR)<\/strong><\/p>\n<p>Atlas Sanitation Products B.V., establecida en Koperstraat 60, 2718 RE Zoetermeer, es responsable del procesamiento de datos personales como se muestra en esta declaraci\u00f3n de privacidad.<\/p>\n<p>Datos de contacto: Atlas Sanitation Products B.V., Koperstraat 60, 2718 RE Zoetermeer, tel\u00e9fono 079 2073000<\/p>\n<p>Johan van Zuijlen es el Oficial de Protecci\u00f3n de Datos de Barrera B.V.<br \/>\n\u00c9l \/ ella puede ser contactado a trav\u00e9s de\u00a0johan@atlastoilets.com<\/p>\n<p><strong>Datos personales que procesamos<\/strong><br \/>\nAtlas Sanitation Products B.V. Procese sus datos personales mediante el uso de nuestros servicios y \/ o br\u00edndenos usted mismo. A continuaci\u00f3n se muestra una descripci\u00f3n general de los datos personales que procesamos:<\/p>\n<p>\u2013 Nombre y apellido<br \/>\n\u2013 Detalles de direcci\u00f3n<br \/>\n\u2013 N\u00famero de tel\u00e9fono<br \/>\n\u2013 Direcci\u00f3n de correo electr\u00f3nico<br \/>\n\u2013 direcci\u00f3n IP<br \/>\n\u2013 Informaci\u00f3n sobre sus actividades en nuestro sitio web<br \/>\n\u2013 Navegador de Internet y tipo de dispositivo<\/p>\n<p><strong>Datos personales especiales y \/ o sensibles que procesamos<\/strong><br \/>\nNuestro sitio web y \/ o servicio no tiene la intenci\u00f3n de recopilar datos sobre los visitantes del sitio web que son menores de 16 a\u00f1os. A menos que tengan permiso de los padres o tutores. Sin embargo, no podemos verificar si un visitante es mayor de 16 a\u00f1os. Alentamos a los padres a participar en las actividades en l\u00ednea de sus hijos, a fin de evitar que se recopile informaci\u00f3n sobre ni\u00f1os sin el consentimiento de los padres. Si est\u00e1 convencido de que hemos recopilado informaci\u00f3n personal sobre un menor sin este consentimiento, cont\u00e1ctenos v\u00eda\u00a0info@atlastoilets.com, luego borraremos esta informaci\u00f3n.<\/p>\n<p>\u00bfPara qu\u00e9 y sobre qu\u00e9 base procesamos los datos personales?<br \/>\nAtlas Sanitation Products B.V. procesa su informaci\u00f3n personal para los siguientes prop\u00f3sitos:<\/p>\n<p>\u2013 Manejando su pago<br \/>\n\u2013 Puede llamar o enviar un correo electr\u00f3nico si es necesario para llevar a cabo nuestros servicios<br \/>\n\u2013 Te da la oportunidad de crear una cuenta<br \/>\n\u2013 Para entregarle bienes y servicios<br \/>\n\u2013 Barrera B.V. tambi\u00e9n procesa datos personales si estamos legalmente obligados a hacerlo, como la informaci\u00f3n que necesitamos para nuestra declaraci\u00f3n de impuestos.<\/p>\n<p>Toma de decisiones automatizada<br \/>\nAtlas Sanitation Products B.V. no toma decisiones basadas en el procesamiento automatizado de asuntos que pueden tener consecuencias (significativas) para las personas. Estas son decisiones que toman los programas o sistemas de computadora, sin que una persona (por ejemplo, un empleado de Barrera B.V.) se siente entre ellos. Barrera B.V. utiliza Exact en l\u00ednea para procesar datos y pedidos de clientes.<\/p>\n<p><strong>Cuanto tiempo almacenamos datos personales<\/strong><br \/>\nCuando crea una cuenta, se convierte en un cliente registrado de nuestra tienda en l\u00ednea. Esto significa que elaboramos un perfil de cliente en el que registramos su historial de pedidos. Conservamos su cuenta y los datos hasta que indique que desea eliminarlos.<br \/>\nUtilizamos los siguientes per\u00edodos de retenci\u00f3n para los siguientes datos personales y de productos:<br \/>\n\u00b7 Datos personales&gt; Periodo de retenci\u00f3n&gt; 7 a\u00f1os&gt; Motivo: retenci\u00f3n de impuestos<br \/>\n\u00b7 Personalia&gt; Periodo de retenci\u00f3n&gt; 7 a\u00f1os&gt; Motivo: retenci\u00f3n de impuestos<br \/>\n\u00b7 Direcci\u00f3n&gt; Periodo de retenci\u00f3n&gt; 7 a\u00f1os&gt; Motivo: retenci\u00f3n de impuestos<br \/>\n\u00b7 Art\u00edculos pedidos&gt; 7 a\u00f1os&gt; Motivo: retenci\u00f3n de impuestos<br \/>\nCompartir datos personales con terceros<br \/>\nAtlas Sanitation Products B.V. proporciona solo a terceros y solo si esto es necesario para la ejecuci\u00f3n de nuestro acuerdo con usted o para cumplir con una obligaci\u00f3n legal.<\/p>\n<p><strong>Cookies, o t\u00e9cnicas similares, que usamos<\/strong><br \/>\nAtlas Sanitation Products B.V. usa solo cookies t\u00e9cnicas y funcionales. Y cookies anal\u00edticas que no infringen su privacidad. Una cookie es un peque\u00f1o archivo de texto que se almacena en su computadora, tableta o tel\u00e9fono inteligente la primera vez que visita este sitio web. Las cookies que utilizamos son necesarias para el funcionamiento t\u00e9cnico del sitio web y su facilidad de uso. Se aseguran de que el sitio web funcione correctamente y recuerde, por ejemplo, sus preferencias. Tambi\u00e9n podemos optimizar nuestro sitio web con esto. Puede inhabilitar las cookies configurando su navegador de Internet para que ya no almacene cookies. Adem\u00e1s, tambi\u00e9n puede eliminar toda la informaci\u00f3n guardada previamente a trav\u00e9s de la configuraci\u00f3n de su navegador.<\/p>\n<p><strong>Ver, modificar o eliminar datos<\/strong><br \/>\nUsted tiene derecho a ver, corregir o eliminar sus datos personales. Puede hacerlo usted mismo a trav\u00e9s de la configuraci\u00f3n personal de su cuenta. Adem\u00e1s, tiene derecho a retirar su consentimiento para el procesamiento de datos u objetar el procesamiento de sus datos personales por parte de nuestra empresa y usted tiene derecho a la portabilidad de datos. Esto significa que puede enviarnos una solicitud para que enviemos la informaci\u00f3n personal que tenemos en su archivo inform\u00e1tico a usted u otra organizaci\u00f3n mencionada por usted. Si desea hacer uso de su derecho de objeci\u00f3n y \/ o derecho a la portabilidad de datos o si tiene otras preguntas \/ comentarios sobre el procesamiento de datos, env\u00ede una solicitud espec\u00edfica a\u00a0info@atlastoilets.com[\/vc_column_text][\/vc_column][\/vc_row]<\/p>\n","protected":false},"excerpt":{"rendered":"<p>[vc_row][vc_column width=\u00bb1\/3&#8243;][vc_column_text] Reglamento General de Protecci\u00f3n de Datos (GDPR) [\/vc_column_text][\/vc_column][vc_column width=\u00bb2\/3&#8243;][vc_column_text]Declaraci\u00f3n de privacidad Reglamento General de Protecci\u00f3n de Datos (GDPR) Atlas Sanitation Products B.V., establecida en Koperstraat 60, 2718 RE Zoetermeer, es responsable del procesamiento de datos personales como se muestra en esta declaraci\u00f3n de privacidad. Datos de contacto: Atlas Sanitation Products B.V., Koperstraat 60, [&hellip;]<\/p>\n","protected":false},"author":1,"featured_media":0,"parent":0,"menu_order":0,"comment_status":"closed","ping_status":"open","template":"","meta":{"footnotes":""},"class_list":["post-21918","page","type-page","status-publish","hentry"],"yoast_head":"<!-- This site is optimized with the Yoast SEO plugin v27.4 - https:\/\/yoast.com\/product\/yoast-seo-wordpress\/ -->\n<title>Reglamento General de Protecci\u00f3n de Datos (GDPR)<\/title>\n<meta name=\"robots\" content=\"index, follow, max-snippet:-1, max-image-preview:large, max-video-preview:-1\" \/>\n<link rel=\"canonical\" href=\"https:\/\/atlastoilets.com\/es\/reglamento-general-de-proteccion-de-datos-gdpr\/\" \/>\n<meta property=\"og:locale\" content=\"es_ES\" \/>\n<meta property=\"og:type\" content=\"article\" \/>\n<meta property=\"og:title\" content=\"Reglamento General de Protecci\u00f3n de Datos (GDPR)\" \/>\n<meta property=\"og:description\" content=\"[vc_row][vc_column width=\u00bb1\/3&#8243;][vc_column_text] Reglamento General de Protecci\u00f3n de Datos (GDPR) [\/vc_column_text][\/vc_column][vc_column width=\u00bb2\/3&#8243;][vc_column_text]Declaraci\u00f3n de privacidad Reglamento General de Protecci\u00f3n de Datos (GDPR) Atlas Sanitation Products B.V., establecida en Koperstraat 60, 2718 RE Zoetermeer, es responsable del procesamiento de datos personales como se muestra en esta declaraci\u00f3n de privacidad. Datos de contacto: Atlas Sanitation Products B.V., Koperstraat 60, [&hellip;]\" \/>\n<meta property=\"og:url\" content=\"https:\/\/atlastoilets.com\/es\/reglamento-general-de-proteccion-de-datos-gdpr\/\" \/>\n<meta property=\"og:site_name\" content=\"Atlas Sanitation Products\" \/>\n<meta property=\"article:modified_time\" content=\"2023-12-11T11:18:36+00:00\" \/>\n<meta name=\"twitter:card\" content=\"summary_large_image\" \/>\n<meta name=\"twitter:label1\" content=\"Tiempo de lectura\" \/>\n\t<meta name=\"twitter:data1\" content=\"4 minutos\" \/>\n<script type=\"application\/ld+json\" class=\"yoast-schema-graph\">{\"@context\":\"https:\\\/\\\/schema.org\",\"@graph\":[{\"@type\":\"WebPage\",\"@id\":\"https:\\\/\\\/atlastoilets.com\\\/es\\\/reglamento-general-de-proteccion-de-datos-gdpr\\\/\",\"url\":\"https:\\\/\\\/atlastoilets.com\\\/es\\\/reglamento-general-de-proteccion-de-datos-gdpr\\\/\",\"name\":\"Reglamento General de Protecci\u00f3n de Datos (GDPR)\",\"isPartOf\":{\"@id\":\"https:\\\/\\\/atlastoilets.com\\\/#website\"},\"datePublished\":\"2022-03-01T12:59:20+00:00\",\"dateModified\":\"2023-12-11T11:18:36+00:00\",\"breadcrumb\":{\"@id\":\"https:\\\/\\\/atlastoilets.com\\\/es\\\/reglamento-general-de-proteccion-de-datos-gdpr\\\/#breadcrumb\"},\"inLanguage\":\"es\",\"potentialAction\":[{\"@type\":\"ReadAction\",\"target\":[\"https:\\\/\\\/atlastoilets.com\\\/es\\\/reglamento-general-de-proteccion-de-datos-gdpr\\\/\"]}]},{\"@type\":\"BreadcrumbList\",\"@id\":\"https:\\\/\\\/atlastoilets.com\\\/es\\\/reglamento-general-de-proteccion-de-datos-gdpr\\\/#breadcrumb\",\"itemListElement\":[{\"@type\":\"ListItem\",\"position\":1,\"name\":\"Home\",\"item\":\"https:\\\/\\\/atlastoilets.com\\\/es\\\/\"},{\"@type\":\"ListItem\",\"position\":2,\"name\":\"Reglamento General de Protecci\u00f3n de Datos (GDPR)\"}]},{\"@type\":\"WebSite\",\"@id\":\"https:\\\/\\\/atlastoilets.com\\\/#website\",\"url\":\"https:\\\/\\\/atlastoilets.com\\\/\",\"name\":\"Atlas Sanitation Products\",\"description\":\"Total supplier for toilet rental companies\",\"potentialAction\":[{\"@type\":\"SearchAction\",\"target\":{\"@type\":\"EntryPoint\",\"urlTemplate\":\"https:\\\/\\\/atlastoilets.com\\\/?s={search_term_string}\"},\"query-input\":{\"@type\":\"PropertyValueSpecification\",\"valueRequired\":true,\"valueName\":\"search_term_string\"}}],\"inLanguage\":\"es\"}]}<\/script>\n<!-- \/ Yoast SEO plugin. -->","yoast_head_json":{"title":"Reglamento General de Protecci\u00f3n de Datos (GDPR)","robots":{"index":"index","follow":"follow","max-snippet":"max-snippet:-1","max-image-preview":"max-image-preview:large","max-video-preview":"max-video-preview:-1"},"canonical":"https:\/\/atlastoilets.com\/es\/reglamento-general-de-proteccion-de-datos-gdpr\/","og_locale":"es_ES","og_type":"article","og_title":"Reglamento General de Protecci\u00f3n de Datos (GDPR)","og_description":"[vc_row][vc_column width=\u00bb1\/3&#8243;][vc_column_text] Reglamento General de Protecci\u00f3n de Datos (GDPR) [\/vc_column_text][\/vc_column][vc_column width=\u00bb2\/3&#8243;][vc_column_text]Declaraci\u00f3n de privacidad Reglamento General de Protecci\u00f3n de Datos (GDPR) Atlas Sanitation Products B.V., establecida en Koperstraat 60, 2718 RE Zoetermeer, es responsable del procesamiento de datos personales como se muestra en esta declaraci\u00f3n de privacidad. Datos de contacto: Atlas Sanitation Products B.V., Koperstraat 60, [&hellip;]","og_url":"https:\/\/atlastoilets.com\/es\/reglamento-general-de-proteccion-de-datos-gdpr\/","og_site_name":"Atlas Sanitation Products","article_modified_time":"2023-12-11T11:18:36+00:00","twitter_card":"summary_large_image","twitter_misc":{"Tiempo de lectura":"4 minutos"},"schema":{"@context":"https:\/\/schema.org","@graph":[{"@type":"WebPage","@id":"https:\/\/atlastoilets.com\/es\/reglamento-general-de-proteccion-de-datos-gdpr\/","url":"https:\/\/atlastoilets.com\/es\/reglamento-general-de-proteccion-de-datos-gdpr\/","name":"Reglamento General de Protecci\u00f3n de Datos (GDPR)","isPartOf":{"@id":"https:\/\/atlastoilets.com\/#website"},"datePublished":"2022-03-01T12:59:20+00:00","dateModified":"2023-12-11T11:18:36+00:00","breadcrumb":{"@id":"https:\/\/atlastoilets.com\/es\/reglamento-general-de-proteccion-de-datos-gdpr\/#breadcrumb"},"inLanguage":"es","potentialAction":[{"@type":"ReadAction","target":["https:\/\/atlastoilets.com\/es\/reglamento-general-de-proteccion-de-datos-gdpr\/"]}]},{"@type":"BreadcrumbList","@id":"https:\/\/atlastoilets.com\/es\/reglamento-general-de-proteccion-de-datos-gdpr\/#breadcrumb","itemListElement":[{"@type":"ListItem","position":1,"name":"Home","item":"https:\/\/atlastoilets.com\/es\/"},{"@type":"ListItem","position":2,"name":"Reglamento General de Protecci\u00f3n de Datos (GDPR)"}]},{"@type":"WebSite","@id":"https:\/\/atlastoilets.com\/#website","url":"https:\/\/atlastoilets.com\/","name":"Atlas Sanitation Products","description":"Total supplier for toilet rental companies","potentialAction":[{"@type":"SearchAction","target":{"@type":"EntryPoint","urlTemplate":"https:\/\/atlastoilets.com\/?s={search_term_string}"},"query-input":{"@type":"PropertyValueSpecification","valueRequired":true,"valueName":"search_term_string"}}],"inLanguage":"es"}]}},"_links":{"self":[{"href":"https:\/\/atlastoilets.com\/es\/wp-json\/wp\/v2\/pages\/21918","targetHints":{"allow":["GET"]}}],"collection":[{"href":"https:\/\/atlastoilets.com\/es\/wp-json\/wp\/v2\/pages"}],"about":[{"href":"https:\/\/atlastoilets.com\/es\/wp-json\/wp\/v2\/types\/page"}],"author":[{"embeddable":true,"href":"https:\/\/atlastoilets.com\/es\/wp-json\/wp\/v2\/users\/1"}],"replies":[{"embeddable":true,"href":"https:\/\/atlastoilets.com\/es\/wp-json\/wp\/v2\/comments?post=21918"}],"version-history":[{"count":3,"href":"https:\/\/atlastoilets.com\/es\/wp-json\/wp\/v2\/pages\/21918\/revisions"}],"predecessor-version":[{"id":21949,"href":"https:\/\/atlastoilets.com\/es\/wp-json\/wp\/v2\/pages\/21918\/revisions\/21949"}],"wp:attachment":[{"href":"https:\/\/atlastoilets.com\/es\/wp-json\/wp\/v2\/media?parent=21918"}],"curies":[{"name":"wp","href":"https:\/\/api.w.org\/{rel}","templated":true}]}}