{"id":35522,"date":"2026-01-26T14:13:29","date_gmt":"2026-01-26T14:13:29","guid":{"rendered":"https:\/\/atlastoilets.com\/?post_type=product&#038;p=35522"},"modified":"2026-01-26T16:04:57","modified_gmt":"2026-01-26T16:04:57","slug":"mondo","status":"publish","type":"product","link":"https:\/\/atlastoilets.com\/de\/produkt\/mondo\/","title":{"rendered":"Mondo"},"content":{"rendered":"<p>[vc_row][vc_column][vc_column_text]Das entschieden europ\u00e4ische Design der Mondo stellt eine attraktive Alternative zu anderen Mobiltoiletten dar. Sie ist in f\u00fcnf lebhaften Farben erh\u00e4ltlich und bietet dem Benutzer viele Vorz\u00fcge. Sie ist ger\u00e4umig und gut bel\u00fcftet, um Ger\u00fcche durch einfache aber wichtige Eigenschaften zu reduzieren. Eine Kombination aus Boden- und in die Seitenw\u00e4nde integrierten Bel\u00fcftungsschlitzen sorgen f\u00fcr einen anhaltenden Luftstrom. Das Urinal l\u00e4uft ganz unten in das Entl\u00fcftungsrohr ab, wodurch keine unerw\u00fcnschte Ger\u00fcche vom Tank zur\u00fcck in die Kabine gelangen k\u00f6nnen. Der Sitz befindet sich so weit wie m\u00f6glich vom Urinal entfernt, zum Schutz vor Ger\u00fcchen und au\u00dferhalb des direkten Sichtfelds. In ihrer Gesamtheit bedeuten diese Eigenschaften einen komfortablere, angenehmere Erfahrung f\u00fcr den Endbenutzer.<\/p>\n<p>F\u00fcr den Aufsteller ist die Mondo eine Mobiltoilette, die nur geringer Wartung bedarf, leicht zu pflegen ist und eine lange Haltbarkeit garantiert. Durch die Verwendung einer geringeren Anzahl von Teilen aus hochdichtem Polyethylen ist die Mondo unempfindlich gegen Schl\u00e4ge und Missbrauch. Die Eigenschaften, aufgrund derer sich die Mondo leicht reinigen und pflegen l\u00e4sst, sind die nach vorne geneigte Tankoberfl\u00e4che, der leicht gew\u00f6lbte Boden und der glatte, tiefe Tank. Die Neigung der Tankoberfl\u00e4che und des Fu\u00dfbodens sorgen daf\u00fcr, dass Fl\u00fcssigkeiten ablaufen und der tiefe Tank verbessert die Wirkung der Sanit\u00e4rkonzentrate und erleichtert eine schnelle und vollst\u00e4ndige Entleerung.[\/vc_column_text][\/vc_column][\/vc_row]<\/p>\n","protected":false},"excerpt":{"rendered":"<p>Wegen ihrer einzigartigen Kombination aus Stabilit\u00e4t und Komfort haben die Betreiber von Mobiltoiletten-Unternehmen und die Endnutzer Tufway zur meist genutzten Toilettenkabine der Welt gemacht. Das Innere der Tufway ist ganz auf Benutzungskomfort ausgelegt.<\/p>\n","protected":false},"featured_media":35551,"template":"","meta":[],"product_brand":[],"product_cat":[1395],"product_tag":[],"class_list":{"0":"post-35522","1":"product","2":"type-product","3":"status-publish","4":"has-post-thumbnail","6":"product_cat-standard-mobiltoiletten","8":"first","9":"instock","10":"taxable","11":"shipping-taxable","12":"purchasable","13":"product-type-variable","14":"has-default-attributes"},"yoast_head":"<!-- This site is optimized with the Yoast SEO plugin v27.4 - https:\/\/yoast.com\/product\/yoast-seo-wordpress\/ -->\n<title>Mobiles Toilet Tufway Satellite<\/title>\n<meta name=\"description\" content=\"Wegen ihrer einzigartigen Kombination aus Stabilit\u00e4t und Komfort haben die Betreiber von Mobiltoiletten-Unternehmen und die Endnutzer Tufway.\" \/>\n<meta name=\"robots\" content=\"index, follow, max-snippet:-1, max-image-preview:large, max-video-preview:-1\" \/>\n<link rel=\"canonical\" href=\"https:\/\/atlastoilets.com\/de\/produkt\/mondo\/\" \/>\n<meta property=\"og:locale\" content=\"de_DE\" \/>\n<meta property=\"og:type\" content=\"article\" \/>\n<meta property=\"og:title\" content=\"Mobiles Toilet Tufway Satellite\" \/>\n<meta property=\"og:description\" content=\"Wegen ihrer einzigartigen Kombination aus Stabilit\u00e4t und Komfort haben die Betreiber von Mobiltoiletten-Unternehmen und die Endnutzer Tufway.\" \/>\n<meta property=\"og:url\" content=\"https:\/\/atlastoilets.com\/de\/produkt\/mondo\/\" \/>\n<meta property=\"og:site_name\" content=\"Atlas Sanitation Products\" \/>\n<meta property=\"article:modified_time\" content=\"2026-01-26T16:04:57+00:00\" \/>\n<meta property=\"og:image\" content=\"https:\/\/atlastoilets.com\/wp-content\/uploads\/2026\/01\/32ca3905-def8-4608-b6c7-5d297a66d7fe.webp\" \/>\n\t<meta property=\"og:image:width\" content=\"1080\" \/>\n\t<meta property=\"og:image:height\" content=\"1728\" \/>\n\t<meta property=\"og:image:type\" content=\"image\/webp\" \/>\n<meta name=\"twitter:card\" content=\"summary_large_image\" \/>\n<meta name=\"twitter:label1\" content=\"Gesch\u00e4tzte Lesezeit\" \/>\n\t<meta name=\"twitter:data1\" content=\"2\u00a0Minuten\" \/>\n<script type=\"application\/ld+json\" class=\"yoast-schema-graph\">{\"@context\":\"https:\\\/\\\/schema.org\",\"@graph\":[{\"@type\":[\"WebPage\",\"ItemPage\"],\"@id\":\"https:\\\/\\\/atlastoilets.com\\\/de\\\/produkt\\\/mondo\\\/\",\"url\":\"https:\\\/\\\/atlastoilets.com\\\/de\\\/produkt\\\/mondo\\\/\",\"name\":\"Mobiles Toilet Tufway Satellite\",\"isPartOf\":{\"@id\":\"https:\\\/\\\/atlastoilets.com\\\/#website\"},\"primaryImageOfPage\":{\"@id\":\"https:\\\/\\\/atlastoilets.com\\\/de\\\/produkt\\\/mondo\\\/#primaryimage\"},\"image\":{\"@id\":\"https:\\\/\\\/atlastoilets.com\\\/de\\\/produkt\\\/mondo\\\/#primaryimage\"},\"thumbnailUrl\":\"https:\\\/\\\/atlastoilets.com\\\/wp-content\\\/uploads\\\/2026\\\/01\\\/32ca3905-def8-4608-b6c7-5d297a66d7fe.webp\",\"datePublished\":\"2026-01-26T14:13:29+00:00\",\"dateModified\":\"2026-01-26T16:04:57+00:00\",\"description\":\"Wegen ihrer einzigartigen Kombination aus Stabilit\u00e4t und Komfort haben die Betreiber von Mobiltoiletten-Unternehmen und die Endnutzer Tufway.\",\"breadcrumb\":{\"@id\":\"https:\\\/\\\/atlastoilets.com\\\/de\\\/produkt\\\/mondo\\\/#breadcrumb\"},\"inLanguage\":\"de\",\"potentialAction\":[{\"@type\":\"ReadAction\",\"target\":[\"https:\\\/\\\/atlastoilets.com\\\/de\\\/produkt\\\/mondo\\\/\"]}]},{\"@type\":\"ImageObject\",\"inLanguage\":\"de\",\"@id\":\"https:\\\/\\\/atlastoilets.com\\\/de\\\/produkt\\\/mondo\\\/#primaryimage\",\"url\":\"https:\\\/\\\/atlastoilets.com\\\/wp-content\\\/uploads\\\/2026\\\/01\\\/32ca3905-def8-4608-b6c7-5d297a66d7fe.webp\",\"contentUrl\":\"https:\\\/\\\/atlastoilets.com\\\/wp-content\\\/uploads\\\/2026\\\/01\\\/32ca3905-def8-4608-b6c7-5d297a66d7fe.webp\",\"width\":1080,\"height\":1728},{\"@type\":\"BreadcrumbList\",\"@id\":\"https:\\\/\\\/atlastoilets.com\\\/de\\\/produkt\\\/mondo\\\/#breadcrumb\",\"itemListElement\":[{\"@type\":\"ListItem\",\"position\":1,\"name\":\"Home\",\"item\":\"https:\\\/\\\/atlastoilets.com\\\/de\\\/\"},{\"@type\":\"ListItem\",\"position\":2,\"name\":\"Shop\",\"item\":\"https:\\\/\\\/atlastoilets.com\\\/de\\\/shop-2\\\/\"},{\"@type\":\"ListItem\",\"position\":3,\"name\":\"Mondo\"}]},{\"@type\":\"WebSite\",\"@id\":\"https:\\\/\\\/atlastoilets.com\\\/#website\",\"url\":\"https:\\\/\\\/atlastoilets.com\\\/\",\"name\":\"Atlas Sanitation Products\",\"description\":\"Total supplier for toilet rental companies\",\"potentialAction\":[{\"@type\":\"SearchAction\",\"target\":{\"@type\":\"EntryPoint\",\"urlTemplate\":\"https:\\\/\\\/atlastoilets.com\\\/?s={search_term_string}\"},\"query-input\":{\"@type\":\"PropertyValueSpecification\",\"valueRequired\":true,\"valueName\":\"search_term_string\"}}],\"inLanguage\":\"de\"}]}<\/script>\n<!-- \/ Yoast SEO plugin. -->","yoast_head_json":{"title":"Mobiles Toilet Tufway Satellite","description":"Wegen ihrer einzigartigen Kombination aus Stabilit\u00e4t und Komfort haben die Betreiber von Mobiltoiletten-Unternehmen und die Endnutzer Tufway.","robots":{"index":"index","follow":"follow","max-snippet":"max-snippet:-1","max-image-preview":"max-image-preview:large","max-video-preview":"max-video-preview:-1"},"canonical":"https:\/\/atlastoilets.com\/de\/produkt\/mondo\/","og_locale":"de_DE","og_type":"article","og_title":"Mobiles Toilet Tufway Satellite","og_description":"Wegen ihrer einzigartigen Kombination aus Stabilit\u00e4t und Komfort haben die Betreiber von Mobiltoiletten-Unternehmen und die Endnutzer Tufway.","og_url":"https:\/\/atlastoilets.com\/de\/produkt\/mondo\/","og_site_name":"Atlas Sanitation Products","article_modified_time":"2026-01-26T16:04:57+00:00","og_image":[{"width":1080,"height":1728,"url":"https:\/\/atlastoilets.com\/wp-content\/uploads\/2026\/01\/32ca3905-def8-4608-b6c7-5d297a66d7fe.webp","type":"image\/webp"}],"twitter_card":"summary_large_image","twitter_misc":{"Gesch\u00e4tzte Lesezeit":"2\u00a0Minuten"},"schema":{"@context":"https:\/\/schema.org","@graph":[{"@type":["WebPage","ItemPage"],"@id":"https:\/\/atlastoilets.com\/de\/produkt\/mondo\/","url":"https:\/\/atlastoilets.com\/de\/produkt\/mondo\/","name":"Mobiles Toilet Tufway Satellite","isPartOf":{"@id":"https:\/\/atlastoilets.com\/#website"},"primaryImageOfPage":{"@id":"https:\/\/atlastoilets.com\/de\/produkt\/mondo\/#primaryimage"},"image":{"@id":"https:\/\/atlastoilets.com\/de\/produkt\/mondo\/#primaryimage"},"thumbnailUrl":"https:\/\/atlastoilets.com\/wp-content\/uploads\/2026\/01\/32ca3905-def8-4608-b6c7-5d297a66d7fe.webp","datePublished":"2026-01-26T14:13:29+00:00","dateModified":"2026-01-26T16:04:57+00:00","description":"Wegen ihrer einzigartigen Kombination aus Stabilit\u00e4t und Komfort haben die Betreiber von Mobiltoiletten-Unternehmen und die Endnutzer Tufway.","breadcrumb":{"@id":"https:\/\/atlastoilets.com\/de\/produkt\/mondo\/#breadcrumb"},"inLanguage":"de","potentialAction":[{"@type":"ReadAction","target":["https:\/\/atlastoilets.com\/de\/produkt\/mondo\/"]}]},{"@type":"ImageObject","inLanguage":"de","@id":"https:\/\/atlastoilets.com\/de\/produkt\/mondo\/#primaryimage","url":"https:\/\/atlastoilets.com\/wp-content\/uploads\/2026\/01\/32ca3905-def8-4608-b6c7-5d297a66d7fe.webp","contentUrl":"https:\/\/atlastoilets.com\/wp-content\/uploads\/2026\/01\/32ca3905-def8-4608-b6c7-5d297a66d7fe.webp","width":1080,"height":1728},{"@type":"BreadcrumbList","@id":"https:\/\/atlastoilets.com\/de\/produkt\/mondo\/#breadcrumb","itemListElement":[{"@type":"ListItem","position":1,"name":"Home","item":"https:\/\/atlastoilets.com\/de\/"},{"@type":"ListItem","position":2,"name":"Shop","item":"https:\/\/atlastoilets.com\/de\/shop-2\/"},{"@type":"ListItem","position":3,"name":"Mondo"}]},{"@type":"WebSite","@id":"https:\/\/atlastoilets.com\/#website","url":"https:\/\/atlastoilets.com\/","name":"Atlas Sanitation Products","description":"Total supplier for toilet rental companies","potentialAction":[{"@type":"SearchAction","target":{"@type":"EntryPoint","urlTemplate":"https:\/\/atlastoilets.com\/?s={search_term_string}"},"query-input":{"@type":"PropertyValueSpecification","valueRequired":true,"valueName":"search_term_string"}}],"inLanguage":"de"}]}},"_links":{"self":[{"href":"https:\/\/atlastoilets.com\/de\/wp-json\/wp\/v2\/product\/35522","targetHints":{"allow":["GET"]}}],"collection":[{"href":"https:\/\/atlastoilets.com\/de\/wp-json\/wp\/v2\/product"}],"about":[{"href":"https:\/\/atlastoilets.com\/de\/wp-json\/wp\/v2\/types\/product"}],"wp:featuredmedia":[{"embeddable":true,"href":"https:\/\/atlastoilets.com\/de\/wp-json\/wp\/v2\/media\/35551"}],"wp:attachment":[{"href":"https:\/\/atlastoilets.com\/de\/wp-json\/wp\/v2\/media?parent=35522"}],"wp:term":[{"taxonomy":"product_brand","embeddable":true,"href":"https:\/\/atlastoilets.com\/de\/wp-json\/wp\/v2\/product_brand?post=35522"},{"taxonomy":"product_cat","embeddable":true,"href":"https:\/\/atlastoilets.com\/de\/wp-json\/wp\/v2\/product_cat?post=35522"},{"taxonomy":"product_tag","embeddable":true,"href":"https:\/\/atlastoilets.com\/de\/wp-json\/wp\/v2\/product_tag?post=35522"}],"curies":[{"name":"wp","href":"https:\/\/api.w.org\/{rel}","templated":true}]}}