{"id":35422,"date":"2026-01-26T12:09:52","date_gmt":"2026-01-26T12:09:52","guid":{"rendered":"https:\/\/atlastoilets.com\/?post_type=product&#038;p=35422"},"modified":"2026-01-26T14:10:03","modified_gmt":"2026-01-26T14:10:03","slug":"tufway","status":"publish","type":"product","link":"https:\/\/atlastoilets.com\/de\/produkt\/tufway\/","title":{"rendered":"Tufway"},"content":{"rendered":"<p>[vc_row][vc_column][vc_column_text]Wegen ihrer einzigartigen Kombination aus Stabilit\u00e4t und Komfort haben die Betreiber von Mobiltoiletten-Unternehmen und die Endnutzer Tufway zur meist genutzten Toilettenkabine der Welt gemacht. Das Innere der Tufway ist ganz auf Benutzungskomfort ausgelegt.<\/p>\n<p>Sie ist ger\u00e4umig und gut bel\u00fcftet, um Ger\u00fcche durch einfache aber wichtige Eigenschaften zu reduzieren. Eine Kombination aus Boden- und in die Seitenw\u00e4nde integrierten Bel\u00fcftungsschlitzen sorgen f\u00fcr einen anhaltenden Luftstrom. Das Urinal l\u00e4uft ganz unten in das Entl\u00fcftungsrohr ab, wodurch keine unerw\u00fcnschten Ger\u00fcche vom Tank zur\u00fcck in die Kabine gelangen k\u00f6nnen.<\/p>\n<p>Der Sitz befindet sich so weit wie m\u00f6glich vom Urinal entfernt, zum Schutz vor Ger\u00fcchen und au\u00dferhalb des direkten Sichtfelds. Die Kabine verf\u00fcgt auch \u00fcber einen praktischen Kleiderhaken. In ihrer Gesamtheit bedeuten diese Eigenschaften eine komfortablere, angenehmere Erfahrung f\u00fcr den Endbenutzer.<\/p>\n<p>Alle Seitenw\u00e4nde\/T\u00fcrfront-Kombinationen sind m\u00f6glich[\/vc_column_text][\/vc_column][\/vc_row]<\/p>\n","protected":false},"excerpt":{"rendered":"<p>Wegen ihrer einzigartigen Kombination aus Stabilit\u00e4t und Komfort haben die Betreiber von Mobiltoiletten-Unternehmen und die Endnutzer Tufway zur meist genutzten Toilettenkabine der Welt gemacht. Das Innere der Tufway ist ganz auf Benutzungskomfort ausgelegt.<\/p>\n","protected":false},"featured_media":35367,"template":"","meta":[],"product_brand":[],"product_cat":[1395],"product_tag":[],"class_list":{"0":"post-35422","1":"product","2":"type-product","3":"status-publish","4":"has-post-thumbnail","6":"product_cat-standard-mobiltoiletten","8":"first","9":"instock","10":"taxable","11":"shipping-taxable","12":"purchasable","13":"product-type-variable","14":"has-default-attributes"},"yoast_head":"<!-- This site is optimized with the Yoast SEO plugin v27.5 - https:\/\/yoast.com\/product\/yoast-seo-wordpress\/ -->\n<title>Mobiles Toilet Tufway Satellite<\/title>\n<meta name=\"description\" content=\"Wegen ihrer einzigartigen Kombination aus Stabilit\u00e4t und Komfort haben die Betreiber von Mobiltoiletten-Unternehmen und die Endnutzer Tufway.\" \/>\n<meta name=\"robots\" content=\"index, follow, max-snippet:-1, max-image-preview:large, max-video-preview:-1\" \/>\n<link rel=\"canonical\" href=\"https:\/\/atlastoilets.com\/de\/produkt\/tufway\/\" \/>\n<meta property=\"og:locale\" content=\"de_DE\" \/>\n<meta property=\"og:type\" content=\"article\" \/>\n<meta property=\"og:title\" content=\"Mobiles Toilet Tufway Satellite\" \/>\n<meta property=\"og:description\" content=\"Wegen ihrer einzigartigen Kombination aus Stabilit\u00e4t und Komfort haben die Betreiber von Mobiltoiletten-Unternehmen und die Endnutzer Tufway.\" \/>\n<meta property=\"og:url\" content=\"https:\/\/atlastoilets.com\/de\/produkt\/tufway\/\" \/>\n<meta property=\"og:site_name\" content=\"Atlas Sanitation Products\" \/>\n<meta property=\"article:modified_time\" content=\"2026-01-26T14:10:03+00:00\" \/>\n<meta property=\"og:image\" content=\"https:\/\/atlastoilets.com\/wp-content\/uploads\/2026\/01\/ec901f20-0a5c-4346-a765-289229000fa1.webp\" \/>\n\t<meta property=\"og:image:width\" content=\"1080\" \/>\n\t<meta property=\"og:image:height\" content=\"1620\" \/>\n\t<meta property=\"og:image:type\" content=\"image\/webp\" \/>\n<meta name=\"twitter:card\" content=\"summary_large_image\" \/>\n<meta name=\"twitter:label1\" content=\"Gesch\u00e4tzte Lesezeit\" \/>\n\t<meta name=\"twitter:data1\" content=\"1\u00a0Minute\" \/>\n<script type=\"application\/ld+json\" class=\"yoast-schema-graph\">{\"@context\":\"https:\\\/\\\/schema.org\",\"@graph\":[{\"@type\":[\"WebPage\",\"ItemPage\"],\"@id\":\"https:\\\/\\\/atlastoilets.com\\\/de\\\/produkt\\\/tufway\\\/\",\"url\":\"https:\\\/\\\/atlastoilets.com\\\/de\\\/produkt\\\/tufway\\\/\",\"name\":\"Mobiles Toilet Tufway Satellite\",\"isPartOf\":{\"@id\":\"https:\\\/\\\/atlastoilets.com\\\/#website\"},\"primaryImageOfPage\":{\"@id\":\"https:\\\/\\\/atlastoilets.com\\\/de\\\/produkt\\\/tufway\\\/#primaryimage\"},\"image\":{\"@id\":\"https:\\\/\\\/atlastoilets.com\\\/de\\\/produkt\\\/tufway\\\/#primaryimage\"},\"thumbnailUrl\":\"https:\\\/\\\/atlastoilets.com\\\/wp-content\\\/uploads\\\/2026\\\/01\\\/ec901f20-0a5c-4346-a765-289229000fa1.webp\",\"datePublished\":\"2026-01-26T12:09:52+00:00\",\"dateModified\":\"2026-01-26T14:10:03+00:00\",\"description\":\"Wegen ihrer einzigartigen Kombination aus Stabilit\u00e4t und Komfort haben die Betreiber von Mobiltoiletten-Unternehmen und die Endnutzer Tufway.\",\"breadcrumb\":{\"@id\":\"https:\\\/\\\/atlastoilets.com\\\/de\\\/produkt\\\/tufway\\\/#breadcrumb\"},\"inLanguage\":\"de\",\"potentialAction\":[{\"@type\":\"ReadAction\",\"target\":[\"https:\\\/\\\/atlastoilets.com\\\/de\\\/produkt\\\/tufway\\\/\"]}]},{\"@type\":\"ImageObject\",\"inLanguage\":\"de\",\"@id\":\"https:\\\/\\\/atlastoilets.com\\\/de\\\/produkt\\\/tufway\\\/#primaryimage\",\"url\":\"https:\\\/\\\/atlastoilets.com\\\/wp-content\\\/uploads\\\/2026\\\/01\\\/ec901f20-0a5c-4346-a765-289229000fa1.webp\",\"contentUrl\":\"https:\\\/\\\/atlastoilets.com\\\/wp-content\\\/uploads\\\/2026\\\/01\\\/ec901f20-0a5c-4346-a765-289229000fa1.webp\",\"width\":1080,\"height\":1620},{\"@type\":\"BreadcrumbList\",\"@id\":\"https:\\\/\\\/atlastoilets.com\\\/de\\\/produkt\\\/tufway\\\/#breadcrumb\",\"itemListElement\":[{\"@type\":\"ListItem\",\"position\":1,\"name\":\"Home\",\"item\":\"https:\\\/\\\/atlastoilets.com\\\/de\\\/\"},{\"@type\":\"ListItem\",\"position\":2,\"name\":\"Shop\",\"item\":\"https:\\\/\\\/atlastoilets.com\\\/de\\\/shop-2\\\/\"},{\"@type\":\"ListItem\",\"position\":3,\"name\":\"Tufway\"}]},{\"@type\":\"WebSite\",\"@id\":\"https:\\\/\\\/atlastoilets.com\\\/#website\",\"url\":\"https:\\\/\\\/atlastoilets.com\\\/\",\"name\":\"Atlas Sanitation Products\",\"description\":\"Total supplier for toilet rental companies\",\"potentialAction\":[{\"@type\":\"SearchAction\",\"target\":{\"@type\":\"EntryPoint\",\"urlTemplate\":\"https:\\\/\\\/atlastoilets.com\\\/?s={search_term_string}\"},\"query-input\":{\"@type\":\"PropertyValueSpecification\",\"valueRequired\":true,\"valueName\":\"search_term_string\"}}],\"inLanguage\":\"de\"}]}<\/script>\n<!-- \/ Yoast SEO plugin. -->","yoast_head_json":{"title":"Mobiles Toilet Tufway Satellite","description":"Wegen ihrer einzigartigen Kombination aus Stabilit\u00e4t und Komfort haben die Betreiber von Mobiltoiletten-Unternehmen und die Endnutzer Tufway.","robots":{"index":"index","follow":"follow","max-snippet":"max-snippet:-1","max-image-preview":"max-image-preview:large","max-video-preview":"max-video-preview:-1"},"canonical":"https:\/\/atlastoilets.com\/de\/produkt\/tufway\/","og_locale":"de_DE","og_type":"article","og_title":"Mobiles Toilet Tufway Satellite","og_description":"Wegen ihrer einzigartigen Kombination aus Stabilit\u00e4t und Komfort haben die Betreiber von Mobiltoiletten-Unternehmen und die Endnutzer Tufway.","og_url":"https:\/\/atlastoilets.com\/de\/produkt\/tufway\/","og_site_name":"Atlas Sanitation Products","article_modified_time":"2026-01-26T14:10:03+00:00","og_image":[{"width":1080,"height":1620,"url":"https:\/\/atlastoilets.com\/wp-content\/uploads\/2026\/01\/ec901f20-0a5c-4346-a765-289229000fa1.webp","type":"image\/webp"}],"twitter_card":"summary_large_image","twitter_misc":{"Gesch\u00e4tzte Lesezeit":"1\u00a0Minute"},"schema":{"@context":"https:\/\/schema.org","@graph":[{"@type":["WebPage","ItemPage"],"@id":"https:\/\/atlastoilets.com\/de\/produkt\/tufway\/","url":"https:\/\/atlastoilets.com\/de\/produkt\/tufway\/","name":"Mobiles Toilet Tufway Satellite","isPartOf":{"@id":"https:\/\/atlastoilets.com\/#website"},"primaryImageOfPage":{"@id":"https:\/\/atlastoilets.com\/de\/produkt\/tufway\/#primaryimage"},"image":{"@id":"https:\/\/atlastoilets.com\/de\/produkt\/tufway\/#primaryimage"},"thumbnailUrl":"https:\/\/atlastoilets.com\/wp-content\/uploads\/2026\/01\/ec901f20-0a5c-4346-a765-289229000fa1.webp","datePublished":"2026-01-26T12:09:52+00:00","dateModified":"2026-01-26T14:10:03+00:00","description":"Wegen ihrer einzigartigen Kombination aus Stabilit\u00e4t und Komfort haben die Betreiber von Mobiltoiletten-Unternehmen und die Endnutzer Tufway.","breadcrumb":{"@id":"https:\/\/atlastoilets.com\/de\/produkt\/tufway\/#breadcrumb"},"inLanguage":"de","potentialAction":[{"@type":"ReadAction","target":["https:\/\/atlastoilets.com\/de\/produkt\/tufway\/"]}]},{"@type":"ImageObject","inLanguage":"de","@id":"https:\/\/atlastoilets.com\/de\/produkt\/tufway\/#primaryimage","url":"https:\/\/atlastoilets.com\/wp-content\/uploads\/2026\/01\/ec901f20-0a5c-4346-a765-289229000fa1.webp","contentUrl":"https:\/\/atlastoilets.com\/wp-content\/uploads\/2026\/01\/ec901f20-0a5c-4346-a765-289229000fa1.webp","width":1080,"height":1620},{"@type":"BreadcrumbList","@id":"https:\/\/atlastoilets.com\/de\/produkt\/tufway\/#breadcrumb","itemListElement":[{"@type":"ListItem","position":1,"name":"Home","item":"https:\/\/atlastoilets.com\/de\/"},{"@type":"ListItem","position":2,"name":"Shop","item":"https:\/\/atlastoilets.com\/de\/shop-2\/"},{"@type":"ListItem","position":3,"name":"Tufway"}]},{"@type":"WebSite","@id":"https:\/\/atlastoilets.com\/#website","url":"https:\/\/atlastoilets.com\/","name":"Atlas Sanitation Products","description":"Total supplier for toilet rental companies","potentialAction":[{"@type":"SearchAction","target":{"@type":"EntryPoint","urlTemplate":"https:\/\/atlastoilets.com\/?s={search_term_string}"},"query-input":{"@type":"PropertyValueSpecification","valueRequired":true,"valueName":"search_term_string"}}],"inLanguage":"de"}]}},"_links":{"self":[{"href":"https:\/\/atlastoilets.com\/de\/wp-json\/wp\/v2\/product\/35422","targetHints":{"allow":["GET"]}}],"collection":[{"href":"https:\/\/atlastoilets.com\/de\/wp-json\/wp\/v2\/product"}],"about":[{"href":"https:\/\/atlastoilets.com\/de\/wp-json\/wp\/v2\/types\/product"}],"wp:featuredmedia":[{"embeddable":true,"href":"https:\/\/atlastoilets.com\/de\/wp-json\/wp\/v2\/media\/35367"}],"wp:attachment":[{"href":"https:\/\/atlastoilets.com\/de\/wp-json\/wp\/v2\/media?parent=35422"}],"wp:term":[{"taxonomy":"product_brand","embeddable":true,"href":"https:\/\/atlastoilets.com\/de\/wp-json\/wp\/v2\/product_brand?post=35422"},{"taxonomy":"product_cat","embeddable":true,"href":"https:\/\/atlastoilets.com\/de\/wp-json\/wp\/v2\/product_cat?post=35422"},{"taxonomy":"product_tag","embeddable":true,"href":"https:\/\/atlastoilets.com\/de\/wp-json\/wp\/v2\/product_tag?post=35422"}],"curies":[{"name":"wp","href":"https:\/\/api.w.org\/{rel}","templated":true}]}}