{"id":34567,"date":"2025-04-25T09:17:49","date_gmt":"2025-04-25T09:17:49","guid":{"rendered":"https:\/\/atlastoilets.com\/?post_type=product&#038;p=34567"},"modified":"2025-04-25T10:08:48","modified_gmt":"2025-04-25T10:08:48","slug":"grundplatte-fuer-die-handwaschbecken","status":"publish","type":"product","link":"https:\/\/atlastoilets.com\/de\/produkt\/grundplatte-fuer-die-handwaschbecken\/","title":{"rendered":"Grundplatte f\u00fcr die Handwaschbecken Obbe 2"},"content":{"rendered":"<p>Grundplatte f\u00fcr die Handwaschbecken Obbe 2.<br \/>\nDieser Artikel ist optional f\u00fcr die Obbe 2, um als Basis f\u00fcr die Fu\u00dfpumpe Baby foot zu dienen.<br \/>\nEnthalten sind das Befestigungsmaterial, Unterlegscheiben, Schrauben und Blindnieten.<\/p>\n","protected":false},"excerpt":{"rendered":"<p>Grundplatte f\u00fcr die Handwaschbecken Obbe 2.<br \/>\nDieser Artikel ist optional f\u00fcr die Obbe 2, um als Basis f\u00fcr die Fu\u00dfpumpe Baby foot zu dienen.<\/p>\n","protected":false},"featured_media":34574,"template":"","meta":[],"product_brand":[],"product_cat":[903],"product_tag":[],"class_list":{"0":"post-34567","1":"product","2":"type-product","3":"status-publish","4":"has-post-thumbnail","6":"product_cat-teile-der-handwaschbecken","8":"first","9":"instock","10":"taxable","11":"shipping-taxable","12":"purchasable","13":"product-type-simple"},"yoast_head":"<!-- This site is optimized with the Yoast SEO plugin v27.4 - https:\/\/yoast.com\/product\/yoast-seo-wordpress\/ -->\n<title>Grundplatte f\u00fcr die Handwaschbecken Obbe 2<\/title>\n<meta name=\"description\" content=\"Grundplatte f\u00fcr die Handwaschbecken Obbe 2. Dieser Artikel ist optional f\u00fcr die Obbe 2, um als Basis f\u00fcr die Fu\u00dfpumpe Baby foot zu dienen.\" \/>\n<meta name=\"robots\" content=\"index, follow, max-snippet:-1, max-image-preview:large, max-video-preview:-1\" \/>\n<link rel=\"canonical\" href=\"https:\/\/atlastoilets.com\/de\/produkt\/grundplatte-fuer-die-handwaschbecken\/\" \/>\n<meta property=\"og:locale\" content=\"de_DE\" \/>\n<meta property=\"og:type\" content=\"article\" \/>\n<meta property=\"og:title\" content=\"Grundplatte f\u00fcr die Handwaschbecken Obbe 2\" \/>\n<meta property=\"og:description\" content=\"Grundplatte f\u00fcr die Handwaschbecken Obbe 2. Dieser Artikel ist optional f\u00fcr die Obbe 2, um als Basis f\u00fcr die Fu\u00dfpumpe Baby foot zu dienen.\" \/>\n<meta property=\"og:url\" content=\"https:\/\/atlastoilets.com\/de\/produkt\/grundplatte-fuer-die-handwaschbecken\/\" \/>\n<meta property=\"og:site_name\" content=\"Atlas Sanitation Products\" \/>\n<meta property=\"article:modified_time\" content=\"2025-04-25T10:08:48+00:00\" \/>\n<meta property=\"og:image\" content=\"https:\/\/atlastoilets.com\/wp-content\/uploads\/2025\/04\/voetplaat-Obbe.jpg\" \/>\n\t<meta property=\"og:image:width\" content=\"600\" \/>\n\t<meta property=\"og:image:height\" content=\"600\" \/>\n\t<meta property=\"og:image:type\" content=\"image\/jpeg\" \/>\n<meta name=\"twitter:card\" content=\"summary_large_image\" \/>\n<meta name=\"twitter:label1\" content=\"Gesch\u00e4tzte Lesezeit\" \/>\n\t<meta name=\"twitter:data1\" content=\"1\u00a0Minute\" \/>\n<script type=\"application\/ld+json\" class=\"yoast-schema-graph\">{\"@context\":\"https:\\\/\\\/schema.org\",\"@graph\":[{\"@type\":[\"WebPage\",\"ItemPage\"],\"@id\":\"https:\\\/\\\/atlastoilets.com\\\/de\\\/produkt\\\/grundplatte-fuer-die-handwaschbecken\\\/\",\"url\":\"https:\\\/\\\/atlastoilets.com\\\/de\\\/produkt\\\/grundplatte-fuer-die-handwaschbecken\\\/\",\"name\":\"Grundplatte f\u00fcr die Handwaschbecken Obbe 2\",\"isPartOf\":{\"@id\":\"https:\\\/\\\/atlastoilets.com\\\/#website\"},\"primaryImageOfPage\":{\"@id\":\"https:\\\/\\\/atlastoilets.com\\\/de\\\/produkt\\\/grundplatte-fuer-die-handwaschbecken\\\/#primaryimage\"},\"image\":{\"@id\":\"https:\\\/\\\/atlastoilets.com\\\/de\\\/produkt\\\/grundplatte-fuer-die-handwaschbecken\\\/#primaryimage\"},\"thumbnailUrl\":\"https:\\\/\\\/atlastoilets.com\\\/wp-content\\\/uploads\\\/2025\\\/04\\\/voetplaat-Obbe.jpg\",\"datePublished\":\"2025-04-25T09:17:49+00:00\",\"dateModified\":\"2025-04-25T10:08:48+00:00\",\"description\":\"Grundplatte f\u00fcr die Handwaschbecken Obbe 2. Dieser Artikel ist optional f\u00fcr die Obbe 2, um als Basis f\u00fcr die Fu\u00dfpumpe Baby foot zu dienen.\",\"breadcrumb\":{\"@id\":\"https:\\\/\\\/atlastoilets.com\\\/de\\\/produkt\\\/grundplatte-fuer-die-handwaschbecken\\\/#breadcrumb\"},\"inLanguage\":\"de\",\"potentialAction\":[{\"@type\":\"ReadAction\",\"target\":[\"https:\\\/\\\/atlastoilets.com\\\/de\\\/produkt\\\/grundplatte-fuer-die-handwaschbecken\\\/\"]}]},{\"@type\":\"ImageObject\",\"inLanguage\":\"de\",\"@id\":\"https:\\\/\\\/atlastoilets.com\\\/de\\\/produkt\\\/grundplatte-fuer-die-handwaschbecken\\\/#primaryimage\",\"url\":\"https:\\\/\\\/atlastoilets.com\\\/wp-content\\\/uploads\\\/2025\\\/04\\\/voetplaat-Obbe.jpg\",\"contentUrl\":\"https:\\\/\\\/atlastoilets.com\\\/wp-content\\\/uploads\\\/2025\\\/04\\\/voetplaat-Obbe.jpg\",\"width\":600,\"height\":600,\"caption\":\"base plate\"},{\"@type\":\"BreadcrumbList\",\"@id\":\"https:\\\/\\\/atlastoilets.com\\\/de\\\/produkt\\\/grundplatte-fuer-die-handwaschbecken\\\/#breadcrumb\",\"itemListElement\":[{\"@type\":\"ListItem\",\"position\":1,\"name\":\"Home\",\"item\":\"https:\\\/\\\/atlastoilets.com\\\/de\\\/\"},{\"@type\":\"ListItem\",\"position\":2,\"name\":\"Shop\",\"item\":\"https:\\\/\\\/atlastoilets.com\\\/de\\\/shop-2\\\/\"},{\"@type\":\"ListItem\",\"position\":3,\"name\":\"Grundplatte f\u00fcr die Handwaschbecken Obbe 2\"}]},{\"@type\":\"WebSite\",\"@id\":\"https:\\\/\\\/atlastoilets.com\\\/#website\",\"url\":\"https:\\\/\\\/atlastoilets.com\\\/\",\"name\":\"Atlas Sanitation Products\",\"description\":\"Total supplier for toilet rental companies\",\"potentialAction\":[{\"@type\":\"SearchAction\",\"target\":{\"@type\":\"EntryPoint\",\"urlTemplate\":\"https:\\\/\\\/atlastoilets.com\\\/?s={search_term_string}\"},\"query-input\":{\"@type\":\"PropertyValueSpecification\",\"valueRequired\":true,\"valueName\":\"search_term_string\"}}],\"inLanguage\":\"de\"}]}<\/script>\n<!-- \/ Yoast SEO plugin. -->","yoast_head_json":{"title":"Grundplatte f\u00fcr die Handwaschbecken Obbe 2","description":"Grundplatte f\u00fcr die Handwaschbecken Obbe 2. Dieser Artikel ist optional f\u00fcr die Obbe 2, um als Basis f\u00fcr die Fu\u00dfpumpe Baby foot zu dienen.","robots":{"index":"index","follow":"follow","max-snippet":"max-snippet:-1","max-image-preview":"max-image-preview:large","max-video-preview":"max-video-preview:-1"},"canonical":"https:\/\/atlastoilets.com\/de\/produkt\/grundplatte-fuer-die-handwaschbecken\/","og_locale":"de_DE","og_type":"article","og_title":"Grundplatte f\u00fcr die Handwaschbecken Obbe 2","og_description":"Grundplatte f\u00fcr die Handwaschbecken Obbe 2. Dieser Artikel ist optional f\u00fcr die Obbe 2, um als Basis f\u00fcr die Fu\u00dfpumpe Baby foot zu dienen.","og_url":"https:\/\/atlastoilets.com\/de\/produkt\/grundplatte-fuer-die-handwaschbecken\/","og_site_name":"Atlas Sanitation Products","article_modified_time":"2025-04-25T10:08:48+00:00","og_image":[{"width":600,"height":600,"url":"https:\/\/atlastoilets.com\/wp-content\/uploads\/2025\/04\/voetplaat-Obbe.jpg","type":"image\/jpeg"}],"twitter_card":"summary_large_image","twitter_misc":{"Gesch\u00e4tzte Lesezeit":"1\u00a0Minute"},"schema":{"@context":"https:\/\/schema.org","@graph":[{"@type":["WebPage","ItemPage"],"@id":"https:\/\/atlastoilets.com\/de\/produkt\/grundplatte-fuer-die-handwaschbecken\/","url":"https:\/\/atlastoilets.com\/de\/produkt\/grundplatte-fuer-die-handwaschbecken\/","name":"Grundplatte f\u00fcr die Handwaschbecken Obbe 2","isPartOf":{"@id":"https:\/\/atlastoilets.com\/#website"},"primaryImageOfPage":{"@id":"https:\/\/atlastoilets.com\/de\/produkt\/grundplatte-fuer-die-handwaschbecken\/#primaryimage"},"image":{"@id":"https:\/\/atlastoilets.com\/de\/produkt\/grundplatte-fuer-die-handwaschbecken\/#primaryimage"},"thumbnailUrl":"https:\/\/atlastoilets.com\/wp-content\/uploads\/2025\/04\/voetplaat-Obbe.jpg","datePublished":"2025-04-25T09:17:49+00:00","dateModified":"2025-04-25T10:08:48+00:00","description":"Grundplatte f\u00fcr die Handwaschbecken Obbe 2. Dieser Artikel ist optional f\u00fcr die Obbe 2, um als Basis f\u00fcr die Fu\u00dfpumpe Baby foot zu dienen.","breadcrumb":{"@id":"https:\/\/atlastoilets.com\/de\/produkt\/grundplatte-fuer-die-handwaschbecken\/#breadcrumb"},"inLanguage":"de","potentialAction":[{"@type":"ReadAction","target":["https:\/\/atlastoilets.com\/de\/produkt\/grundplatte-fuer-die-handwaschbecken\/"]}]},{"@type":"ImageObject","inLanguage":"de","@id":"https:\/\/atlastoilets.com\/de\/produkt\/grundplatte-fuer-die-handwaschbecken\/#primaryimage","url":"https:\/\/atlastoilets.com\/wp-content\/uploads\/2025\/04\/voetplaat-Obbe.jpg","contentUrl":"https:\/\/atlastoilets.com\/wp-content\/uploads\/2025\/04\/voetplaat-Obbe.jpg","width":600,"height":600,"caption":"base plate"},{"@type":"BreadcrumbList","@id":"https:\/\/atlastoilets.com\/de\/produkt\/grundplatte-fuer-die-handwaschbecken\/#breadcrumb","itemListElement":[{"@type":"ListItem","position":1,"name":"Home","item":"https:\/\/atlastoilets.com\/de\/"},{"@type":"ListItem","position":2,"name":"Shop","item":"https:\/\/atlastoilets.com\/de\/shop-2\/"},{"@type":"ListItem","position":3,"name":"Grundplatte f\u00fcr die Handwaschbecken Obbe 2"}]},{"@type":"WebSite","@id":"https:\/\/atlastoilets.com\/#website","url":"https:\/\/atlastoilets.com\/","name":"Atlas Sanitation Products","description":"Total supplier for toilet rental companies","potentialAction":[{"@type":"SearchAction","target":{"@type":"EntryPoint","urlTemplate":"https:\/\/atlastoilets.com\/?s={search_term_string}"},"query-input":{"@type":"PropertyValueSpecification","valueRequired":true,"valueName":"search_term_string"}}],"inLanguage":"de"}]}},"_links":{"self":[{"href":"https:\/\/atlastoilets.com\/de\/wp-json\/wp\/v2\/product\/34567","targetHints":{"allow":["GET"]}}],"collection":[{"href":"https:\/\/atlastoilets.com\/de\/wp-json\/wp\/v2\/product"}],"about":[{"href":"https:\/\/atlastoilets.com\/de\/wp-json\/wp\/v2\/types\/product"}],"wp:featuredmedia":[{"embeddable":true,"href":"https:\/\/atlastoilets.com\/de\/wp-json\/wp\/v2\/media\/34574"}],"wp:attachment":[{"href":"https:\/\/atlastoilets.com\/de\/wp-json\/wp\/v2\/media?parent=34567"}],"wp:term":[{"taxonomy":"product_brand","embeddable":true,"href":"https:\/\/atlastoilets.com\/de\/wp-json\/wp\/v2\/product_brand?post=34567"},{"taxonomy":"product_cat","embeddable":true,"href":"https:\/\/atlastoilets.com\/de\/wp-json\/wp\/v2\/product_cat?post=34567"},{"taxonomy":"product_tag","embeddable":true,"href":"https:\/\/atlastoilets.com\/de\/wp-json\/wp\/v2\/product_tag?post=34567"}],"curies":[{"name":"wp","href":"https:\/\/api.w.org\/{rel}","templated":true}]}}