{"id":32652,"date":"2024-01-30T09:57:09","date_gmt":"2024-01-30T09:57:09","guid":{"rendered":"https:\/\/atlastoilets.com\/product\/pluto-plus-grey\/"},"modified":"2024-03-04T13:09:51","modified_gmt":"2024-03-04T13:09:51","slug":"pluto-plus-grey","status":"publish","type":"product","link":"https:\/\/atlastoilets.com\/de\/produkt\/pluto-plus-grey\/","title":{"rendered":"Pluto Plus Grey"},"content":{"rendered":"<p><strong>!!LAGERVERKAUFSOBJEKT!!<\/strong><\/p>\n<p><strong>3X Pluto Plus<\/strong><\/p>\n<p><em>Bitte beachten Sie, dass diese Produkte leichte Farbabweichungen, geringf\u00fcgige kosmetische Sch\u00e4den oder Gebrauchsspuren aufweisen k\u00f6nnen. Wir m\u00f6chten jedoch betonen, dass alle diese Produkte trotz dieser Eigenschaften voll funktionsf\u00e4hig sind und dennoch unseren Qualit\u00e4tsanspr\u00fcchen entsprechen.<\/em><\/p>\n<p>Mobiles Urinal Pluto Plus, eine richtige Erg\u00e4nzung f\u00fcr jeden Toilettenvermieter.<br \/>\nDer Urinalst\u00e4nder Pluto Plus wird mit einer Hebe\u00f6se zum einfachen Be- und Entladen auf der Veranstaltung und in Ihrem Lager geliefert.<br \/>\nDer gro\u00dfz\u00fcgige Boden hat ein Relief f\u00fcr sicheren Stand. Die Gabelschlitze sind auch f\u00fcr Pumpwagen geeignet.<br \/>\nDas mobile Stand-Urinal eignet sich sowohl als Urinal f\u00fcr besondere Anl\u00e4sse als auch als Stand-Urinal f\u00fcr den innerst\u00e4dtischen Einsatz.<\/p>\n<p>Spezifikationen:<\/p>\n<p>H\u00f6he: 2120 mm<br \/>\nBreite: 1150 mm<br \/>\nTiefe: 1150 mm<br \/>\nGewicht: 95 kg<br \/>\nFassungsverm\u00f6gen: 405 Liter<br \/>\n1 \u00bc Zoll Abfluss<br \/>\nErh\u00e4ltlich in mehreren Farben<\/p>\n<p>Der Pluto Plus wird standardm\u00e4\u00dfig geliefert mit:<\/p>\n<p>anhebendes Auge<br \/>\nStaplerschlitze<br \/>\nseparate Basis<\/p>\n<p>Das Ablassventil ist optional und kann hier bestellt werden:<\/p>\n<p>:<a href=\"https:\/\/atlastoilets.com\/de\/produkt\/ablassventil-pluto-plus-urinal\/\">\/product\/drain-valve-mobile-urinal\/<\/a><\/p>\n","protected":false},"excerpt":{"rendered":"<p><strong>!! WAREHOUSE SALE OBJECT !!<\/strong><\/p>\n<p>Wir haben 4x Pluto Plus in unserem Lagerverkauf.<\/p>\n<p><em>Bitte beachten Sie, dass diese Produkte leichte Farbabweichungen, geringf\u00fcgige kosmetische Sch\u00e4den oder Anzeichen fr\u00fcheren Gebrauchs aufweisen k\u00f6nnen. Wir m\u00f6chten jedoch betonen, dass trotz dieser Merkmale alle diese Produkte voll funktionsf\u00e4hig sind und weiterhin unseren Qualit\u00e4tsstandards entsprechen. Bitte sehen Sie sich die Fotos an und kontaktieren Sie uns, wenn Sie ein Angebot w\u00fcnschen oder Fragen haben.<\/em><\/p>\n<p>The Pluto Plus urinal stand comes with a lifting eye for easy loading and unloading at the event and your warehouse.<br \/>\nThe spacious floor has a relief for secure standing. The fork slots are also suited for pump trucks.<\/p>\n","protected":false},"featured_media":32488,"template":"","meta":[],"product_brand":[],"product_cat":[2121],"product_tag":[],"class_list":{"0":"post-32652","1":"product","2":"type-product","3":"status-publish","4":"has-post-thumbnail","6":"product_cat-lagerverkauf","8":"first","9":"instock","10":"taxable","11":"shipping-taxable","12":"purchasable","13":"product-type-simple"},"yoast_head":"<!-- This site is optimized with the Yoast SEO plugin v27.5 - https:\/\/yoast.com\/product\/yoast-seo-wordpress\/ -->\n<title>Pluto Plus Grey - Atlas Sanitation Products<\/title>\n<meta name=\"robots\" content=\"index, follow, max-snippet:-1, max-image-preview:large, max-video-preview:-1\" \/>\n<link rel=\"canonical\" href=\"https:\/\/atlastoilets.com\/de\/produkt\/pluto-plus-grey\/\" \/>\n<meta property=\"og:locale\" content=\"de_DE\" \/>\n<meta property=\"og:type\" content=\"article\" \/>\n<meta property=\"og:title\" content=\"Pluto Plus Grey - Atlas Sanitation Products\" \/>\n<meta property=\"og:description\" content=\"!! WAREHOUSE SALE OBJECT !!  Wir haben 4x Pluto Plus in unserem Lagerverkauf.  Bitte beachten Sie, dass diese Produkte leichte Farbabweichungen, geringf\u00fcgige kosmetische Sch\u00e4den oder Anzeichen fr\u00fcheren Gebrauchs aufweisen k\u00f6nnen. Wir m\u00f6chten jedoch betonen, dass trotz dieser Merkmale alle diese Produkte voll funktionsf\u00e4hig sind und weiterhin unseren Qualit\u00e4tsstandards entsprechen. Bitte sehen Sie sich die Fotos an und kontaktieren Sie uns, wenn Sie ein Angebot w\u00fcnschen oder Fragen haben.  The Pluto Plus urinal stand comes with a lifting eye for easy loading and unloading at the event and your warehouse. The spacious floor has a relief for secure standing. The fork slots are also suited for pump trucks.\" \/>\n<meta property=\"og:url\" content=\"https:\/\/atlastoilets.com\/de\/produkt\/pluto-plus-grey\/\" \/>\n<meta property=\"og:site_name\" content=\"Atlas Sanitation Products\" \/>\n<meta property=\"article:modified_time\" content=\"2024-03-04T13:09:51+00:00\" \/>\n<meta property=\"og:image\" content=\"https:\/\/atlastoilets.com\/wp-content\/uploads\/2024\/01\/IMG_6704.jpg\" \/>\n\t<meta property=\"og:image:width\" content=\"700\" \/>\n\t<meta property=\"og:image:height\" content=\"933\" \/>\n\t<meta property=\"og:image:type\" content=\"image\/jpeg\" \/>\n<meta name=\"twitter:card\" content=\"summary_large_image\" \/>\n<meta name=\"twitter:label1\" content=\"Gesch\u00e4tzte Lesezeit\" \/>\n\t<meta name=\"twitter:data1\" content=\"1\u00a0Minute\" \/>\n<script type=\"application\/ld+json\" class=\"yoast-schema-graph\">{\"@context\":\"https:\\\/\\\/schema.org\",\"@graph\":[{\"@type\":[\"WebPage\",\"ItemPage\"],\"@id\":\"https:\\\/\\\/atlastoilets.com\\\/de\\\/produkt\\\/pluto-plus-grey\\\/\",\"url\":\"https:\\\/\\\/atlastoilets.com\\\/de\\\/produkt\\\/pluto-plus-grey\\\/\",\"name\":\"Pluto Plus Grey - Atlas Sanitation Products\",\"isPartOf\":{\"@id\":\"https:\\\/\\\/atlastoilets.com\\\/#website\"},\"primaryImageOfPage\":{\"@id\":\"https:\\\/\\\/atlastoilets.com\\\/de\\\/produkt\\\/pluto-plus-grey\\\/#primaryimage\"},\"image\":{\"@id\":\"https:\\\/\\\/atlastoilets.com\\\/de\\\/produkt\\\/pluto-plus-grey\\\/#primaryimage\"},\"thumbnailUrl\":\"https:\\\/\\\/atlastoilets.com\\\/wp-content\\\/uploads\\\/2024\\\/01\\\/IMG_6704.jpg\",\"datePublished\":\"2024-01-30T09:57:09+00:00\",\"dateModified\":\"2024-03-04T13:09:51+00:00\",\"breadcrumb\":{\"@id\":\"https:\\\/\\\/atlastoilets.com\\\/de\\\/produkt\\\/pluto-plus-grey\\\/#breadcrumb\"},\"inLanguage\":\"de\",\"potentialAction\":[{\"@type\":\"ReadAction\",\"target\":[\"https:\\\/\\\/atlastoilets.com\\\/de\\\/produkt\\\/pluto-plus-grey\\\/\"]}]},{\"@type\":\"ImageObject\",\"inLanguage\":\"de\",\"@id\":\"https:\\\/\\\/atlastoilets.com\\\/de\\\/produkt\\\/pluto-plus-grey\\\/#primaryimage\",\"url\":\"https:\\\/\\\/atlastoilets.com\\\/wp-content\\\/uploads\\\/2024\\\/01\\\/IMG_6704.jpg\",\"contentUrl\":\"https:\\\/\\\/atlastoilets.com\\\/wp-content\\\/uploads\\\/2024\\\/01\\\/IMG_6704.jpg\",\"width\":700,\"height\":933},{\"@type\":\"BreadcrumbList\",\"@id\":\"https:\\\/\\\/atlastoilets.com\\\/de\\\/produkt\\\/pluto-plus-grey\\\/#breadcrumb\",\"itemListElement\":[{\"@type\":\"ListItem\",\"position\":1,\"name\":\"Home\",\"item\":\"https:\\\/\\\/atlastoilets.com\\\/de\\\/\"},{\"@type\":\"ListItem\",\"position\":2,\"name\":\"Shop\",\"item\":\"https:\\\/\\\/atlastoilets.com\\\/de\\\/shop-2\\\/\"},{\"@type\":\"ListItem\",\"position\":3,\"name\":\"Pluto Plus Grey\"}]},{\"@type\":\"WebSite\",\"@id\":\"https:\\\/\\\/atlastoilets.com\\\/#website\",\"url\":\"https:\\\/\\\/atlastoilets.com\\\/\",\"name\":\"Atlas Sanitation Products\",\"description\":\"Total supplier for toilet rental companies\",\"potentialAction\":[{\"@type\":\"SearchAction\",\"target\":{\"@type\":\"EntryPoint\",\"urlTemplate\":\"https:\\\/\\\/atlastoilets.com\\\/?s={search_term_string}\"},\"query-input\":{\"@type\":\"PropertyValueSpecification\",\"valueRequired\":true,\"valueName\":\"search_term_string\"}}],\"inLanguage\":\"de\"}]}<\/script>\n<!-- \/ Yoast SEO plugin. -->","yoast_head_json":{"title":"Pluto Plus Grey - Atlas Sanitation Products","robots":{"index":"index","follow":"follow","max-snippet":"max-snippet:-1","max-image-preview":"max-image-preview:large","max-video-preview":"max-video-preview:-1"},"canonical":"https:\/\/atlastoilets.com\/de\/produkt\/pluto-plus-grey\/","og_locale":"de_DE","og_type":"article","og_title":"Pluto Plus Grey - Atlas Sanitation Products","og_description":"!! WAREHOUSE SALE OBJECT !!  Wir haben 4x Pluto Plus in unserem Lagerverkauf.  Bitte beachten Sie, dass diese Produkte leichte Farbabweichungen, geringf\u00fcgige kosmetische Sch\u00e4den oder Anzeichen fr\u00fcheren Gebrauchs aufweisen k\u00f6nnen. Wir m\u00f6chten jedoch betonen, dass trotz dieser Merkmale alle diese Produkte voll funktionsf\u00e4hig sind und weiterhin unseren Qualit\u00e4tsstandards entsprechen. Bitte sehen Sie sich die Fotos an und kontaktieren Sie uns, wenn Sie ein Angebot w\u00fcnschen oder Fragen haben.  The Pluto Plus urinal stand comes with a lifting eye for easy loading and unloading at the event and your warehouse. The spacious floor has a relief for secure standing. The fork slots are also suited for pump trucks.","og_url":"https:\/\/atlastoilets.com\/de\/produkt\/pluto-plus-grey\/","og_site_name":"Atlas Sanitation Products","article_modified_time":"2024-03-04T13:09:51+00:00","og_image":[{"width":700,"height":933,"url":"https:\/\/atlastoilets.com\/wp-content\/uploads\/2024\/01\/IMG_6704.jpg","type":"image\/jpeg"}],"twitter_card":"summary_large_image","twitter_misc":{"Gesch\u00e4tzte Lesezeit":"1\u00a0Minute"},"schema":{"@context":"https:\/\/schema.org","@graph":[{"@type":["WebPage","ItemPage"],"@id":"https:\/\/atlastoilets.com\/de\/produkt\/pluto-plus-grey\/","url":"https:\/\/atlastoilets.com\/de\/produkt\/pluto-plus-grey\/","name":"Pluto Plus Grey - Atlas Sanitation Products","isPartOf":{"@id":"https:\/\/atlastoilets.com\/#website"},"primaryImageOfPage":{"@id":"https:\/\/atlastoilets.com\/de\/produkt\/pluto-plus-grey\/#primaryimage"},"image":{"@id":"https:\/\/atlastoilets.com\/de\/produkt\/pluto-plus-grey\/#primaryimage"},"thumbnailUrl":"https:\/\/atlastoilets.com\/wp-content\/uploads\/2024\/01\/IMG_6704.jpg","datePublished":"2024-01-30T09:57:09+00:00","dateModified":"2024-03-04T13:09:51+00:00","breadcrumb":{"@id":"https:\/\/atlastoilets.com\/de\/produkt\/pluto-plus-grey\/#breadcrumb"},"inLanguage":"de","potentialAction":[{"@type":"ReadAction","target":["https:\/\/atlastoilets.com\/de\/produkt\/pluto-plus-grey\/"]}]},{"@type":"ImageObject","inLanguage":"de","@id":"https:\/\/atlastoilets.com\/de\/produkt\/pluto-plus-grey\/#primaryimage","url":"https:\/\/atlastoilets.com\/wp-content\/uploads\/2024\/01\/IMG_6704.jpg","contentUrl":"https:\/\/atlastoilets.com\/wp-content\/uploads\/2024\/01\/IMG_6704.jpg","width":700,"height":933},{"@type":"BreadcrumbList","@id":"https:\/\/atlastoilets.com\/de\/produkt\/pluto-plus-grey\/#breadcrumb","itemListElement":[{"@type":"ListItem","position":1,"name":"Home","item":"https:\/\/atlastoilets.com\/de\/"},{"@type":"ListItem","position":2,"name":"Shop","item":"https:\/\/atlastoilets.com\/de\/shop-2\/"},{"@type":"ListItem","position":3,"name":"Pluto Plus Grey"}]},{"@type":"WebSite","@id":"https:\/\/atlastoilets.com\/#website","url":"https:\/\/atlastoilets.com\/","name":"Atlas Sanitation Products","description":"Total supplier for toilet rental companies","potentialAction":[{"@type":"SearchAction","target":{"@type":"EntryPoint","urlTemplate":"https:\/\/atlastoilets.com\/?s={search_term_string}"},"query-input":{"@type":"PropertyValueSpecification","valueRequired":true,"valueName":"search_term_string"}}],"inLanguage":"de"}]}},"_links":{"self":[{"href":"https:\/\/atlastoilets.com\/de\/wp-json\/wp\/v2\/product\/32652","targetHints":{"allow":["GET"]}}],"collection":[{"href":"https:\/\/atlastoilets.com\/de\/wp-json\/wp\/v2\/product"}],"about":[{"href":"https:\/\/atlastoilets.com\/de\/wp-json\/wp\/v2\/types\/product"}],"wp:featuredmedia":[{"embeddable":true,"href":"https:\/\/atlastoilets.com\/de\/wp-json\/wp\/v2\/media\/32488"}],"wp:attachment":[{"href":"https:\/\/atlastoilets.com\/de\/wp-json\/wp\/v2\/media?parent=32652"}],"wp:term":[{"taxonomy":"product_brand","embeddable":true,"href":"https:\/\/atlastoilets.com\/de\/wp-json\/wp\/v2\/product_brand?post=32652"},{"taxonomy":"product_cat","embeddable":true,"href":"https:\/\/atlastoilets.com\/de\/wp-json\/wp\/v2\/product_cat?post=32652"},{"taxonomy":"product_tag","embeddable":true,"href":"https:\/\/atlastoilets.com\/de\/wp-json\/wp\/v2\/product_tag?post=32652"}],"curies":[{"name":"wp","href":"https:\/\/api.w.org\/{rel}","templated":true}]}}