{"id":32016,"date":"2023-11-14T17:25:53","date_gmt":"2023-11-14T17:25:53","guid":{"rendered":"https:\/\/atlastoilets.com\/?post_type=product&#038;p=32016"},"modified":"2023-11-24T08:37:09","modified_gmt":"2023-11-24T08:37:09","slug":"helios-handwaschbecken-und-urinal","status":"publish","type":"product","link":"https:\/\/atlastoilets.com\/de\/produkt\/helios-handwaschbecken-und-urinal\/","title":{"rendered":"Helios Handwaschbecken und Urinal"},"content":{"rendered":"<p><span class=\"HwtZe\" lang=\"de\"><span class=\"jCAhz ChMk0b\"><span class=\"ryNqvb\">Handwaschbecken und Urinal, der Helios vereint beides zu einer Sanit\u00e4reinheit f\u00fcr den Einbau in mobile Toiletten.<\/span><\/span> <span class=\"jCAhz ChMk0b\"><span class=\"ryNqvb\">Der Frischwassertank fasst ca. 36 Liter Frischwasser, wobei das Urinal \u00fcber einen Schlauch in den Toilettentank abflie\u00dft.<\/span><\/span> <span class=\"jCAhz ChMk0b\"><span class=\"ryNqvb\">Die Sp\u00fclung des Urinals erfolgt mit dem Wasser, das zum H\u00e4ndewaschen im Waschbecken verwendet wird.<\/span><\/span> <span class=\"jCAhz ChMk0b\"><span class=\"ryNqvb\">Das Helios-Ger\u00e4t ist in zwei Graut\u00f6nen erh\u00e4ltlich: Dunkel- und Hellgrau.<\/span><\/span> <span class=\"jCAhz ChMk0b\"><span class=\"ryNqvb\">Der Helios kann mit Ihrem Logo versehen werden.<\/span><\/span> <span class=\"jCAhz ChMk0b\"><span class=\"ryNqvb\">Bitte kontaktieren Sie uns bez\u00fcglich der Mindestbestellmenge.<\/span><\/span><\/span><\/p>\n<p>\u00b7 H\u00f6he: 112 cm<br \/>\n\u00b7 Waschbeckenbreite: 55 \/ 39 cm<br \/>\n\u00b7 Waschbeckentiefe: 28 \/ 25 cm<br \/>\n\u00b7 Gewicht: Leer 10 kg \/ Gef\u00fcllt 46 kg<br \/>\n\u00b7 Frischwasserkapazit\u00e4t: 36 Liter<\/p>\n","protected":false},"excerpt":{"rendered":"<p><span class=\"HwtZe\" lang=\"de\"><span class=\"jCAhz ChMk0b\"><span class=\"ryNqvb\"><img loading=\"lazy\" decoding=\"async\" class=\"size-full wp-image-32145 alignright\" src=\"https:\/\/atlastoilets.com\/wp-content\/uploads\/2023\/11\/helios-logo-web.png\" alt=\"\" width=\"280\" height=\"149\" \/>Handwaschger\u00e4t und Urinal, der Helios vereint beides zu einer Sanit\u00e4reinheit f\u00fcr den Einbau in mobile Toiletten.<\/span><\/span> <span class=\"jCAhz ChMk0b\"><span class=\"ryNqvb\">Der Frischwassertank fasst ca. 36 Liter Frischwasser, wobei das Urinal \u00fcber einen Schlauch in den Toilettentank abflie\u00dft.<\/span><\/span><\/span><\/p>\n<p>&nbsp;<\/p>\n","protected":false},"featured_media":32313,"template":"","meta":[],"product_brand":[],"product_cat":[845,861,911,857],"product_tag":[1032],"class_list":{"0":"post-32016","1":"product","2":"type-product","3":"status-publish","4":"has-post-thumbnail","6":"product_cat-1-personen-urinale","7":"product_cat-einbau-handwaschbecken","8":"product_cat-ersatzteile-fuer-bauwagen","9":"product_cat-handwaschbecken","10":"product_tag-obbe-de","12":"first","13":"instock","14":"taxable","15":"shipping-taxable","16":"purchasable","17":"product-type-simple"},"yoast_head":"<!-- This site is optimized with the Yoast SEO plugin v27.4 - https:\/\/yoast.com\/product\/yoast-seo-wordpress\/ -->\n<title>Handwaschbecken und Urinal, der Helios<\/title>\n<meta name=\"description\" content=\"Handwaschbecken und Urinal, der Helios vereint beides zu einer Sanit\u00e4reinheit f\u00fcr den Einbau in mobile Toiletten. Der Tank enth\u00e4lt ca. 20 Liter Frischwasser\" \/>\n<meta name=\"robots\" content=\"index, follow, max-snippet:-1, max-image-preview:large, max-video-preview:-1\" \/>\n<link rel=\"canonical\" href=\"https:\/\/atlastoilets.com\/de\/produkt\/helios-handwaschbecken-und-urinal\/\" \/>\n<meta property=\"og:locale\" content=\"de_DE\" \/>\n<meta property=\"og:type\" content=\"article\" \/>\n<meta property=\"og:title\" content=\"Handwaschbecken und Urinal, der Helios\" \/>\n<meta property=\"og:description\" content=\"Handwaschbecken und Urinal, der Helios vereint beides zu einer Sanit\u00e4reinheit f\u00fcr den Einbau in mobile Toiletten. Der Tank enth\u00e4lt ca. 20 Liter Frischwasser\" \/>\n<meta property=\"og:url\" content=\"https:\/\/atlastoilets.com\/de\/produkt\/helios-handwaschbecken-und-urinal\/\" \/>\n<meta property=\"og:site_name\" content=\"Atlas Sanitation Products\" \/>\n<meta property=\"article:modified_time\" content=\"2023-11-24T08:37:09+00:00\" \/>\n<meta property=\"og:image\" content=\"https:\/\/atlastoilets.com\/wp-content\/uploads\/2023\/11\/Helios-gg.jpg\" \/>\n\t<meta property=\"og:image:width\" content=\"600\" \/>\n\t<meta property=\"og:image:height\" content=\"600\" \/>\n\t<meta property=\"og:image:type\" content=\"image\/jpeg\" \/>\n<meta name=\"twitter:card\" content=\"summary_large_image\" \/>\n<meta name=\"twitter:label1\" content=\"Gesch\u00e4tzte Lesezeit\" \/>\n\t<meta name=\"twitter:data1\" content=\"1\u00a0Minute\" \/>\n<script type=\"application\/ld+json\" class=\"yoast-schema-graph\">{\"@context\":\"https:\\\/\\\/schema.org\",\"@graph\":[{\"@type\":[\"WebPage\",\"ItemPage\"],\"@id\":\"https:\\\/\\\/atlastoilets.com\\\/de\\\/produkt\\\/helios-handwaschbecken-und-urinal\\\/\",\"url\":\"https:\\\/\\\/atlastoilets.com\\\/de\\\/produkt\\\/helios-handwaschbecken-und-urinal\\\/\",\"name\":\"Handwaschbecken und Urinal, der Helios\",\"isPartOf\":{\"@id\":\"https:\\\/\\\/atlastoilets.com\\\/#website\"},\"primaryImageOfPage\":{\"@id\":\"https:\\\/\\\/atlastoilets.com\\\/de\\\/produkt\\\/helios-handwaschbecken-und-urinal\\\/#primaryimage\"},\"image\":{\"@id\":\"https:\\\/\\\/atlastoilets.com\\\/de\\\/produkt\\\/helios-handwaschbecken-und-urinal\\\/#primaryimage\"},\"thumbnailUrl\":\"https:\\\/\\\/atlastoilets.com\\\/wp-content\\\/uploads\\\/2023\\\/11\\\/Helios-gg-550x550-1.jpg\",\"datePublished\":\"2023-11-14T17:25:53+00:00\",\"dateModified\":\"2023-11-24T08:37:09+00:00\",\"description\":\"Handwaschbecken und Urinal, der Helios vereint beides zu einer Sanit\u00e4reinheit f\u00fcr den Einbau in mobile Toiletten. Der Tank enth\u00e4lt ca. 20 Liter Frischwasser\",\"breadcrumb\":{\"@id\":\"https:\\\/\\\/atlastoilets.com\\\/de\\\/produkt\\\/helios-handwaschbecken-und-urinal\\\/#breadcrumb\"},\"inLanguage\":\"de\",\"potentialAction\":[{\"@type\":\"ReadAction\",\"target\":[\"https:\\\/\\\/atlastoilets.com\\\/de\\\/produkt\\\/helios-handwaschbecken-und-urinal\\\/\"]}]},{\"@type\":\"ImageObject\",\"inLanguage\":\"de\",\"@id\":\"https:\\\/\\\/atlastoilets.com\\\/de\\\/produkt\\\/helios-handwaschbecken-und-urinal\\\/#primaryimage\",\"url\":\"https:\\\/\\\/atlastoilets.com\\\/wp-content\\\/uploads\\\/2023\\\/11\\\/Helios-gg-550x550-1.jpg\",\"contentUrl\":\"https:\\\/\\\/atlastoilets.com\\\/wp-content\\\/uploads\\\/2023\\\/11\\\/Helios-gg-550x550-1.jpg\",\"width\":550,\"height\":550,\"caption\":\"hand wash and urinal\"},{\"@type\":\"BreadcrumbList\",\"@id\":\"https:\\\/\\\/atlastoilets.com\\\/de\\\/produkt\\\/helios-handwaschbecken-und-urinal\\\/#breadcrumb\",\"itemListElement\":[{\"@type\":\"ListItem\",\"position\":1,\"name\":\"Home\",\"item\":\"https:\\\/\\\/atlastoilets.com\\\/de\\\/\"},{\"@type\":\"ListItem\",\"position\":2,\"name\":\"Shop\",\"item\":\"https:\\\/\\\/atlastoilets.com\\\/de\\\/shop-2\\\/\"},{\"@type\":\"ListItem\",\"position\":3,\"name\":\"Helios Handwaschbecken und Urinal\"}]},{\"@type\":\"WebSite\",\"@id\":\"https:\\\/\\\/atlastoilets.com\\\/#website\",\"url\":\"https:\\\/\\\/atlastoilets.com\\\/\",\"name\":\"Atlas Sanitation Products\",\"description\":\"Total supplier for toilet rental companies\",\"potentialAction\":[{\"@type\":\"SearchAction\",\"target\":{\"@type\":\"EntryPoint\",\"urlTemplate\":\"https:\\\/\\\/atlastoilets.com\\\/?s={search_term_string}\"},\"query-input\":{\"@type\":\"PropertyValueSpecification\",\"valueRequired\":true,\"valueName\":\"search_term_string\"}}],\"inLanguage\":\"de\"}]}<\/script>\n<!-- \/ Yoast SEO plugin. -->","yoast_head_json":{"title":"Handwaschbecken und Urinal, der Helios","description":"Handwaschbecken und Urinal, der Helios vereint beides zu einer Sanit\u00e4reinheit f\u00fcr den Einbau in mobile Toiletten. Der Tank enth\u00e4lt ca. 20 Liter Frischwasser","robots":{"index":"index","follow":"follow","max-snippet":"max-snippet:-1","max-image-preview":"max-image-preview:large","max-video-preview":"max-video-preview:-1"},"canonical":"https:\/\/atlastoilets.com\/de\/produkt\/helios-handwaschbecken-und-urinal\/","og_locale":"de_DE","og_type":"article","og_title":"Handwaschbecken und Urinal, der Helios","og_description":"Handwaschbecken und Urinal, der Helios vereint beides zu einer Sanit\u00e4reinheit f\u00fcr den Einbau in mobile Toiletten. Der Tank enth\u00e4lt ca. 20 Liter Frischwasser","og_url":"https:\/\/atlastoilets.com\/de\/produkt\/helios-handwaschbecken-und-urinal\/","og_site_name":"Atlas Sanitation Products","article_modified_time":"2023-11-24T08:37:09+00:00","og_image":[{"width":600,"height":600,"url":"https:\/\/atlastoilets.com\/wp-content\/uploads\/2023\/11\/Helios-gg.jpg","type":"image\/jpeg"}],"twitter_card":"summary_large_image","twitter_misc":{"Gesch\u00e4tzte Lesezeit":"1\u00a0Minute"},"schema":{"@context":"https:\/\/schema.org","@graph":[{"@type":["WebPage","ItemPage"],"@id":"https:\/\/atlastoilets.com\/de\/produkt\/helios-handwaschbecken-und-urinal\/","url":"https:\/\/atlastoilets.com\/de\/produkt\/helios-handwaschbecken-und-urinal\/","name":"Handwaschbecken und Urinal, der Helios","isPartOf":{"@id":"https:\/\/atlastoilets.com\/#website"},"primaryImageOfPage":{"@id":"https:\/\/atlastoilets.com\/de\/produkt\/helios-handwaschbecken-und-urinal\/#primaryimage"},"image":{"@id":"https:\/\/atlastoilets.com\/de\/produkt\/helios-handwaschbecken-und-urinal\/#primaryimage"},"thumbnailUrl":"https:\/\/atlastoilets.com\/wp-content\/uploads\/2023\/11\/Helios-gg-550x550-1.jpg","datePublished":"2023-11-14T17:25:53+00:00","dateModified":"2023-11-24T08:37:09+00:00","description":"Handwaschbecken und Urinal, der Helios vereint beides zu einer Sanit\u00e4reinheit f\u00fcr den Einbau in mobile Toiletten. Der Tank enth\u00e4lt ca. 20 Liter Frischwasser","breadcrumb":{"@id":"https:\/\/atlastoilets.com\/de\/produkt\/helios-handwaschbecken-und-urinal\/#breadcrumb"},"inLanguage":"de","potentialAction":[{"@type":"ReadAction","target":["https:\/\/atlastoilets.com\/de\/produkt\/helios-handwaschbecken-und-urinal\/"]}]},{"@type":"ImageObject","inLanguage":"de","@id":"https:\/\/atlastoilets.com\/de\/produkt\/helios-handwaschbecken-und-urinal\/#primaryimage","url":"https:\/\/atlastoilets.com\/wp-content\/uploads\/2023\/11\/Helios-gg-550x550-1.jpg","contentUrl":"https:\/\/atlastoilets.com\/wp-content\/uploads\/2023\/11\/Helios-gg-550x550-1.jpg","width":550,"height":550,"caption":"hand wash and urinal"},{"@type":"BreadcrumbList","@id":"https:\/\/atlastoilets.com\/de\/produkt\/helios-handwaschbecken-und-urinal\/#breadcrumb","itemListElement":[{"@type":"ListItem","position":1,"name":"Home","item":"https:\/\/atlastoilets.com\/de\/"},{"@type":"ListItem","position":2,"name":"Shop","item":"https:\/\/atlastoilets.com\/de\/shop-2\/"},{"@type":"ListItem","position":3,"name":"Helios Handwaschbecken und Urinal"}]},{"@type":"WebSite","@id":"https:\/\/atlastoilets.com\/#website","url":"https:\/\/atlastoilets.com\/","name":"Atlas Sanitation Products","description":"Total supplier for toilet rental companies","potentialAction":[{"@type":"SearchAction","target":{"@type":"EntryPoint","urlTemplate":"https:\/\/atlastoilets.com\/?s={search_term_string}"},"query-input":{"@type":"PropertyValueSpecification","valueRequired":true,"valueName":"search_term_string"}}],"inLanguage":"de"}]}},"_links":{"self":[{"href":"https:\/\/atlastoilets.com\/de\/wp-json\/wp\/v2\/product\/32016","targetHints":{"allow":["GET"]}}],"collection":[{"href":"https:\/\/atlastoilets.com\/de\/wp-json\/wp\/v2\/product"}],"about":[{"href":"https:\/\/atlastoilets.com\/de\/wp-json\/wp\/v2\/types\/product"}],"wp:featuredmedia":[{"embeddable":true,"href":"https:\/\/atlastoilets.com\/de\/wp-json\/wp\/v2\/media\/32313"}],"wp:attachment":[{"href":"https:\/\/atlastoilets.com\/de\/wp-json\/wp\/v2\/media?parent=32016"}],"wp:term":[{"taxonomy":"product_brand","embeddable":true,"href":"https:\/\/atlastoilets.com\/de\/wp-json\/wp\/v2\/product_brand?post=32016"},{"taxonomy":"product_cat","embeddable":true,"href":"https:\/\/atlastoilets.com\/de\/wp-json\/wp\/v2\/product_cat?post=32016"},{"taxonomy":"product_tag","embeddable":true,"href":"https:\/\/atlastoilets.com\/de\/wp-json\/wp\/v2\/product_tag?post=32016"}],"curies":[{"name":"wp","href":"https:\/\/api.w.org\/{rel}","templated":true}]}}