{"id":28504,"date":"2022-06-27T11:44:19","date_gmt":"2022-06-27T11:44:19","guid":{"rendered":"https:\/\/www.mobileurinal.eu\/?post_type=product&#038;p=28504"},"modified":"2024-09-16T11:11:47","modified_gmt":"2024-09-16T11:11:47","slug":"mobile-toilettenkabine","status":"publish","type":"product","link":"https:\/\/atlastoilets.com\/de\/produkt\/mobile-toilettenkabine\/","title":{"rendered":"Mobiele Toilettenkabine CUBE"},"content":{"rendered":"<h3>Mobile Toilettenkabine CUBE<\/h3>\n<p>Die mobile Toilettenkabine CUBE ist ein Arbeitstier unter den Toiletten, konzipiert f\u00fcr die Bed\u00fcrfnisse von Toilettenvermietern. Es ist ein echter Fortschritt in der mobilen Sanit\u00e4rbranche und das Ergebnis jahrelanger Erfahrung. CUBE bietet maximalen Bedienkomfort f\u00fcr den Vermieter und eine Gestaltung mit Liebe zum Detail und den Bed\u00fcrfnissen der Nutzer.<\/p>\n<p>Merkmale:<br \/>\n\u00b7 210 l\/55 Gallonen Grauwassertank. mit Sitz und Bezug<br \/>\n\u00b7 Rutschfester Boden<br \/>\n\u00b7 Wandgem\u00e4lde<br \/>\n\u00b7 Haken f\u00fcr Werkzeugg\u00fcrtel oder Jacke<br \/>\n\u00b7 Toilettenpapierhalter f\u00fcr 3 Rollen<br \/>\n\u00b7 An die Gestaltung der W\u00e4nde angepasstes L\u00fcftungsrohr zur Maximierung des Innenraums<br \/>\n\u00b7 Integrierte, nicht abnehmbare Bel\u00fcftung sch\u00fctzt die Kabine vor Regen und sorgt f\u00fcr eine gute Bel\u00fcftung im Badezimmer<br \/>\n\u00b7 Rot\/gr\u00fcne Besetzt-\/Leer-Anzeige<br \/>\n\u00ad\u00b7 An der T\u00fcr installierte einstellbare Windwiderstandsvorrichtung<br \/>\n\u00b7 Integrierte Vorh\u00e4ngeschlossscharniere<\/p>\n<p>Material:<br \/>\n\u00b7 Polyethylen hoher Dichte mit Anti-UV-Behandlung<br \/>\n\u00b7 Dach aus lichtdurchl\u00e4ssigem Polyethylen mit Anti-UV-Behandlung<br \/>\n\u00b7 Rutschfester Polyethylenboden<\/p>\n<p>Serienm\u00e4\u00dfig mit F\u00e4kalientank, Urinal und Papierrollenhalter ausgestattet.<\/p>\n<p>Technische Daten:<\/p>\n<table border=\"1\" cellspacing=\"0\" cellpadding=\"0\">\n<tbody>\n<tr>\n<td valign=\"top\" width=\"284\">H\u00f6he<\/td>\n<td valign=\"top\" width=\"284\">233 cm<\/td>\n<\/tr>\n<tr>\n<td valign=\"top\" width=\"284\">Breite<\/td>\n<td valign=\"top\" width=\"284\">106 cm<\/td>\n<\/tr>\n<tr>\n<td valign=\"top\" width=\"284\">Tiefe<\/td>\n<td valign=\"top\" width=\"284\">106 cm<\/td>\n<\/tr>\n<tr>\n<td valign=\"top\" width=\"284\">T\u00fcr\u00f6ffnungbreite<\/td>\n<td valign=\"top\" width=\"284\">60 cm<\/td>\n<\/tr>\n<tr>\n<td valign=\"top\" width=\"284\">Interior<\/td>\n<td valign=\"top\" width=\"284\">100 x 100 cm<\/td>\n<\/tr>\n<tr>\n<td valign=\"top\" width=\"284\">Tank Kapazit\u00e4t<\/td>\n<td valign=\"top\" width=\"284\">210 liter<\/td>\n<\/tr>\n<tr>\n<td valign=\"top\" width=\"284\">Sitz h\u00f6he<\/td>\n<td valign=\"top\" width=\"284\">51 cm<\/td>\n<\/tr>\n<tr>\n<td valign=\"top\" width=\"284\">Gewicht<\/td>\n<td valign=\"top\" width=\"284\">76 kg<\/td>\n<\/tr>\n<tr>\n<td valign=\"top\" width=\"284\">Material<\/td>\n<td valign=\"top\" width=\"284\">HDPE<\/td>\n<\/tr>\n<\/tbody>\n<\/table>\n<p>Diese vielseitige mobile Toilettenkabine ist ideal f\u00fcr die Versorgung einer gro\u00dfen Anzahl von Menschen.<br \/>\nCUBE wurde unter Ber\u00fccksichtigung der Bed\u00fcrfnisse der Nutzer auf Baustellen und bei Veranstaltungen konzipiert. F\u00fcr die Herstellung langlebiger Toiletten, die einer gro\u00dffl\u00e4chigen Nutzung standhalten, wurden die st\u00e4rksten Materialien verwendet.<\/p>\n<p>Wir haben verschiedene Farben auf Lager. F\u00fcr die Verf\u00fcgbarkeit kontaktieren Sie uns bitte per E-Mail oder Telefon 0031-182 -342088.<\/p>\n","protected":false},"excerpt":{"rendered":"<p>Die mobile Toilettenkabine CUBE ist ein Arbeitstier unter den Toiletten, konzipiert f\u00fcr die Bed\u00fcrfnisse von Toilettenvermietern. Es ist ein echter Fortschritt in der mobilen Sanit\u00e4rbranche und das Ergebnis jahrelanger Erfahrung. CUBE bietet maximalen Bedienkomfort f\u00fcr den Vermieter und eine Gestaltung mit Liebe zum Detail und den Bed\u00fcrfnissen der Nutzer.<\/p>\n","protected":false},"featured_media":28421,"template":"","meta":[],"product_brand":[],"product_cat":[1395],"product_tag":[],"class_list":{"0":"post-28504","1":"product","2":"type-product","3":"status-publish","4":"has-post-thumbnail","6":"product_cat-standard-mobiltoiletten","8":"first","9":"instock","10":"taxable","11":"shipping-taxable","12":"purchasable","13":"product-type-simple"},"yoast_head":"<!-- This site is optimized with the Yoast SEO plugin v27.5 - https:\/\/yoast.com\/product\/yoast-seo-wordpress\/ -->\n<title>Mobile Toilettenkabine CUBE<\/title>\n<meta name=\"description\" content=\"Die mobile Toilettenkabine CUBE, konzipiert f\u00fcr die Bed\u00fcrfnisse von ToilettenvermieternMobiele mit F\u00e4kalientank, Urinal und Papierrollenhalter.\" \/>\n<meta name=\"robots\" content=\"index, follow, max-snippet:-1, max-image-preview:large, max-video-preview:-1\" \/>\n<link rel=\"canonical\" href=\"https:\/\/atlastoilets.com\/de\/produkt\/mobile-toilettenkabine\/\" \/>\n<meta property=\"og:locale\" content=\"de_DE\" \/>\n<meta property=\"og:type\" content=\"article\" \/>\n<meta property=\"og:title\" content=\"Mobile Toilettenkabine CUBE\" \/>\n<meta property=\"og:description\" content=\"Die mobile Toilettenkabine CUBE, konzipiert f\u00fcr die Bed\u00fcrfnisse von ToilettenvermieternMobiele mit F\u00e4kalientank, Urinal und Papierrollenhalter.\" \/>\n<meta property=\"og:url\" content=\"https:\/\/atlastoilets.com\/de\/produkt\/mobile-toilettenkabine\/\" \/>\n<meta property=\"og:site_name\" content=\"Atlas Sanitation Products\" \/>\n<meta property=\"article:modified_time\" content=\"2024-09-16T11:11:47+00:00\" \/>\n<meta property=\"og:image\" content=\"https:\/\/atlastoilets.com\/wp-content\/uploads\/2022\/06\/portable-toilet.jpg\" \/>\n\t<meta property=\"og:image:width\" content=\"600\" \/>\n\t<meta property=\"og:image:height\" content=\"600\" \/>\n\t<meta property=\"og:image:type\" content=\"image\/jpeg\" \/>\n<meta name=\"twitter:card\" content=\"summary_large_image\" \/>\n<meta name=\"twitter:label1\" content=\"Gesch\u00e4tzte Lesezeit\" \/>\n\t<meta name=\"twitter:data1\" content=\"2\u00a0Minuten\" \/>\n<script type=\"application\/ld+json\" class=\"yoast-schema-graph\">{\"@context\":\"https:\\\/\\\/schema.org\",\"@graph\":[{\"@type\":[\"WebPage\",\"ItemPage\"],\"@id\":\"https:\\\/\\\/atlastoilets.com\\\/de\\\/produkt\\\/mobile-toilettenkabine\\\/\",\"url\":\"https:\\\/\\\/atlastoilets.com\\\/de\\\/produkt\\\/mobile-toilettenkabine\\\/\",\"name\":\"Mobile Toilettenkabine CUBE\",\"isPartOf\":{\"@id\":\"https:\\\/\\\/atlastoilets.com\\\/#website\"},\"primaryImageOfPage\":{\"@id\":\"https:\\\/\\\/atlastoilets.com\\\/de\\\/produkt\\\/mobile-toilettenkabine\\\/#primaryimage\"},\"image\":{\"@id\":\"https:\\\/\\\/atlastoilets.com\\\/de\\\/produkt\\\/mobile-toilettenkabine\\\/#primaryimage\"},\"thumbnailUrl\":\"https:\\\/\\\/atlastoilets.com\\\/wp-content\\\/uploads\\\/2022\\\/06\\\/portable-toilet.jpg\",\"datePublished\":\"2022-06-27T11:44:19+00:00\",\"dateModified\":\"2024-09-16T11:11:47+00:00\",\"description\":\"Die mobile Toilettenkabine CUBE, konzipiert f\u00fcr die Bed\u00fcrfnisse von ToilettenvermieternMobiele mit F\u00e4kalientank, Urinal und Papierrollenhalter.\",\"breadcrumb\":{\"@id\":\"https:\\\/\\\/atlastoilets.com\\\/de\\\/produkt\\\/mobile-toilettenkabine\\\/#breadcrumb\"},\"inLanguage\":\"de\",\"potentialAction\":[{\"@type\":\"ReadAction\",\"target\":[\"https:\\\/\\\/atlastoilets.com\\\/de\\\/produkt\\\/mobile-toilettenkabine\\\/\"]}]},{\"@type\":\"ImageObject\",\"inLanguage\":\"de\",\"@id\":\"https:\\\/\\\/atlastoilets.com\\\/de\\\/produkt\\\/mobile-toilettenkabine\\\/#primaryimage\",\"url\":\"https:\\\/\\\/atlastoilets.com\\\/wp-content\\\/uploads\\\/2022\\\/06\\\/portable-toilet.jpg\",\"contentUrl\":\"https:\\\/\\\/atlastoilets.com\\\/wp-content\\\/uploads\\\/2022\\\/06\\\/portable-toilet.jpg\",\"width\":600,\"height\":600,\"caption\":\"mobile Toilettenkabine\"},{\"@type\":\"BreadcrumbList\",\"@id\":\"https:\\\/\\\/atlastoilets.com\\\/de\\\/produkt\\\/mobile-toilettenkabine\\\/#breadcrumb\",\"itemListElement\":[{\"@type\":\"ListItem\",\"position\":1,\"name\":\"Home\",\"item\":\"https:\\\/\\\/atlastoilets.com\\\/de\\\/\"},{\"@type\":\"ListItem\",\"position\":2,\"name\":\"Shop\",\"item\":\"https:\\\/\\\/atlastoilets.com\\\/de\\\/shop-2\\\/\"},{\"@type\":\"ListItem\",\"position\":3,\"name\":\"Mobiele Toilettenkabine CUBE\"}]},{\"@type\":\"WebSite\",\"@id\":\"https:\\\/\\\/atlastoilets.com\\\/#website\",\"url\":\"https:\\\/\\\/atlastoilets.com\\\/\",\"name\":\"Atlas Sanitation Products\",\"description\":\"Total supplier for toilet rental companies\",\"potentialAction\":[{\"@type\":\"SearchAction\",\"target\":{\"@type\":\"EntryPoint\",\"urlTemplate\":\"https:\\\/\\\/atlastoilets.com\\\/?s={search_term_string}\"},\"query-input\":{\"@type\":\"PropertyValueSpecification\",\"valueRequired\":true,\"valueName\":\"search_term_string\"}}],\"inLanguage\":\"de\"}]}<\/script>\n<!-- \/ Yoast SEO plugin. -->","yoast_head_json":{"title":"Mobile Toilettenkabine CUBE","description":"Die mobile Toilettenkabine CUBE, konzipiert f\u00fcr die Bed\u00fcrfnisse von ToilettenvermieternMobiele mit F\u00e4kalientank, Urinal und Papierrollenhalter.","robots":{"index":"index","follow":"follow","max-snippet":"max-snippet:-1","max-image-preview":"max-image-preview:large","max-video-preview":"max-video-preview:-1"},"canonical":"https:\/\/atlastoilets.com\/de\/produkt\/mobile-toilettenkabine\/","og_locale":"de_DE","og_type":"article","og_title":"Mobile Toilettenkabine CUBE","og_description":"Die mobile Toilettenkabine CUBE, konzipiert f\u00fcr die Bed\u00fcrfnisse von ToilettenvermieternMobiele mit F\u00e4kalientank, Urinal und Papierrollenhalter.","og_url":"https:\/\/atlastoilets.com\/de\/produkt\/mobile-toilettenkabine\/","og_site_name":"Atlas Sanitation Products","article_modified_time":"2024-09-16T11:11:47+00:00","og_image":[{"width":600,"height":600,"url":"https:\/\/atlastoilets.com\/wp-content\/uploads\/2022\/06\/portable-toilet.jpg","type":"image\/jpeg"}],"twitter_card":"summary_large_image","twitter_misc":{"Gesch\u00e4tzte Lesezeit":"2\u00a0Minuten"},"schema":{"@context":"https:\/\/schema.org","@graph":[{"@type":["WebPage","ItemPage"],"@id":"https:\/\/atlastoilets.com\/de\/produkt\/mobile-toilettenkabine\/","url":"https:\/\/atlastoilets.com\/de\/produkt\/mobile-toilettenkabine\/","name":"Mobile Toilettenkabine CUBE","isPartOf":{"@id":"https:\/\/atlastoilets.com\/#website"},"primaryImageOfPage":{"@id":"https:\/\/atlastoilets.com\/de\/produkt\/mobile-toilettenkabine\/#primaryimage"},"image":{"@id":"https:\/\/atlastoilets.com\/de\/produkt\/mobile-toilettenkabine\/#primaryimage"},"thumbnailUrl":"https:\/\/atlastoilets.com\/wp-content\/uploads\/2022\/06\/portable-toilet.jpg","datePublished":"2022-06-27T11:44:19+00:00","dateModified":"2024-09-16T11:11:47+00:00","description":"Die mobile Toilettenkabine CUBE, konzipiert f\u00fcr die Bed\u00fcrfnisse von ToilettenvermieternMobiele mit F\u00e4kalientank, Urinal und Papierrollenhalter.","breadcrumb":{"@id":"https:\/\/atlastoilets.com\/de\/produkt\/mobile-toilettenkabine\/#breadcrumb"},"inLanguage":"de","potentialAction":[{"@type":"ReadAction","target":["https:\/\/atlastoilets.com\/de\/produkt\/mobile-toilettenkabine\/"]}]},{"@type":"ImageObject","inLanguage":"de","@id":"https:\/\/atlastoilets.com\/de\/produkt\/mobile-toilettenkabine\/#primaryimage","url":"https:\/\/atlastoilets.com\/wp-content\/uploads\/2022\/06\/portable-toilet.jpg","contentUrl":"https:\/\/atlastoilets.com\/wp-content\/uploads\/2022\/06\/portable-toilet.jpg","width":600,"height":600,"caption":"mobile Toilettenkabine"},{"@type":"BreadcrumbList","@id":"https:\/\/atlastoilets.com\/de\/produkt\/mobile-toilettenkabine\/#breadcrumb","itemListElement":[{"@type":"ListItem","position":1,"name":"Home","item":"https:\/\/atlastoilets.com\/de\/"},{"@type":"ListItem","position":2,"name":"Shop","item":"https:\/\/atlastoilets.com\/de\/shop-2\/"},{"@type":"ListItem","position":3,"name":"Mobiele Toilettenkabine CUBE"}]},{"@type":"WebSite","@id":"https:\/\/atlastoilets.com\/#website","url":"https:\/\/atlastoilets.com\/","name":"Atlas Sanitation Products","description":"Total supplier for toilet rental companies","potentialAction":[{"@type":"SearchAction","target":{"@type":"EntryPoint","urlTemplate":"https:\/\/atlastoilets.com\/?s={search_term_string}"},"query-input":{"@type":"PropertyValueSpecification","valueRequired":true,"valueName":"search_term_string"}}],"inLanguage":"de"}]}},"_links":{"self":[{"href":"https:\/\/atlastoilets.com\/de\/wp-json\/wp\/v2\/product\/28504","targetHints":{"allow":["GET"]}}],"collection":[{"href":"https:\/\/atlastoilets.com\/de\/wp-json\/wp\/v2\/product"}],"about":[{"href":"https:\/\/atlastoilets.com\/de\/wp-json\/wp\/v2\/types\/product"}],"wp:featuredmedia":[{"embeddable":true,"href":"https:\/\/atlastoilets.com\/de\/wp-json\/wp\/v2\/media\/28421"}],"wp:attachment":[{"href":"https:\/\/atlastoilets.com\/de\/wp-json\/wp\/v2\/media?parent=28504"}],"wp:term":[{"taxonomy":"product_brand","embeddable":true,"href":"https:\/\/atlastoilets.com\/de\/wp-json\/wp\/v2\/product_brand?post=28504"},{"taxonomy":"product_cat","embeddable":true,"href":"https:\/\/atlastoilets.com\/de\/wp-json\/wp\/v2\/product_cat?post=28504"},{"taxonomy":"product_tag","embeddable":true,"href":"https:\/\/atlastoilets.com\/de\/wp-json\/wp\/v2\/product_tag?post=28504"}],"curies":[{"name":"wp","href":"https:\/\/api.w.org\/{rel}","templated":true}]}}