{"id":25743,"date":"2022-03-21T09:43:29","date_gmt":"2022-03-21T09:43:29","guid":{"rendered":"https:\/\/www.mobileurinal.eu\/?post_type=product&#038;p=25743"},"modified":"2024-04-02T11:36:08","modified_gmt":"2024-04-02T11:36:08","slug":"mobiles-urinal-pluto-plus","status":"publish","type":"product","link":"https:\/\/atlastoilets.com\/de\/produkt\/mobiles-urinal-pluto-plus\/","title":{"rendered":"Pluto Plus Urinal"},"content":{"rendered":"<p>[vc_row][vc_column][vc_column_text]Mobiles Urinal Pluto Plus, eine richtige Erg\u00e4nzung f\u00fcr jeden Toilettenvermieter.<br \/>\nDer Urinalst\u00e4nder Pluto Plus wird mit einer Hebe\u00f6se zum einfachen Be- und Entladen auf der Veranstaltung und in Ihrem Lager geliefert.<br \/>\nDer gro\u00dfz\u00fcgige Boden hat ein Relief f\u00fcr sicheren Stand. Die Gabelschlitze sind auch f\u00fcr Pumpwagen geeignet.<br \/>\nDas mobile Stand-Urinal eignet sich sowohl als Urinal f\u00fcr besondere Anl\u00e4sse als auch als Stand-Urinal f\u00fcr den innerst\u00e4dtischen Einsatz.<\/p>\n<p>Spezifikationen:<\/p>\n<p>H\u00f6he: 2120 mm<br \/>\nBreite: 1150 mm<br \/>\nTiefe: 1150 mm<br \/>\nGewicht: 95 kg<br \/>\nFassungsverm\u00f6gen: 405 Liter<br \/>\n1 \u00bc Zoll Abfluss<br \/>\nErh\u00e4ltlich in mehreren Farben<\/p>\n<p>Der Pluto Plus wird standardm\u00e4\u00dfig geliefert mit:<\/p>\n<p>anhebendes Auge<br \/>\nStaplerschlitze<br \/>\nseparate Basis<\/p>\n<p>Das Ablassventil ist optional und kann hier bestellt werden:<\/p>\n<p><strong><a href=\"https:\/\/atlastoilets.com\/de\/produkt\/ablassventil-pluto-plus-urinal\/\">Ablassventil<\/a><\/strong><\/p>\n<p><span id=\"result_box\" class=\"short_text\" lang=\"en\"><span class=\"hps\" title=\"Klik voor alternatieve vertalingen\">\u00a0<\/span><\/span>[\/vc_column_text][vc_single_image image=&#8220;28357&#8243; img_size=&#8220;full&#8220;][\/vc_column][\/vc_row][vc_row][vc_column width=&#8220;1\/6&#8243;][vc_single_image image=&#8220;32730&#8243; img_size=&#8220;80&#215;85&#8243; onclick=&#8220;custom_link&#8220; img_link_target=&#8220;_blank&#8220; link=&#8220;https:\/\/atlastoilets.com\/documentation\/Datasheet-1721005-PlutoPlus-V02.pdf&#8220;][\/vc_column][vc_column width=&#8220;1\/6&#8243;][vc_single_image image=&#8220;32725&#8243; img_size=&#8220;80&#215;85&#8243; onclick=&#8220;custom_link&#8220; img_link_target=&#8220;_blank&#8220; link=&#8220;https:\/\/atlastoilets.com\/documentation\/Productsheet-1721005-PlutoPlus-V02.pdf&#8220;][\/vc_column][vc_column width=&#8220;1\/6&#8243;][\/vc_column][vc_column width=&#8220;1\/6&#8243;][\/vc_column][vc_column width=&#8220;1\/6&#8243;][\/vc_column][vc_column width=&#8220;1\/6&#8243;][\/vc_column][\/vc_row]<\/p>\n","protected":false},"excerpt":{"rendered":"<div class=\"woocommerce-product-details__short-description\"><img loading=\"lazy\" decoding=\"async\" class=\"alignright size-full wp-image-30192\" src=\"https:\/\/atlastoilets.com\/wp-content\/uploads\/2022\/03\/PlutoPlus-Logo.png\" alt=\"pluto plus logo\" width=\"140\" height=\"142\" srcset=\"https:\/\/atlastoilets.com\/wp-content\/uploads\/2022\/03\/PlutoPlus-Logo.png 140w, https:\/\/atlastoilets.com\/wp-content\/uploads\/2022\/03\/PlutoPlus-Logo-100x100.png 100w, https:\/\/atlastoilets.com\/wp-content\/uploads\/2022\/03\/PlutoPlus-Logo-40x40.png 40w\" sizes=\"auto, (max-width: 140px) 100vw, 140px\" \/>Das Pluto Plus Urinal, eine richtige Erg\u00e4nzung f\u00fcr jeden Toilettenvermieter.<\/div>\n","protected":false},"featured_media":26349,"template":"","meta":[],"product_brand":[],"product_cat":[849,865],"product_tag":[],"class_list":{"0":"post-25743","1":"product","2":"type-product","3":"status-publish","4":"has-post-thumbnail","6":"product_cat-4-personen-urinale","7":"product_cat-mobile-urinale","9":"first","10":"instock","11":"taxable","12":"shipping-taxable","13":"purchasable","14":"product-type-variable","15":"has-default-attributes"},"yoast_head":"<!-- This site is optimized with the Yoast SEO plugin v27.4 - https:\/\/yoast.com\/product\/yoast-seo-wordpress\/ -->\n<title>Mobiles Urinal f\u00fcr Toilettenvermieter Pluto Plus<\/title>\n<meta name=\"description\" content=\"Mobiles Urinal f\u00fcr Toilettenvermieter Pluto Plus, eine richtige Erg\u00e4nzung f\u00fcr jeden Toilettenvermieter. Urinalstand mit Hebe\u00f6se\" \/>\n<meta name=\"robots\" content=\"index, follow, max-snippet:-1, max-image-preview:large, max-video-preview:-1\" \/>\n<link rel=\"canonical\" href=\"https:\/\/atlastoilets.com\/de\/produkt\/mobiles-urinal-pluto-plus\/\" \/>\n<meta property=\"og:locale\" content=\"de_DE\" \/>\n<meta property=\"og:type\" content=\"article\" \/>\n<meta property=\"og:title\" content=\"Mobiles Urinal f\u00fcr Toilettenvermieter Pluto Plus\" \/>\n<meta property=\"og:description\" content=\"Mobiles Urinal f\u00fcr Toilettenvermieter Pluto Plus, eine richtige Erg\u00e4nzung f\u00fcr jeden Toilettenvermieter. Urinalstand mit Hebe\u00f6se\" \/>\n<meta property=\"og:url\" content=\"https:\/\/atlastoilets.com\/de\/produkt\/mobiles-urinal-pluto-plus\/\" \/>\n<meta property=\"og:site_name\" content=\"Atlas Sanitation Products\" \/>\n<meta property=\"article:modified_time\" content=\"2024-04-02T11:36:08+00:00\" \/>\n<meta property=\"og:image\" content=\"https:\/\/atlastoilets.com\/wp-content\/uploads\/2022\/03\/mobile-urinal-grey.jpg\" \/>\n\t<meta property=\"og:image:width\" content=\"600\" \/>\n\t<meta property=\"og:image:height\" content=\"600\" \/>\n\t<meta property=\"og:image:type\" content=\"image\/jpeg\" \/>\n<meta name=\"twitter:card\" content=\"summary_large_image\" \/>\n<meta name=\"twitter:label1\" content=\"Gesch\u00e4tzte Lesezeit\" \/>\n\t<meta name=\"twitter:data1\" content=\"2\u00a0Minuten\" \/>\n<script type=\"application\/ld+json\" class=\"yoast-schema-graph\">{\"@context\":\"https:\\\/\\\/schema.org\",\"@graph\":[{\"@type\":[\"WebPage\",\"ItemPage\"],\"@id\":\"https:\\\/\\\/atlastoilets.com\\\/de\\\/produkt\\\/mobiles-urinal-pluto-plus\\\/\",\"url\":\"https:\\\/\\\/atlastoilets.com\\\/de\\\/produkt\\\/mobiles-urinal-pluto-plus\\\/\",\"name\":\"Mobiles Urinal f\u00fcr Toilettenvermieter Pluto Plus\",\"isPartOf\":{\"@id\":\"https:\\\/\\\/atlastoilets.com\\\/#website\"},\"primaryImageOfPage\":{\"@id\":\"https:\\\/\\\/atlastoilets.com\\\/de\\\/produkt\\\/mobiles-urinal-pluto-plus\\\/#primaryimage\"},\"image\":{\"@id\":\"https:\\\/\\\/atlastoilets.com\\\/de\\\/produkt\\\/mobiles-urinal-pluto-plus\\\/#primaryimage\"},\"thumbnailUrl\":\"https:\\\/\\\/atlastoilets.com\\\/wp-content\\\/uploads\\\/2022\\\/03\\\/mobile-urinal-grey.jpg\",\"datePublished\":\"2022-03-21T09:43:29+00:00\",\"dateModified\":\"2024-04-02T11:36:08+00:00\",\"description\":\"Mobiles Urinal f\u00fcr Toilettenvermieter Pluto Plus, eine richtige Erg\u00e4nzung f\u00fcr jeden Toilettenvermieter. Urinalstand mit Hebe\u00f6se\",\"breadcrumb\":{\"@id\":\"https:\\\/\\\/atlastoilets.com\\\/de\\\/produkt\\\/mobiles-urinal-pluto-plus\\\/#breadcrumb\"},\"inLanguage\":\"de\",\"potentialAction\":[{\"@type\":\"ReadAction\",\"target\":[\"https:\\\/\\\/atlastoilets.com\\\/de\\\/produkt\\\/mobiles-urinal-pluto-plus\\\/\"]}]},{\"@type\":\"ImageObject\",\"inLanguage\":\"de\",\"@id\":\"https:\\\/\\\/atlastoilets.com\\\/de\\\/produkt\\\/mobiles-urinal-pluto-plus\\\/#primaryimage\",\"url\":\"https:\\\/\\\/atlastoilets.com\\\/wp-content\\\/uploads\\\/2022\\\/03\\\/mobile-urinal-grey.jpg\",\"contentUrl\":\"https:\\\/\\\/atlastoilets.com\\\/wp-content\\\/uploads\\\/2022\\\/03\\\/mobile-urinal-grey.jpg\",\"width\":600,\"height\":600,\"caption\":\"Graues mobiles Urinal\"},{\"@type\":\"BreadcrumbList\",\"@id\":\"https:\\\/\\\/atlastoilets.com\\\/de\\\/produkt\\\/mobiles-urinal-pluto-plus\\\/#breadcrumb\",\"itemListElement\":[{\"@type\":\"ListItem\",\"position\":1,\"name\":\"Home\",\"item\":\"https:\\\/\\\/atlastoilets.com\\\/de\\\/\"},{\"@type\":\"ListItem\",\"position\":2,\"name\":\"Shop\",\"item\":\"https:\\\/\\\/atlastoilets.com\\\/de\\\/shop-2\\\/\"},{\"@type\":\"ListItem\",\"position\":3,\"name\":\"Pluto Plus Urinal\"}]},{\"@type\":\"WebSite\",\"@id\":\"https:\\\/\\\/atlastoilets.com\\\/#website\",\"url\":\"https:\\\/\\\/atlastoilets.com\\\/\",\"name\":\"Atlas Sanitation Products\",\"description\":\"Total supplier for toilet rental companies\",\"potentialAction\":[{\"@type\":\"SearchAction\",\"target\":{\"@type\":\"EntryPoint\",\"urlTemplate\":\"https:\\\/\\\/atlastoilets.com\\\/?s={search_term_string}\"},\"query-input\":{\"@type\":\"PropertyValueSpecification\",\"valueRequired\":true,\"valueName\":\"search_term_string\"}}],\"inLanguage\":\"de\"}]}<\/script>\n<!-- \/ Yoast SEO plugin. -->","yoast_head_json":{"title":"Mobiles Urinal f\u00fcr Toilettenvermieter Pluto Plus","description":"Mobiles Urinal f\u00fcr Toilettenvermieter Pluto Plus, eine richtige Erg\u00e4nzung f\u00fcr jeden Toilettenvermieter. Urinalstand mit Hebe\u00f6se","robots":{"index":"index","follow":"follow","max-snippet":"max-snippet:-1","max-image-preview":"max-image-preview:large","max-video-preview":"max-video-preview:-1"},"canonical":"https:\/\/atlastoilets.com\/de\/produkt\/mobiles-urinal-pluto-plus\/","og_locale":"de_DE","og_type":"article","og_title":"Mobiles Urinal f\u00fcr Toilettenvermieter Pluto Plus","og_description":"Mobiles Urinal f\u00fcr Toilettenvermieter Pluto Plus, eine richtige Erg\u00e4nzung f\u00fcr jeden Toilettenvermieter. Urinalstand mit Hebe\u00f6se","og_url":"https:\/\/atlastoilets.com\/de\/produkt\/mobiles-urinal-pluto-plus\/","og_site_name":"Atlas Sanitation Products","article_modified_time":"2024-04-02T11:36:08+00:00","og_image":[{"width":600,"height":600,"url":"https:\/\/atlastoilets.com\/wp-content\/uploads\/2022\/03\/mobile-urinal-grey.jpg","type":"image\/jpeg"}],"twitter_card":"summary_large_image","twitter_misc":{"Gesch\u00e4tzte Lesezeit":"2\u00a0Minuten"},"schema":{"@context":"https:\/\/schema.org","@graph":[{"@type":["WebPage","ItemPage"],"@id":"https:\/\/atlastoilets.com\/de\/produkt\/mobiles-urinal-pluto-plus\/","url":"https:\/\/atlastoilets.com\/de\/produkt\/mobiles-urinal-pluto-plus\/","name":"Mobiles Urinal f\u00fcr Toilettenvermieter Pluto Plus","isPartOf":{"@id":"https:\/\/atlastoilets.com\/#website"},"primaryImageOfPage":{"@id":"https:\/\/atlastoilets.com\/de\/produkt\/mobiles-urinal-pluto-plus\/#primaryimage"},"image":{"@id":"https:\/\/atlastoilets.com\/de\/produkt\/mobiles-urinal-pluto-plus\/#primaryimage"},"thumbnailUrl":"https:\/\/atlastoilets.com\/wp-content\/uploads\/2022\/03\/mobile-urinal-grey.jpg","datePublished":"2022-03-21T09:43:29+00:00","dateModified":"2024-04-02T11:36:08+00:00","description":"Mobiles Urinal f\u00fcr Toilettenvermieter Pluto Plus, eine richtige Erg\u00e4nzung f\u00fcr jeden Toilettenvermieter. Urinalstand mit Hebe\u00f6se","breadcrumb":{"@id":"https:\/\/atlastoilets.com\/de\/produkt\/mobiles-urinal-pluto-plus\/#breadcrumb"},"inLanguage":"de","potentialAction":[{"@type":"ReadAction","target":["https:\/\/atlastoilets.com\/de\/produkt\/mobiles-urinal-pluto-plus\/"]}]},{"@type":"ImageObject","inLanguage":"de","@id":"https:\/\/atlastoilets.com\/de\/produkt\/mobiles-urinal-pluto-plus\/#primaryimage","url":"https:\/\/atlastoilets.com\/wp-content\/uploads\/2022\/03\/mobile-urinal-grey.jpg","contentUrl":"https:\/\/atlastoilets.com\/wp-content\/uploads\/2022\/03\/mobile-urinal-grey.jpg","width":600,"height":600,"caption":"Graues mobiles Urinal"},{"@type":"BreadcrumbList","@id":"https:\/\/atlastoilets.com\/de\/produkt\/mobiles-urinal-pluto-plus\/#breadcrumb","itemListElement":[{"@type":"ListItem","position":1,"name":"Home","item":"https:\/\/atlastoilets.com\/de\/"},{"@type":"ListItem","position":2,"name":"Shop","item":"https:\/\/atlastoilets.com\/de\/shop-2\/"},{"@type":"ListItem","position":3,"name":"Pluto Plus Urinal"}]},{"@type":"WebSite","@id":"https:\/\/atlastoilets.com\/#website","url":"https:\/\/atlastoilets.com\/","name":"Atlas Sanitation Products","description":"Total supplier for toilet rental companies","potentialAction":[{"@type":"SearchAction","target":{"@type":"EntryPoint","urlTemplate":"https:\/\/atlastoilets.com\/?s={search_term_string}"},"query-input":{"@type":"PropertyValueSpecification","valueRequired":true,"valueName":"search_term_string"}}],"inLanguage":"de"}]}},"_links":{"self":[{"href":"https:\/\/atlastoilets.com\/de\/wp-json\/wp\/v2\/product\/25743","targetHints":{"allow":["GET"]}}],"collection":[{"href":"https:\/\/atlastoilets.com\/de\/wp-json\/wp\/v2\/product"}],"about":[{"href":"https:\/\/atlastoilets.com\/de\/wp-json\/wp\/v2\/types\/product"}],"wp:featuredmedia":[{"embeddable":true,"href":"https:\/\/atlastoilets.com\/de\/wp-json\/wp\/v2\/media\/26349"}],"wp:attachment":[{"href":"https:\/\/atlastoilets.com\/de\/wp-json\/wp\/v2\/media?parent=25743"}],"wp:term":[{"taxonomy":"product_brand","embeddable":true,"href":"https:\/\/atlastoilets.com\/de\/wp-json\/wp\/v2\/product_brand?post=25743"},{"taxonomy":"product_cat","embeddable":true,"href":"https:\/\/atlastoilets.com\/de\/wp-json\/wp\/v2\/product_cat?post=25743"},{"taxonomy":"product_tag","embeddable":true,"href":"https:\/\/atlastoilets.com\/de\/wp-json\/wp\/v2\/product_tag?post=25743"}],"curies":[{"name":"wp","href":"https:\/\/api.w.org\/{rel}","templated":true}]}}