{"id":24613,"date":"2021-10-01T14:03:48","date_gmt":"2021-10-01T14:03:48","guid":{"rendered":"https:\/\/www.mobileurinal.eu\/?post_type=product&#038;p=24613"},"modified":"2023-12-11T12:46:13","modified_gmt":"2023-12-11T12:46:13","slug":"2-drum-spill-pallet","status":"publish","type":"product","link":"https:\/\/atlastoilets.com\/de\/produkt\/2-drum-spill-pallet\/","title":{"rendered":"2 Drum Spill Pallet"},"content":{"rendered":"<p class=\"hidden mb-4 text-3xl font-bold text-accent md:block\">Drum Spill Pallet\u00a02 drum High Profile.<br \/>\nThe first choice for static spill containment. Ideal when working with drums containing liquids and hazardous chemicals.<\/p>\n<div class=\"px-6 py-4 rounded-xl key-features bg-light-grey\">\n<ul class=\"list-none bulleted\">\n<li>250 litre capacity<\/li>\n<li>High Profile<\/li>\n<li>Compatible with most chemicals<\/li>\n<li>Strong platform surface<\/li>\n<li>Integrated viewing gaps for quick inspection<\/li>\n<li>Removable platform with hand inserts<\/li>\n<li>All platforms black as standard<\/li>\n<\/ul>\n<\/div>\n","protected":false},"excerpt":{"rendered":"<p>Drum Spill Pallet\u00a02 drum High Profile. The first choice for static spill containment. Ideal when working with drums containing liquids and hazardous chemicals.<\/p>\n","protected":false},"featured_media":20677,"template":"","meta":[],"product_brand":[],"product_cat":[895],"product_tag":[],"class_list":{"0":"post-24613","1":"product","2":"type-product","3":"status-publish","4":"has-post-thumbnail","6":"product_cat-werkzeuge","8":"first","9":"instock","10":"taxable","11":"shipping-taxable","12":"purchasable","13":"product-type-simple"},"yoast_head":"<!-- This site is optimized with the Yoast SEO plugin v27.4 - https:\/\/yoast.com\/product\/yoast-seo-wordpress\/ -->\n<title>2 Drum Spill Pallet - Atlas Sanitation Products<\/title>\n<meta name=\"description\" content=\"2 Drum Spill Pallet: Ideal f\u00fcr sichere Lagerung von Fl\u00fcssigkeiten und gef\u00e4hrlichen Chemikalien mit 250 Liter Kapazit\u00e4t.\" \/>\n<meta name=\"robots\" content=\"index, follow, max-snippet:-1, max-image-preview:large, max-video-preview:-1\" \/>\n<link rel=\"canonical\" href=\"https:\/\/atlastoilets.com\/de\/produkt\/2-drum-spill-pallet\/\" \/>\n<meta property=\"og:locale\" content=\"de_DE\" \/>\n<meta property=\"og:type\" content=\"article\" \/>\n<meta property=\"og:title\" content=\"2 Drum Spill Pallet - Atlas Sanitation Products\" \/>\n<meta property=\"og:description\" content=\"2 Drum Spill Pallet: Ideal f\u00fcr sichere Lagerung von Fl\u00fcssigkeiten und gef\u00e4hrlichen Chemikalien mit 250 Liter Kapazit\u00e4t.\" \/>\n<meta property=\"og:url\" content=\"https:\/\/atlastoilets.com\/de\/produkt\/2-drum-spill-pallet\/\" \/>\n<meta property=\"og:site_name\" content=\"Atlas Sanitation Products\" \/>\n<meta property=\"article:modified_time\" content=\"2023-12-11T12:46:13+00:00\" \/>\n<meta property=\"og:image\" content=\"https:\/\/atlastoilets.com\/wp-content\/uploads\/2022\/03\/lekbak-1.jpg\" \/>\n\t<meta property=\"og:image:width\" content=\"600\" \/>\n\t<meta property=\"og:image:height\" content=\"600\" \/>\n\t<meta property=\"og:image:type\" content=\"image\/jpeg\" \/>\n<meta name=\"twitter:card\" content=\"summary_large_image\" \/>\n<meta name=\"twitter:label1\" content=\"Gesch\u00e4tzte Lesezeit\" \/>\n\t<meta name=\"twitter:data1\" content=\"1\u00a0Minute\" \/>\n<script type=\"application\/ld+json\" class=\"yoast-schema-graph\">{\"@context\":\"https:\\\/\\\/schema.org\",\"@graph\":[{\"@type\":[\"WebPage\",\"ItemPage\"],\"@id\":\"https:\\\/\\\/atlastoilets.com\\\/de\\\/produkt\\\/2-drum-spill-pallet\\\/\",\"url\":\"https:\\\/\\\/atlastoilets.com\\\/de\\\/produkt\\\/2-drum-spill-pallet\\\/\",\"name\":\"2 Drum Spill Pallet - Atlas Sanitation Products\",\"isPartOf\":{\"@id\":\"https:\\\/\\\/atlastoilets.com\\\/#website\"},\"primaryImageOfPage\":{\"@id\":\"https:\\\/\\\/atlastoilets.com\\\/de\\\/produkt\\\/2-drum-spill-pallet\\\/#primaryimage\"},\"image\":{\"@id\":\"https:\\\/\\\/atlastoilets.com\\\/de\\\/produkt\\\/2-drum-spill-pallet\\\/#primaryimage\"},\"thumbnailUrl\":\"https:\\\/\\\/atlastoilets.com\\\/wp-content\\\/uploads\\\/2022\\\/03\\\/lekbak-1.jpg\",\"datePublished\":\"2021-10-01T14:03:48+00:00\",\"dateModified\":\"2023-12-11T12:46:13+00:00\",\"description\":\"2 Drum Spill Pallet: Ideal f\u00fcr sichere Lagerung von Fl\u00fcssigkeiten und gef\u00e4hrlichen Chemikalien mit 250 Liter Kapazit\u00e4t.\",\"breadcrumb\":{\"@id\":\"https:\\\/\\\/atlastoilets.com\\\/de\\\/produkt\\\/2-drum-spill-pallet\\\/#breadcrumb\"},\"inLanguage\":\"de\",\"potentialAction\":[{\"@type\":\"ReadAction\",\"target\":[\"https:\\\/\\\/atlastoilets.com\\\/de\\\/produkt\\\/2-drum-spill-pallet\\\/\"]}]},{\"@type\":\"ImageObject\",\"inLanguage\":\"de\",\"@id\":\"https:\\\/\\\/atlastoilets.com\\\/de\\\/produkt\\\/2-drum-spill-pallet\\\/#primaryimage\",\"url\":\"https:\\\/\\\/atlastoilets.com\\\/wp-content\\\/uploads\\\/2022\\\/03\\\/lekbak-1.jpg\",\"contentUrl\":\"https:\\\/\\\/atlastoilets.com\\\/wp-content\\\/uploads\\\/2022\\\/03\\\/lekbak-1.jpg\",\"width\":600,\"height\":600,\"caption\":\"Lekbak\"},{\"@type\":\"BreadcrumbList\",\"@id\":\"https:\\\/\\\/atlastoilets.com\\\/de\\\/produkt\\\/2-drum-spill-pallet\\\/#breadcrumb\",\"itemListElement\":[{\"@type\":\"ListItem\",\"position\":1,\"name\":\"Home\",\"item\":\"https:\\\/\\\/atlastoilets.com\\\/de\\\/\"},{\"@type\":\"ListItem\",\"position\":2,\"name\":\"Shop\",\"item\":\"https:\\\/\\\/atlastoilets.com\\\/de\\\/shop-2\\\/\"},{\"@type\":\"ListItem\",\"position\":3,\"name\":\"2 Drum Spill Pallet\"}]},{\"@type\":\"WebSite\",\"@id\":\"https:\\\/\\\/atlastoilets.com\\\/#website\",\"url\":\"https:\\\/\\\/atlastoilets.com\\\/\",\"name\":\"Atlas Sanitation Products\",\"description\":\"Total supplier for toilet rental companies\",\"potentialAction\":[{\"@type\":\"SearchAction\",\"target\":{\"@type\":\"EntryPoint\",\"urlTemplate\":\"https:\\\/\\\/atlastoilets.com\\\/?s={search_term_string}\"},\"query-input\":{\"@type\":\"PropertyValueSpecification\",\"valueRequired\":true,\"valueName\":\"search_term_string\"}}],\"inLanguage\":\"de\"}]}<\/script>\n<!-- \/ Yoast SEO plugin. -->","yoast_head_json":{"title":"2 Drum Spill Pallet - Atlas Sanitation Products","description":"2 Drum Spill Pallet: Ideal f\u00fcr sichere Lagerung von Fl\u00fcssigkeiten und gef\u00e4hrlichen Chemikalien mit 250 Liter Kapazit\u00e4t.","robots":{"index":"index","follow":"follow","max-snippet":"max-snippet:-1","max-image-preview":"max-image-preview:large","max-video-preview":"max-video-preview:-1"},"canonical":"https:\/\/atlastoilets.com\/de\/produkt\/2-drum-spill-pallet\/","og_locale":"de_DE","og_type":"article","og_title":"2 Drum Spill Pallet - Atlas Sanitation Products","og_description":"2 Drum Spill Pallet: Ideal f\u00fcr sichere Lagerung von Fl\u00fcssigkeiten und gef\u00e4hrlichen Chemikalien mit 250 Liter Kapazit\u00e4t.","og_url":"https:\/\/atlastoilets.com\/de\/produkt\/2-drum-spill-pallet\/","og_site_name":"Atlas Sanitation Products","article_modified_time":"2023-12-11T12:46:13+00:00","og_image":[{"width":600,"height":600,"url":"https:\/\/atlastoilets.com\/wp-content\/uploads\/2022\/03\/lekbak-1.jpg","type":"image\/jpeg"}],"twitter_card":"summary_large_image","twitter_misc":{"Gesch\u00e4tzte Lesezeit":"1\u00a0Minute"},"schema":{"@context":"https:\/\/schema.org","@graph":[{"@type":["WebPage","ItemPage"],"@id":"https:\/\/atlastoilets.com\/de\/produkt\/2-drum-spill-pallet\/","url":"https:\/\/atlastoilets.com\/de\/produkt\/2-drum-spill-pallet\/","name":"2 Drum Spill Pallet - Atlas Sanitation Products","isPartOf":{"@id":"https:\/\/atlastoilets.com\/#website"},"primaryImageOfPage":{"@id":"https:\/\/atlastoilets.com\/de\/produkt\/2-drum-spill-pallet\/#primaryimage"},"image":{"@id":"https:\/\/atlastoilets.com\/de\/produkt\/2-drum-spill-pallet\/#primaryimage"},"thumbnailUrl":"https:\/\/atlastoilets.com\/wp-content\/uploads\/2022\/03\/lekbak-1.jpg","datePublished":"2021-10-01T14:03:48+00:00","dateModified":"2023-12-11T12:46:13+00:00","description":"2 Drum Spill Pallet: Ideal f\u00fcr sichere Lagerung von Fl\u00fcssigkeiten und gef\u00e4hrlichen Chemikalien mit 250 Liter Kapazit\u00e4t.","breadcrumb":{"@id":"https:\/\/atlastoilets.com\/de\/produkt\/2-drum-spill-pallet\/#breadcrumb"},"inLanguage":"de","potentialAction":[{"@type":"ReadAction","target":["https:\/\/atlastoilets.com\/de\/produkt\/2-drum-spill-pallet\/"]}]},{"@type":"ImageObject","inLanguage":"de","@id":"https:\/\/atlastoilets.com\/de\/produkt\/2-drum-spill-pallet\/#primaryimage","url":"https:\/\/atlastoilets.com\/wp-content\/uploads\/2022\/03\/lekbak-1.jpg","contentUrl":"https:\/\/atlastoilets.com\/wp-content\/uploads\/2022\/03\/lekbak-1.jpg","width":600,"height":600,"caption":"Lekbak"},{"@type":"BreadcrumbList","@id":"https:\/\/atlastoilets.com\/de\/produkt\/2-drum-spill-pallet\/#breadcrumb","itemListElement":[{"@type":"ListItem","position":1,"name":"Home","item":"https:\/\/atlastoilets.com\/de\/"},{"@type":"ListItem","position":2,"name":"Shop","item":"https:\/\/atlastoilets.com\/de\/shop-2\/"},{"@type":"ListItem","position":3,"name":"2 Drum Spill Pallet"}]},{"@type":"WebSite","@id":"https:\/\/atlastoilets.com\/#website","url":"https:\/\/atlastoilets.com\/","name":"Atlas Sanitation Products","description":"Total supplier for toilet rental companies","potentialAction":[{"@type":"SearchAction","target":{"@type":"EntryPoint","urlTemplate":"https:\/\/atlastoilets.com\/?s={search_term_string}"},"query-input":{"@type":"PropertyValueSpecification","valueRequired":true,"valueName":"search_term_string"}}],"inLanguage":"de"}]}},"_links":{"self":[{"href":"https:\/\/atlastoilets.com\/de\/wp-json\/wp\/v2\/product\/24613","targetHints":{"allow":["GET"]}}],"collection":[{"href":"https:\/\/atlastoilets.com\/de\/wp-json\/wp\/v2\/product"}],"about":[{"href":"https:\/\/atlastoilets.com\/de\/wp-json\/wp\/v2\/types\/product"}],"wp:featuredmedia":[{"embeddable":true,"href":"https:\/\/atlastoilets.com\/de\/wp-json\/wp\/v2\/media\/20677"}],"wp:attachment":[{"href":"https:\/\/atlastoilets.com\/de\/wp-json\/wp\/v2\/media?parent=24613"}],"wp:term":[{"taxonomy":"product_brand","embeddable":true,"href":"https:\/\/atlastoilets.com\/de\/wp-json\/wp\/v2\/product_brand?post=24613"},{"taxonomy":"product_cat","embeddable":true,"href":"https:\/\/atlastoilets.com\/de\/wp-json\/wp\/v2\/product_cat?post=24613"},{"taxonomy":"product_tag","embeddable":true,"href":"https:\/\/atlastoilets.com\/de\/wp-json\/wp\/v2\/product_tag?post=24613"}],"curies":[{"name":"wp","href":"https:\/\/api.w.org\/{rel}","templated":true}]}}