{"id":23173,"date":"2022-03-21T09:43:29","date_gmt":"2022-03-21T09:43:29","guid":{"rendered":"https:\/\/www.mobileurinal.eu\/?post_type=product&#038;p=23173"},"modified":"2022-05-16T11:39:02","modified_gmt":"2022-05-16T11:39:02","slug":"handwaschbecken-auf-raedern","status":"publish","type":"product","link":"https:\/\/atlastoilets.com\/de\/produkt\/handwaschbecken-auf-raedern\/","title":{"rendered":"Mobile Handw\u00e4sche Obbe FS"},"content":{"rendered":"<p>Handwaschbecken auf R\u00e4dern Obbe FS. Diese Handwaschstation befindet sich in einer Halterung, die als Reinwassertank fungiert. Dies macht das Ger\u00e4t v\u00f6llig unabh\u00e4ngig. Durch die R\u00e4der l\u00e4sst sich der Obbe FS leicht bewegen und \u00fcberall platzieren. Der Obbe FS kann als eigenst\u00e4ndige Version mit einem 30-Liter-Reinwassertank verwendet werden. Der Handwaschbecken auf R\u00e4dern kann, sofern verf\u00fcgbar, auch an eine Wasserversorgung angeschlossen werden.<\/p>\n<p>Eigenschaften:<br \/>\n\u00b7 In verschiedenen Farben erh\u00e4ltlich<br \/>\n\u00b7 Kann mit Ihrem Firmennamen versehen werden<br \/>\n\u00b7 Kann an einen beliebigen Ort verschoben werden<br \/>\n\u00b7 Mit Stopfen zum Ablassen von sauberem Wasser oder Abwassertank ausgestattet<br \/>\n\u00b7 Kann in 2 Versionen geliefert werden: Typ WM (mit Anschluss f\u00fcr Wasserleitung)oder FW (Frischwasser)<br \/>\n\u00b7 Abmessungen H x B x T: 168 x 56 x 37<br \/>\n\u00b7 Gewicht: 23 kg<\/p>\n","protected":false},"excerpt":{"rendered":"<p>Obbe FS ist eine Erweiterung der Obbe Handwaschstation. Diese Handwaschstation befindet sich in einer Halterung, die als Reinwassertank fungiert. Dies macht das Ger\u00e4t v\u00f6llig unabh\u00e4ngig.<\/p>\n","protected":false},"featured_media":22618,"template":"","meta":[],"product_brand":[],"product_cat":[887,857],"product_tag":[],"class_list":{"0":"post-23173","1":"product","2":"type-product","3":"status-publish","4":"has-post-thumbnail","6":"product_cat-freistehende-handwaschbecken","7":"product_cat-handwaschbecken","9":"first","10":"instock","11":"taxable","12":"shipping-taxable","13":"purchasable","14":"product-type-variable","15":"has-default-attributes"},"yoast_head":"<!-- This site is optimized with the Yoast SEO plugin v27.4 - https:\/\/yoast.com\/product\/yoast-seo-wordpress\/ -->\n<title>Handwaschbecken auf R\u00e4dern mit Frischwassertank und Abwassertank.<\/title>\n<meta name=\"description\" content=\"Handwaschbecken auf R\u00e4dern mit Frischwassertank und Abwassertank. Das Ger\u00e4t kann auch an das Wassernetz angeschlossen werden.\" \/>\n<meta name=\"robots\" content=\"index, follow, max-snippet:-1, max-image-preview:large, max-video-preview:-1\" \/>\n<link rel=\"canonical\" href=\"https:\/\/atlastoilets.com\/de\/produkt\/handwaschbecken-auf-raedern\/\" \/>\n<meta property=\"og:locale\" content=\"de_DE\" \/>\n<meta property=\"og:type\" content=\"article\" \/>\n<meta property=\"og:title\" content=\"Handwaschbecken auf R\u00e4dern mit Frischwassertank und Abwassertank.\" \/>\n<meta property=\"og:description\" content=\"Handwaschbecken auf R\u00e4dern mit Frischwassertank und Abwassertank. Das Ger\u00e4t kann auch an das Wassernetz angeschlossen werden.\" \/>\n<meta property=\"og:url\" content=\"https:\/\/atlastoilets.com\/de\/produkt\/handwaschbecken-auf-raedern\/\" \/>\n<meta property=\"og:site_name\" content=\"Atlas Sanitation Products\" \/>\n<meta property=\"article:modified_time\" content=\"2022-05-16T11:39:02+00:00\" \/>\n<meta property=\"og:image\" content=\"https:\/\/atlastoilets.com\/wp-content\/uploads\/2022\/03\/Free-stand-blue.jpg\" \/>\n\t<meta property=\"og:image:width\" content=\"600\" \/>\n\t<meta property=\"og:image:height\" content=\"600\" \/>\n\t<meta property=\"og:image:type\" content=\"image\/jpeg\" \/>\n<meta name=\"twitter:card\" content=\"summary_large_image\" \/>\n<meta name=\"twitter:label1\" content=\"Gesch\u00e4tzte Lesezeit\" \/>\n\t<meta name=\"twitter:data1\" content=\"1\u00a0Minute\" \/>\n<script type=\"application\/ld+json\" class=\"yoast-schema-graph\">{\"@context\":\"https:\\\/\\\/schema.org\",\"@graph\":[{\"@type\":[\"WebPage\",\"ItemPage\"],\"@id\":\"https:\\\/\\\/atlastoilets.com\\\/de\\\/produkt\\\/handwaschbecken-auf-raedern\\\/\",\"url\":\"https:\\\/\\\/atlastoilets.com\\\/de\\\/produkt\\\/handwaschbecken-auf-raedern\\\/\",\"name\":\"Handwaschbecken auf R\u00e4dern mit Frischwassertank und Abwassertank.\",\"isPartOf\":{\"@id\":\"https:\\\/\\\/atlastoilets.com\\\/#website\"},\"primaryImageOfPage\":{\"@id\":\"https:\\\/\\\/atlastoilets.com\\\/de\\\/produkt\\\/handwaschbecken-auf-raedern\\\/#primaryimage\"},\"image\":{\"@id\":\"https:\\\/\\\/atlastoilets.com\\\/de\\\/produkt\\\/handwaschbecken-auf-raedern\\\/#primaryimage\"},\"thumbnailUrl\":\"https:\\\/\\\/atlastoilets.com\\\/wp-content\\\/uploads\\\/2022\\\/03\\\/Free-stand-blue.jpg\",\"datePublished\":\"2022-03-21T09:43:29+00:00\",\"dateModified\":\"2022-05-16T11:39:02+00:00\",\"description\":\"Handwaschbecken auf R\u00e4dern mit Frischwassertank und Abwassertank. Das Ger\u00e4t kann auch an das Wassernetz angeschlossen werden.\",\"breadcrumb\":{\"@id\":\"https:\\\/\\\/atlastoilets.com\\\/de\\\/produkt\\\/handwaschbecken-auf-raedern\\\/#breadcrumb\"},\"inLanguage\":\"de\",\"potentialAction\":[{\"@type\":\"ReadAction\",\"target\":[\"https:\\\/\\\/atlastoilets.com\\\/de\\\/produkt\\\/handwaschbecken-auf-raedern\\\/\"]}]},{\"@type\":\"ImageObject\",\"inLanguage\":\"de\",\"@id\":\"https:\\\/\\\/atlastoilets.com\\\/de\\\/produkt\\\/handwaschbecken-auf-raedern\\\/#primaryimage\",\"url\":\"https:\\\/\\\/atlastoilets.com\\\/wp-content\\\/uploads\\\/2022\\\/03\\\/Free-stand-blue.jpg\",\"contentUrl\":\"https:\\\/\\\/atlastoilets.com\\\/wp-content\\\/uploads\\\/2022\\\/03\\\/Free-stand-blue.jpg\",\"width\":600,\"height\":600,\"caption\":\"Handwaschbecken auf R\u00e4dern\"},{\"@type\":\"BreadcrumbList\",\"@id\":\"https:\\\/\\\/atlastoilets.com\\\/de\\\/produkt\\\/handwaschbecken-auf-raedern\\\/#breadcrumb\",\"itemListElement\":[{\"@type\":\"ListItem\",\"position\":1,\"name\":\"Home\",\"item\":\"https:\\\/\\\/atlastoilets.com\\\/de\\\/\"},{\"@type\":\"ListItem\",\"position\":2,\"name\":\"Shop\",\"item\":\"https:\\\/\\\/atlastoilets.com\\\/de\\\/shop-2\\\/\"},{\"@type\":\"ListItem\",\"position\":3,\"name\":\"Mobile Handw\u00e4sche Obbe FS\"}]},{\"@type\":\"WebSite\",\"@id\":\"https:\\\/\\\/atlastoilets.com\\\/#website\",\"url\":\"https:\\\/\\\/atlastoilets.com\\\/\",\"name\":\"Atlas Sanitation Products\",\"description\":\"Total supplier for toilet rental companies\",\"potentialAction\":[{\"@type\":\"SearchAction\",\"target\":{\"@type\":\"EntryPoint\",\"urlTemplate\":\"https:\\\/\\\/atlastoilets.com\\\/?s={search_term_string}\"},\"query-input\":{\"@type\":\"PropertyValueSpecification\",\"valueRequired\":true,\"valueName\":\"search_term_string\"}}],\"inLanguage\":\"de\"}]}<\/script>\n<!-- \/ Yoast SEO plugin. -->","yoast_head_json":{"title":"Handwaschbecken auf R\u00e4dern mit Frischwassertank und Abwassertank.","description":"Handwaschbecken auf R\u00e4dern mit Frischwassertank und Abwassertank. Das Ger\u00e4t kann auch an das Wassernetz angeschlossen werden.","robots":{"index":"index","follow":"follow","max-snippet":"max-snippet:-1","max-image-preview":"max-image-preview:large","max-video-preview":"max-video-preview:-1"},"canonical":"https:\/\/atlastoilets.com\/de\/produkt\/handwaschbecken-auf-raedern\/","og_locale":"de_DE","og_type":"article","og_title":"Handwaschbecken auf R\u00e4dern mit Frischwassertank und Abwassertank.","og_description":"Handwaschbecken auf R\u00e4dern mit Frischwassertank und Abwassertank. Das Ger\u00e4t kann auch an das Wassernetz angeschlossen werden.","og_url":"https:\/\/atlastoilets.com\/de\/produkt\/handwaschbecken-auf-raedern\/","og_site_name":"Atlas Sanitation Products","article_modified_time":"2022-05-16T11:39:02+00:00","og_image":[{"width":600,"height":600,"url":"https:\/\/atlastoilets.com\/wp-content\/uploads\/2022\/03\/Free-stand-blue.jpg","type":"image\/jpeg"}],"twitter_card":"summary_large_image","twitter_misc":{"Gesch\u00e4tzte Lesezeit":"1\u00a0Minute"},"schema":{"@context":"https:\/\/schema.org","@graph":[{"@type":["WebPage","ItemPage"],"@id":"https:\/\/atlastoilets.com\/de\/produkt\/handwaschbecken-auf-raedern\/","url":"https:\/\/atlastoilets.com\/de\/produkt\/handwaschbecken-auf-raedern\/","name":"Handwaschbecken auf R\u00e4dern mit Frischwassertank und Abwassertank.","isPartOf":{"@id":"https:\/\/atlastoilets.com\/#website"},"primaryImageOfPage":{"@id":"https:\/\/atlastoilets.com\/de\/produkt\/handwaschbecken-auf-raedern\/#primaryimage"},"image":{"@id":"https:\/\/atlastoilets.com\/de\/produkt\/handwaschbecken-auf-raedern\/#primaryimage"},"thumbnailUrl":"https:\/\/atlastoilets.com\/wp-content\/uploads\/2022\/03\/Free-stand-blue.jpg","datePublished":"2022-03-21T09:43:29+00:00","dateModified":"2022-05-16T11:39:02+00:00","description":"Handwaschbecken auf R\u00e4dern mit Frischwassertank und Abwassertank. Das Ger\u00e4t kann auch an das Wassernetz angeschlossen werden.","breadcrumb":{"@id":"https:\/\/atlastoilets.com\/de\/produkt\/handwaschbecken-auf-raedern\/#breadcrumb"},"inLanguage":"de","potentialAction":[{"@type":"ReadAction","target":["https:\/\/atlastoilets.com\/de\/produkt\/handwaschbecken-auf-raedern\/"]}]},{"@type":"ImageObject","inLanguage":"de","@id":"https:\/\/atlastoilets.com\/de\/produkt\/handwaschbecken-auf-raedern\/#primaryimage","url":"https:\/\/atlastoilets.com\/wp-content\/uploads\/2022\/03\/Free-stand-blue.jpg","contentUrl":"https:\/\/atlastoilets.com\/wp-content\/uploads\/2022\/03\/Free-stand-blue.jpg","width":600,"height":600,"caption":"Handwaschbecken auf R\u00e4dern"},{"@type":"BreadcrumbList","@id":"https:\/\/atlastoilets.com\/de\/produkt\/handwaschbecken-auf-raedern\/#breadcrumb","itemListElement":[{"@type":"ListItem","position":1,"name":"Home","item":"https:\/\/atlastoilets.com\/de\/"},{"@type":"ListItem","position":2,"name":"Shop","item":"https:\/\/atlastoilets.com\/de\/shop-2\/"},{"@type":"ListItem","position":3,"name":"Mobile Handw\u00e4sche Obbe FS"}]},{"@type":"WebSite","@id":"https:\/\/atlastoilets.com\/#website","url":"https:\/\/atlastoilets.com\/","name":"Atlas Sanitation Products","description":"Total supplier for toilet rental companies","potentialAction":[{"@type":"SearchAction","target":{"@type":"EntryPoint","urlTemplate":"https:\/\/atlastoilets.com\/?s={search_term_string}"},"query-input":{"@type":"PropertyValueSpecification","valueRequired":true,"valueName":"search_term_string"}}],"inLanguage":"de"}]}},"_links":{"self":[{"href":"https:\/\/atlastoilets.com\/de\/wp-json\/wp\/v2\/product\/23173","targetHints":{"allow":["GET"]}}],"collection":[{"href":"https:\/\/atlastoilets.com\/de\/wp-json\/wp\/v2\/product"}],"about":[{"href":"https:\/\/atlastoilets.com\/de\/wp-json\/wp\/v2\/types\/product"}],"wp:featuredmedia":[{"embeddable":true,"href":"https:\/\/atlastoilets.com\/de\/wp-json\/wp\/v2\/media\/22618"}],"wp:attachment":[{"href":"https:\/\/atlastoilets.com\/de\/wp-json\/wp\/v2\/media?parent=23173"}],"wp:term":[{"taxonomy":"product_brand","embeddable":true,"href":"https:\/\/atlastoilets.com\/de\/wp-json\/wp\/v2\/product_brand?post=23173"},{"taxonomy":"product_cat","embeddable":true,"href":"https:\/\/atlastoilets.com\/de\/wp-json\/wp\/v2\/product_cat?post=23173"},{"taxonomy":"product_tag","embeddable":true,"href":"https:\/\/atlastoilets.com\/de\/wp-json\/wp\/v2\/product_tag?post=23173"}],"curies":[{"name":"wp","href":"https:\/\/api.w.org\/{rel}","templated":true}]}}