{"id":23166,"date":"2022-03-21T09:43:27","date_gmt":"2022-03-21T09:43:27","guid":{"rendered":"https:\/\/www.mobileurinal.eu\/?post_type=product&#038;p=23166"},"modified":"2024-05-31T09:19:44","modified_gmt":"2024-05-31T09:19:44","slug":"stapelbares-mobiles-urinal-pluto3","status":"publish","type":"product","link":"https:\/\/atlastoilets.com\/de\/produkt\/stapelbares-mobiles-urinal-pluto3\/","title":{"rendered":"Stapelbares mobiles Urinal Pluto3"},"content":{"rendered":"<p>[vc_row][vc_column][vc_column_text]<strong>Stapelbares mobiles Urinal f\u00fcr Veranstaltungen<\/strong><\/p>\n<p>Das\u00a0Pluto 3 mobiles Urinal bietet eine ideale L\u00f6sung f\u00fcr Feste und Veranstaltungen. Auf Grund des stapelbaren Designs k\u00f6nnen Sie statt 1 mobilen Toilette immerhin 4 Exemplare des Pluto 3 transportieren.<br \/>\nAu\u00dferdem k\u00f6nnen 4 Personen gleichzeitig den Pluto 3 benutzen und sie haben auf Grund der erh\u00f6hten W\u00e4nde genug\u00a0Sichtschutz.<\/p>\n<p><strong>Spezifikationen:<\/strong><\/p>\n<ul>\n<li>H\u00f6he : 1600 mm<\/li>\n<li>Breite: 1120 mm<\/li>\n<li>L\u00e4nge: 1120 mm<\/li>\n<li>Gewicht: 40 kg<\/li>\n<li>Kapazit\u00e4t: 400 Liter<\/li>\n<li>Verf\u00fcgbar ins: Granit<\/li>\n<\/ul>\n<p><a href=\"https:\/\/atlastoilets.com\/de\/produkt\/ablassgarnitur-pluto2-und-pluto3\/\">Das Ablassgarnitur (5585007) ist separat erh\u00e4ltlich.<\/a><\/p>\n<p><img loading=\"lazy\" decoding=\"async\" class=\"alignright size-full wp-image-30116\" src=\"https:\/\/atlastoilets.com\/wp-content\/uploads\/2022\/03\/LOGO-PLUTO-3-stackable-urinal.png\" alt=\"pluto 3 logo\" width=\"227\" height=\"114\" \/><\/p>\n<p>Das Pluto3 stapelbares mobiles Urinal wird in \u00fcber 25 L\u00e4ndern an Veranstaltungen und in Stadtzentren benutzt![\/vc_column_text][\/vc_column][\/vc_row][vc_row][vc_column width=&#8220;1\/6&#8243;][vc_single_image image=&#8220;32730&#8243; img_size=&#8220;80&#215;85&#8243; onclick=&#8220;custom_link&#8220; img_link_target=&#8220;_blank&#8220; link=&#8220;https:\/\/atlastoilets.com\/documentation\/Datasheet-1730103-Pluto-3.pdf&#8220;][\/vc_column][vc_column width=&#8220;1\/6&#8243;][vc_single_image image=&#8220;32725&#8243; img_size=&#8220;80&#215;85&#8243; onclick=&#8220;custom_link&#8220; img_link_target=&#8220;_blank&#8220; link=&#8220;https:\/\/atlastoilets.com\/documentation\/Productsheet-1730103-Pluto-3.pdf&#8220;][\/vc_column][vc_column width=&#8220;1\/6&#8243;][\/vc_column][vc_column width=&#8220;1\/6&#8243;][\/vc_column][vc_column width=&#8220;1\/6&#8243;][\/vc_column][vc_column width=&#8220;1\/6&#8243;][\/vc_column][\/vc_row]<\/p>\n","protected":false},"excerpt":{"rendered":"<p><img loading=\"lazy\" decoding=\"async\" class=\"alignright size-full wp-image-30116\" src=\"https:\/\/atlastoilets.com\/wp-content\/uploads\/2022\/03\/LOGO-PLUTO-3-stackable-urinal.png\" alt=\"pluto 3 logo\" width=\"227\" height=\"114\" \/>Das\u00a0Pluto 3 mobiles Urinal bietet eine ideale L\u00f6sung f\u00fcr Feste und Veranstaltungen. Auf Grund des stapelbaren Designs k\u00f6nnen Sie statt 1 mobilen Toilette immerhin 4 Exemplare des Pluto 3 transportieren.<\/p>\n","protected":false},"featured_media":22268,"template":"","meta":[],"product_brand":[],"product_cat":[849,865],"product_tag":[],"class_list":{"0":"post-23166","1":"product","2":"type-product","3":"status-publish","4":"has-post-thumbnail","6":"product_cat-4-personen-urinale","7":"product_cat-mobile-urinale","9":"first","10":"instock","11":"taxable","12":"shipping-taxable","13":"purchasable","14":"product-type-variable","15":"has-default-attributes"},"yoast_head":"<!-- This site is optimized with the Yoast SEO plugin v27.4 - https:\/\/yoast.com\/product\/yoast-seo-wordpress\/ -->\n<title>Stapelbares mobiles Urinal Pluto3<\/title>\n<meta name=\"description\" content=\"Das Pluto 3 stapelbares mobiles Urinal bietet eine ideale L\u00f6sung f\u00fcr Feste und Veranstaltungen im Freien. Stapelbar zu 4 St\u00fcck\" \/>\n<meta name=\"robots\" content=\"index, follow, max-snippet:-1, max-image-preview:large, max-video-preview:-1\" \/>\n<link rel=\"canonical\" href=\"https:\/\/atlastoilets.com\/de\/produkt\/stapelbares-mobiles-urinal-pluto3\/\" \/>\n<meta property=\"og:locale\" content=\"de_DE\" \/>\n<meta property=\"og:type\" content=\"article\" \/>\n<meta property=\"og:title\" content=\"Stapelbares mobiles Urinal Pluto3\" \/>\n<meta property=\"og:description\" content=\"Das Pluto 3 stapelbares mobiles Urinal bietet eine ideale L\u00f6sung f\u00fcr Feste und Veranstaltungen im Freien. Stapelbar zu 4 St\u00fcck\" \/>\n<meta property=\"og:url\" content=\"https:\/\/atlastoilets.com\/de\/produkt\/stapelbares-mobiles-urinal-pluto3\/\" \/>\n<meta property=\"og:site_name\" content=\"Atlas Sanitation Products\" \/>\n<meta property=\"article:modified_time\" content=\"2024-05-31T09:19:44+00:00\" \/>\n<meta property=\"og:image\" content=\"https:\/\/atlastoilets.com\/wp-content\/uploads\/2022\/03\/Pluto3-stackable-urinal.jpg\" \/>\n\t<meta property=\"og:image:width\" content=\"1000\" \/>\n\t<meta property=\"og:image:height\" content=\"1000\" \/>\n\t<meta property=\"og:image:type\" content=\"image\/jpeg\" \/>\n<meta name=\"twitter:card\" content=\"summary_large_image\" \/>\n<meta name=\"twitter:label1\" content=\"Gesch\u00e4tzte Lesezeit\" \/>\n\t<meta name=\"twitter:data1\" content=\"2\u00a0Minuten\" \/>\n<script type=\"application\/ld+json\" class=\"yoast-schema-graph\">{\"@context\":\"https:\\\/\\\/schema.org\",\"@graph\":[{\"@type\":[\"WebPage\",\"ItemPage\"],\"@id\":\"https:\\\/\\\/atlastoilets.com\\\/de\\\/produkt\\\/stapelbares-mobiles-urinal-pluto3\\\/\",\"url\":\"https:\\\/\\\/atlastoilets.com\\\/de\\\/produkt\\\/stapelbares-mobiles-urinal-pluto3\\\/\",\"name\":\"Stapelbares mobiles Urinal Pluto3\",\"isPartOf\":{\"@id\":\"https:\\\/\\\/atlastoilets.com\\\/#website\"},\"primaryImageOfPage\":{\"@id\":\"https:\\\/\\\/atlastoilets.com\\\/de\\\/produkt\\\/stapelbares-mobiles-urinal-pluto3\\\/#primaryimage\"},\"image\":{\"@id\":\"https:\\\/\\\/atlastoilets.com\\\/de\\\/produkt\\\/stapelbares-mobiles-urinal-pluto3\\\/#primaryimage\"},\"thumbnailUrl\":\"https:\\\/\\\/atlastoilets.com\\\/wp-content\\\/uploads\\\/2022\\\/03\\\/Pluto3-stackable-urinal.jpg\",\"datePublished\":\"2022-03-21T09:43:27+00:00\",\"dateModified\":\"2024-05-31T09:19:44+00:00\",\"description\":\"Das Pluto 3 stapelbares mobiles Urinal bietet eine ideale L\u00f6sung f\u00fcr Feste und Veranstaltungen im Freien. Stapelbar zu 4 St\u00fcck\",\"breadcrumb\":{\"@id\":\"https:\\\/\\\/atlastoilets.com\\\/de\\\/produkt\\\/stapelbares-mobiles-urinal-pluto3\\\/#breadcrumb\"},\"inLanguage\":\"de\",\"potentialAction\":[{\"@type\":\"ReadAction\",\"target\":[\"https:\\\/\\\/atlastoilets.com\\\/de\\\/produkt\\\/stapelbares-mobiles-urinal-pluto3\\\/\"]}]},{\"@type\":\"ImageObject\",\"inLanguage\":\"de\",\"@id\":\"https:\\\/\\\/atlastoilets.com\\\/de\\\/produkt\\\/stapelbares-mobiles-urinal-pluto3\\\/#primaryimage\",\"url\":\"https:\\\/\\\/atlastoilets.com\\\/wp-content\\\/uploads\\\/2022\\\/03\\\/Pluto3-stackable-urinal.jpg\",\"contentUrl\":\"https:\\\/\\\/atlastoilets.com\\\/wp-content\\\/uploads\\\/2022\\\/03\\\/Pluto3-stackable-urinal.jpg\",\"width\":1000,\"height\":1000,\"caption\":\"Stapelbares mobiles Urinal\"},{\"@type\":\"BreadcrumbList\",\"@id\":\"https:\\\/\\\/atlastoilets.com\\\/de\\\/produkt\\\/stapelbares-mobiles-urinal-pluto3\\\/#breadcrumb\",\"itemListElement\":[{\"@type\":\"ListItem\",\"position\":1,\"name\":\"Home\",\"item\":\"https:\\\/\\\/atlastoilets.com\\\/de\\\/\"},{\"@type\":\"ListItem\",\"position\":2,\"name\":\"Shop\",\"item\":\"https:\\\/\\\/atlastoilets.com\\\/de\\\/shop-2\\\/\"},{\"@type\":\"ListItem\",\"position\":3,\"name\":\"Stapelbares mobiles Urinal Pluto3\"}]},{\"@type\":\"WebSite\",\"@id\":\"https:\\\/\\\/atlastoilets.com\\\/#website\",\"url\":\"https:\\\/\\\/atlastoilets.com\\\/\",\"name\":\"Atlas Sanitation Products\",\"description\":\"Total supplier for toilet rental companies\",\"potentialAction\":[{\"@type\":\"SearchAction\",\"target\":{\"@type\":\"EntryPoint\",\"urlTemplate\":\"https:\\\/\\\/atlastoilets.com\\\/?s={search_term_string}\"},\"query-input\":{\"@type\":\"PropertyValueSpecification\",\"valueRequired\":true,\"valueName\":\"search_term_string\"}}],\"inLanguage\":\"de\"}]}<\/script>\n<!-- \/ Yoast SEO plugin. -->","yoast_head_json":{"title":"Stapelbares mobiles Urinal Pluto3","description":"Das Pluto 3 stapelbares mobiles Urinal bietet eine ideale L\u00f6sung f\u00fcr Feste und Veranstaltungen im Freien. Stapelbar zu 4 St\u00fcck","robots":{"index":"index","follow":"follow","max-snippet":"max-snippet:-1","max-image-preview":"max-image-preview:large","max-video-preview":"max-video-preview:-1"},"canonical":"https:\/\/atlastoilets.com\/de\/produkt\/stapelbares-mobiles-urinal-pluto3\/","og_locale":"de_DE","og_type":"article","og_title":"Stapelbares mobiles Urinal Pluto3","og_description":"Das Pluto 3 stapelbares mobiles Urinal bietet eine ideale L\u00f6sung f\u00fcr Feste und Veranstaltungen im Freien. Stapelbar zu 4 St\u00fcck","og_url":"https:\/\/atlastoilets.com\/de\/produkt\/stapelbares-mobiles-urinal-pluto3\/","og_site_name":"Atlas Sanitation Products","article_modified_time":"2024-05-31T09:19:44+00:00","og_image":[{"width":1000,"height":1000,"url":"https:\/\/atlastoilets.com\/wp-content\/uploads\/2022\/03\/Pluto3-stackable-urinal.jpg","type":"image\/jpeg"}],"twitter_card":"summary_large_image","twitter_misc":{"Gesch\u00e4tzte Lesezeit":"2\u00a0Minuten"},"schema":{"@context":"https:\/\/schema.org","@graph":[{"@type":["WebPage","ItemPage"],"@id":"https:\/\/atlastoilets.com\/de\/produkt\/stapelbares-mobiles-urinal-pluto3\/","url":"https:\/\/atlastoilets.com\/de\/produkt\/stapelbares-mobiles-urinal-pluto3\/","name":"Stapelbares mobiles Urinal Pluto3","isPartOf":{"@id":"https:\/\/atlastoilets.com\/#website"},"primaryImageOfPage":{"@id":"https:\/\/atlastoilets.com\/de\/produkt\/stapelbares-mobiles-urinal-pluto3\/#primaryimage"},"image":{"@id":"https:\/\/atlastoilets.com\/de\/produkt\/stapelbares-mobiles-urinal-pluto3\/#primaryimage"},"thumbnailUrl":"https:\/\/atlastoilets.com\/wp-content\/uploads\/2022\/03\/Pluto3-stackable-urinal.jpg","datePublished":"2022-03-21T09:43:27+00:00","dateModified":"2024-05-31T09:19:44+00:00","description":"Das Pluto 3 stapelbares mobiles Urinal bietet eine ideale L\u00f6sung f\u00fcr Feste und Veranstaltungen im Freien. Stapelbar zu 4 St\u00fcck","breadcrumb":{"@id":"https:\/\/atlastoilets.com\/de\/produkt\/stapelbares-mobiles-urinal-pluto3\/#breadcrumb"},"inLanguage":"de","potentialAction":[{"@type":"ReadAction","target":["https:\/\/atlastoilets.com\/de\/produkt\/stapelbares-mobiles-urinal-pluto3\/"]}]},{"@type":"ImageObject","inLanguage":"de","@id":"https:\/\/atlastoilets.com\/de\/produkt\/stapelbares-mobiles-urinal-pluto3\/#primaryimage","url":"https:\/\/atlastoilets.com\/wp-content\/uploads\/2022\/03\/Pluto3-stackable-urinal.jpg","contentUrl":"https:\/\/atlastoilets.com\/wp-content\/uploads\/2022\/03\/Pluto3-stackable-urinal.jpg","width":1000,"height":1000,"caption":"Stapelbares mobiles Urinal"},{"@type":"BreadcrumbList","@id":"https:\/\/atlastoilets.com\/de\/produkt\/stapelbares-mobiles-urinal-pluto3\/#breadcrumb","itemListElement":[{"@type":"ListItem","position":1,"name":"Home","item":"https:\/\/atlastoilets.com\/de\/"},{"@type":"ListItem","position":2,"name":"Shop","item":"https:\/\/atlastoilets.com\/de\/shop-2\/"},{"@type":"ListItem","position":3,"name":"Stapelbares mobiles Urinal Pluto3"}]},{"@type":"WebSite","@id":"https:\/\/atlastoilets.com\/#website","url":"https:\/\/atlastoilets.com\/","name":"Atlas Sanitation Products","description":"Total supplier for toilet rental companies","potentialAction":[{"@type":"SearchAction","target":{"@type":"EntryPoint","urlTemplate":"https:\/\/atlastoilets.com\/?s={search_term_string}"},"query-input":{"@type":"PropertyValueSpecification","valueRequired":true,"valueName":"search_term_string"}}],"inLanguage":"de"}]}},"_links":{"self":[{"href":"https:\/\/atlastoilets.com\/de\/wp-json\/wp\/v2\/product\/23166","targetHints":{"allow":["GET"]}}],"collection":[{"href":"https:\/\/atlastoilets.com\/de\/wp-json\/wp\/v2\/product"}],"about":[{"href":"https:\/\/atlastoilets.com\/de\/wp-json\/wp\/v2\/types\/product"}],"wp:featuredmedia":[{"embeddable":true,"href":"https:\/\/atlastoilets.com\/de\/wp-json\/wp\/v2\/media\/22268"}],"wp:attachment":[{"href":"https:\/\/atlastoilets.com\/de\/wp-json\/wp\/v2\/media?parent=23166"}],"wp:term":[{"taxonomy":"product_brand","embeddable":true,"href":"https:\/\/atlastoilets.com\/de\/wp-json\/wp\/v2\/product_brand?post=23166"},{"taxonomy":"product_cat","embeddable":true,"href":"https:\/\/atlastoilets.com\/de\/wp-json\/wp\/v2\/product_cat?post=23166"},{"taxonomy":"product_tag","embeddable":true,"href":"https:\/\/atlastoilets.com\/de\/wp-json\/wp\/v2\/product_tag?post=23166"}],"curies":[{"name":"wp","href":"https:\/\/api.w.org\/{rel}","templated":true}]}}