{"id":23155,"date":"2022-03-21T09:43:28","date_gmt":"2022-03-21T09:43:28","guid":{"rendered":"https:\/\/www.mobileurinal.eu\/?post_type=product&#038;p=23155"},"modified":"2022-06-02T14:13:55","modified_gmt":"2022-06-02T14:13:55","slug":"tuerfedern","status":"publish","type":"product","link":"https:\/\/atlastoilets.com\/de\/produkt\/tuerfedern\/","title":{"rendered":"T\u00fcrfeder"},"content":{"rendered":"<p><span id=\"result_box\" class=\"\" lang=\"de\"><span class=\"hps\">T\u00fcrfedern<\/span> <span class=\"hps\">f\u00fcr Mobilt<\/span><span class=\"hps\">oiletten.<\/span> <span class=\"hps\">Erh\u00e4ltlich in 3<\/span> <span class=\"hps\">Ausf\u00fchrungen<\/span>, passend f\u00fcr den <span class=\"hps\">Satellite<\/span>, <span class=\"hps\">PolyPortables<\/span> <span class=\"hps\">oder<\/span> <span class=\"hps\">Synergy<\/span> <span class=\"hps\">Toiletten.<br \/>\nErsatzteil f\u00fcr Toilettenvermieter.<br \/>\n<\/span><\/span><\/p>\n","protected":false},"excerpt":{"rendered":"<p><span id=\"result_box\" class=\"\" lang=\"de\"><span class=\"hps\">T\u00fcrfeder<\/span> <span class=\"hps\">f\u00fcr Mobilt<\/span><span class=\"hps\">oiletten.<\/span> <span class=\"hps\">Erh\u00e4ltlich in 3<\/span> <span class=\"hps\">Ausf\u00fchrungen<\/span>, passend f\u00fcr den <span class=\"hps\">Satellite<\/span>, <span class=\"hps\">PolyPortables<\/span> <span class=\"hps\">oder<\/span> <span class=\"hps\">Synergy<\/span> <span class=\"hps\">Toiletten.<\/span><\/span><\/p>\n","protected":false},"featured_media":22004,"template":"","meta":[],"product_brand":[],"product_cat":[923,927],"product_tag":[],"class_list":{"0":"post-23155","1":"product","2":"type-product","3":"status-publish","4":"has-post-thumbnail","6":"product_cat-polyportables-teile","7":"product_cat-universelle-toilettenteile","9":"first","10":"instock","11":"taxable","12":"shipping-taxable","13":"purchasable","14":"product-type-variable","15":"has-default-attributes"},"yoast_head":"<!-- This site is optimized with the Yoast SEO plugin v27.5 - https:\/\/yoast.com\/product\/yoast-seo-wordpress\/ -->\n<title>T\u00fcrfedern mobile Toiletten<\/title>\n<meta name=\"description\" content=\"T\u00fcrfedern f\u00fcr den Satellite, PolyPortables oder Synergy Mobiltoiletten. Ersatzteil f\u00fcr Toilettenvermieter.\" \/>\n<meta name=\"robots\" content=\"index, follow, max-snippet:-1, max-image-preview:large, max-video-preview:-1\" \/>\n<link rel=\"canonical\" href=\"https:\/\/atlastoilets.com\/de\/produkt\/tuerfedern\/\" \/>\n<meta property=\"og:locale\" content=\"de_DE\" \/>\n<meta property=\"og:type\" content=\"article\" \/>\n<meta property=\"og:title\" content=\"T\u00fcrfedern mobile Toiletten\" \/>\n<meta property=\"og:description\" content=\"T\u00fcrfedern f\u00fcr den Satellite, PolyPortables oder Synergy Mobiltoiletten. Ersatzteil f\u00fcr Toilettenvermieter.\" \/>\n<meta property=\"og:url\" content=\"https:\/\/atlastoilets.com\/de\/produkt\/tuerfedern\/\" \/>\n<meta property=\"og:site_name\" content=\"Atlas Sanitation Products\" \/>\n<meta property=\"article:modified_time\" content=\"2022-06-02T14:13:55+00:00\" \/>\n<meta property=\"og:image\" content=\"https:\/\/atlastoilets.com\/wp-content\/uploads\/2022\/03\/Door-spring-PolyPortables-toilets.jpg\" \/>\n\t<meta property=\"og:image:width\" content=\"1000\" \/>\n\t<meta property=\"og:image:height\" content=\"1000\" \/>\n\t<meta property=\"og:image:type\" content=\"image\/jpeg\" \/>\n<meta name=\"twitter:card\" content=\"summary_large_image\" \/>\n<script type=\"application\/ld+json\" class=\"yoast-schema-graph\">{\"@context\":\"https:\\\/\\\/schema.org\",\"@graph\":[{\"@type\":[\"WebPage\",\"ItemPage\"],\"@id\":\"https:\\\/\\\/atlastoilets.com\\\/de\\\/produkt\\\/tuerfedern\\\/\",\"url\":\"https:\\\/\\\/atlastoilets.com\\\/de\\\/produkt\\\/tuerfedern\\\/\",\"name\":\"T\u00fcrfedern mobile Toiletten\",\"isPartOf\":{\"@id\":\"https:\\\/\\\/atlastoilets.com\\\/#website\"},\"primaryImageOfPage\":{\"@id\":\"https:\\\/\\\/atlastoilets.com\\\/de\\\/produkt\\\/tuerfedern\\\/#primaryimage\"},\"image\":{\"@id\":\"https:\\\/\\\/atlastoilets.com\\\/de\\\/produkt\\\/tuerfedern\\\/#primaryimage\"},\"thumbnailUrl\":\"https:\\\/\\\/atlastoilets.com\\\/wp-content\\\/uploads\\\/2022\\\/03\\\/Door-spring-PolyPortables-toilets.jpg\",\"datePublished\":\"2022-03-21T09:43:28+00:00\",\"dateModified\":\"2022-06-02T14:13:55+00:00\",\"description\":\"T\u00fcrfedern f\u00fcr den Satellite, PolyPortables oder Synergy Mobiltoiletten. Ersatzteil f\u00fcr Toilettenvermieter.\",\"breadcrumb\":{\"@id\":\"https:\\\/\\\/atlastoilets.com\\\/de\\\/produkt\\\/tuerfedern\\\/#breadcrumb\"},\"inLanguage\":\"de\",\"potentialAction\":[{\"@type\":\"ReadAction\",\"target\":[\"https:\\\/\\\/atlastoilets.com\\\/de\\\/produkt\\\/tuerfedern\\\/\"]}]},{\"@type\":\"ImageObject\",\"inLanguage\":\"de\",\"@id\":\"https:\\\/\\\/atlastoilets.com\\\/de\\\/produkt\\\/tuerfedern\\\/#primaryimage\",\"url\":\"https:\\\/\\\/atlastoilets.com\\\/wp-content\\\/uploads\\\/2022\\\/03\\\/Door-spring-PolyPortables-toilets.jpg\",\"contentUrl\":\"https:\\\/\\\/atlastoilets.com\\\/wp-content\\\/uploads\\\/2022\\\/03\\\/Door-spring-PolyPortables-toilets.jpg\",\"width\":1000,\"height\":1000,\"caption\":\"T\u00fcrfeder\"},{\"@type\":\"BreadcrumbList\",\"@id\":\"https:\\\/\\\/atlastoilets.com\\\/de\\\/produkt\\\/tuerfedern\\\/#breadcrumb\",\"itemListElement\":[{\"@type\":\"ListItem\",\"position\":1,\"name\":\"Home\",\"item\":\"https:\\\/\\\/atlastoilets.com\\\/de\\\/\"},{\"@type\":\"ListItem\",\"position\":2,\"name\":\"Shop\",\"item\":\"https:\\\/\\\/atlastoilets.com\\\/de\\\/shop-2\\\/\"},{\"@type\":\"ListItem\",\"position\":3,\"name\":\"T\u00fcrfeder\"}]},{\"@type\":\"WebSite\",\"@id\":\"https:\\\/\\\/atlastoilets.com\\\/#website\",\"url\":\"https:\\\/\\\/atlastoilets.com\\\/\",\"name\":\"Atlas Sanitation Products\",\"description\":\"Total supplier for toilet rental companies\",\"potentialAction\":[{\"@type\":\"SearchAction\",\"target\":{\"@type\":\"EntryPoint\",\"urlTemplate\":\"https:\\\/\\\/atlastoilets.com\\\/?s={search_term_string}\"},\"query-input\":{\"@type\":\"PropertyValueSpecification\",\"valueRequired\":true,\"valueName\":\"search_term_string\"}}],\"inLanguage\":\"de\"}]}<\/script>\n<!-- \/ Yoast SEO plugin. -->","yoast_head_json":{"title":"T\u00fcrfedern mobile Toiletten","description":"T\u00fcrfedern f\u00fcr den Satellite, PolyPortables oder Synergy Mobiltoiletten. Ersatzteil f\u00fcr Toilettenvermieter.","robots":{"index":"index","follow":"follow","max-snippet":"max-snippet:-1","max-image-preview":"max-image-preview:large","max-video-preview":"max-video-preview:-1"},"canonical":"https:\/\/atlastoilets.com\/de\/produkt\/tuerfedern\/","og_locale":"de_DE","og_type":"article","og_title":"T\u00fcrfedern mobile Toiletten","og_description":"T\u00fcrfedern f\u00fcr den Satellite, PolyPortables oder Synergy Mobiltoiletten. Ersatzteil f\u00fcr Toilettenvermieter.","og_url":"https:\/\/atlastoilets.com\/de\/produkt\/tuerfedern\/","og_site_name":"Atlas Sanitation Products","article_modified_time":"2022-06-02T14:13:55+00:00","og_image":[{"width":1000,"height":1000,"url":"https:\/\/atlastoilets.com\/wp-content\/uploads\/2022\/03\/Door-spring-PolyPortables-toilets.jpg","type":"image\/jpeg"}],"twitter_card":"summary_large_image","schema":{"@context":"https:\/\/schema.org","@graph":[{"@type":["WebPage","ItemPage"],"@id":"https:\/\/atlastoilets.com\/de\/produkt\/tuerfedern\/","url":"https:\/\/atlastoilets.com\/de\/produkt\/tuerfedern\/","name":"T\u00fcrfedern mobile Toiletten","isPartOf":{"@id":"https:\/\/atlastoilets.com\/#website"},"primaryImageOfPage":{"@id":"https:\/\/atlastoilets.com\/de\/produkt\/tuerfedern\/#primaryimage"},"image":{"@id":"https:\/\/atlastoilets.com\/de\/produkt\/tuerfedern\/#primaryimage"},"thumbnailUrl":"https:\/\/atlastoilets.com\/wp-content\/uploads\/2022\/03\/Door-spring-PolyPortables-toilets.jpg","datePublished":"2022-03-21T09:43:28+00:00","dateModified":"2022-06-02T14:13:55+00:00","description":"T\u00fcrfedern f\u00fcr den Satellite, PolyPortables oder Synergy Mobiltoiletten. Ersatzteil f\u00fcr Toilettenvermieter.","breadcrumb":{"@id":"https:\/\/atlastoilets.com\/de\/produkt\/tuerfedern\/#breadcrumb"},"inLanguage":"de","potentialAction":[{"@type":"ReadAction","target":["https:\/\/atlastoilets.com\/de\/produkt\/tuerfedern\/"]}]},{"@type":"ImageObject","inLanguage":"de","@id":"https:\/\/atlastoilets.com\/de\/produkt\/tuerfedern\/#primaryimage","url":"https:\/\/atlastoilets.com\/wp-content\/uploads\/2022\/03\/Door-spring-PolyPortables-toilets.jpg","contentUrl":"https:\/\/atlastoilets.com\/wp-content\/uploads\/2022\/03\/Door-spring-PolyPortables-toilets.jpg","width":1000,"height":1000,"caption":"T\u00fcrfeder"},{"@type":"BreadcrumbList","@id":"https:\/\/atlastoilets.com\/de\/produkt\/tuerfedern\/#breadcrumb","itemListElement":[{"@type":"ListItem","position":1,"name":"Home","item":"https:\/\/atlastoilets.com\/de\/"},{"@type":"ListItem","position":2,"name":"Shop","item":"https:\/\/atlastoilets.com\/de\/shop-2\/"},{"@type":"ListItem","position":3,"name":"T\u00fcrfeder"}]},{"@type":"WebSite","@id":"https:\/\/atlastoilets.com\/#website","url":"https:\/\/atlastoilets.com\/","name":"Atlas Sanitation Products","description":"Total supplier for toilet rental companies","potentialAction":[{"@type":"SearchAction","target":{"@type":"EntryPoint","urlTemplate":"https:\/\/atlastoilets.com\/?s={search_term_string}"},"query-input":{"@type":"PropertyValueSpecification","valueRequired":true,"valueName":"search_term_string"}}],"inLanguage":"de"}]}},"_links":{"self":[{"href":"https:\/\/atlastoilets.com\/de\/wp-json\/wp\/v2\/product\/23155","targetHints":{"allow":["GET"]}}],"collection":[{"href":"https:\/\/atlastoilets.com\/de\/wp-json\/wp\/v2\/product"}],"about":[{"href":"https:\/\/atlastoilets.com\/de\/wp-json\/wp\/v2\/types\/product"}],"wp:featuredmedia":[{"embeddable":true,"href":"https:\/\/atlastoilets.com\/de\/wp-json\/wp\/v2\/media\/22004"}],"wp:attachment":[{"href":"https:\/\/atlastoilets.com\/de\/wp-json\/wp\/v2\/media?parent=23155"}],"wp:term":[{"taxonomy":"product_brand","embeddable":true,"href":"https:\/\/atlastoilets.com\/de\/wp-json\/wp\/v2\/product_brand?post=23155"},{"taxonomy":"product_cat","embeddable":true,"href":"https:\/\/atlastoilets.com\/de\/wp-json\/wp\/v2\/product_cat?post=23155"},{"taxonomy":"product_tag","embeddable":true,"href":"https:\/\/atlastoilets.com\/de\/wp-json\/wp\/v2\/product_tag?post=23155"}],"curies":[{"name":"wp","href":"https:\/\/api.w.org\/{rel}","templated":true}]}}