{"id":21500,"date":"2022-03-18T07:46:23","date_gmt":"2022-03-18T07:46:23","guid":{"rendered":"https:\/\/www.mobileurinal.eu\/?post_type=product&#038;p=21500"},"modified":"2022-03-18T08:47:38","modified_gmt":"2022-03-18T08:47:38","slug":"mobile-toilettenkabine-five-peaks-glacier","status":"publish","type":"product","link":"https:\/\/atlastoilets.com\/de\/produkt\/mobile-toilettenkabine-five-peaks-glacier\/","title":{"rendered":"Mobile Toilettenkabine Five Peaks Glacier"},"content":{"rendered":"<p><em><strong>Funktionalit\u00e4t mit Stil kombiniert<\/strong><\/em><\/p>\n<p>Die Glacier mobile Toilettenkabinen von Five Peaks verbinden ein sch\u00f6nes Design mit allen Funktionen eines modernen Mobiltoilette .<\/p>\n<p>Eigenschaften:<\/p>\n<p>Die drei Wandelemente sind sowohl auf der Au\u00dfen- und Innenseite v\u00f6llig flach.<br \/>\nSehr gro\u00dfe Oberfl\u00e4che in den W\u00e4nden f\u00fcr die Platzierung von Firmennamen und \/ oder Werbung.<br \/>\nDie L\u00fcftungsgitter sind in den Wandplatten eingearbeitet.<br \/>\nDas T\u00fcrblatt besteht aus zwei Kunststoffschichten.<br \/>\nDie T\u00fcr mit einem Scharnier mit integriertem Torsionsfedern vorgesehen.<br \/>\nDie \u00e4u\u00dfere und die innere T\u00fcr mit gro\u00dfen Griffen ausgestattet.<br \/>\nAn den Ecken Handgriffe um die Toilette zu man\u00f6vrieren.<\/p>\n<p>Diese Baustelletoilette ist standard mit Abfallbeh\u00e4lter, Urinal und Papierhalter.<\/p>\n<p>Technische Daten:<\/p>\n<table border=\"1\" cellspacing=\"0\" cellpadding=\"0\">\n<tbody>\n<tr>\n<td valign=\"top\" width=\"284\">H\u00f6he<\/td>\n<td valign=\"top\" width=\"284\">235 cm<\/td>\n<\/tr>\n<tr>\n<td valign=\"top\" width=\"284\">Breite<\/td>\n<td valign=\"top\" width=\"284\">118 cm<\/td>\n<\/tr>\n<tr>\n<td valign=\"top\" width=\"284\">Tiefe<\/td>\n<td valign=\"top\" width=\"284\">123 cm<\/td>\n<\/tr>\n<tr>\n<td valign=\"top\" width=\"284\">T\u00fcr\u00f6ffnung<\/td>\n<td valign=\"top\" width=\"284\">71 x 189 cm<\/td>\n<\/tr>\n<tr>\n<td valign=\"top\" width=\"284\">Interior<\/td>\n<td valign=\"top\" width=\"284\">104 x 104 cm<\/td>\n<\/tr>\n<tr>\n<td valign=\"top\" width=\"284\">Tank Kapazit\u00e4t<\/td>\n<td valign=\"top\" width=\"284\">246 liter<\/td>\n<\/tr>\n<tr>\n<td valign=\"top\" width=\"284\">Sitz h\u00f6he<\/td>\n<td valign=\"top\" width=\"284\">49,5 cm<\/td>\n<\/tr>\n<tr>\n<td valign=\"top\" width=\"284\">Gewicht<\/td>\n<td valign=\"top\" width=\"284\">72 kg<\/td>\n<\/tr>\n<tr>\n<td valign=\"top\" width=\"284\">Material<\/td>\n<td valign=\"top\" width=\"284\">HDPE<\/td>\n<\/tr>\n<\/tbody>\n<\/table>\n","protected":false},"excerpt":{"rendered":"<p><em><strong>Funktionalit\u00e4t mit Stil kombiniert<\/strong><\/em><\/p>\n<p>Die Glacier mobile Toilettenkabinen von Five Peaks verbinden ein sch\u00f6nes Design mit allen Funktionen eines modernen Mobiltoilette .<br \/>\nStandard mit Abfallbeh\u00e4lter, Urinal und Papierhalter.<\/p>\n","protected":false},"featured_media":21718,"template":"","meta":[],"product_brand":[],"product_cat":[1395],"product_tag":[1022,1741],"class_list":{"0":"post-21500","1":"product","2":"type-product","3":"status-publish","4":"has-post-thumbnail","6":"product_cat-standard-mobiltoiletten","7":"product_tag-five-peaks-de","8":"product_tag-interieur-de-2","10":"first","11":"instock","12":"taxable","13":"shipping-taxable","14":"purchasable","15":"product-type-variable","16":"has-default-attributes"},"yoast_head":"<!-- This site is optimized with the Yoast SEO plugin v27.4 - https:\/\/yoast.com\/product\/yoast-seo-wordpress\/ -->\n<title>Mobile Toilettenkabine Five Peaks Glacier - Atlas Sanitation Products<\/title>\n<meta name=\"robots\" content=\"index, follow, max-snippet:-1, max-image-preview:large, max-video-preview:-1\" \/>\n<link rel=\"canonical\" href=\"https:\/\/atlastoilets.com\/de\/produkt\/mobile-toilettenkabine-five-peaks-glacier\/\" \/>\n<meta property=\"og:locale\" content=\"de_DE\" \/>\n<meta property=\"og:type\" content=\"article\" \/>\n<meta property=\"og:title\" content=\"Mobile Toilettenkabine Five Peaks Glacier - Atlas Sanitation Products\" \/>\n<meta property=\"og:description\" content=\"Funktionalit\u00e4t mit Stil kombiniert  Die Glacier mobile Toilettenkabinen von Five Peaks verbinden ein sch\u00f6nes Design mit allen Funktionen eines modernen Mobiltoilette . Standard mit Abfallbeh\u00e4lter, Urinal und Papierhalter.\" \/>\n<meta property=\"og:url\" content=\"https:\/\/atlastoilets.com\/de\/produkt\/mobile-toilettenkabine-five-peaks-glacier\/\" \/>\n<meta property=\"og:site_name\" content=\"Atlas Sanitation Products\" \/>\n<meta property=\"article:modified_time\" content=\"2022-03-18T08:47:38+00:00\" \/>\n<meta property=\"og:image\" content=\"https:\/\/atlastoilets.com\/wp-content\/uploads\/2022\/03\/Portable-toilet-Five-Peaks-Blue-3.jpg\" \/>\n\t<meta property=\"og:image:width\" content=\"1000\" \/>\n\t<meta property=\"og:image:height\" content=\"1000\" \/>\n\t<meta property=\"og:image:type\" content=\"image\/jpeg\" \/>\n<meta name=\"twitter:card\" content=\"summary_large_image\" \/>\n<meta name=\"twitter:label1\" content=\"Gesch\u00e4tzte Lesezeit\" \/>\n\t<meta name=\"twitter:data1\" content=\"1\u00a0Minute\" \/>\n<script type=\"application\/ld+json\" class=\"yoast-schema-graph\">{\"@context\":\"https:\\\/\\\/schema.org\",\"@graph\":[{\"@type\":[\"WebPage\",\"ItemPage\"],\"@id\":\"https:\\\/\\\/atlastoilets.com\\\/de\\\/produkt\\\/mobile-toilettenkabine-five-peaks-glacier\\\/\",\"url\":\"https:\\\/\\\/atlastoilets.com\\\/de\\\/produkt\\\/mobile-toilettenkabine-five-peaks-glacier\\\/\",\"name\":\"Mobile Toilettenkabine Five Peaks Glacier - Atlas Sanitation Products\",\"isPartOf\":{\"@id\":\"https:\\\/\\\/atlastoilets.com\\\/#website\"},\"primaryImageOfPage\":{\"@id\":\"https:\\\/\\\/atlastoilets.com\\\/de\\\/produkt\\\/mobile-toilettenkabine-five-peaks-glacier\\\/#primaryimage\"},\"image\":{\"@id\":\"https:\\\/\\\/atlastoilets.com\\\/de\\\/produkt\\\/mobile-toilettenkabine-five-peaks-glacier\\\/#primaryimage\"},\"thumbnailUrl\":\"https:\\\/\\\/atlastoilets.com\\\/wp-content\\\/uploads\\\/2022\\\/03\\\/Portable-toilet-Five-Peaks-Blue-3.jpg\",\"datePublished\":\"2022-03-18T07:46:23+00:00\",\"dateModified\":\"2022-03-18T08:47:38+00:00\",\"breadcrumb\":{\"@id\":\"https:\\\/\\\/atlastoilets.com\\\/de\\\/produkt\\\/mobile-toilettenkabine-five-peaks-glacier\\\/#breadcrumb\"},\"inLanguage\":\"de\",\"potentialAction\":[{\"@type\":\"ReadAction\",\"target\":[\"https:\\\/\\\/atlastoilets.com\\\/de\\\/produkt\\\/mobile-toilettenkabine-five-peaks-glacier\\\/\"]}]},{\"@type\":\"ImageObject\",\"inLanguage\":\"de\",\"@id\":\"https:\\\/\\\/atlastoilets.com\\\/de\\\/produkt\\\/mobile-toilettenkabine-five-peaks-glacier\\\/#primaryimage\",\"url\":\"https:\\\/\\\/atlastoilets.com\\\/wp-content\\\/uploads\\\/2022\\\/03\\\/Portable-toilet-Five-Peaks-Blue-3.jpg\",\"contentUrl\":\"https:\\\/\\\/atlastoilets.com\\\/wp-content\\\/uploads\\\/2022\\\/03\\\/Portable-toilet-Five-Peaks-Blue-3.jpg\",\"width\":1000,\"height\":1000},{\"@type\":\"BreadcrumbList\",\"@id\":\"https:\\\/\\\/atlastoilets.com\\\/de\\\/produkt\\\/mobile-toilettenkabine-five-peaks-glacier\\\/#breadcrumb\",\"itemListElement\":[{\"@type\":\"ListItem\",\"position\":1,\"name\":\"Home\",\"item\":\"https:\\\/\\\/atlastoilets.com\\\/de\\\/\"},{\"@type\":\"ListItem\",\"position\":2,\"name\":\"Shop\",\"item\":\"https:\\\/\\\/atlastoilets.com\\\/de\\\/shop-2\\\/\"},{\"@type\":\"ListItem\",\"position\":3,\"name\":\"Mobile Toilettenkabine Five Peaks Glacier\"}]},{\"@type\":\"WebSite\",\"@id\":\"https:\\\/\\\/atlastoilets.com\\\/#website\",\"url\":\"https:\\\/\\\/atlastoilets.com\\\/\",\"name\":\"Atlas Sanitation Products\",\"description\":\"Total supplier for toilet rental companies\",\"potentialAction\":[{\"@type\":\"SearchAction\",\"target\":{\"@type\":\"EntryPoint\",\"urlTemplate\":\"https:\\\/\\\/atlastoilets.com\\\/?s={search_term_string}\"},\"query-input\":{\"@type\":\"PropertyValueSpecification\",\"valueRequired\":true,\"valueName\":\"search_term_string\"}}],\"inLanguage\":\"de\"}]}<\/script>\n<!-- \/ Yoast SEO plugin. -->","yoast_head_json":{"title":"Mobile Toilettenkabine Five Peaks Glacier - Atlas Sanitation Products","robots":{"index":"index","follow":"follow","max-snippet":"max-snippet:-1","max-image-preview":"max-image-preview:large","max-video-preview":"max-video-preview:-1"},"canonical":"https:\/\/atlastoilets.com\/de\/produkt\/mobile-toilettenkabine-five-peaks-glacier\/","og_locale":"de_DE","og_type":"article","og_title":"Mobile Toilettenkabine Five Peaks Glacier - Atlas Sanitation Products","og_description":"Funktionalit\u00e4t mit Stil kombiniert  Die Glacier mobile Toilettenkabinen von Five Peaks verbinden ein sch\u00f6nes Design mit allen Funktionen eines modernen Mobiltoilette . Standard mit Abfallbeh\u00e4lter, Urinal und Papierhalter.","og_url":"https:\/\/atlastoilets.com\/de\/produkt\/mobile-toilettenkabine-five-peaks-glacier\/","og_site_name":"Atlas Sanitation Products","article_modified_time":"2022-03-18T08:47:38+00:00","og_image":[{"width":1000,"height":1000,"url":"https:\/\/atlastoilets.com\/wp-content\/uploads\/2022\/03\/Portable-toilet-Five-Peaks-Blue-3.jpg","type":"image\/jpeg"}],"twitter_card":"summary_large_image","twitter_misc":{"Gesch\u00e4tzte Lesezeit":"1\u00a0Minute"},"schema":{"@context":"https:\/\/schema.org","@graph":[{"@type":["WebPage","ItemPage"],"@id":"https:\/\/atlastoilets.com\/de\/produkt\/mobile-toilettenkabine-five-peaks-glacier\/","url":"https:\/\/atlastoilets.com\/de\/produkt\/mobile-toilettenkabine-five-peaks-glacier\/","name":"Mobile Toilettenkabine Five Peaks Glacier - Atlas Sanitation Products","isPartOf":{"@id":"https:\/\/atlastoilets.com\/#website"},"primaryImageOfPage":{"@id":"https:\/\/atlastoilets.com\/de\/produkt\/mobile-toilettenkabine-five-peaks-glacier\/#primaryimage"},"image":{"@id":"https:\/\/atlastoilets.com\/de\/produkt\/mobile-toilettenkabine-five-peaks-glacier\/#primaryimage"},"thumbnailUrl":"https:\/\/atlastoilets.com\/wp-content\/uploads\/2022\/03\/Portable-toilet-Five-Peaks-Blue-3.jpg","datePublished":"2022-03-18T07:46:23+00:00","dateModified":"2022-03-18T08:47:38+00:00","breadcrumb":{"@id":"https:\/\/atlastoilets.com\/de\/produkt\/mobile-toilettenkabine-five-peaks-glacier\/#breadcrumb"},"inLanguage":"de","potentialAction":[{"@type":"ReadAction","target":["https:\/\/atlastoilets.com\/de\/produkt\/mobile-toilettenkabine-five-peaks-glacier\/"]}]},{"@type":"ImageObject","inLanguage":"de","@id":"https:\/\/atlastoilets.com\/de\/produkt\/mobile-toilettenkabine-five-peaks-glacier\/#primaryimage","url":"https:\/\/atlastoilets.com\/wp-content\/uploads\/2022\/03\/Portable-toilet-Five-Peaks-Blue-3.jpg","contentUrl":"https:\/\/atlastoilets.com\/wp-content\/uploads\/2022\/03\/Portable-toilet-Five-Peaks-Blue-3.jpg","width":1000,"height":1000},{"@type":"BreadcrumbList","@id":"https:\/\/atlastoilets.com\/de\/produkt\/mobile-toilettenkabine-five-peaks-glacier\/#breadcrumb","itemListElement":[{"@type":"ListItem","position":1,"name":"Home","item":"https:\/\/atlastoilets.com\/de\/"},{"@type":"ListItem","position":2,"name":"Shop","item":"https:\/\/atlastoilets.com\/de\/shop-2\/"},{"@type":"ListItem","position":3,"name":"Mobile Toilettenkabine Five Peaks Glacier"}]},{"@type":"WebSite","@id":"https:\/\/atlastoilets.com\/#website","url":"https:\/\/atlastoilets.com\/","name":"Atlas Sanitation Products","description":"Total supplier for toilet rental companies","potentialAction":[{"@type":"SearchAction","target":{"@type":"EntryPoint","urlTemplate":"https:\/\/atlastoilets.com\/?s={search_term_string}"},"query-input":{"@type":"PropertyValueSpecification","valueRequired":true,"valueName":"search_term_string"}}],"inLanguage":"de"}]}},"_links":{"self":[{"href":"https:\/\/atlastoilets.com\/de\/wp-json\/wp\/v2\/product\/21500","targetHints":{"allow":["GET"]}}],"collection":[{"href":"https:\/\/atlastoilets.com\/de\/wp-json\/wp\/v2\/product"}],"about":[{"href":"https:\/\/atlastoilets.com\/de\/wp-json\/wp\/v2\/types\/product"}],"wp:featuredmedia":[{"embeddable":true,"href":"https:\/\/atlastoilets.com\/de\/wp-json\/wp\/v2\/media\/21718"}],"wp:attachment":[{"href":"https:\/\/atlastoilets.com\/de\/wp-json\/wp\/v2\/media?parent=21500"}],"wp:term":[{"taxonomy":"product_brand","embeddable":true,"href":"https:\/\/atlastoilets.com\/de\/wp-json\/wp\/v2\/product_brand?post=21500"},{"taxonomy":"product_cat","embeddable":true,"href":"https:\/\/atlastoilets.com\/de\/wp-json\/wp\/v2\/product_cat?post=21500"},{"taxonomy":"product_tag","embeddable":true,"href":"https:\/\/atlastoilets.com\/de\/wp-json\/wp\/v2\/product_tag?post=21500"}],"curies":[{"name":"wp","href":"https:\/\/api.w.org\/{rel}","templated":true}]}}